{"id":2952,"date":"2026-01-23T20:20:41","date_gmt":"2026-01-23T12:20:41","guid":{"rendered":"https:\/\/alexathletics1982.com\/?post_type=product&#038;p=2952"},"modified":"2026-04-10T21:16:02","modified_gmt":"2026-04-10T13:16:02","slug":"serie-vfversifunction-tipo-2","status":"publish","type":"product","link":"https:\/\/alexathletics1982.com\/es\/vfversifunction-series-type-2\/","title":{"rendered":"Serie VF(VersiFunction) - Tipo 2"},"content":{"rendered":"<h2>El Heavy Hauler: Estanter\u00eda VersiFunction (Tipo 2)<\/h2>\n<p>Cuando el hierro pesado necesita un hogar, la Serie VF (VersiFunction) Tipo 2 es la respuesta. Este modelo es el caballo de batalla de la l\u00ednea de almacenamiento modular, normalmente configurado con bandejas planas o ra\u00edles reforzados espec\u00edficos para mancuernas y kettlebells. A diferencia de las estanter\u00edas de alambre gen\u00e9ricas que se doblan bajo cargas puntuales, el Tipo 2 presenta niveles de acero s\u00f3lido capaces de soportar el peso denso y concentrado de una serie completa de mancuernas hexagonales o kettlebells de competici\u00f3n. El dise\u00f1o de las gradas est\u00e1 en \u00e1ngulo o espaciado para permitir un acceso ergon\u00f3mico f\u00e1cil, evitando la tensi\u00f3n de la mu\u00f1eca al volver a apilar pesas pesadas entre series. Transforma una pila de pesas en un expositor organizado y profesional.<\/p>\n<p>Al igual que sus hermanos de la l\u00ednea VF, el Tipo 2 est\u00e1 construido sobre un chasis m\u00f3vil. Las ruedas de alta capacidad est\u00e1n dise\u00f1adas para rodar suavemente incluso cuando el rack est\u00e1 completamente cargado con cientos de libras de acero. Esta caracter\u00edstica cambia las reglas del juego a la hora de limpiar el suelo del gimnasio o reorganizar la disposici\u00f3n para eventos especiales. La est\u00e9tica es elegante y moderna, con un acabado con recubrimiento en polvo que resiste el desconchado y la corrosi\u00f3n del sudor y el contacto metal con metal. Tanto si se utiliza como soporte independiente para mancuernas en un gimnasio dom\u00e9stico como si se combina con otras unidades VF en un entorno comercial, el modelo Type 2 ofrece una resistencia y una movilidad sin concesiones.<\/p>\n<h3>1. Niveles de capacidad de carga elevada<\/h3>\n<p>El Tipo 2 est\u00e1 dise\u00f1ado para la densidad. Los estantes est\u00e1n reforzados para soportar las cargas puntuales extremas de pesadas mancuernas colocadas una al lado de la otra. No hay pandeo ni alabeo. Esta integridad estructural es esencial para la seguridad y para proteger el equipo almacenado en ella.<\/p>\n<h3>2. Acceso ergon\u00f3mico a las estanter\u00edas<\/h3>\n<p>Recuperar una mancuerna de 30 kg requiere una buena mec\u00e1nica. Los estantes est\u00e1n colocados de forma que los usuarios puedan levantar las pesas del soporte haciendo palanca, lo que reduce el riesgo de lesiones lumbares. El dise\u00f1o del labio garantiza que las pesas permanezcan seguras mientras se mueve el soporte, pero son f\u00e1ciles de levantar cuando est\u00e1 parado.<\/p>\n<h3>3. Gimnasio m\u00f3vil \u201cpop-up<\/h3>\n<p>La posibilidad de introducir un rack completo de mancuernas en un espacio de entrenamiento es \u00fanica. Permite a los entrenadores acercar las pesas al cliente, en lugar de caminar de un lado a otro del gimnasio. Permite la creaci\u00f3n de estaciones de levantamiento \u201cemergentes\u201d en espacios multiusos como canchas de baloncesto o salas de grupos x.<\/p>\n<h3>4. Conectividad modular<\/h3>\n<p>La serie VF est\u00e1 dise\u00f1ada para crecer. La unidad de Tipo 2 se alinea perfectamente con las de Tipo 1 y Tipo 3, creando una pared de almacenamiento cohesionada. Esta modularidad permite a los propietarios de gimnasios mezclar y combinar unidades en funci\u00f3n de su inventario espec\u00edfico de equipos (por ejemplo, m\u00e1s mancuernas frente a m\u00e1s pelotas).<\/p>\n<h3>5. Acabado industrial duradero<\/h3>\n<p>Las mancuernas son abrasivas. La estanter\u00eda est\u00e1 acabada con un resistente revestimiento de polvo industrial que resiste la fricci\u00f3n constante de las asas moleteadas y los cabezales de goma al subir y bajar las mancuernas. Mantiene su aspecto limpio durante m\u00e1s tiempo que la pintura est\u00e1ndar.<\/p>\n<h3>\u00bfA qui\u00e9n va dirigido?<\/h3>\n<ul style=\"list-style-position: inside; padding-left: 0;\">\n<li>Estudios de entrenamiento personal que necesitan una distribuci\u00f3n flexible.<\/li>\n<li>Los gimnasios comerciales organizan pesas libres.<\/li>\n<li>Gimnasios dom\u00e9sticos con una importante colecci\u00f3n de mancuernas\/kettlebell.<\/li>\n<li>Entrenadores que necesiten estaciones de equipamiento m\u00f3viles.<\/li>\n<\/ul>\n<h3>Especificaciones del producto<\/h3>\n<table border=\"1\" width=\"100%\" cellspacing=\"0\" cellpadding=\"5\">\n<tbody>\n<tr>\n<td><strong>Modelo<\/strong><\/td>\n<td>F12JC002 (Tipo 2)<\/td>\n<\/tr>\n<tr>\n<td><strong>Serie<\/strong><\/td>\n<td>VF (VersiFunci\u00f3n)<\/td>\n<\/tr>\n<tr>\n<td><strong>Almacenamiento<\/strong><\/td>\n<td>Mancuernas, Kettlebells<\/td>\n<\/tr>\n<tr>\n<td><strong>Movilidad<\/strong><\/td>\n<td>Ruedas de alta resistencia<\/td>\n<\/tr>\n<tr>\n<td><strong>Material<\/strong><\/td>\n<td>Acero reforzado<\/td>\n<\/tr>\n<\/tbody>\n<\/table>","protected":false},"excerpt":{"rendered":"<p>La serie VF (VersiFunction) Tipo 2 de Alex Athletics es un estante de almacenamiento m\u00f3vil y resistente optimizado para pesas libres. Con niveles de acero reforzado, est\u00e1 construido para soportar la carga concentrada de mancuernas y kettlebells sin flacidez. Las ruedas con bloqueo de calidad industrial le permiten mover el estante completamente cargado sin esfuerzo, lo que lo hace ideal para una distribuci\u00f3n y limpieza flexibles del gimnasio. Con su duradero acabado con recubrimiento en polvo y su acceso ergon\u00f3mico, proporciona un hogar seguro y profesional para sus pesas m\u00e1s pesadas.<\/p>","protected":false},"featured_media":3678,"comment_status":"open","ping_status":"closed","template":"","meta":{"inline_featured_image":false,"site-sidebar-layout":"default","site-content-layout":"","ast-site-content-layout":"default","site-content-style":"default","site-sidebar-style":"default","ast-global-header-display":"","ast-banner-title-visibility":"","ast-main-header-display":"","ast-hfb-above-header-display":"","ast-hfb-below-header-display":"","ast-hfb-mobile-header-display":"","site-post-title":"","ast-breadcrumbs-content":"","ast-featured-img":"","footer-sml-layout":"","ast-disable-related-posts":"","theme-transparent-header-meta":"default","adv-header-id-meta":"","stick-header-meta":"default","header-above-stick-meta":"","header-main-stick-meta":"","header-below-stick-meta":"","astra-migrate-meta-layouts":"set","ast-page-background-enabled":"default","ast-page-background-meta":{"desktop":{"background-color":"","background-image":"","background-repeat":"repeat","background-position":"center center","background-size":"auto","background-attachment":"scroll","background-type":"","background-media":"","overlay-type":"","overlay-color":"","overlay-opacity":"","overlay-gradient":""},"tablet":{"background-color":"","background-image":"","background-repeat":"repeat","background-position":"center center","background-size":"auto","background-attachment":"scroll","background-type":"","background-media":"","overlay-type":"","overlay-color":"","overlay-opacity":"","overlay-gradient":""},"mobile":{"background-color":"","background-image":"","background-repeat":"repeat","background-position":"center center","background-size":"auto","background-attachment":"scroll","background-type":"","background-media":"","overlay-type":"","overlay-color":"","overlay-opacity":"","overlay-gradient":""}},"ast-content-background-meta":{"desktop":{"background-color":"var(--ast-global-color-5)","background-image":"","background-repeat":"repeat","background-position":"center center","background-size":"auto","background-attachment":"scroll","background-type":"","background-media":"","overlay-type":"","overlay-color":"","overlay-opacity":"","overlay-gradient":""},"tablet":{"background-color":"var(--ast-global-color-5)","background-image":"","background-repeat":"repeat","background-position":"center center","background-size":"auto","background-attachment":"scroll","background-type":"","background-media":"","overlay-type":"","overlay-color":"","overlay-opacity":"","overlay-gradient":""},"mobile":{"background-color":"var(--ast-global-color-5)","background-image":"","background-repeat":"repeat","background-position":"center center","background-size":"auto","background-attachment":"scroll","background-type":"","background-media":"","overlay-type":"","overlay-color":"","overlay-opacity":"","overlay-gradient":""}}},"product_brand":[],"product_cat":[55],"product_tag":[63],"class_list":{"0":"post-2952","1":"product","2":"type-product","3":"status-publish","4":"has-post-thumbnail","6":"product_cat-free-weight-training","7":"product_tag-rack-storage","8":"desktop-align-left","9":"tablet-align-left","10":"mobile-align-left","12":"first","13":"instock","14":"shipping-taxable","15":"purchasable","16":"product-type-simple"},"_links":{"self":[{"href":"https:\/\/alexathletics1982.com\/es\/wp-json\/wp\/v2\/product\/2952","targetHints":{"allow":["GET"]}}],"collection":[{"href":"https:\/\/alexathletics1982.com\/es\/wp-json\/wp\/v2\/product"}],"about":[{"href":"https:\/\/alexathletics1982.com\/es\/wp-json\/wp\/v2\/types\/product"}],"replies":[{"embeddable":true,"href":"https:\/\/alexathletics1982.com\/es\/wp-json\/wp\/v2\/comments?post=2952"}],"wp:featuredmedia":[{"embeddable":true,"href":"https:\/\/alexathletics1982.com\/es\/wp-json\/wp\/v2\/media\/3678"}],"wp:attachment":[{"href":"https:\/\/alexathletics1982.com\/es\/wp-json\/wp\/v2\/media?parent=2952"}],"wp:term":[{"taxonomy":"product_brand","embeddable":true,"href":"https:\/\/alexathletics1982.com\/es\/wp-json\/wp\/v2\/product_brand?post=2952"},{"taxonomy":"product_cat","embeddable":true,"href":"https:\/\/alexathletics1982.com\/es\/wp-json\/wp\/v2\/product_cat?post=2952"},{"taxonomy":"product_tag","embeddable":true,"href":"https:\/\/alexathletics1982.com\/es\/wp-json\/wp\/v2\/product_tag?post=2952"}],"curies":[{"name":"wp","href":"https:\/\/api.w.org\/{rel}","templated":true}]}}