{"id":2964,"date":"2026-01-23T20:21:01","date_gmt":"2026-01-23T12:21:01","guid":{"rendered":"https:\/\/alexathletics1982.com\/?post_type=product&#038;p=2964"},"modified":"2026-04-08T15:38:27","modified_gmt":"2026-04-08T07:38:27","slug":"portaplatos-peso-arbol-v-eta","status":"publish","type":"product","link":"https:\/\/alexathletics1982.com\/es\/plate-rack-weight-tree-v-eta\/","title":{"rendered":"\u00c1rbol de pesos de la estanter\u00eda de placas-V.ETA"},"content":{"rendered":"<h2>Torre de potencia m\u00f3vil: \u00c1rbol de pesas-estante de placas ol\u00edmpicas V.ETA<\/h2>\n<p>El \u00e1rbol de pesas con soporte para platos (V.ETA) de Alex Athletics es una soluci\u00f3n de almacenamiento completa que consolida toda su configuraci\u00f3n de pesas en una unidad m\u00f3vil. A diferencia de los \u00e1rboles estacionarios est\u00e1ndar, este estante est\u00e1 equipado con ruedas de alta resistencia, lo que le permite mover m\u00e1s de 450 kg (1000 libras) de pesas con facilidad. Esta movilidad cambia las reglas del juego en espacios multiusos o gimnasios de garaje en los que es necesario guardar el equipo. El dise\u00f1o \u201cV.ETA\u201d presenta una robusta columna central con cuernos de pesas estrat\u00e9gicamente espaciados que acomodan todos los tama\u00f1os de platos ol\u00edmpicos, desde peque\u00f1os platos de cambio hasta grandes ruedas de 450 mm, sin solaparse.<\/p>\n<p>M\u00e1s all\u00e1 de los platos, este soporte es un completo organizador de estaciones de trabajo. Cuenta con dos soportes verticales para barras, lo que le permite almacenar sus barras ol\u00edmpicas de forma segura en posici\u00f3n vertical. Tambi\u00e9n incluye espacio de almacenamiento en la base para collares o placas fraccionarias. El armaz\u00f3n est\u00e1 fabricado con tubo de acero cuadrado comercial (40 x 80 x T 2 mm) con un acabado de recubrimiento en polvo, lo que garantiza que pueda soportar la carga sin doblarse. Las almohadillas de goma para los pies (o las ruedas de bloqueo) garantizan que la unidad permanezca inm\u00f3vil cuando se carga o descarga. Transforma un mont\u00f3n disperso de pesas y barras en una biblioteca de fuerza ordenada, port\u00e1til y profesional.<\/p>\n<h3>1. Almacenamiento del juego completo (placas + 2 barras)<\/h3>\n<p>Se trata de una isla todo en uno. Tiene capacidad para un gran volumen de placas de pesas y dos fundas espec\u00edficas para barras ol\u00edmpicas. Esto significa que todo su equipo de levantamiento -barras y pesas- se mantiene junto. Despeja completamente el suelo, maximizando el espacio de entrenamiento y la seguridad.<\/p>\n<h3>2. Movilidad para cargas pesadas<\/h3>\n<p>La integraci\u00f3n de ruedas lo distingue de un \u00e1rbol est\u00e1ndar. La posibilidad de desplazar las pesas hasta el soporte o el banco de musculaci\u00f3n es un lujo que ahorra tiempo y esfuerzo. Las ruedas son de alta resistencia para soportar la capacidad de carga de 454 kg, desliz\u00e1ndose suavemente sobre el suelo de goma del gimnasio.<\/p>\n<h3>3. Gran capacidad de carga (454 kg)<\/h3>\n<p>Este estante est\u00e1 construido para los bateadores pesados. Con una capacidad de casi 1000 libras, puede contener m\u00faltiples conjuntos de placas de 25 kg. Los cuernos de pesas soldados est\u00e1n en \u00e1ngulo o tapados para evitar que las placas se deslicen durante el movimiento. La integridad estructural es de calidad comercial.<\/p>\n<h3>4. Dise\u00f1o de espaciado ajustable<\/h3>\n<p>La descripci\u00f3n indica que \u201cla colocaci\u00f3n... puede ajustarse\u201d (o implica un espaciado \u00f3ptimo). La disposici\u00f3n evita el \u201catasco del plato\u201d en el que no se puede sacar un plato de 10 kg porque el de 20 kg que est\u00e1 debajo est\u00e1 demasiado cerca. Permite un f\u00e1cil acceso a cada incremento de peso.<\/p>\n<h3>5. Collar y base para accesorios<\/h3>\n<p>A menudo, la base hace las veces de bandeja o dispone de pasadores espec\u00edficos para los collares. Este peque\u00f1o detalle evita la frustraci\u00f3n de perder clips. Tenerlo todo en una unidad m\u00f3vil agiliza el flujo de trabajo del gimnasio, garantizando que tienes todo lo que necesitas para empezar a levantar inmediatamente.<\/p>\n<h3>\u00bfA qui\u00e9n va dirigido?<\/h3>\n<ul style=\"list-style-position: inside; padding-left: 0;\">\n<li>Propietarios de gimnasios en casa que necesitan una gesti\u00f3n flexible del espacio.<\/li>\n<li>Gimnasios comerciales que crean estaciones m\u00f3viles de sentadillas.<\/li>\n<li>Entrenadores que necesitan trasladar equipos entre clientes.<\/li>\n<li>Levantadores con pesas m\u00faltiples y juegos de platos pesados.<\/li>\n<li>Cualquiera que desee una soluci\u00f3n de almacenamiento ordenada y todo en uno.<\/li>\n<\/ul>\n<h3>Especificaciones del producto<\/h3>\n<table border=\"1\" width=\"100%\" cellspacing=\"0\" cellpadding=\"5\">\n<tbody>\n<tr>\n<td><strong>Modelo<\/strong><\/td>\n<td>F12BC001<\/td>\n<\/tr>\n<tr>\n<td><strong>Tipo<\/strong><\/td>\n<td>\u00c1rbol de placas m\u00f3vil<\/td>\n<\/tr>\n<tr>\n<td><strong>Capacidad<\/strong><\/td>\n<td>454 kg \/ 1000 lbs<\/td>\n<\/tr>\n<tr>\n<td><strong>Almacenamiento<\/strong><\/td>\n<td>Platos + 2 Barbells<\/td>\n<\/tr>\n<tr>\n<td><strong>Movilidad<\/strong><\/td>\n<td>Ruedas de alta resistencia<\/td>\n<\/tr>\n<\/tbody>\n<\/table>","protected":false},"excerpt":{"rendered":"<p>El V.ETA Plate Rack de Alex Athletics es la \u00faltima estaci\u00f3n de almacenamiento m\u00f3vil para su kit de pesas. Con capacidad para 454 kg (1000 libras) de placas de peso y dos barras ol\u00edmpicas, este \u00e1rbol de acero de alta resistencia despeja el suelo y organiza su equipo. Equipado con ruedas robustas, le permite transportar toda su configuraci\u00f3n sin esfuerzo por el gimnasio. Con un espacio optimizado para facilitar el acceso y un acabado duradero con recubrimiento en polvo, es la soluci\u00f3n perfecta para ahorrar espacio en gimnasios dom\u00e9sticos y comerciales.<\/p>","protected":false},"featured_media":3421,"comment_status":"open","ping_status":"closed","template":"","meta":{"inline_featured_image":false,"site-sidebar-layout":"default","site-content-layout":"","ast-site-content-layout":"default","site-content-style":"default","site-sidebar-style":"default","ast-global-header-display":"","ast-banner-title-visibility":"","ast-main-header-display":"","ast-hfb-above-header-display":"","ast-hfb-below-header-display":"","ast-hfb-mobile-header-display":"","site-post-title":"","ast-breadcrumbs-content":"","ast-featured-img":"","footer-sml-layout":"","ast-disable-related-posts":"","theme-transparent-header-meta":"default","adv-header-id-meta":"","stick-header-meta":"default","header-above-stick-meta":"","header-main-stick-meta":"","header-below-stick-meta":"","astra-migrate-meta-layouts":"set","ast-page-background-enabled":"default","ast-page-background-meta":{"desktop":{"background-color":"","background-image":"","background-repeat":"repeat","background-position":"center center","background-size":"auto","background-attachment":"scroll","background-type":"","background-media":"","overlay-type":"","overlay-color":"","overlay-opacity":"","overlay-gradient":""},"tablet":{"background-color":"","background-image":"","background-repeat":"repeat","background-position":"center center","background-size":"auto","background-attachment":"scroll","background-type":"","background-media":"","overlay-type":"","overlay-color":"","overlay-opacity":"","overlay-gradient":""},"mobile":{"background-color":"","background-image":"","background-repeat":"repeat","background-position":"center center","background-size":"auto","background-attachment":"scroll","background-type":"","background-media":"","overlay-type":"","overlay-color":"","overlay-opacity":"","overlay-gradient":""}},"ast-content-background-meta":{"desktop":{"background-color":"var(--ast-global-color-5)","background-image":"","background-repeat":"repeat","background-position":"center center","background-size":"auto","background-attachment":"scroll","background-type":"","background-media":"","overlay-type":"","overlay-color":"","overlay-opacity":"","overlay-gradient":""},"tablet":{"background-color":"var(--ast-global-color-5)","background-image":"","background-repeat":"repeat","background-position":"center center","background-size":"auto","background-attachment":"scroll","background-type":"","background-media":"","overlay-type":"","overlay-color":"","overlay-opacity":"","overlay-gradient":""},"mobile":{"background-color":"var(--ast-global-color-5)","background-image":"","background-repeat":"repeat","background-position":"center center","background-size":"auto","background-attachment":"scroll","background-type":"","background-media":"","overlay-type":"","overlay-color":"","overlay-opacity":"","overlay-gradient":""}}},"product_brand":[],"product_cat":[55],"product_tag":[63],"class_list":{"0":"post-2964","1":"product","2":"type-product","3":"status-publish","4":"has-post-thumbnail","6":"product_cat-free-weight-training","7":"product_tag-rack-storage","8":"desktop-align-left","9":"tablet-align-left","10":"mobile-align-left","12":"first","13":"instock","14":"shipping-taxable","15":"purchasable","16":"product-type-simple"},"_links":{"self":[{"href":"https:\/\/alexathletics1982.com\/es\/wp-json\/wp\/v2\/product\/2964","targetHints":{"allow":["GET"]}}],"collection":[{"href":"https:\/\/alexathletics1982.com\/es\/wp-json\/wp\/v2\/product"}],"about":[{"href":"https:\/\/alexathletics1982.com\/es\/wp-json\/wp\/v2\/types\/product"}],"replies":[{"embeddable":true,"href":"https:\/\/alexathletics1982.com\/es\/wp-json\/wp\/v2\/comments?post=2964"}],"wp:featuredmedia":[{"embeddable":true,"href":"https:\/\/alexathletics1982.com\/es\/wp-json\/wp\/v2\/media\/3421"}],"wp:attachment":[{"href":"https:\/\/alexathletics1982.com\/es\/wp-json\/wp\/v2\/media?parent=2964"}],"wp:term":[{"taxonomy":"product_brand","embeddable":true,"href":"https:\/\/alexathletics1982.com\/es\/wp-json\/wp\/v2\/product_brand?post=2964"},{"taxonomy":"product_cat","embeddable":true,"href":"https:\/\/alexathletics1982.com\/es\/wp-json\/wp\/v2\/product_cat?post=2964"},{"taxonomy":"product_tag","embeddable":true,"href":"https:\/\/alexathletics1982.com\/es\/wp-json\/wp\/v2\/product_tag?post=2964"}],"curies":[{"name":"wp","href":"https:\/\/api.w.org\/{rel}","templated":true}]}}