{"id":2965,"date":"2026-01-23T20:21:02","date_gmt":"2026-01-23T12:21:02","guid":{"rendered":"https:\/\/alexathletics1982.com\/?post_type=product&#038;p=2965"},"modified":"2026-04-08T11:09:35","modified_gmt":"2026-04-08T03:09:35","slug":"media-estanteria","status":"publish","type":"product","link":"https:\/\/alexathletics1982.com\/es\/half-rack\/","title":{"rendered":"Media estanter\u00eda"},"content":{"rendered":"<h2>El bateador pesado: Media Estanter\u00eda Comercial<\/h2>\n<p>El Half Rack de Alex Athletics es la pieza central de una instalaci\u00f3n de entrenamiento de fuerza seria. Tendiendo un puente entre una jaula de potencia completa y un soporte de sentadillas, ofrece la estabilidad y la seguridad de una jaula con la huella de acceso abierto de un soporte. Construido a partir de tubos cuadrados de acero de 75 x 75 mm con un espesor de pared de 3 mm, este soporte est\u00e1 construido como un tanque. Presume de una asombrosa capacidad de carga de 800 kg, lo que significa que soportar\u00e1 cualquier peso que un ser humano pueda levantar, y m\u00e1s. El dise\u00f1o \u201cHalf Rack\u201d cuenta con un frente abierto, que es ideal para los movimientos de levantamiento ol\u00edmpico (como el press sobre la cabeza) que requieren espacio vertical, al tiempo que proporciona un recinto seguro para sentadillas y press de banca.<\/p>\n<p>La funcionalidad se maximiza con accesorios de primera calidad. El soporte viene de serie con ganchos en J de calidad comercial y brazos de seguridad. Est\u00e1n revestidos con juntas de polietileno de alta densidad para proteger el moleteado de la barra del contacto de metal con metal, preservando su inversi\u00f3n. Ambos accesorios cuentan con un mecanismo de liberaci\u00f3n r\u00e1pida con numeraci\u00f3n cortada con l\u00e1ser en los montantes, lo que permite ajustar la altura de forma r\u00e1pida y precisa. La parte trasera del rack est\u00e1 equipada con 8 cuernos de almacenamiento de placas, lo que le permite almacenar toneladas de peso al tiempo que a\u00f1ade m\u00e1s estabilidad a la unidad. Con una barra de pull-up integrada y la capacidad de banda de clavijas, el Alex Half Rack es una estaci\u00f3n de nivel profesional para los levantadores de pesas, atletas, y los propietarios de gimnasio en casa graves.<\/p>\n<h3>1. Capacidad de carga de 800 kg<\/h3>\n<p>No se trata de una estanter\u00eda econ\u00f3mica. El marco de acero de 75x75x3mm es de grado industrial. Proporciona una rigidez absoluta: no se tambalea ni tiembla cuando realiza sentadillas pesadas. La clasificaci\u00f3n de 800 kg garantiza que puede soportar cargas de r\u00e9cord mundial, proporcionando un margen de seguridad que infunde total confianza.<\/p>\n<h3>2. Ganchos en J de liberaci\u00f3n r\u00e1pida y seguros<\/h3>\n<p>La rapidez y la facilidad de uso son fundamentales. Los ganchos en J y los brazos de seguridad pueden ajustarse en segundos sin necesidad de herramientas. La numeraci\u00f3n cortada con l\u00e1ser en los montantes significa que nunca tendr\u00e1 que adivinar si la barra est\u00e1 nivelada. Los brazos de seguridad son lo suficientemente largos como para atrapar un levantamiento fallido, actuando como un observador fiable para el entrenamiento en solitario.<\/p>\n<h3>3. Protecci\u00f3n de la barra (HDPE)<\/h3>\n<p>Su barra es la herramienta m\u00e1s importante. Los puntos de contacto de los ganchos en J y los seguros est\u00e1n revestidos de polietileno de alta densidad (HDPE). Esta capa de pl\u00e1stico absorbe los impactos y evita que el afilado moleteado de su barra se aplaste contra el duro acero. Mantiene su barra como nueva.<\/p>\n<h3>4. Almacenamiento de placas integrado<\/h3>\n<p>El rack cuenta con 8 cuernos de peso en los montantes traseros. Este sistema de almacenamiento mantiene los platos organizados y alejados del suelo. Y lo que es m\u00e1s importante, el peso de las planchas almacenadas ancla el soporte al suelo, aumentando su estabilidad durante movimientos din\u00e1micos como las dominadas o el levantamiento de pesos pesados.<\/p>\n<h3>5. Versatilidad frontal abierta<\/h3>\n<p>El dise\u00f1o Half Rack ofrece libertad. Sin postes frontales que le bloqueen, puede sacar f\u00e1cilmente la barra para hacer estocadas o realizar presses por encima de la cabeza sin golpearse contra el techo de una jaula. Permite el uso de una plataforma de levantamiento directamente delante del rack para deadlifts y levantamientos ol\u00edmpicos.<\/p>\n<h3>\u00bfA qui\u00e9n va dirigido?<\/h3>\n<ul style=\"list-style-position: inside; padding-left: 0;\">\n<li>Gimnasios de \u00e9lite de Powerlifting y Halterofilia.<\/li>\n<li>Propietarios de gimnasios dom\u00e9sticos de gama alta que desean lo mejor.<\/li>\n<li>Equipos deportivos universitarios y profesionales.<\/li>\n<li>Levantadores que entrenan solos y necesitan una seguridad fiable.<\/li>\n<li>Instalaciones que dan prioridad a la durabilidad de los equipos.<\/li>\n<\/ul>\n<h3>Especificaciones del producto<\/h3>\n<table border=\"1\" width=\"100%\" cellspacing=\"0\" cellpadding=\"5\">\n<tbody>\n<tr>\n<td><strong>Modelo<\/strong><\/td>\n<td>W13AA029<\/td>\n<\/tr>\n<tr>\n<td><strong>Material<\/strong><\/td>\n<td>Acero (tubo de 75x75x3 mm)<\/td>\n<\/tr>\n<tr>\n<td><strong>Capacidad de carga<\/strong><\/td>\n<td>800 kg<\/td>\n<\/tr>\n<tr>\n<td><strong>Dimensiones<\/strong><\/td>\n<td>L 1906 x An 1829 x Al 2438 mm<\/td>\n<\/tr>\n<tr>\n<td><strong>Caracter\u00edsticas<\/strong><\/td>\n<td>Revestimientos de HDPE, almacenamiento de placas, brazos Spotter<\/td>\n<\/tr>\n<\/tbody>\n<\/table>","protected":false},"excerpt":{"rendered":"<p>El Half Rack de Alex Athletics es una potencia de nivel comercial para el levantamiento de cargas pesadas. Construido a partir de tubos de acero de 75x75 mm, soporta una inmensa carga de 800 kg con absoluta estabilidad. Con ganchos en J de liberaci\u00f3n r\u00e1pida y brazos de seguridad forrados de HDPE para proteger la barra, garantiza un entrenamiento en solitario seguro. El dise\u00f1o frontal abierto permite un movimiento vers\u00e1til, mientras que el almacenamiento de placas integrado mantiene su gimnasio organizado. Es la estaci\u00f3n profesional definitiva para sentadillas, press y dominadas.<\/p>","protected":false},"featured_media":3321,"comment_status":"open","ping_status":"closed","template":"","meta":{"inline_featured_image":false,"site-sidebar-layout":"default","site-content-layout":"","ast-site-content-layout":"default","site-content-style":"default","site-sidebar-style":"default","ast-global-header-display":"","ast-banner-title-visibility":"","ast-main-header-display":"","ast-hfb-above-header-display":"","ast-hfb-below-header-display":"","ast-hfb-mobile-header-display":"","site-post-title":"","ast-breadcrumbs-content":"","ast-featured-img":"","footer-sml-layout":"","ast-disable-related-posts":"","theme-transparent-header-meta":"default","adv-header-id-meta":"","stick-header-meta":"default","header-above-stick-meta":"","header-main-stick-meta":"","header-below-stick-meta":"","astra-migrate-meta-layouts":"set","ast-page-background-enabled":"default","ast-page-background-meta":{"desktop":{"background-color":"","background-image":"","background-repeat":"repeat","background-position":"center center","background-size":"auto","background-attachment":"scroll","background-type":"","background-media":"","overlay-type":"","overlay-color":"","overlay-opacity":"","overlay-gradient":""},"tablet":{"background-color":"","background-image":"","background-repeat":"repeat","background-position":"center center","background-size":"auto","background-attachment":"scroll","background-type":"","background-media":"","overlay-type":"","overlay-color":"","overlay-opacity":"","overlay-gradient":""},"mobile":{"background-color":"","background-image":"","background-repeat":"repeat","background-position":"center center","background-size":"auto","background-attachment":"scroll","background-type":"","background-media":"","overlay-type":"","overlay-color":"","overlay-opacity":"","overlay-gradient":""}},"ast-content-background-meta":{"desktop":{"background-color":"var(--ast-global-color-5)","background-image":"","background-repeat":"repeat","background-position":"center center","background-size":"auto","background-attachment":"scroll","background-type":"","background-media":"","overlay-type":"","overlay-color":"","overlay-opacity":"","overlay-gradient":""},"tablet":{"background-color":"var(--ast-global-color-5)","background-image":"","background-repeat":"repeat","background-position":"center center","background-size":"auto","background-attachment":"scroll","background-type":"","background-media":"","overlay-type":"","overlay-color":"","overlay-opacity":"","overlay-gradient":""},"mobile":{"background-color":"var(--ast-global-color-5)","background-image":"","background-repeat":"repeat","background-position":"center center","background-size":"auto","background-attachment":"scroll","background-type":"","background-media":"","overlay-type":"","overlay-color":"","overlay-opacity":"","overlay-gradient":""}}},"product_brand":[],"product_cat":[55],"product_tag":[63],"class_list":{"0":"post-2965","1":"product","2":"type-product","3":"status-publish","4":"has-post-thumbnail","6":"product_cat-free-weight-training","7":"product_tag-rack-storage","8":"desktop-align-left","9":"tablet-align-left","10":"mobile-align-left","12":"first","13":"instock","14":"shipping-taxable","15":"purchasable","16":"product-type-simple"},"_links":{"self":[{"href":"https:\/\/alexathletics1982.com\/es\/wp-json\/wp\/v2\/product\/2965","targetHints":{"allow":["GET"]}}],"collection":[{"href":"https:\/\/alexathletics1982.com\/es\/wp-json\/wp\/v2\/product"}],"about":[{"href":"https:\/\/alexathletics1982.com\/es\/wp-json\/wp\/v2\/types\/product"}],"replies":[{"embeddable":true,"href":"https:\/\/alexathletics1982.com\/es\/wp-json\/wp\/v2\/comments?post=2965"}],"wp:featuredmedia":[{"embeddable":true,"href":"https:\/\/alexathletics1982.com\/es\/wp-json\/wp\/v2\/media\/3321"}],"wp:attachment":[{"href":"https:\/\/alexathletics1982.com\/es\/wp-json\/wp\/v2\/media?parent=2965"}],"wp:term":[{"taxonomy":"product_brand","embeddable":true,"href":"https:\/\/alexathletics1982.com\/es\/wp-json\/wp\/v2\/product_brand?post=2965"},{"taxonomy":"product_cat","embeddable":true,"href":"https:\/\/alexathletics1982.com\/es\/wp-json\/wp\/v2\/product_cat?post=2965"},{"taxonomy":"product_tag","embeddable":true,"href":"https:\/\/alexathletics1982.com\/es\/wp-json\/wp\/v2\/product_tag?post=2965"}],"curies":[{"name":"wp","href":"https:\/\/api.w.org\/{rel}","templated":true}]}}