{"id":2967,"date":"2026-01-23T20:21:02","date_gmt":"2026-01-23T12:21:02","guid":{"rendered":"https:\/\/alexathletics1982.com\/?post_type=product&#038;p=2967"},"modified":"2026-04-08T11:13:19","modified_gmt":"2026-04-08T03:13:19","slug":"rack-de-barras-r1","status":"publish","type":"product","link":"https:\/\/alexathletics1982.com\/es\/bar-rack-r1\/","title":{"rendered":"Soporte de barra - R1"},"content":{"rendered":"<h2>Accesibilidad horizontal: La estanter\u00eda de barras de doble cara (R1)<\/h2>\n<p>Para instalaciones con mucho espacio en la pared o para quienes prefieren la facilidad del acceso horizontal, el soporte para barras R1 es la mejor opci\u00f3n de almacenamiento. A diferencia de los tubos verticales, en los que hay que levantar la barra hacia arriba, este soporte permite colocar y retirar las barras horizontalmente, de forma similar a un armero. Este dise\u00f1o de \u201ccarga lateral\u201d suele ser m\u00e1s f\u00e1cil para los atletas m\u00e1s bajos o para las barras especiales m\u00e1s pesadas. El R1 es una unidad independiente de doble cara capaz de albergar 8 barras (4 en cada lado) de forma segura y organizada. Este acceso de doble cara la hace perfecta para colocarla en medio de una sala o entre plataformas de elevaci\u00f3n, permitiendo que varios atletas puedan coger barras simult\u00e1neamente sin atascos.<\/p>\n<p>La durabilidad es el n\u00facleo del dise\u00f1o del R1. Construido con tubo de acero cuadrado de gran calibre (50 x 75 x 3 mm), es un tanque. El armaz\u00f3n es r\u00edgido y estable, dise\u00f1ado para sujetar no s\u00f3lo barras ol\u00edmpicas est\u00e1ndar, sino tambi\u00e9n barras especiales pesadas, como barras de seguridad para sentadillas o barras combadas que podr\u00edan no caber en los soportes verticales. Los ganchos est\u00e1n revestidos con material protector (normalmente inserciones de pl\u00e1stico o goma) para garantizar que el moleteado de tus barras nunca sea metal contra metal. Con una altura de casi 1,6 metros, exhibe su colecci\u00f3n de forma destacada, convirtiendo su equipamiento en un elemento visual del gimnasio. No requiere instalaci\u00f3n ni atornillado, por lo que ofrece una organizaci\u00f3n inmediata y de gran capacidad.<\/p>\n<h3>1. F\u00e1cil acceso horizontal<\/h3>\n<p>Levantar una barra de 20 kg verticalmente desde un tubo puede resultar dif\u00edcil para algunos usuarios, especialmente si los techos son bajos. El dise\u00f1o horizontal permite levantar la barra de los ganchos sin esfuerzo. Es la forma m\u00e1s ergon\u00f3mica de acceder a equipos pesados. El espaciado escalonado garantiza que haya espacio suficiente entre las barras para agarrarlas sin pillarse los dedos.<\/p>\n<h3>2. Doble cara de alta capacidad<\/h3>\n<p>Almacenar 8 barras en una unidad es eficiente. El dise\u00f1o en A utiliza ambos lados, duplicando la densidad de almacenamiento. Esto lo hace ideal para dividir zonas de entrenamiento o crear una \u201cbiblioteca de barras\u201d central en una instalaci\u00f3n grande. Mantiene el suelo del gimnasio despejado y seguro.<\/p>\n<h3>3. Se adapta a barras especiales<\/h3>\n<p>Los racks verticales tienen problemas con barras especiales que tienen almohadillas gruesas o geometr\u00edas extra\u00f1as (como Trap Bars o SSBs). Los ganchos horizontales del R1 se adaptan a casi cualquier forma de barra. Puedes colgar una Barra Suiza o una Barra B\u00fafalo de forma segura, convirti\u00e9ndola en el soporte m\u00e1s vers\u00e1til para los gimnasios de powerlifting.<\/p>\n<h3>4. Bastidor independiente de alta resistencia<\/h3>\n<p>No es necesario taladrar. El R1 es una unidad s\u00f3lida y aut\u00f3noma. Su amplia base y su pesada estructura de acero (36 kg de peso neto) garantizan que no se volcar\u00e1. Est\u00e1 listo para su uso inmediatamente despu\u00e9s del montaje y se puede mover si cambia la disposici\u00f3n de su gimnasio.<\/p>\n<h3>5. Protecci\u00f3n contra estr\u00edas<\/h3>\n<p>Los puntos de contacto est\u00e1n dise\u00f1ados para proteger sus barras. Al apoyar el eje (o el interior del manguito) en los ganchos, el agresivo moleteado se mantiene a salvo del roce con otras superficies met\u00e1licas. Esto preserva la \u201cmordida\u201d de tus barras de competici\u00f3n y las mantiene con un aspecto impecable.<\/p>\n<h3>\u00bfA qui\u00e9n va dirigido?<\/h3>\n<ul style=\"list-style-position: inside; padding-left: 0;\">\n<li>Gimnasios de powerlifting con muchas barras especializadas.<\/li>\n<li>Instalaciones comerciales que desean un estante central en isla.<\/li>\n<li>Usuarios con techos bajos en los que es imposible el almacenamiento vertical.<\/li>\n<li>Atletas a los que les resulta dif\u00edcil utilizar los soportes verticales.<\/li>\n<li>Propietarios de gimnasios que exhiben una colecci\u00f3n de bares de primera calidad.<\/li>\n<\/ul>\n<h3>Especificaciones del producto<\/h3>\n<table border=\"1\" width=\"100%\" cellspacing=\"0\" cellpadding=\"5\">\n<tbody>\n<tr>\n<td><strong>Modelo<\/strong><\/td>\n<td>F12AC001<\/td>\n<\/tr>\n<tr>\n<td><strong>Capacidad<\/strong><\/td>\n<td>8 Barras (4 por lado)<\/td>\n<\/tr>\n<tr>\n<td><strong>Dimensiones<\/strong><\/td>\n<td>Largo 1250 x Ancho 435 x Alto 1572 mm<\/td>\n<\/tr>\n<tr>\n<td><strong>Material<\/strong><\/td>\n<td>Tubo cuadrado de acero (50x75x3mm)<\/td>\n<\/tr>\n<tr>\n<td><strong>Caracter\u00edstica<\/strong><\/td>\n<td>Almacenamiento horizontal, doble cara<\/td>\n<\/tr>\n<\/tbody>\n<\/table>","protected":false},"excerpt":{"rendered":"<p>El Bar Rack - R1 de Alex Athletics proporciona almacenamiento horizontal profesional para 8 barras. Su dise\u00f1o independiente, de doble cara A-marco permite un f\u00e1cil acceso desde ambos lados, por lo que es ideal para la colocaci\u00f3n de piso central. Construido con acero de alta resistencia, sostiene de forma segura barras ol\u00edmpicas est\u00e1ndar, as\u00ed como barras especiales inc\u00f3modas que no caben en bastidores verticales. Con ganchos protectores para proteger las estr\u00edas y sin necesidad de instalaci\u00f3n en la pared, es la soluci\u00f3n vers\u00e1til y ergon\u00f3mica para organizar una colecci\u00f3n de pesas importante.<\/p>","protected":false},"featured_media":3453,"comment_status":"open","ping_status":"closed","template":"","meta":{"inline_featured_image":false,"site-sidebar-layout":"default","site-content-layout":"","ast-site-content-layout":"default","site-content-style":"default","site-sidebar-style":"default","ast-global-header-display":"","ast-banner-title-visibility":"","ast-main-header-display":"","ast-hfb-above-header-display":"","ast-hfb-below-header-display":"","ast-hfb-mobile-header-display":"","site-post-title":"","ast-breadcrumbs-content":"","ast-featured-img":"","footer-sml-layout":"","ast-disable-related-posts":"","theme-transparent-header-meta":"default","adv-header-id-meta":"","stick-header-meta":"default","header-above-stick-meta":"","header-main-stick-meta":"","header-below-stick-meta":"","astra-migrate-meta-layouts":"set","ast-page-background-enabled":"default","ast-page-background-meta":{"desktop":{"background-color":"","background-image":"","background-repeat":"repeat","background-position":"center center","background-size":"auto","background-attachment":"scroll","background-type":"","background-media":"","overlay-type":"","overlay-color":"","overlay-opacity":"","overlay-gradient":""},"tablet":{"background-color":"","background-image":"","background-repeat":"repeat","background-position":"center center","background-size":"auto","background-attachment":"scroll","background-type":"","background-media":"","overlay-type":"","overlay-color":"","overlay-opacity":"","overlay-gradient":""},"mobile":{"background-color":"","background-image":"","background-repeat":"repeat","background-position":"center center","background-size":"auto","background-attachment":"scroll","background-type":"","background-media":"","overlay-type":"","overlay-color":"","overlay-opacity":"","overlay-gradient":""}},"ast-content-background-meta":{"desktop":{"background-color":"var(--ast-global-color-5)","background-image":"","background-repeat":"repeat","background-position":"center center","background-size":"auto","background-attachment":"scroll","background-type":"","background-media":"","overlay-type":"","overlay-color":"","overlay-opacity":"","overlay-gradient":""},"tablet":{"background-color":"var(--ast-global-color-5)","background-image":"","background-repeat":"repeat","background-position":"center center","background-size":"auto","background-attachment":"scroll","background-type":"","background-media":"","overlay-type":"","overlay-color":"","overlay-opacity":"","overlay-gradient":""},"mobile":{"background-color":"var(--ast-global-color-5)","background-image":"","background-repeat":"repeat","background-position":"center center","background-size":"auto","background-attachment":"scroll","background-type":"","background-media":"","overlay-type":"","overlay-color":"","overlay-opacity":"","overlay-gradient":""}}},"product_brand":[],"product_cat":[55],"product_tag":[63],"class_list":{"0":"post-2967","1":"product","2":"type-product","3":"status-publish","4":"has-post-thumbnail","6":"product_cat-free-weight-training","7":"product_tag-rack-storage","8":"desktop-align-left","9":"tablet-align-left","10":"mobile-align-left","12":"first","13":"instock","14":"shipping-taxable","15":"purchasable","16":"product-type-simple"},"_links":{"self":[{"href":"https:\/\/alexathletics1982.com\/es\/wp-json\/wp\/v2\/product\/2967","targetHints":{"allow":["GET"]}}],"collection":[{"href":"https:\/\/alexathletics1982.com\/es\/wp-json\/wp\/v2\/product"}],"about":[{"href":"https:\/\/alexathletics1982.com\/es\/wp-json\/wp\/v2\/types\/product"}],"replies":[{"embeddable":true,"href":"https:\/\/alexathletics1982.com\/es\/wp-json\/wp\/v2\/comments?post=2967"}],"wp:featuredmedia":[{"embeddable":true,"href":"https:\/\/alexathletics1982.com\/es\/wp-json\/wp\/v2\/media\/3453"}],"wp:attachment":[{"href":"https:\/\/alexathletics1982.com\/es\/wp-json\/wp\/v2\/media?parent=2967"}],"wp:term":[{"taxonomy":"product_brand","embeddable":true,"href":"https:\/\/alexathletics1982.com\/es\/wp-json\/wp\/v2\/product_brand?post=2967"},{"taxonomy":"product_cat","embeddable":true,"href":"https:\/\/alexathletics1982.com\/es\/wp-json\/wp\/v2\/product_cat?post=2967"},{"taxonomy":"product_tag","embeddable":true,"href":"https:\/\/alexathletics1982.com\/es\/wp-json\/wp\/v2\/product_tag?post=2967"}],"curies":[{"name":"wp","href":"https:\/\/api.w.org\/{rel}","templated":true}]}}