{"id":2845,"date":"2026-01-23T09:46:23","date_gmt":"2026-01-23T01:46:23","guid":{"rendered":"https:\/\/alexathletics1982.com\/?post_type=product&#038;p=2845"},"modified":"2026-04-17T22:21:14","modified_gmt":"2026-04-17T14:21:14","slug":"presse-isomotion","status":"publish","type":"product","link":"https:\/\/alexathletics1982.com\/fr\/isomotion-press\/","title":{"rendered":"Presse IsoMotion"},"content":{"rendered":"<div class=\"ast-oembed-container\" style=\"height: 100%;\"><iframe title=\"ISOMOTION PRESS--PROPRE \u00c0 LA REPR\u00c9SENTATION\" width=\"500\" height=\"281\" src=\"https:\/\/www.youtube.com\/embed\/JnvNjb5bjrY?feature=oembed\" frameborder=\"0\" allow=\"accelerometer; autoplay; clipboard-write; encrypted-media; gyroscope; picture-in-picture; web-share\" referrerpolicy=\"strict-origin-when-cross-origin\" allowfullscreen><\/iframe><\/div>\n<h2><img fetchpriority=\"high\" decoding=\"async\" class=\"alignnone wp-image-3809 size-full\" src=\"https:\/\/alexathletics1982.com\/wp-content\/uploads\/2026\/01\/iso_V2_02.webp\" alt=\"\" width=\"1600\" height=\"960\" title=\"\" srcset=\"https:\/\/alexathletics1982.com\/wp-content\/uploads\/2026\/01\/iso_V2_02.webp 1600w, https:\/\/alexathletics1982.com\/wp-content\/uploads\/2026\/01\/iso_V2_02-300x180.webp 300w, https:\/\/alexathletics1982.com\/wp-content\/uploads\/2026\/01\/iso_V2_02-1024x614.webp 1024w, https:\/\/alexathletics1982.com\/wp-content\/uploads\/2026\/01\/iso_V2_02-768x461.webp 768w, https:\/\/alexathletics1982.com\/wp-content\/uploads\/2026\/01\/iso_V2_02-1536x922.webp 1536w, https:\/\/alexathletics1982.com\/wp-content\/uploads\/2026\/01\/iso_V2_02-600x360.webp 600w\" sizes=\"(max-width: 1600px) 100vw, 1600px\" \/><img decoding=\"async\" class=\"alignnone wp-image-3810 size-full\" src=\"https:\/\/alexathletics1982.com\/wp-content\/uploads\/2026\/01\/iso_V2_03.webp\" alt=\"\" width=\"1600\" height=\"960\" title=\"\" srcset=\"https:\/\/alexathletics1982.com\/wp-content\/uploads\/2026\/01\/iso_V2_03.webp 1600w, https:\/\/alexathletics1982.com\/wp-content\/uploads\/2026\/01\/iso_V2_03-300x180.webp 300w, https:\/\/alexathletics1982.com\/wp-content\/uploads\/2026\/01\/iso_V2_03-1024x614.webp 1024w, https:\/\/alexathletics1982.com\/wp-content\/uploads\/2026\/01\/iso_V2_03-768x461.webp 768w, https:\/\/alexathletics1982.com\/wp-content\/uploads\/2026\/01\/iso_V2_03-1536x922.webp 1536w, https:\/\/alexathletics1982.com\/wp-content\/uploads\/2026\/01\/iso_V2_03-600x360.webp 600w\" sizes=\"(max-width: 1600px) 100vw, 1600px\" \/> <img decoding=\"async\" class=\"alignnone wp-image-3813 size-full\" src=\"https:\/\/alexathletics1982.com\/wp-content\/uploads\/2026\/01\/iso_V2_07.webp\" alt=\"\" width=\"1600\" height=\"960\" title=\"\" srcset=\"https:\/\/alexathletics1982.com\/wp-content\/uploads\/2026\/01\/iso_V2_07.webp 1600w, https:\/\/alexathletics1982.com\/wp-content\/uploads\/2026\/01\/iso_V2_07-300x180.webp 300w, https:\/\/alexathletics1982.com\/wp-content\/uploads\/2026\/01\/iso_V2_07-1024x614.webp 1024w, https:\/\/alexathletics1982.com\/wp-content\/uploads\/2026\/01\/iso_V2_07-768x461.webp 768w, https:\/\/alexathletics1982.com\/wp-content\/uploads\/2026\/01\/iso_V2_07-1536x922.webp 1536w, https:\/\/alexathletics1982.com\/wp-content\/uploads\/2026\/01\/iso_V2_07-600x360.webp 600w\" sizes=\"(max-width: 1600px) 100vw, 1600px\" \/> <img loading=\"lazy\" decoding=\"async\" class=\"alignnone wp-image-3812 size-full\" src=\"https:\/\/alexathletics1982.com\/wp-content\/uploads\/2026\/01\/iso_V2_06.webp\" alt=\"\" width=\"1600\" height=\"1416\" title=\"\" srcset=\"https:\/\/alexathletics1982.com\/wp-content\/uploads\/2026\/01\/iso_V2_06.webp 1600w, https:\/\/alexathletics1982.com\/wp-content\/uploads\/2026\/01\/iso_V2_06-300x266.webp 300w, https:\/\/alexathletics1982.com\/wp-content\/uploads\/2026\/01\/iso_V2_06-1024x906.webp 1024w, https:\/\/alexathletics1982.com\/wp-content\/uploads\/2026\/01\/iso_V2_06-768x680.webp 768w, https:\/\/alexathletics1982.com\/wp-content\/uploads\/2026\/01\/iso_V2_06-1536x1359.webp 1536w, https:\/\/alexathletics1982.com\/wp-content\/uploads\/2026\/01\/iso_V2_06-600x531.webp 600w\" sizes=\"(max-width: 1600px) 100vw, 1600px\" \/> <img loading=\"lazy\" decoding=\"async\" class=\"alignnone wp-image-3811 size-full\" src=\"https:\/\/alexathletics1982.com\/wp-content\/uploads\/2026\/01\/iso_V2_05.webp\" alt=\"\" width=\"1600\" height=\"2078\" title=\"\" srcset=\"https:\/\/alexathletics1982.com\/wp-content\/uploads\/2026\/01\/iso_V2_05.webp 1600w, https:\/\/alexathletics1982.com\/wp-content\/uploads\/2026\/01\/iso_V2_05-231x300.webp 231w, https:\/\/alexathletics1982.com\/wp-content\/uploads\/2026\/01\/iso_V2_05-788x1024.webp 788w, https:\/\/alexathletics1982.com\/wp-content\/uploads\/2026\/01\/iso_V2_05-768x997.webp 768w, https:\/\/alexathletics1982.com\/wp-content\/uploads\/2026\/01\/iso_V2_05-1183x1536.webp 1183w, https:\/\/alexathletics1982.com\/wp-content\/uploads\/2026\/01\/iso_V2_05-1577x2048.webp 1577w, https:\/\/alexathletics1982.com\/wp-content\/uploads\/2026\/01\/iso_V2_05-600x779.webp 600w\" sizes=\"(max-width: 1600px) 100vw, 1600px\" \/><\/h2>\n<h2>Lib\u00e9rer une puissance \u00e9quilibr\u00e9e avec la presse IsoMotion<\/h2>\n<p>La presse IsoMotion repr\u00e9sente le summum de l'ing\u00e9nierie dans le domaine des \u00e9quipements de musculation compacts, sp\u00e9cialement con\u00e7ue pour combler le foss\u00e9 entre les performances des installations commerciales et les contraintes spatiales d'une salle de sport \u00e0 domicile. Dans la recherche d'une v\u00e9ritable force physique, la sym\u00e9trie est souvent la premi\u00e8re victime de l'entra\u00eenement traditionnel avec halt\u00e8res, o\u00f9 le c\u00f4t\u00e9 dominant compense invariablement le c\u00f4t\u00e9 plus faible. La presse IsoMotion aborde ce probl\u00e8me fondamental gr\u00e2ce \u00e0 la conception avanc\u00e9e de son bras iso-lat\u00e9ral, qui oblige chaque membre \u00e0 d\u00e9placer son propre poids de mani\u00e8re ind\u00e9pendante. Cela permet non seulement de d\u00e9couvrir les d\u00e9s\u00e9quilibres musculaires cach\u00e9s, mais aussi de les corriger activement, en veillant \u00e0 ce que votre poitrine, vos \u00e9paules et vos triceps se d\u00e9veloppent en parfaite harmonie. En imitant la convergence naturelle des m\u00e9canismes de pouss\u00e9e du corps humain, il offre une trajectoire de mouvement plus s\u00fbre et plus ergonomique que les machines \u00e0 barre fixe, r\u00e9duisant le stress sur la capsule de l'\u00e9paule tout en maximisant le recrutement des fibres musculaires. Pour l'amateur de fitness averti, cette machine n'est pas simplement un outil pour soulever des poids ; c'est un instrument pour ma\u00eetriser la qualit\u00e9 du mouvement et assurer la sant\u00e9 des articulations \u00e0 long terme.<\/p>\n<p>Au-del\u00e0 de ses avantages biom\u00e9caniques, la presse IsoMotion est un chef-d'\u0153uvre d'efficacit\u00e9 et de polyvalence. Construite avec un cadre en acier renforc\u00e9 et recouverte d'un rev\u00eatement en poudre de qualit\u00e9 industrielle, elle offre la robustesse requise pour les s\u00e9ances d'entra\u00eenement quotidiennes intenses. Malgr\u00e9 sa construction robuste, la machine pr\u00e9sente un encombrement \u00e9tonnamment compact (L1478 X H1105\/1158 X P1658 mm), ce qui en fait une pi\u00e8ce ma\u00eetresse id\u00e9ale pour une salle de sport de garage ou un studio d'entra\u00eenement personnel. L'exp\u00e9rience de l'utilisateur est au c\u0153ur de sa conception ; l'interface intuitive et les m\u00e9canismes de r\u00e9glage rapide permettent des transitions fluides et instantan\u00e9es entre les exercices. Que vous fassiez des presses thoraciques lourdes, des variations d'inclinaison ou que vous vous pr\u00e9pariez \u00e0 des mouvements du bas du corps comme des pouss\u00e9es de hanche, la presse IsoMotion s'adapte \u00e0 votre flux d'entra\u00eenement. Elle permet aux utilisateurs d'effectuer un programme de musculation complet avec la s\u00e9curit\u00e9 et la stabilit\u00e9 d'une machine, mais avec la libert\u00e9 et les avantages fonctionnels des poids libres.<\/p>\n<h3>Technologie iso-lat\u00e9rale ind\u00e9pendante<\/h3>\n<p>L'innovation principale de la presse IsoMotion est le mouvement ind\u00e9pendant des bras. Contrairement aux machines standard o\u00f9 une seule barre relie les deux poign\u00e9es, cette conception iso-lat\u00e9rale exige que chaque c\u00f4t\u00e9 du corps travaille ind\u00e9pendamment. Cela est essentiel pour corriger les asym\u00e9tries de force qui sont courantes chez la plupart des halt\u00e9rophiles. Si le c\u00f4t\u00e9 droit est plus fort, il ne peut pas aider \u00e0 soulever le poids du c\u00f4t\u00e9 gauche. Cela garantit un engagement musculaire \u00e9gal et un d\u00e9veloppement \u00e9quilibr\u00e9, ce qui est essentiel pour la pr\u00e9vention des blessures et les performances athl\u00e9tiques. En outre, il permet des variations d'entra\u00eenement unilat\u00e9ral, ce qui vous permet de vous concentrer enti\u00e8rement sur un c\u00f4t\u00e9 \u00e0 la fois ou d'effectuer des presses altern\u00e9es pour engager les stabilisateurs du tronc de mani\u00e8re beaucoup plus importante que les mouvements bilat\u00e9raux.<\/p>\n<h3>Syst\u00e8me de bras de liaison \u00e0 r\u00e9glage rapide<\/h3>\n<p>L'efficacit\u00e9 est la cl\u00e9 de tout entra\u00eenement, et la presse IsoMotion y parvient gr\u00e2ce \u00e0 son syst\u00e8me de bras de liaison \u00e0 r\u00e9glage rapide. Ce m\u00e9canisme permet aux utilisateurs de modifier instantan\u00e9ment l'angle et la position des bras de pression sans avoir \u00e0 d\u00e9charger et recharger les plaques de poids. Supportant une charge maximale de 100 kg, le syst\u00e8me est suffisamment robuste pour soulever des charges lourdes et suffisamment souple pour permettre des ajustements rapides. Cette caract\u00e9ristique est particuli\u00e8rement utile pour l'entra\u00eenement en circuit ou les supersets, o\u00f9 il est essentiel de maintenir une fr\u00e9quence cardiaque \u00e9lev\u00e9e et de minimiser les temps d'arr\u00eat. La transition transparente d'une presse \u00e0 plat \u00e0 une presse inclin\u00e9e ou \u00e0 une rang\u00e9e permet de maintenir l'intensit\u00e9 de l'entra\u00eenement et de rester concentr\u00e9.<\/p>\n<h3>Polyvalence multifonctionnelle<\/h3>\n<p>Bien qu'il s'agisse avant tout d'une station de pressage, l'IsoMotion Press offre une polyvalence exceptionnelle. La nature r\u00e9glable des bras de liaison et la conception ergonomique des coussins lui permettent de supporter une large gamme d'exercices au-del\u00e0 du travail de la poitrine et des \u00e9paules. L'IsoMotion Press est sp\u00e9cialement con\u00e7u pour les pouss\u00e9es de hanche, avec des plaques r\u00e9glables qui s'adaptent \u00e0 diff\u00e9rentes hauteurs de torse. L'appareil se transforme ainsi en un appareil de musculation complet pour tout le corps. Les utilisateurs peuvent effectuer des mouvements de puissance explosifs, un travail d'hypertrophie contr\u00f4l\u00e9 pour le haut du corps et des exercices essentiels de la cha\u00eene post\u00e9rieure pour le bas du corps, le tout dans une seule station peu encombrante.<\/p>\n<h3>Durabilit\u00e9 de niveau commercial<\/h3>\n<p>Construite pour r\u00e9sister aux rigueurs d'un environnement d'entra\u00eenement professionnel, la presse IsoMotion est dot\u00e9e d'une construction en acier robuste. Le cadre est renforc\u00e9 pour supporter de lourdes charges sans fl\u00e9chir ni vaciller, offrant ainsi la sensation de solidit\u00e9 et d'ancrage que les halt\u00e9rophiles s\u00e9rieux exigent. L'ext\u00e9rieur est recouvert d'un rev\u00eatement en poudre de qualit\u00e9 industrielle, qui lui conf\u00e8re non seulement une esth\u00e9tique noire \u00e9l\u00e9gante et professionnelle, mais offre \u00e9galement une r\u00e9sistance sup\u00e9rieure \u00e0 la sueur, aux rayures et \u00e0 la corrosion. L'appareil conserve ainsi son int\u00e9grit\u00e9 structurelle et son attrait visuel, m\u00eame apr\u00e8s des ann\u00e9es d'utilisation intensive. Des roulements de haute qualit\u00e9 au niveau des points de pivot garantissent un fonctionnement souple et silencieux \u00e0 chaque repr\u00e9sentation.<\/p>\n<h3>Encombrement r\u00e9duit pour les salles de sport \u00e0 domicile<\/h3>\n<p>Reconnaissant les limites spatiales de nombreux gymnases \u00e0 domicile et studios personnels, la presse IsoMotion a \u00e9t\u00e9 con\u00e7ue pour \u00eatre peu encombrante sans compromettre les performances. Mesurant seulement 1478 x 1105\/1158 x 1658 mm, elle s'int\u00e8gre confortablement dans les coins ou les petites pi\u00e8ces o\u00f9 les machines commerciales traditionnelles seraient impossibles \u00e0 loger. Malgr\u00e9 sa taille compacte, la conception du cadre ouvert permet un acc\u00e8s facile et un positionnement confortable pour les utilisateurs de toutes tailles. Il offre toutes les fonctionnalit\u00e9s d'une grande station multigym dans un ensemble concentr\u00e9 et efficace, vous permettant de maximiser votre espace au sol pour d'autres \u00e9quipements ou mouvements.<\/p>\n<h3>\u00c0 qui cela s'adresse-t-il ?<\/h3>\n<ul style=\"list-style-position: inside; padding-left: 0;\">\n<li>Les propri\u00e9taires de salles de sport \u00e0 domicile recherchent un \u00e9quipement de qualit\u00e9 commerciale dans un encombrement r\u00e9duit.<\/li>\n<li>Les athl\u00e8tes de force se concentrent sur la correction des d\u00e9s\u00e9quilibres musculaires et la sym\u00e9trie.<\/li>\n<li>Les entra\u00eeneurs personnels ont besoin d'une station polyvalente et s\u00fbre pour divers clients.<\/li>\n<li>Professionnels de la r\u00e9\u00e9ducation n\u00e9cessitant un mouvement unilat\u00e9ral contr\u00f4l\u00e9.<\/li>\n<li>Les adeptes du fitness qui veulent un appareil pour tout le corps sans l'encombrement.<\/li>\n<\/ul>\n<h3>Sp\u00e9cifications des produits<\/h3>\n<table border=\"1\" width=\"100%\" cellspacing=\"0\" cellpadding=\"5\">\n<tbody>\n<tr>\n<td><strong>Mat\u00e9riau<\/strong><\/td>\n<td>Acier<\/td>\n<\/tr>\n<tr>\n<td><strong>Finition<\/strong><\/td>\n<td>Rev\u00eatement en poudre<\/td>\n<\/tr>\n<tr>\n<td><strong>Dimensions<\/strong><\/td>\n<td>L1478 X H1105\/1158 X P1658 mm<\/td>\n<\/tr>\n<tr>\n<td><strong>Poids<\/strong><\/td>\n<td>106 kg<\/td>\n<\/tr>\n<tr>\n<td><strong>Charge maximale<\/strong><\/td>\n<td>100 kg<\/td>\n<\/tr>\n<\/tbody>\n<\/table>","protected":false},"excerpt":{"rendered":"<p>L'IsoMotion Press d'Alex Athletics est un appareil de musculation r\u00e9volutionnaire con\u00e7u pour combler le foss\u00e9 entre les performances des salles de sport commerciales et la commodit\u00e9 du fitness \u00e0 domicile. Con\u00e7ue avec une empreinte compacte, cette machine se sp\u00e9cialise dans les mouvements iso-lat\u00e9raux, permettant \u00e0 chaque bras de travailler ind\u00e9pendamment. Cela garantit un d\u00e9veloppement musculaire sym\u00e9trique, corrige les d\u00e9s\u00e9quilibres de force et r\u00e9duit consid\u00e9rablement le risque de blessure par rapport aux appareils \u00e0 barre fixe. Dot\u00e9e d'un cadre en acier robuste et d'un rev\u00eatement en poudre de qualit\u00e9 industrielle, la presse IsoMotion offre une durabilit\u00e9 exceptionnelle. Son syst\u00e8me de bras \u00e0 r\u00e9glage rapide supporte jusqu'\u00e0 100 kg, ce qui permet des transitions fluides entre des exercices tels que les presses thoraciques et les pouss\u00e9es de hanche, sans avoir \u00e0 recharger les plaques. Id\u00e9ale pour les amateurs de fitness, les athl\u00e8tes et les entra\u00eeneurs personnels \u00e0 la recherche d'un \u00e9quipement de qualit\u00e9 professionnelle pour des espaces limit\u00e9s.<\/p>","protected":false},"featured_media":3806,"comment_status":"open","ping_status":"closed","template":"","meta":{"inline_featured_image":false,"site-sidebar-layout":"default","site-content-layout":"","ast-site-content-layout":"default","site-content-style":"default","site-sidebar-style":"default","ast-global-header-display":"","ast-banner-title-visibility":"","ast-main-header-display":"","ast-hfb-above-header-display":"","ast-hfb-below-header-display":"","ast-hfb-mobile-header-display":"","site-post-title":"","ast-breadcrumbs-content":"","ast-featured-img":"","footer-sml-layout":"","ast-disable-related-posts":"","theme-transparent-header-meta":"default","adv-header-id-meta":"","stick-header-meta":"default","header-above-stick-meta":"","header-main-stick-meta":"","header-below-stick-meta":"","astra-migrate-meta-layouts":"set","ast-page-background-enabled":"default","ast-page-background-meta":{"desktop":{"background-color":"","background-image":"","background-repeat":"repeat","background-position":"center center","background-size":"auto","background-attachment":"scroll","background-type":"","background-media":"","overlay-type":"","overlay-color":"","overlay-opacity":"","overlay-gradient":""},"tablet":{"background-color":"","background-image":"","background-repeat":"repeat","background-position":"center center","background-size":"auto","background-attachment":"scroll","background-type":"","background-media":"","overlay-type":"","overlay-color":"","overlay-opacity":"","overlay-gradient":""},"mobile":{"background-color":"","background-image":"","background-repeat":"repeat","background-position":"center center","background-size":"auto","background-attachment":"scroll","background-type":"","background-media":"","overlay-type":"","overlay-color":"","overlay-opacity":"","overlay-gradient":""}},"ast-content-background-meta":{"desktop":{"background-color":"var(--ast-global-color-5)","background-image":"","background-repeat":"repeat","background-position":"center center","background-size":"auto","background-attachment":"scroll","background-type":"","background-media":"","overlay-type":"","overlay-color":"","overlay-opacity":"","overlay-gradient":""},"tablet":{"background-color":"var(--ast-global-color-5)","background-image":"","background-repeat":"repeat","background-position":"center center","background-size":"auto","background-attachment":"scroll","background-type":"","background-media":"","overlay-type":"","overlay-color":"","overlay-opacity":"","overlay-gradient":""},"mobile":{"background-color":"var(--ast-global-color-5)","background-image":"","background-repeat":"repeat","background-position":"center center","background-size":"auto","background-attachment":"scroll","background-type":"","background-media":"","overlay-type":"","overlay-color":"","overlay-opacity":"","overlay-gradient":""}}},"product_brand":[],"product_cat":[54],"product_tag":[56],"class_list":{"0":"post-2845","1":"product","2":"type-product","3":"status-publish","4":"has-post-thumbnail","6":"product_cat-strength-equipment","7":"product_tag-functional-equipment","8":"desktop-align-left","9":"tablet-align-left","10":"mobile-align-left","12":"first","13":"instock","14":"shipping-taxable","15":"purchasable","16":"product-type-simple"},"_links":{"self":[{"href":"https:\/\/alexathletics1982.com\/fr\/wp-json\/wp\/v2\/product\/2845","targetHints":{"allow":["GET"]}}],"collection":[{"href":"https:\/\/alexathletics1982.com\/fr\/wp-json\/wp\/v2\/product"}],"about":[{"href":"https:\/\/alexathletics1982.com\/fr\/wp-json\/wp\/v2\/types\/product"}],"replies":[{"embeddable":true,"href":"https:\/\/alexathletics1982.com\/fr\/wp-json\/wp\/v2\/comments?post=2845"}],"wp:featuredmedia":[{"embeddable":true,"href":"https:\/\/alexathletics1982.com\/fr\/wp-json\/wp\/v2\/media\/3806"}],"wp:attachment":[{"href":"https:\/\/alexathletics1982.com\/fr\/wp-json\/wp\/v2\/media?parent=2845"}],"wp:term":[{"taxonomy":"product_brand","embeddable":true,"href":"https:\/\/alexathletics1982.com\/fr\/wp-json\/wp\/v2\/product_brand?post=2845"},{"taxonomy":"product_cat","embeddable":true,"href":"https:\/\/alexathletics1982.com\/fr\/wp-json\/wp\/v2\/product_cat?post=2845"},{"taxonomy":"product_tag","embeddable":true,"href":"https:\/\/alexathletics1982.com\/fr\/wp-json\/wp\/v2\/product_tag?post=2845"}],"curies":[{"name":"wp","href":"https:\/\/api.w.org\/{rel}","templated":true}]}}