{"id":2864,"date":"2026-01-23T20:19:45","date_gmt":"2026-01-23T12:19:45","guid":{"rendered":"https:\/\/alexathletics1982.com\/?post_type=product&#038;p=2864"},"modified":"2026-04-17T22:19:47","modified_gmt":"2026-04-17T14:19:47","slug":"banc-keynimax","status":"publish","type":"product","link":"https:\/\/alexathletics1982.com\/fr\/keynimax-bench\/","title":{"rendered":"Banc Keynimax"},"content":{"rendered":"<div class=\"ast-oembed-container\" style=\"height: 100%;\"><iframe title=\"BANC KEYNIMAX - RED\u00c9FINISSEZ VOTRE GAMME\" width=\"500\" height=\"281\" src=\"https:\/\/www.youtube.com\/embed\/nmRrr11CB2o?feature=oembed\" frameborder=\"0\" allow=\"accelerometer; autoplay; clipboard-write; encrypted-media; gyroscope; picture-in-picture; web-share\" referrerpolicy=\"strict-origin-when-cross-origin\" allowfullscreen><\/iframe><\/div>\n<h2><img fetchpriority=\"high\" decoding=\"async\" class=\"alignnone wp-image-3816 size-full\" src=\"https:\/\/alexathletics1982.com\/wp-content\/uploads\/2026\/01\/keynimax_V2_01.webp\" alt=\"\" width=\"1600\" height=\"960\" title=\"\" srcset=\"https:\/\/alexathletics1982.com\/wp-content\/uploads\/2026\/01\/keynimax_V2_01.webp 1600w, https:\/\/alexathletics1982.com\/wp-content\/uploads\/2026\/01\/keynimax_V2_01-300x180.webp 300w, https:\/\/alexathletics1982.com\/wp-content\/uploads\/2026\/01\/keynimax_V2_01-1024x614.webp 1024w, https:\/\/alexathletics1982.com\/wp-content\/uploads\/2026\/01\/keynimax_V2_01-768x461.webp 768w, https:\/\/alexathletics1982.com\/wp-content\/uploads\/2026\/01\/keynimax_V2_01-1536x922.webp 1536w, https:\/\/alexathletics1982.com\/wp-content\/uploads\/2026\/01\/keynimax_V2_01-600x360.webp 600w\" sizes=\"(max-width: 1600px) 100vw, 1600px\" \/> <img decoding=\"async\" class=\"alignnone wp-image-3817 size-full\" src=\"https:\/\/alexathletics1982.com\/wp-content\/uploads\/2026\/01\/keynimax_V2_2.webp\" alt=\"\" width=\"1600\" height=\"960\" title=\"\" srcset=\"https:\/\/alexathletics1982.com\/wp-content\/uploads\/2026\/01\/keynimax_V2_2.webp 1600w, https:\/\/alexathletics1982.com\/wp-content\/uploads\/2026\/01\/keynimax_V2_2-300x180.webp 300w, https:\/\/alexathletics1982.com\/wp-content\/uploads\/2026\/01\/keynimax_V2_2-1024x614.webp 1024w, https:\/\/alexathletics1982.com\/wp-content\/uploads\/2026\/01\/keynimax_V2_2-768x461.webp 768w, https:\/\/alexathletics1982.com\/wp-content\/uploads\/2026\/01\/keynimax_V2_2-1536x922.webp 1536w, https:\/\/alexathletics1982.com\/wp-content\/uploads\/2026\/01\/keynimax_V2_2-600x360.webp 600w\" sizes=\"(max-width: 1600px) 100vw, 1600px\" \/> <img decoding=\"async\" class=\"alignnone wp-image-3818 size-full\" src=\"https:\/\/alexathletics1982.com\/wp-content\/uploads\/2026\/01\/keynimax_V2_3.webp\" alt=\"\" width=\"1600\" height=\"979\" title=\"\" srcset=\"https:\/\/alexathletics1982.com\/wp-content\/uploads\/2026\/01\/keynimax_V2_3.webp 1600w, https:\/\/alexathletics1982.com\/wp-content\/uploads\/2026\/01\/keynimax_V2_3-300x184.webp 300w, https:\/\/alexathletics1982.com\/wp-content\/uploads\/2026\/01\/keynimax_V2_3-1024x627.webp 1024w, https:\/\/alexathletics1982.com\/wp-content\/uploads\/2026\/01\/keynimax_V2_3-768x470.webp 768w, https:\/\/alexathletics1982.com\/wp-content\/uploads\/2026\/01\/keynimax_V2_3-1536x940.webp 1536w, https:\/\/alexathletics1982.com\/wp-content\/uploads\/2026\/01\/keynimax_V2_3-600x367.webp 600w\" sizes=\"(max-width: 1600px) 100vw, 1600px\" \/> <img loading=\"lazy\" decoding=\"async\" class=\"alignnone wp-image-3819 size-full\" src=\"https:\/\/alexathletics1982.com\/wp-content\/uploads\/2026\/01\/keynimax_V2_4.webp\" alt=\"\" width=\"1600\" height=\"2130\" title=\"\" srcset=\"https:\/\/alexathletics1982.com\/wp-content\/uploads\/2026\/01\/keynimax_V2_4.webp 1600w, https:\/\/alexathletics1982.com\/wp-content\/uploads\/2026\/01\/keynimax_V2_4-225x300.webp 225w, https:\/\/alexathletics1982.com\/wp-content\/uploads\/2026\/01\/keynimax_V2_4-769x1024.webp 769w, https:\/\/alexathletics1982.com\/wp-content\/uploads\/2026\/01\/keynimax_V2_4-768x1022.webp 768w, https:\/\/alexathletics1982.com\/wp-content\/uploads\/2026\/01\/keynimax_V2_4-1154x1536.webp 1154w, https:\/\/alexathletics1982.com\/wp-content\/uploads\/2026\/01\/keynimax_V2_4-1538x2048.webp 1538w, https:\/\/alexathletics1982.com\/wp-content\/uploads\/2026\/01\/keynimax_V2_4-600x799.webp 600w\" sizes=\"(max-width: 1600px) 100vw, 1600px\" \/><\/h2>\n<h2>R\u00e9volutionner la presse d'\u00e9tabli : Le banc brevet\u00e9 Keynimax\u2122<\/h2>\n<p>Dans un march\u00e9 satur\u00e9 d'\u00e9quipements identiques, le Keynimax\u2122 Bench se distingue par une v\u00e9ritable innovation en mati\u00e8re de biom\u00e9canique d'entra\u00eenement musculaire. Il ne s'agit pas d'un simple banc de musculation, mais d'une plateforme d'am\u00e9lioration des performances con\u00e7ue pour d\u00e9bloquer l'amplitude maximale des mouvements (Max ROM) du haut du corps. Les bancs rectangulaires traditionnels restreignent souvent le mouvement des omoplates, en les coin\u00e7ant contre le coussin et en limitant la rotation naturelle. Le Keynimax\u2122 pr\u00e9sente un contour unique et brevet\u00e9 en forme de cl\u00e9. La partie sup\u00e9rieure du coussinet se r\u00e9tr\u00e9cit consid\u00e9rablement, cr\u00e9ant une structure en \u201caile de stabilit\u00e9\u201d. Cette conception r\u00e9volutionnaire lib\u00e8re les \u00e9paules, permettant aux omoplates de se r\u00e9tracter et de se d\u00e9ployer librement lors d'exercices tels que le d\u00e9velopp\u00e9 couch\u00e9, le d\u00e9velopp\u00e9 inclin\u00e9 et le rang d'halt\u00e8res. Cette libert\u00e9 de mouvement permet un \u00e9tirement plus profond au bas de la r\u00e9p\u00e9tition et une contraction maximale plus forte au sommet, ce qui stimule un meilleur recrutement des fibres musculaires et favorise une meilleure m\u00e9canique de l'\u00e9paule.<\/p>\n<p>Con\u00e7u pour des performances d'\u00e9lite dans les salles de sport \u00e0 domicile et les installations commerciales, le banc Keynimax\u2122 est construit comme un char d'assaut. Il affiche une capacit\u00e9 de charge massive de 1 000 livres (environ 454 kg), ce qui le rend adapt\u00e9 aux powerlifters et aux athl\u00e8tes les plus forts du monde. Le coussin central fin fonctionne en tandem avec les ailes de stabilit\u00e9 pour am\u00e9liorer la proprioception, c'est-\u00e0-dire la conscience qu'a le corps de sa position dans l'espace. En r\u00e9duisant la surface sous la colonne vert\u00e9brale tout en soutenant les points de contact essentiels, le banc oblige les stabilisateurs du tronc \u00e0 s'engager plus activement pour maintenir l'\u00e9quilibre. Cela se traduit par une meilleure stabilit\u00e9 du tronc, une meilleure posture et un transfert plus fonctionnel de la force dans les activit\u00e9s du monde r\u00e9el. Fini avec un rembourrage de premi\u00e8re qualit\u00e9 et un m\u00e9canisme r\u00e9glable robuste, le Keynimax\u2122 est l'outil ultime pour ceux qui ne veulent pas faire de compromis sur la performance ou le confort.<\/p>\n<h3>1. Contour brevet\u00e9 en forme de cl\u00e9 (Max ROM)<\/h3>\n<p>La caract\u00e9ristique d\u00e9terminante du Keynimax\u2122 est sa silhouette. La forme en \u201c cl\u00e9 \u201d permet aux omoplates de se d\u00e9placer sans obstruction. Lors d'un d\u00e9velopp\u00e9 couch\u00e9 standard, le banc bloque souvent la r\u00e9traction compl\u00e8te des omoplates, ce qui peut entra\u00eener des douleurs ant\u00e9rieures \u00e0 l'\u00e9paule et une r\u00e9duction de l'activation de la poitrine. Le Keynimax\u2122 supprime cette interf\u00e9rence, permettant un mouvement naturel et complet qui maximise l'engagement des pectoraux et am\u00e9liore la sant\u00e9 des \u00e9paules. C'est la sensation la plus proche de presser des halt\u00e8res en l'air, mais avec la stabilit\u00e9 d'un banc.<\/p>\n<h3>2. Capacit\u00e9 de charge de 1 000 livres pour l'\u00e9lite<\/h3>\n<p>La s\u00e9curit\u00e9 est primordiale lorsqu'il s'agit de d\u00e9placer du fer lourd. Le Keynimax\u2122 est construit en acier de gros calibre et con\u00e7u pour supporter une charge stup\u00e9fiante de 1 000 livres. Cette capacit\u00e9 de charge \u00e9lev\u00e9e garantit que le banc reste absolument rigide sous le poids d'un squat, d'un step-up ou d'un d\u00e9velopp\u00e9 couch\u00e9 lourd. Que vous soyez un powerlifter de comp\u00e9tition ou un halt\u00e9rophile amateur, l'int\u00e9grit\u00e9 structurelle de ce banc vous donne la confiance n\u00e9cessaire pour repousser vos limites sans craindre une d\u00e9faillance de l'\u00e9quipement.<\/p>\n<h3>3. Structure de soutien de l'aile de stabilit\u00e9<\/h3>\n<p>En d\u00e9pit d'un coussin dorsal plus \u00e9troit, la stabilit\u00e9 n'est pas sacrifi\u00e9e. Les \u201cailes de stabilit\u00e9\u201d brevet\u00e9es se ramifient pour soutenir les \u00e9paules lorsque c'est n\u00e9cessaire, en maintenant l'\u00e9quilibre lat\u00e9ral pendant les lev\u00e9es lourdes. Cette conception intelligente offre le meilleur des deux mondes : la libert\u00e9 de mouvement d'un support \u00e9troit avec la s\u00e9curit\u00e9 et la stabilit\u00e9 d'un banc commercial large. Il s'agit d'une ing\u00e9nierie de pr\u00e9cision qui s'adapte \u00e0 la biom\u00e9canique du corps humain.<\/p>\n<h3>4. Am\u00e9lioration de l'activation du tronc et de la proprioception<\/h3>\n<p>Le coussin central mince ne fait pas que lib\u00e9rer les \u00e9paules, il sollicite davantage les syst\u00e8mes de stabilisation du corps. La zone de contact avec la colonne vert\u00e9brale \u00e9tant optimis\u00e9e, les muscles du tronc doivent \u00eatre plus sollicit\u00e9s pour maintenir le torse stable sur le banc. Cette \u201cproprioception am\u00e9lior\u00e9e\u201d fournit un retour d'information imm\u00e9diat \u00e0 l'athl\u00e8te, l'aidant \u00e0 corriger les asym\u00e9tries et \u00e0 am\u00e9liorer la conscience et le contr\u00f4le globaux du corps pendant le soulev\u00e9 de terre.<\/p>\n<h3>5. Ajustement multi-angles<\/h3>\n<p>Le Keynimax\u2122 est une plate-forme enti\u00e8rement r\u00e9glable. Elle se transforme d'un banc plat \u00e0 diff\u00e9rents r\u00e9glages d'inclinaison, permettant un entra\u00eenement complet du haut du corps. Le m\u00e9canisme de r\u00e9glage est souple, rapide et s\u00fbr, se verrouillant fermement en place. Combin\u00e9e \u00e0 la structure ergonomique, cette polyvalence en fait le seul banc n\u00e9cessaire pour un entra\u00eenement complet de la poitrine, des \u00e9paules et du dos.<\/p>\n<h3>\u00c0 qui cela s'adresse-t-il ?<\/h3>\n<ul style=\"list-style-position: inside; padding-left: 0;\">\n<li>Les powerlifters d'\u00e9lite et les athl\u00e8tes de force exigeant la perfection biom\u00e9canique.<\/li>\n<li>Les bodybuilders qui cherchent \u00e0 maximiser l'hypertrophie de la poitrine gr\u00e2ce \u00e0 une ROM profonde.<\/li>\n<li>Utilisateurs souffrant de probl\u00e8mes d'\u00e9paule et recherchant une surface de pression plus respectueuse des articulations.<\/li>\n<li>Les propri\u00e9taires de salles de sport \u00e0 domicile qui souhaitent une pi\u00e8ce ma\u00eetresse unique et de qualit\u00e9 pour leur installation.<\/li>\n<li>Entra\u00eeneurs fonctionnels ax\u00e9s sur la stabilit\u00e9 du tronc et la qualit\u00e9 des mouvements.<\/li>\n<\/ul>\n<h3>Sp\u00e9cifications des produits<\/h3>\n<table border=\"1\" width=\"100%\" cellspacing=\"0\" cellpadding=\"5\">\n<tbody>\n<tr>\n<td><strong>Nom du produit<\/strong><\/td>\n<td>Keynimax\u2122 Bench<\/td>\n<\/tr>\n<tr>\n<td><strong>Num\u00e9ro de mod\u00e8le.<\/strong><\/td>\n<td>W07AC003<\/td>\n<\/tr>\n<tr>\n<td><strong>Dimensions<\/strong><\/td>\n<td>L 1510 x P 713 x H 420\/1310 mm<\/td>\n<\/tr>\n<tr>\n<td><strong>Poids<\/strong><\/td>\n<td>33 kg<\/td>\n<\/tr>\n<tr>\n<td><strong>Capacit\u00e9 de charge<\/strong><\/td>\n<td>1 000 lbs (approx. 454 kg)<\/td>\n<\/tr>\n<tr>\n<td><strong>Caract\u00e9ristiques<\/strong><\/td>\n<td>Forme de cl\u00e9 brevet\u00e9e, ailes de stabilit\u00e9, Max ROM<\/td>\n<\/tr>\n<\/tbody>\n<\/table>","protected":false},"excerpt":{"rendered":"<p>Le Keynimax\u2122 Bench d'Alex Athletics est un banc de musculation r\u00e9glable de nouvelle g\u00e9n\u00e9ration qui red\u00e9finit l'entra\u00eenement de la force. Dot\u00e9 d'une conception brevet\u00e9e en forme de cl\u00e9, il permet un mouvement scapulaire sans restriction, permettant une amplitude de mouvement maximale (Max ROM) pour des presses de poitrine et d'\u00e9paule plus profondes et plus efficaces. Avec une capacit\u00e9 de charge massive de 1 000 livres et une structure Stability Wing, il offre une durabilit\u00e9 et un \u00e9quilibre de niveau \u00e9lite. Le coussin central fin am\u00e9liore la proprioception et l'activation du tronc, ce qui en fait l'outil ultime pour les athl\u00e8tes qui exigent une pr\u00e9cision biom\u00e9canique et des performances sup\u00e9rieures dans leur salle de sport \u00e0 domicile ou dans un centre commercial.<\/p>","protected":false},"featured_media":4061,"comment_status":"open","ping_status":"closed","template":"","meta":{"inline_featured_image":false,"site-sidebar-layout":"default","site-content-layout":"","ast-site-content-layout":"default","site-content-style":"default","site-sidebar-style":"default","ast-global-header-display":"","ast-banner-title-visibility":"","ast-main-header-display":"","ast-hfb-above-header-display":"","ast-hfb-below-header-display":"","ast-hfb-mobile-header-display":"","site-post-title":"","ast-breadcrumbs-content":"","ast-featured-img":"","footer-sml-layout":"","ast-disable-related-posts":"","theme-transparent-header-meta":"default","adv-header-id-meta":"","stick-header-meta":"default","header-above-stick-meta":"","header-main-stick-meta":"","header-below-stick-meta":"","astra-migrate-meta-layouts":"set","ast-page-background-enabled":"default","ast-page-background-meta":{"desktop":{"background-color":"","background-image":"","background-repeat":"repeat","background-position":"center center","background-size":"auto","background-attachment":"scroll","background-type":"","background-media":"","overlay-type":"","overlay-color":"","overlay-opacity":"","overlay-gradient":""},"tablet":{"background-color":"","background-image":"","background-repeat":"repeat","background-position":"center center","background-size":"auto","background-attachment":"scroll","background-type":"","background-media":"","overlay-type":"","overlay-color":"","overlay-opacity":"","overlay-gradient":""},"mobile":{"background-color":"","background-image":"","background-repeat":"repeat","background-position":"center center","background-size":"auto","background-attachment":"scroll","background-type":"","background-media":"","overlay-type":"","overlay-color":"","overlay-opacity":"","overlay-gradient":""}},"ast-content-background-meta":{"desktop":{"background-color":"var(--ast-global-color-5)","background-image":"","background-repeat":"repeat","background-position":"center center","background-size":"auto","background-attachment":"scroll","background-type":"","background-media":"","overlay-type":"","overlay-color":"","overlay-opacity":"","overlay-gradient":""},"tablet":{"background-color":"var(--ast-global-color-5)","background-image":"","background-repeat":"repeat","background-position":"center center","background-size":"auto","background-attachment":"scroll","background-type":"","background-media":"","overlay-type":"","overlay-color":"","overlay-opacity":"","overlay-gradient":""},"mobile":{"background-color":"var(--ast-global-color-5)","background-image":"","background-repeat":"repeat","background-position":"center center","background-size":"auto","background-attachment":"scroll","background-type":"","background-media":"","overlay-type":"","overlay-color":"","overlay-opacity":"","overlay-gradient":""}}},"product_brand":[],"product_cat":[54],"product_tag":[57],"class_list":{"0":"post-2864","1":"product","2":"type-product","3":"status-publish","4":"has-post-thumbnail","6":"product_cat-strength-equipment","7":"product_tag-bench","8":"desktop-align-left","9":"tablet-align-left","10":"mobile-align-left","12":"first","13":"instock","14":"shipping-taxable","15":"purchasable","16":"product-type-simple"},"_links":{"self":[{"href":"https:\/\/alexathletics1982.com\/fr\/wp-json\/wp\/v2\/product\/2864","targetHints":{"allow":["GET"]}}],"collection":[{"href":"https:\/\/alexathletics1982.com\/fr\/wp-json\/wp\/v2\/product"}],"about":[{"href":"https:\/\/alexathletics1982.com\/fr\/wp-json\/wp\/v2\/types\/product"}],"replies":[{"embeddable":true,"href":"https:\/\/alexathletics1982.com\/fr\/wp-json\/wp\/v2\/comments?post=2864"}],"wp:featuredmedia":[{"embeddable":true,"href":"https:\/\/alexathletics1982.com\/fr\/wp-json\/wp\/v2\/media\/4061"}],"wp:attachment":[{"href":"https:\/\/alexathletics1982.com\/fr\/wp-json\/wp\/v2\/media?parent=2864"}],"wp:term":[{"taxonomy":"product_brand","embeddable":true,"href":"https:\/\/alexathletics1982.com\/fr\/wp-json\/wp\/v2\/product_brand?post=2864"},{"taxonomy":"product_cat","embeddable":true,"href":"https:\/\/alexathletics1982.com\/fr\/wp-json\/wp\/v2\/product_cat?post=2864"},{"taxonomy":"product_tag","embeddable":true,"href":"https:\/\/alexathletics1982.com\/fr\/wp-json\/wp\/v2\/product_tag?post=2864"}],"curies":[{"name":"wp","href":"https:\/\/api.w.org\/{rel}","templated":true}]}}