{"id":2965,"date":"2026-01-23T20:21:02","date_gmt":"2026-01-23T12:21:02","guid":{"rendered":"https:\/\/alexathletics1982.com\/?post_type=product&#038;p=2965"},"modified":"2026-04-08T11:09:35","modified_gmt":"2026-04-08T03:09:35","slug":"demi-etagere","status":"publish","type":"product","link":"https:\/\/alexathletics1982.com\/fr\/half-rack\/","title":{"rendered":"Demi-cage"},"content":{"rendered":"<h2>Le poids lourd : Demi-cage commerciale<\/h2>\n<p>Le demi-rack d'Alex Athletics est la pi\u00e8ce ma\u00eetresse d'un centre d'entra\u00eenement musculaire s\u00e9rieux. Il offre la stabilit\u00e9 et la s\u00e9curit\u00e9 d'une cage avec l'acc\u00e8s libre d'un stand. Construit en tubes d'acier carr\u00e9s de 75 x 75 mm avec une \u00e9paisseur de paroi de 3 mm, ce rack est construit comme un char d'assaut. Il affiche une capacit\u00e9 de charge stup\u00e9fiante de 800 kg, ce qui signifie qu'il peut supporter n'importe quel poids qu'un humain peut soulever, et m\u00eame plus. Le design \u201cHalf Rack\u201d pr\u00e9sente une fa\u00e7ade ouverte, ce qui est id\u00e9al pour les mouvements de levage olympiques (comme le d\u00e9velopp\u00e9 couch\u00e9) qui n\u00e9cessitent un d\u00e9gagement vertical, tout en fournissant une enceinte s\u00fbre pour les squats et les d\u00e9velopp\u00e9s couch\u00e9s.<\/p>\n<p>La fonctionnalit\u00e9 est optimis\u00e9e gr\u00e2ce \u00e0 des accessoires de qualit\u00e9 sup\u00e9rieure. Le rack est livr\u00e9 en standard avec des crochets en J de qualit\u00e9 commerciale et des bras de s\u00e9curit\u00e9. Ceux-ci sont doubl\u00e9s de joints HDPE pour prot\u00e9ger les moletages de votre halt\u00e8re du contact m\u00e9tal sur m\u00e9tal, pr\u00e9servant ainsi votre investissement. Les deux fixations sont dot\u00e9es d'un m\u00e9canisme de fixation rapide et d'une num\u00e9rotation d\u00e9coup\u00e9e au laser sur les montants, ce qui permet un r\u00e9glage rapide et pr\u00e9cis de la hauteur. L'arri\u00e8re du rack est \u00e9quip\u00e9 de 8 cornes de stockage de plaques, ce qui vous permet de stocker des tonnes de poids tout en renfor\u00e7ant la stabilit\u00e9 de l'unit\u00e9. Avec une barre de traction int\u00e9gr\u00e9e et une capacit\u00e9 de fixation des bandes, le demi-rack Alex est une station de qualit\u00e9 professionnelle pour les halt\u00e9rophiles, les athl\u00e8tes et les propri\u00e9taires de salles de sport \u00e0 domicile.<\/p>\n<h3>1. Capacit\u00e9 de charge massive de 800 kg<\/h3>\n<p>Il ne s'agit pas d'un rack \u00e9conomique. Le cadre en acier de 75x75x3mm est de qualit\u00e9 industrielle. Il offre une rigidit\u00e9 absolue - pas d'oscillation ou de tremblement lorsque vous effectuez un squat lourd. L'indice de 800 kg garantit qu'il peut supporter des charges record, offrant une marge de s\u00e9curit\u00e9 qui inspire une confiance totale.<\/p>\n<h3>2. Crochets en J \u00e0 d\u00e9gagement rapide et s\u00e9curit\u00e9s<\/h3>\n<p>La rapidit\u00e9 et la facilit\u00e9 d'utilisation sont essentielles. Les crochets en J et les bras de s\u00e9curit\u00e9 peuvent \u00eatre r\u00e9gl\u00e9s en quelques secondes sans outils. La num\u00e9rotation d\u00e9coup\u00e9e au laser sur les montants signifie que vous n'aurez jamais \u00e0 deviner si la barre est de niveau. Les bras de s\u00e9curit\u00e9 sont suffisamment longs pour rattraper un soul\u00e8vement rat\u00e9 et servir de rep\u00e8re fiable pour l'entra\u00eenement en solo.<\/p>\n<h3>3. Protection des halt\u00e8res (PEHD)<\/h3>\n<p>Votre halt\u00e8re est l'outil le plus important. Les points de contact des crochets en J et des s\u00e9curit\u00e9s sont rev\u00eatus de poly\u00e9thyl\u00e8ne haute densit\u00e9 (HDPE). Cette couche de plastique absorbe les chocs et emp\u00eache le moletage tranchant de votre barre d'\u00eatre \u00e9cras\u00e9 contre de l'acier dur. Elle permet \u00e0 votre barre de conserver son aspect et ses performances d'origine.<\/p>\n<h3>4. Stockage int\u00e9gr\u00e9 des plaques<\/h3>\n<p>Le rack comporte 8 cornes de poids sur les montants arri\u00e8re. Ce syst\u00e8me de stockage permet d'organiser vos plaques et de ne pas les laisser tra\u00eener sur le sol. Plus important encore, le poids des plaques stock\u00e9es ancre le rack au sol, augmentant ainsi sa stabilit\u00e9 lors de mouvements dynamiques tels que les tractions kipping ou le soul\u00e8vement de poids lourds.<\/p>\n<h3>5. Polyvalence du front ouvert<\/h3>\n<p>La conception du demi-rack offre une grande libert\u00e9. Sans poteaux frontaux pour vous bloquer, vous pouvez facilement sortir la barre pour les fentes ou effectuer des d\u00e9velopp\u00e9s couch\u00e9s sans heurter le plafond d'une cage. Il permet d'utiliser une plate-forme de levage directement devant le rack pour les soulev\u00e9s de terre et les soulev\u00e9s olympiques.<\/p>\n<h3>\u00c0 qui cela s'adresse-t-il ?<\/h3>\n<ul style=\"list-style-position: inside; padding-left: 0;\">\n<li>Gymnases d'\u00e9lite pour l'halt\u00e9rophilie et le powerlifting.<\/li>\n<li>Les propri\u00e9taires de salles de sport \u00e0 domicile haut de gamme veulent ce qu'il y a de mieux.<\/li>\n<li>\u00c9quipes sportives coll\u00e9giales et professionnelles.<\/li>\n<li>Les lifteurs qui s'entra\u00eenent seuls et qui ont besoin d'une s\u00e9curit\u00e9 fiable.<\/li>\n<li>Installations donnant la priorit\u00e9 \u00e0 la durabilit\u00e9 des \u00e9quipements.<\/li>\n<\/ul>\n<h3>Sp\u00e9cifications des produits<\/h3>\n<table border=\"1\" width=\"100%\" cellspacing=\"0\" cellpadding=\"5\">\n<tbody>\n<tr>\n<td><strong>Mod\u00e8le<\/strong><\/td>\n<td>W13AA029<\/td>\n<\/tr>\n<tr>\n<td><strong>Mat\u00e9riau<\/strong><\/td>\n<td>Acier (tube 75x75x3mm)<\/td>\n<\/tr>\n<tr>\n<td><strong>Capacit\u00e9 de charge<\/strong><\/td>\n<td>800 kg<\/td>\n<\/tr>\n<tr>\n<td><strong>Dimensions<\/strong><\/td>\n<td>L 1906 x L 1829 x H 2438 mm<\/td>\n<\/tr>\n<tr>\n<td><strong>Caract\u00e9ristiques<\/strong><\/td>\n<td>Doublures en HDPE, rangement des plaques, bras de spotter<\/td>\n<\/tr>\n<\/tbody>\n<\/table>","protected":false},"excerpt":{"rendered":"<p>Le Half Rack d'Alex Athletics est une centrale de qualit\u00e9 commerciale pour les lev\u00e9es de charges lourdes. Construit en tubes d'acier massifs de 75 x 75 mm, il supporte une charge immense de 800 kg avec une stabilit\u00e9 absolue. Dot\u00e9 de crochets en J \u00e0 d\u00e9gagement rapide et de bras de s\u00e9curit\u00e9 doubl\u00e9s de HDPE pour prot\u00e9ger votre halt\u00e8re, il garantit un entra\u00eenement en solo en toute s\u00e9curit\u00e9. La conception ouverte \u00e0 l'avant permet des mouvements polyvalents, tandis que le rangement int\u00e9gr\u00e9 des plaques permet d'organiser votre salle de sport. C'est la station professionnelle par excellence pour les squats, les presses et les tractions.<\/p>","protected":false},"featured_media":3321,"comment_status":"open","ping_status":"closed","template":"","meta":{"inline_featured_image":false,"site-sidebar-layout":"default","site-content-layout":"","ast-site-content-layout":"default","site-content-style":"default","site-sidebar-style":"default","ast-global-header-display":"","ast-banner-title-visibility":"","ast-main-header-display":"","ast-hfb-above-header-display":"","ast-hfb-below-header-display":"","ast-hfb-mobile-header-display":"","site-post-title":"","ast-breadcrumbs-content":"","ast-featured-img":"","footer-sml-layout":"","ast-disable-related-posts":"","theme-transparent-header-meta":"default","adv-header-id-meta":"","stick-header-meta":"default","header-above-stick-meta":"","header-main-stick-meta":"","header-below-stick-meta":"","astra-migrate-meta-layouts":"set","ast-page-background-enabled":"default","ast-page-background-meta":{"desktop":{"background-color":"","background-image":"","background-repeat":"repeat","background-position":"center center","background-size":"auto","background-attachment":"scroll","background-type":"","background-media":"","overlay-type":"","overlay-color":"","overlay-opacity":"","overlay-gradient":""},"tablet":{"background-color":"","background-image":"","background-repeat":"repeat","background-position":"center center","background-size":"auto","background-attachment":"scroll","background-type":"","background-media":"","overlay-type":"","overlay-color":"","overlay-opacity":"","overlay-gradient":""},"mobile":{"background-color":"","background-image":"","background-repeat":"repeat","background-position":"center center","background-size":"auto","background-attachment":"scroll","background-type":"","background-media":"","overlay-type":"","overlay-color":"","overlay-opacity":"","overlay-gradient":""}},"ast-content-background-meta":{"desktop":{"background-color":"var(--ast-global-color-5)","background-image":"","background-repeat":"repeat","background-position":"center center","background-size":"auto","background-attachment":"scroll","background-type":"","background-media":"","overlay-type":"","overlay-color":"","overlay-opacity":"","overlay-gradient":""},"tablet":{"background-color":"var(--ast-global-color-5)","background-image":"","background-repeat":"repeat","background-position":"center center","background-size":"auto","background-attachment":"scroll","background-type":"","background-media":"","overlay-type":"","overlay-color":"","overlay-opacity":"","overlay-gradient":""},"mobile":{"background-color":"var(--ast-global-color-5)","background-image":"","background-repeat":"repeat","background-position":"center center","background-size":"auto","background-attachment":"scroll","background-type":"","background-media":"","overlay-type":"","overlay-color":"","overlay-opacity":"","overlay-gradient":""}}},"product_brand":[],"product_cat":[55],"product_tag":[63],"class_list":{"0":"post-2965","1":"product","2":"type-product","3":"status-publish","4":"has-post-thumbnail","6":"product_cat-free-weight-training","7":"product_tag-rack-storage","8":"desktop-align-left","9":"tablet-align-left","10":"mobile-align-left","12":"first","13":"instock","14":"shipping-taxable","15":"purchasable","16":"product-type-simple"},"_links":{"self":[{"href":"https:\/\/alexathletics1982.com\/fr\/wp-json\/wp\/v2\/product\/2965","targetHints":{"allow":["GET"]}}],"collection":[{"href":"https:\/\/alexathletics1982.com\/fr\/wp-json\/wp\/v2\/product"}],"about":[{"href":"https:\/\/alexathletics1982.com\/fr\/wp-json\/wp\/v2\/types\/product"}],"replies":[{"embeddable":true,"href":"https:\/\/alexathletics1982.com\/fr\/wp-json\/wp\/v2\/comments?post=2965"}],"wp:featuredmedia":[{"embeddable":true,"href":"https:\/\/alexathletics1982.com\/fr\/wp-json\/wp\/v2\/media\/3321"}],"wp:attachment":[{"href":"https:\/\/alexathletics1982.com\/fr\/wp-json\/wp\/v2\/media?parent=2965"}],"wp:term":[{"taxonomy":"product_brand","embeddable":true,"href":"https:\/\/alexathletics1982.com\/fr\/wp-json\/wp\/v2\/product_brand?post=2965"},{"taxonomy":"product_cat","embeddable":true,"href":"https:\/\/alexathletics1982.com\/fr\/wp-json\/wp\/v2\/product_cat?post=2965"},{"taxonomy":"product_tag","embeddable":true,"href":"https:\/\/alexathletics1982.com\/fr\/wp-json\/wp\/v2\/product_tag?post=2965"}],"curies":[{"name":"wp","href":"https:\/\/api.w.org\/{rel}","templated":true}]}}