{"id":3839,"date":"2026-04-10T21:07:43","date_gmt":"2026-04-10T13:07:43","guid":{"rendered":"https:\/\/alexathletics1982.com\/?post_type=product&#038;p=3839"},"modified":"2026-04-17T22:15:37","modified_gmt":"2026-04-17T14:15:37","slug":"power-strider-xc2","status":"publish","type":"product","link":"https:\/\/alexathletics1982.com\/fr\/power-strider-xc2\/","title":{"rendered":"Power Strider XC2"},"content":{"rendered":"<div class=\"ast-oembed-container\" style=\"height: 100%;\"><iframe title=\"POWER STRIDER XC2\" width=\"500\" height=\"281\" src=\"https:\/\/www.youtube.com\/embed\/zfenkYAfFfE?feature=oembed\" frameborder=\"0\" allow=\"accelerometer; autoplay; clipboard-write; encrypted-media; gyroscope; picture-in-picture; web-share\" referrerpolicy=\"strict-origin-when-cross-origin\" allowfullscreen><\/iframe><\/div>\n<h2><img fetchpriority=\"high\" decoding=\"async\" class=\"alignnone wp-image-3828 size-full\" src=\"https:\/\/alexathletics1982.com\/wp-content\/uploads\/2026\/04\/XC2_\u4fee_01.webp\" alt=\"\" width=\"1600\" height=\"1938\" title=\"\" srcset=\"https:\/\/alexathletics1982.com\/wp-content\/uploads\/2026\/04\/XC2_\u4fee_01.webp 1600w, https:\/\/alexathletics1982.com\/wp-content\/uploads\/2026\/04\/XC2_\u4fee_01-248x300.webp 248w, https:\/\/alexathletics1982.com\/wp-content\/uploads\/2026\/04\/XC2_\u4fee_01-845x1024.webp 845w, https:\/\/alexathletics1982.com\/wp-content\/uploads\/2026\/04\/XC2_\u4fee_01-768x930.webp 768w, https:\/\/alexathletics1982.com\/wp-content\/uploads\/2026\/04\/XC2_\u4fee_01-1268x1536.webp 1268w, https:\/\/alexathletics1982.com\/wp-content\/uploads\/2026\/04\/XC2_\u4fee_01-600x727.webp 600w\" sizes=\"(max-width: 1600px) 100vw, 1600px\" \/> <img decoding=\"async\" class=\"alignnone wp-image-3834 size-full\" src=\"https:\/\/alexathletics1982.com\/wp-content\/uploads\/2026\/04\/XC2_\u4fee_07.webp\" alt=\"\" width=\"1600\" height=\"979\" title=\"\" srcset=\"https:\/\/alexathletics1982.com\/wp-content\/uploads\/2026\/04\/XC2_\u4fee_07.webp 1600w, https:\/\/alexathletics1982.com\/wp-content\/uploads\/2026\/04\/XC2_\u4fee_07-300x184.webp 300w, https:\/\/alexathletics1982.com\/wp-content\/uploads\/2026\/04\/XC2_\u4fee_07-1024x627.webp 1024w, https:\/\/alexathletics1982.com\/wp-content\/uploads\/2026\/04\/XC2_\u4fee_07-768x470.webp 768w, https:\/\/alexathletics1982.com\/wp-content\/uploads\/2026\/04\/XC2_\u4fee_07-1536x940.webp 1536w, https:\/\/alexathletics1982.com\/wp-content\/uploads\/2026\/04\/XC2_\u4fee_07-600x367.webp 600w\" sizes=\"(max-width: 1600px) 100vw, 1600px\" \/> <img decoding=\"async\" class=\"alignnone wp-image-3833 size-full\" src=\"https:\/\/alexathletics1982.com\/wp-content\/uploads\/2026\/04\/XC2_\u4fee_06.webp\" alt=\"\" width=\"1600\" height=\"979\" title=\"\" srcset=\"https:\/\/alexathletics1982.com\/wp-content\/uploads\/2026\/04\/XC2_\u4fee_06.webp 1600w, https:\/\/alexathletics1982.com\/wp-content\/uploads\/2026\/04\/XC2_\u4fee_06-300x184.webp 300w, https:\/\/alexathletics1982.com\/wp-content\/uploads\/2026\/04\/XC2_\u4fee_06-1024x627.webp 1024w, https:\/\/alexathletics1982.com\/wp-content\/uploads\/2026\/04\/XC2_\u4fee_06-768x470.webp 768w, https:\/\/alexathletics1982.com\/wp-content\/uploads\/2026\/04\/XC2_\u4fee_06-1536x940.webp 1536w, https:\/\/alexathletics1982.com\/wp-content\/uploads\/2026\/04\/XC2_\u4fee_06-600x367.webp 600w\" sizes=\"(max-width: 1600px) 100vw, 1600px\" \/> <img loading=\"lazy\" decoding=\"async\" class=\"alignnone wp-image-3832 size-full\" src=\"https:\/\/alexathletics1982.com\/wp-content\/uploads\/2026\/04\/XC2_\u4fee_05.webp\" alt=\"\" width=\"1600\" height=\"1344\" title=\"\" srcset=\"https:\/\/alexathletics1982.com\/wp-content\/uploads\/2026\/04\/XC2_\u4fee_05.webp 1600w, https:\/\/alexathletics1982.com\/wp-content\/uploads\/2026\/04\/XC2_\u4fee_05-300x252.webp 300w, https:\/\/alexathletics1982.com\/wp-content\/uploads\/2026\/04\/XC2_\u4fee_05-1024x860.webp 1024w, https:\/\/alexathletics1982.com\/wp-content\/uploads\/2026\/04\/XC2_\u4fee_05-768x645.webp 768w, https:\/\/alexathletics1982.com\/wp-content\/uploads\/2026\/04\/XC2_\u4fee_05-1536x1290.webp 1536w, https:\/\/alexathletics1982.com\/wp-content\/uploads\/2026\/04\/XC2_\u4fee_05-600x504.webp 600w\" sizes=\"(max-width: 1600px) 100vw, 1600px\" \/> <img loading=\"lazy\" decoding=\"async\" class=\"alignnone wp-image-3831 size-full\" src=\"https:\/\/alexathletics1982.com\/wp-content\/uploads\/2026\/04\/XC2_\u4fee_04.webp\" alt=\"\" width=\"1600\" height=\"1104\" title=\"\" srcset=\"https:\/\/alexathletics1982.com\/wp-content\/uploads\/2026\/04\/XC2_\u4fee_04.webp 1600w, https:\/\/alexathletics1982.com\/wp-content\/uploads\/2026\/04\/XC2_\u4fee_04-300x207.webp 300w, https:\/\/alexathletics1982.com\/wp-content\/uploads\/2026\/04\/XC2_\u4fee_04-1024x707.webp 1024w, https:\/\/alexathletics1982.com\/wp-content\/uploads\/2026\/04\/XC2_\u4fee_04-768x530.webp 768w, https:\/\/alexathletics1982.com\/wp-content\/uploads\/2026\/04\/XC2_\u4fee_04-1536x1060.webp 1536w, https:\/\/alexathletics1982.com\/wp-content\/uploads\/2026\/04\/XC2_\u4fee_04-600x414.webp 600w\" sizes=\"(max-width: 1600px) 100vw, 1600px\" \/> <img loading=\"lazy\" decoding=\"async\" class=\"alignnone wp-image-3830 size-full\" src=\"https:\/\/alexathletics1982.com\/wp-content\/uploads\/2026\/04\/XC2_\u4fee_03.webp\" alt=\"\" width=\"1600\" height=\"1451\" title=\"\" srcset=\"https:\/\/alexathletics1982.com\/wp-content\/uploads\/2026\/04\/XC2_\u4fee_03.webp 1600w, https:\/\/alexathletics1982.com\/wp-content\/uploads\/2026\/04\/XC2_\u4fee_03-300x272.webp 300w, https:\/\/alexathletics1982.com\/wp-content\/uploads\/2026\/04\/XC2_\u4fee_03-1024x929.webp 1024w, https:\/\/alexathletics1982.com\/wp-content\/uploads\/2026\/04\/XC2_\u4fee_03-768x696.webp 768w, https:\/\/alexathletics1982.com\/wp-content\/uploads\/2026\/04\/XC2_\u4fee_03-1536x1393.webp 1536w, https:\/\/alexathletics1982.com\/wp-content\/uploads\/2026\/04\/XC2_\u4fee_03-600x544.webp 600w\" sizes=\"(max-width: 1600px) 100vw, 1600px\" \/> <img loading=\"lazy\" decoding=\"async\" class=\"alignnone wp-image-3829 size-full\" src=\"https:\/\/alexathletics1982.com\/wp-content\/uploads\/2026\/04\/XC2_\u4fee_02.webp\" alt=\"\" width=\"1600\" height=\"2012\" title=\"\" srcset=\"https:\/\/alexathletics1982.com\/wp-content\/uploads\/2026\/04\/XC2_\u4fee_02.webp 1600w, https:\/\/alexathletics1982.com\/wp-content\/uploads\/2026\/04\/XC2_\u4fee_02-239x300.webp 239w, https:\/\/alexathletics1982.com\/wp-content\/uploads\/2026\/04\/XC2_\u4fee_02-814x1024.webp 814w, https:\/\/alexathletics1982.com\/wp-content\/uploads\/2026\/04\/XC2_\u4fee_02-768x966.webp 768w, https:\/\/alexathletics1982.com\/wp-content\/uploads\/2026\/04\/XC2_\u4fee_02-1221x1536.webp 1221w, https:\/\/alexathletics1982.com\/wp-content\/uploads\/2026\/04\/XC2_\u4fee_02-600x755.webp 600w\" sizes=\"(max-width: 1600px) 100vw, 1600px\" \/><\/h2>\n<h2>La confiance en mouvement : Power Strider XC2<\/h2>\n<p>Le Power Strider XC2 d'Alexandave Industries Ltd est un tapis roulant command\u00e9 multimode r\u00e9volutionnaire con\u00e7u pour fusionner la pr\u00e9cision biom\u00e9canique et la polyvalence adaptative. Con\u00e7u sp\u00e9cialement pour les athl\u00e8tes, les kin\u00e9sith\u00e9rapeutes et les sp\u00e9cialistes de la r\u00e9\u00e9ducation, il offre un contr\u00f4le sans pr\u00e9c\u00e9dent sur la m\u00e9canique des mouvements. En combinant la propulsion avant, le contr\u00f4le excentrique inverse et un syst\u00e8me de suspension pneumatique avanc\u00e9 au sein d'une plateforme adaptative, le XC2 red\u00e9finit les possibilit\u00e9s d'entra\u00eenement \u00e0 la performance et \u00e0 la r\u00e9\u00e9ducation sur tapis roulant. Qu'il s'agisse de se remettre d'une intervention chirurgicale ou de s'entra\u00eener \u00e0 la puissance explosive de l'\u00e9lite, ce tapis de course s'adapte aux besoins cliniques et athl\u00e9tiques exacts de l'utilisateur.<\/p>\n<p>La s\u00e9curit\u00e9 et l'accessibilit\u00e9 sont au premier plan de la conception du XC2. Il est dot\u00e9 d'une vitesse de d\u00e9marrage ultra-basse de 0,1 km\/h, ce qui permet d'initier des mouvements fluides et contr\u00f4l\u00e9s qui minimisent le risque de chute pour les patients vuln\u00e9rables. L'int\u00e9gration d'un harnais \u00e0 suspension pneumatique permet de r\u00e9duire le poids du corps jusqu'\u00e0 35 kg, r\u00e9duisant ainsi le stress articulaire et am\u00e9liorant la stabilit\u00e9 de la posture pendant les mouvements multidirectionnels. Avec une ceinture de course extra-large de 56 cm, des mains courantes \u00e9tendues et une conception ouverte sur le c\u00f4t\u00e9 pour faciliter l'acc\u00e8s \u00e0 l'entra\u00eeneur, il offre un environnement s\u00fbr et inspirant la confiance, tant pour le patient que pour le praticien.<\/p>\n<h3>1. Syst\u00e8me d'entra\u00eenement multimode<\/h3>\n<p>Le XC2 n'est pas un tapis de course standard. Il est dot\u00e9 d'un syst\u00e8me d'entra\u00eenement bidirectionnel permettant la course a\u00e9robique vers l'avant et l'entra\u00eenement excentrique vers l'arri\u00e8re. Le plus impressionnant, c'est qu'il comprend un mode PUSH d\u00e9di\u00e9 qui simule la propulsion d'une luge lourde. Cela permet aux athl\u00e8tes de d\u00e9velopper la force explosive du bas du corps et l'acc\u00e9l\u00e9ration en toute s\u00e9curit\u00e9 \u00e0 l'int\u00e9rieur, sans avoir besoin d'une piste en gazon.<\/p>\n<h3>2. Formation \u00e0 la suspension pneumatique<\/h3>\n<p>Le syst\u00e8me de suspension pneumatique int\u00e9gr\u00e9 change la donne en mati\u00e8re de r\u00e9\u00e9ducation et de conditionnement de haute performance. En d\u00e9chargeant jusqu'\u00e0 35 kg du poids du corps de l'utilisateur, il permet un contr\u00f4le r\u00e9actif des mouvements \u00e0 faible impact. Cela permet d'ex\u00e9cuter en toute s\u00e9curit\u00e9 des mouvements avanc\u00e9s tels que la marche r\u00e9tro suspendue, les pas de r\u00e9action excentriques et les sauts anti-gravit\u00e9, comblant ainsi le foss\u00e9 entre la th\u00e9rapie physique d\u00e9licate et la performance sportive dynamique.<\/p>\n<h3>3. Caract\u00e9ristiques de s\u00e9curit\u00e9 de niveau clinique<\/h3>\n<p>Un syst\u00e8me de protection active \u00e0 double couche garantit une s\u00e9curit\u00e9 absolue dans tous les modes d'entra\u00eenement. Il comprend un bouton d'arr\u00eat d'urgence \u00e0 r\u00e9ponse imm\u00e9diate et un syst\u00e8me de clip de s\u00e9curit\u00e9 amovible qui arr\u00eate la ceinture si l'utilisateur perd l'\u00e9quilibre. En outre, les mains courantes \u00e9tendues et l'architecture ouverte sur le c\u00f4t\u00e9 permettent au personnel clinique d'intervenir et d'assister \u00e0 l'entra\u00eenement \u00e0 la marche de mani\u00e8re transparente et s\u00e9curis\u00e9e.<\/p>\n<h3>4. Affichage multidirectionnel et retour d'information<\/h3>\n<p>La console est mont\u00e9e sur un \u00e9cran r\u00e9glable \u00e0 plusieurs axes, ce qui permet aux th\u00e9rapeutes ou au personnel clinique de voir facilement l'appareil et de l'utiliser en toute transparence, sans avoir \u00e0 se pencher sur le patient. Des capteurs de fr\u00e9quence cardiaque par contact int\u00e9gr\u00e9s sur les poign\u00e9es avant fournissent un retour physiologique en temps r\u00e9el, permettant une gestion pr\u00e9cise de l'intensit\u00e9 pendant les protocoles cardiovasculaires ou de r\u00e9cup\u00e9ration.<\/p>\n<h3>5. Inclinaison de 6\u00b0 et surface de foul\u00e9e large<\/h3>\n<p>Le tapis de course offre une inclinaison graduelle de 6\u00b0 (environ 10,5%) pour l'entra\u00eenement d'endurance en mont\u00e9e et le d\u00e9veloppement de la force. Le tapis de course de 56 cm de large assure une stabilit\u00e9 et une libert\u00e9 de mouvement optimales, s'adaptant aussi bien \u00e0 la d\u00e9marche instable et large d'un patient en r\u00e9\u00e9ducation qu'\u00e0 la foul\u00e9e puissante et allong\u00e9e d'un athl\u00e8te sprintant.<\/p>\n<h3>\u00c0 qui cela s'adresse-t-il ?<\/h3>\n<ul style=\"list-style-position: inside; padding-left: 0;\">\n<li>Cliniques de physioth\u00e9rapie et centres de r\u00e9adaptation clinique.<\/li>\n<li>Installations de performance sportive d'\u00e9lite entra\u00eenant la puissance explosive et la vitesse.<\/li>\n<li>Les personnes \u00e2g\u00e9es qui ont besoin d'une marche s\u00fbre, \u00e0 faible impact et soutenue par le poids du corps.<\/li>\n<li>Athl\u00e8tes ayant besoin d'un entra\u00eenement excentrique (vers l'arri\u00e8re) et de pouss\u00e9e en tra\u00eeneau.<\/li>\n<li>H\u00f4pitaux n\u00e9cessitant des vitesses de d\u00e9marrage ultra-basses pour la r\u00e9cup\u00e9ration neurologique ou post-op\u00e9ratoire.<\/li>\n<\/ul>\n<h3>Sp\u00e9cifications des produits<\/h3>\n<table border=\"1\" width=\"100%\" cellspacing=\"0\" cellpadding=\"5\">\n<tbody>\n<tr>\n<td><strong>Mod\u00e8le<\/strong><\/td>\n<td>H02BB002 (Power Strider XC2)<\/td>\n<\/tr>\n<tr>\n<td><strong>Gamme de vitesse<\/strong><\/td>\n<td>Avant 0,1-20 km\/h \/ Arri\u00e8re 0,1-20 km\/h<\/td>\n<\/tr>\n<tr>\n<td><strong>Plage d'inclinaison<\/strong><\/td>\n<td>0 - 6\u00b0 (environ 10.5%)<\/td>\n<\/tr>\n<tr>\n<td><strong>Suspension<\/strong><\/td>\n<td>0 - 35 kg R\u00e9duction du poids de la carrosserie<\/td>\n<\/tr>\n<tr>\n<td><strong>Taille de la ceinture<\/strong><\/td>\n<td>56 cm x 156 cm<\/td>\n<\/tr>\n<tr>\n<td><strong>Poids maximal de l'utilisateur<\/strong><\/td>\n<td>150 kg<\/td>\n<\/tr>\n<\/tbody>\n<\/table>","protected":false},"excerpt":{"rendered":"<p>Le Power Strider XC2 d'Alexandave Industries Ltd est un tapis roulant multimode r\u00e9volutionnaire int\u00e9grant la pr\u00e9cision biom\u00e9canique \u00e0 un syst\u00e8me de suspension pneumatique. Con\u00e7u pour les athl\u00e8tes d'\u00e9lite et la r\u00e9\u00e9ducation clinique, il propose des modes de marche avant, arri\u00e8re et de pouss\u00e9e de luge, ainsi qu'une r\u00e9duction r\u00e9glable du poids du corps pouvant aller jusqu'\u00e0 35 kg. Avec une vitesse de d\u00e9marrage ultra-faible de 0,1 km\/h, une large bande de course de 56 cm et des fonctions de s\u00e9curit\u00e9 compl\u00e8tes, il offre un contr\u00f4le in\u00e9gal\u00e9 pour un entra\u00eenement s\u00fbr, fonctionnel et explosif.<\/p>","protected":false},"featured_media":3824,"comment_status":"open","ping_status":"closed","template":"","meta":{"inline_featured_image":false,"site-sidebar-layout":"default","site-content-layout":"","ast-site-content-layout":"default","site-content-style":"default","site-sidebar-style":"default","ast-global-header-display":"","ast-banner-title-visibility":"","ast-main-header-display":"","ast-hfb-above-header-display":"","ast-hfb-below-header-display":"","ast-hfb-mobile-header-display":"","site-post-title":"","ast-breadcrumbs-content":"","ast-featured-img":"","footer-sml-layout":"","ast-disable-related-posts":"","theme-transparent-header-meta":"default","adv-header-id-meta":"","stick-header-meta":"default","header-above-stick-meta":"","header-main-stick-meta":"","header-below-stick-meta":"","astra-migrate-meta-layouts":"set","ast-page-background-enabled":"default","ast-page-background-meta":{"desktop":{"background-color":"","background-image":"","background-repeat":"repeat","background-position":"center center","background-size":"auto","background-attachment":"scroll","background-type":"","background-media":"","overlay-type":"","overlay-color":"","overlay-opacity":"","overlay-gradient":""},"tablet":{"background-color":"","background-image":"","background-repeat":"repeat","background-position":"center center","background-size":"auto","background-attachment":"scroll","background-type":"","background-media":"","overlay-type":"","overlay-color":"","overlay-opacity":"","overlay-gradient":""},"mobile":{"background-color":"","background-image":"","background-repeat":"repeat","background-position":"center center","background-size":"auto","background-attachment":"scroll","background-type":"","background-media":"","overlay-type":"","overlay-color":"","overlay-opacity":"","overlay-gradient":""}},"ast-content-background-meta":{"desktop":{"background-color":"var(--ast-global-color-5)","background-image":"","background-repeat":"repeat","background-position":"center center","background-size":"auto","background-attachment":"scroll","background-type":"","background-media":"","overlay-type":"","overlay-color":"","overlay-opacity":"","overlay-gradient":""},"tablet":{"background-color":"var(--ast-global-color-5)","background-image":"","background-repeat":"repeat","background-position":"center center","background-size":"auto","background-attachment":"scroll","background-type":"","background-media":"","overlay-type":"","overlay-color":"","overlay-opacity":"","overlay-gradient":""},"mobile":{"background-color":"var(--ast-global-color-5)","background-image":"","background-repeat":"repeat","background-position":"center center","background-size":"auto","background-attachment":"scroll","background-type":"","background-media":"","overlay-type":"","overlay-color":"","overlay-opacity":"","overlay-gradient":""}}},"product_brand":[],"product_cat":[54],"product_tag":[56],"class_list":{"0":"post-3839","1":"product","2":"type-product","3":"status-publish","4":"has-post-thumbnail","6":"product_cat-strength-equipment","7":"product_tag-functional-equipment","8":"desktop-align-left","9":"tablet-align-left","10":"mobile-align-left","12":"first","13":"instock","14":"shipping-taxable","15":"purchasable","16":"product-type-simple"},"_links":{"self":[{"href":"https:\/\/alexathletics1982.com\/fr\/wp-json\/wp\/v2\/product\/3839","targetHints":{"allow":["GET"]}}],"collection":[{"href":"https:\/\/alexathletics1982.com\/fr\/wp-json\/wp\/v2\/product"}],"about":[{"href":"https:\/\/alexathletics1982.com\/fr\/wp-json\/wp\/v2\/types\/product"}],"replies":[{"embeddable":true,"href":"https:\/\/alexathletics1982.com\/fr\/wp-json\/wp\/v2\/comments?post=3839"}],"wp:featuredmedia":[{"embeddable":true,"href":"https:\/\/alexathletics1982.com\/fr\/wp-json\/wp\/v2\/media\/3824"}],"wp:attachment":[{"href":"https:\/\/alexathletics1982.com\/fr\/wp-json\/wp\/v2\/media?parent=3839"}],"wp:term":[{"taxonomy":"product_brand","embeddable":true,"href":"https:\/\/alexathletics1982.com\/fr\/wp-json\/wp\/v2\/product_brand?post=3839"},{"taxonomy":"product_cat","embeddable":true,"href":"https:\/\/alexathletics1982.com\/fr\/wp-json\/wp\/v2\/product_cat?post=3839"},{"taxonomy":"product_tag","embeddable":true,"href":"https:\/\/alexathletics1982.com\/fr\/wp-json\/wp\/v2\/product_tag?post=3839"}],"curies":[{"name":"wp","href":"https:\/\/api.w.org\/{rel}","templated":true}]}}