{"id":2845,"date":"2026-01-23T09:46:23","date_gmt":"2026-01-23T01:46:23","guid":{"rendered":"https:\/\/alexathletics1982.com\/?post_type=product&#038;p=2845"},"modified":"2026-04-17T22:21:14","modified_gmt":"2026-04-17T14:21:14","slug":"isomotion-press","status":"publish","type":"product","link":"https:\/\/alexathletics1982.com\/pl\/isomotion-press\/","title":{"rendered":"IsoMotion Press"},"content":{"rendered":"<div class=\"ast-oembed-container\" style=\"height: 100%;\"><iframe title=\"ISOMOTION PRESS-OWN YOUR REP\" width=\"500\" height=\"281\" src=\"https:\/\/www.youtube.com\/embed\/JnvNjb5bjrY?feature=oembed\" frameborder=\"0\" allow=\"accelerometer; autoplay; clipboard-write; encrypted-media; gyroscope; picture-in-picture; web-share\" referrerpolicy=\"strict-origin-when-cross-origin\" allowfullscreen><\/iframe><\/div>\n<h2><img fetchpriority=\"high\" decoding=\"async\" class=\"alignnone wp-image-3809 size-full\" src=\"https:\/\/alexathletics1982.com\/wp-content\/uploads\/2026\/01\/iso_V2_02.webp\" alt=\"\" width=\"1600\" height=\"960\" title=\"\" srcset=\"https:\/\/alexathletics1982.com\/wp-content\/uploads\/2026\/01\/iso_V2_02.webp 1600w, https:\/\/alexathletics1982.com\/wp-content\/uploads\/2026\/01\/iso_V2_02-300x180.webp 300w, https:\/\/alexathletics1982.com\/wp-content\/uploads\/2026\/01\/iso_V2_02-1024x614.webp 1024w, https:\/\/alexathletics1982.com\/wp-content\/uploads\/2026\/01\/iso_V2_02-768x461.webp 768w, https:\/\/alexathletics1982.com\/wp-content\/uploads\/2026\/01\/iso_V2_02-1536x922.webp 1536w, https:\/\/alexathletics1982.com\/wp-content\/uploads\/2026\/01\/iso_V2_02-600x360.webp 600w\" sizes=\"(max-width: 1600px) 100vw, 1600px\" \/><img decoding=\"async\" class=\"alignnone wp-image-3810 size-full\" src=\"https:\/\/alexathletics1982.com\/wp-content\/uploads\/2026\/01\/iso_V2_03.webp\" alt=\"\" width=\"1600\" height=\"960\" title=\"\" srcset=\"https:\/\/alexathletics1982.com\/wp-content\/uploads\/2026\/01\/iso_V2_03.webp 1600w, https:\/\/alexathletics1982.com\/wp-content\/uploads\/2026\/01\/iso_V2_03-300x180.webp 300w, https:\/\/alexathletics1982.com\/wp-content\/uploads\/2026\/01\/iso_V2_03-1024x614.webp 1024w, https:\/\/alexathletics1982.com\/wp-content\/uploads\/2026\/01\/iso_V2_03-768x461.webp 768w, https:\/\/alexathletics1982.com\/wp-content\/uploads\/2026\/01\/iso_V2_03-1536x922.webp 1536w, https:\/\/alexathletics1982.com\/wp-content\/uploads\/2026\/01\/iso_V2_03-600x360.webp 600w\" sizes=\"(max-width: 1600px) 100vw, 1600px\" \/> <img decoding=\"async\" class=\"alignnone wp-image-3813 size-full\" src=\"https:\/\/alexathletics1982.com\/wp-content\/uploads\/2026\/01\/iso_V2_07.webp\" alt=\"\" width=\"1600\" height=\"960\" title=\"\" srcset=\"https:\/\/alexathletics1982.com\/wp-content\/uploads\/2026\/01\/iso_V2_07.webp 1600w, https:\/\/alexathletics1982.com\/wp-content\/uploads\/2026\/01\/iso_V2_07-300x180.webp 300w, https:\/\/alexathletics1982.com\/wp-content\/uploads\/2026\/01\/iso_V2_07-1024x614.webp 1024w, https:\/\/alexathletics1982.com\/wp-content\/uploads\/2026\/01\/iso_V2_07-768x461.webp 768w, https:\/\/alexathletics1982.com\/wp-content\/uploads\/2026\/01\/iso_V2_07-1536x922.webp 1536w, https:\/\/alexathletics1982.com\/wp-content\/uploads\/2026\/01\/iso_V2_07-600x360.webp 600w\" sizes=\"(max-width: 1600px) 100vw, 1600px\" \/> <img loading=\"lazy\" decoding=\"async\" class=\"alignnone wp-image-3812 size-full\" src=\"https:\/\/alexathletics1982.com\/wp-content\/uploads\/2026\/01\/iso_V2_06.webp\" alt=\"\" width=\"1600\" height=\"1416\" title=\"\" srcset=\"https:\/\/alexathletics1982.com\/wp-content\/uploads\/2026\/01\/iso_V2_06.webp 1600w, https:\/\/alexathletics1982.com\/wp-content\/uploads\/2026\/01\/iso_V2_06-300x266.webp 300w, https:\/\/alexathletics1982.com\/wp-content\/uploads\/2026\/01\/iso_V2_06-1024x906.webp 1024w, https:\/\/alexathletics1982.com\/wp-content\/uploads\/2026\/01\/iso_V2_06-768x680.webp 768w, https:\/\/alexathletics1982.com\/wp-content\/uploads\/2026\/01\/iso_V2_06-1536x1359.webp 1536w, https:\/\/alexathletics1982.com\/wp-content\/uploads\/2026\/01\/iso_V2_06-600x531.webp 600w\" sizes=\"(max-width: 1600px) 100vw, 1600px\" \/> <img loading=\"lazy\" decoding=\"async\" class=\"alignnone wp-image-3811 size-full\" src=\"https:\/\/alexathletics1982.com\/wp-content\/uploads\/2026\/01\/iso_V2_05.webp\" alt=\"\" width=\"1600\" height=\"2078\" title=\"\" srcset=\"https:\/\/alexathletics1982.com\/wp-content\/uploads\/2026\/01\/iso_V2_05.webp 1600w, https:\/\/alexathletics1982.com\/wp-content\/uploads\/2026\/01\/iso_V2_05-231x300.webp 231w, https:\/\/alexathletics1982.com\/wp-content\/uploads\/2026\/01\/iso_V2_05-788x1024.webp 788w, https:\/\/alexathletics1982.com\/wp-content\/uploads\/2026\/01\/iso_V2_05-768x997.webp 768w, https:\/\/alexathletics1982.com\/wp-content\/uploads\/2026\/01\/iso_V2_05-1183x1536.webp 1183w, https:\/\/alexathletics1982.com\/wp-content\/uploads\/2026\/01\/iso_V2_05-1577x2048.webp 1577w, https:\/\/alexathletics1982.com\/wp-content\/uploads\/2026\/01\/iso_V2_05-600x779.webp 600w\" sizes=\"(max-width: 1600px) 100vw, 1600px\" \/><\/h2>\n<h2>Uwolnienie zr\u00f3wnowa\u017conej mocy dzi\u0119ki IsoMotion Press<\/h2>\n<p>IsoMotion Press to szczytowe osi\u0105gni\u0119cie in\u017cynierii w dziedzinie kompaktowego sprz\u0119tu si\u0142owego, zaprojektowane specjalnie w celu wype\u0142nienia luki mi\u0119dzy wydajno\u015bci\u0105 obiektu komercyjnego a ograniczeniami przestrzennymi domowej si\u0142owni. W pogoni za prawdziw\u0105 si\u0142\u0105 fizyczn\u0105, symetria jest cz\u0119sto pierwsz\u0105 ofiar\u0105 tradycyjnego treningu ze sztang\u0105, w kt\u00f3rym dominuj\u0105ca strona niezmiennie kompensuje s\u0142absz\u0105. IsoMotion Press rozwi\u0105zuje ten fundamentalny problem dzi\u0119ki zaawansowanej konstrukcji ramienia izobocznego, kt\u00f3ra zmusza ka\u017cd\u0105 ko\u0144czyn\u0119 do poruszania w\u0142asnym ci\u0119\u017carem niezale\u017cnie. To nie tylko odkrywa ukryte nier\u00f3wnowagi mi\u0119\u015bniowe, ale aktywnie je koryguje, zapewniaj\u0105c, \u017ce klatka piersiowa, ramiona i triceps rozwijaj\u0105 si\u0119 w doskona\u0142ej harmonii. Na\u015bladuj\u0105c naturaln\u0105 zbie\u017cno\u015b\u0107 mechaniki pchania ludzkiego cia\u0142a, oferuje bezpieczniejsz\u0105, bardziej ergonomiczn\u0105 \u015bcie\u017ck\u0119 ruchu ni\u017c maszyny ze sta\u0142ym dr\u0105\u017ckiem, zmniejszaj\u0105c obci\u0105\u017cenie torebki barkowej przy jednoczesnej maksymalizacji rekrutacji w\u0142\u00f3kien mi\u0119\u015bniowych. Dla wymagaj\u0105cych entuzjast\u00f3w fitnessu maszyna ta nie jest jedynie narz\u0119dziem do podnoszenia ci\u0119\u017car\u00f3w; jest to instrument do opanowania jako\u015bci ruchu i zapewnienia d\u0142ugotrwa\u0142ego zdrowia staw\u00f3w.<\/p>\n<p>Poza zaletami biomechanicznymi, IsoMotion Press to mistrzowska klasa wydajno\u015bci i wszechstronno\u015bci. Zbudowana ze wzmocnionej stalowej ramy i wyko\u0144czona przemys\u0142ow\u0105 pow\u0142ok\u0105 proszkow\u0105, emanuje wytrzyma\u0142o\u015bci\u0105 wymagan\u0105 do intensywnych, codziennych sesji treningowych. Pomimo solidnej konstrukcji, maszyna ma zaskakuj\u0105co kompaktowe wymiary (W1478 X H1105\/1158 X D1658mm), co czyni j\u0105 idealnym centralnym elementem gara\u017cowej si\u0142owni lub butikowego studia treningu osobistego. Do\u015bwiadczenie u\u017cytkownika ma kluczowe znaczenie dla jego projektu; intuicyjny interfejs i mechanizmy szybkiej regulacji oznaczaj\u0105, \u017ce przej\u015bcia mi\u0119dzy \u0107wiczeniami s\u0105 p\u0142ynne i natychmiastowe. Niezale\u017cnie od tego, czy wykonujesz ci\u0119\u017ckie wyciskanie na klatk\u0119 piersiow\u0105, wariacje pochylenia, czy przygotowujesz si\u0119 do ruch\u00f3w dolnej cz\u0119\u015bci cia\u0142a, takich jak wyrzuty bioder, IsoMotion Press dostosowuje si\u0119 do przebiegu treningu. Umo\u017cliwia u\u017cytkownikom wykonywanie rutynowych \u0107wicze\u0144 si\u0142owych ca\u0142ego cia\u0142a z bezpiecze\u0144stwem i stabilno\u015bci\u0105 maszyny, ale swobod\u0105 i funkcjonalnymi korzy\u015bciami p\u0142yn\u0105cymi z wolnych ci\u0119\u017car\u00f3w.<\/p>\n<h3>Niezale\u017cna technologia Iso-Lateral<\/h3>\n<p>G\u0142\u00f3wn\u0105 innowacj\u0105 IsoMotion Press jest niezale\u017cny ruch ramion. W przeciwie\u0144stwie do standardowych maszyn, w kt\u00f3rych pojedynczy dr\u0105\u017cek \u0142\u0105czy oba uchwyty, ta izoboczna konstrukcja wymaga, aby ka\u017cda strona cia\u0142a pracowa\u0142a niezale\u017cnie. Ma to kluczowe znaczenie dla korygowania asymetrii si\u0142y, kt\u00f3ra jest powszechna u wi\u0119kszo\u015bci os\u00f3b podnosz\u0105cych ci\u0119\u017cary. Je\u015bli prawa strona jest silniejsza, nie mo\u017ce pom\u00f3c w podnoszeniu ci\u0119\u017caru lewej strony. Zapewnia to r\u00f3wne zaanga\u017cowanie mi\u0119\u015bni i zr\u00f3wnowa\u017cony rozw\u00f3j, co ma zasadnicze znaczenie dla zapobiegania kontuzjom i wynik\u00f3w sportowych. Co wi\u0119cej, pozwala na jednostronne wariacje treningowe, umo\u017cliwiaj\u0105c skupienie si\u0119 ca\u0142kowicie na jednej stronie na raz lub wykonywanie naprzemiennych wyciskania, aby zaanga\u017cowa\u0107 stabilizatory rdzenia znacznie bardziej ni\u017c ruchy dwustronne.<\/p>\n<h3>System szybkiej regulacji ramienia<\/h3>\n<p>Wydajno\u015b\u0107 jest kluczem do ka\u017cdego treningu, a wyciskarka IsoMotion zapewnia j\u0105 dzi\u0119ki systemowi Quick-Adjust Link-Arm. Mechanizm ten pozwala u\u017cytkownikom na natychmiastow\u0105 zmian\u0119 k\u0105ta i pozycji ramion wyciskaj\u0105cych bez \u017cmudnego procesu roz\u0142adowywania i ponownego \u0142adowania obci\u0105\u017cnik\u00f3w. Obs\u0142uguj\u0105c maksymalne obci\u0105\u017cenie 100 kg, system jest wystarczaj\u0105co wytrzyma\u0142y do podnoszenia ci\u0119\u017ckich przedmiot\u00f3w, a jednocze\u015bnie wystarczaj\u0105co p\u0142ynny do szybkiej regulacji. Ta funkcja jest szczeg\u00f3lnie korzystna w przypadku treningu obwodowego lub superserii, gdzie utrzymanie podwy\u017cszonego t\u0119tna i zminimalizowanie przestoj\u00f3w ma kluczowe znaczenie. P\u0142ynne przej\u015bcie od wyciskania p\u0142askiego do wyciskania pochy\u0142ego lub wios\u0142owania utrzymuje wysok\u0105 intensywno\u015b\u0107 treningu i koncentracj\u0119.<\/p>\n<h3>Wielofunkcyjna wszechstronno\u015b\u0107<\/h3>\n<p>IsoMotion Press jest przede wszystkim stacj\u0105 do wyciskania, ale oferuje wyj\u0105tkow\u0105 wszechstronno\u015b\u0107. Regulowany charakter ramion \u0142\u0105cz\u0105cych i ergonomiczna konstrukcja podk\u0142adki pozwalaj\u0105 na obs\u0142ug\u0119 szerokiej gamy \u0107wicze\u0144 wykraczaj\u0105cych poza prac\u0119 klatki piersiowej i ramion. Jest wyj\u0105tkowo zaprojektowany, aby pomie\u015bci\u0107 pchni\u0119cia bioder, z regulowanymi p\u0142ytami, kt\u00f3re pasuj\u0105 do r\u00f3\u017cnych wysoko\u015bci tu\u0142owia. Przekszta\u0142ca to urz\u0105dzenie w kompleksowy trena\u017cer ca\u0142ego cia\u0142a. U\u017cytkownicy mog\u0105 wykonywa\u0107 eksplozywne ruchy si\u0142owe, kontrolowan\u0105 prac\u0119 nad hipertrofi\u0105 g\u00f3rnej cz\u0119\u015bci cia\u0142a i niezb\u0119dne \u0107wiczenia tylnego \u0142a\u0144cucha dla dolnej cz\u0119\u015bci cia\u0142a, a wszystko to w ramach jednej, oszcz\u0119dzaj\u0105cej miejsce stacji.<\/p>\n<h3>Wytrzyma\u0142o\u015b\u0107 klasy komercyjnej<\/h3>\n<p>Zbudowana, aby wytrzyma\u0107 rygory profesjonalnego \u015brodowiska treningowego, prasa IsoMotion ma wytrzyma\u0142\u0105 stalow\u0105 konstrukcj\u0119. Rama jest wzmocniona, aby poradzi\u0107 sobie z du\u017cymi obci\u0105\u017ceniami bez zginania lub chybotania, zapewniaj\u0105c solidne, ugruntowane wyczucie, kt\u00f3rego wymagaj\u0105 powa\u017cni podno\u015bnicy. Zewn\u0119trzna cz\u0119\u015b\u0107 jest pokryta przemys\u0142ow\u0105 pow\u0142ok\u0105 proszkow\u0105, kt\u00f3ra nie tylko nadaje jej elegancki, profesjonalny czarny wygl\u0105d, ale tak\u017ce zapewnia doskona\u0142\u0105 odporno\u015b\u0107 na pot, zarysowania i korozj\u0119. Gwarantuje to, \u017ce maszyna zachowa swoj\u0105 integralno\u015b\u0107 strukturaln\u0105 i atrakcyjno\u015b\u0107 wizualn\u0105 nawet po latach intensywnego u\u017cytkowania. Wysokiej jako\u015bci \u0142o\u017cyska w punktach obrotu zapewniaj\u0105 p\u0142ynn\u0105 i cich\u0105 prac\u0119 przy ka\u017cdym powt\u00f3rzeniu.<\/p>\n<h3>Kompaktowe wymiary dla domowych si\u0142owni<\/h3>\n<p>Uznaj\u0105c ograniczenia przestrzenne wielu domowych si\u0142owni i osobistych studi\u00f3w, prasa IsoMotion zosta\u0142a zaprojektowana tak, aby zajmowa\u0142a ma\u0142o miejsca bez uszczerbku dla wydajno\u015bci. Mierz\u0105c zaledwie 1478 x 1105\/1158 x 1658 mm, wygodnie mie\u015bci si\u0119 w rogach lub mniejszych pomieszczeniach, w kt\u00f3rych tradycyjne maszyny komercyjne by\u0142yby niemo\u017cliwe do umieszczenia. Pomimo niewielkich rozmiar\u00f3w, otwarta konstrukcja ramy umo\u017cliwia \u0142atwy dost\u0119p i wygodne pozycjonowanie dla u\u017cytkownik\u00f3w o r\u00f3\u017cnym wzro\u015bcie. Zapewnia pe\u0142n\u0105 funkcjonalno\u015b\u0107 du\u017cej stacji do \u0107wicze\u0144 w skoncentrowanym, wydajnym pakiecie, pozwalaj\u0105c zmaksymalizowa\u0107 przestrze\u0144 na pod\u0142odze na inny sprz\u0119t lub ruch.<\/p>\n<h3>Dla kogo to jest?<\/h3>\n<ul style=\"list-style-position: inside; padding-left: 0;\">\n<li>W\u0142a\u015bciciele domowych si\u0142owni poszukuj\u0105cy sprz\u0119tu o jako\u015bci komercyjnej na niewielkiej powierzchni.<\/li>\n<li>Sportowcy si\u0142owi koncentruj\u0105cy si\u0119 na korygowaniu nier\u00f3wnowagi i symetrii mi\u0119\u015bni.<\/li>\n<li>Trenerzy personalni potrzebuj\u0105cy wszechstronnej, bezpiecznej stacji dla r\u00f3\u017cnych klient\u00f3w.<\/li>\n<li>Specjali\u015bci rehabilitacji wymagaj\u0105cy kontrolowanego ruchu jednostronnego.<\/li>\n<li>Entuzja\u015bci fitnessu, kt\u00f3rzy chc\u0105 maszyny do \u0107wicze\u0144 ca\u0142ego cia\u0142a bez zb\u0119dnych kilogram\u00f3w.<\/li>\n<\/ul>\n<h3>Specyfikacja produktu<\/h3>\n<table border=\"1\" width=\"100%\" cellspacing=\"0\" cellpadding=\"5\">\n<tbody>\n<tr>\n<td><strong>Materia\u0142<\/strong><\/td>\n<td>Stal<\/td>\n<\/tr>\n<tr>\n<td><strong>Zako\u0144czenie<\/strong><\/td>\n<td>Malowany proszkowo<\/td>\n<\/tr>\n<tr>\n<td><strong>Wymiary<\/strong><\/td>\n<td>W1478 X H1105\/1158 X D1658 mm<\/td>\n<\/tr>\n<tr>\n<td><strong>Waga<\/strong><\/td>\n<td>106 kg<\/td>\n<\/tr>\n<tr>\n<td><strong>Maksymalne obci\u0105\u017cenie<\/strong><\/td>\n<td>100 kg<\/td>\n<\/tr>\n<\/tbody>\n<\/table>","protected":false},"excerpt":{"rendered":"<p>IsoMotion Press firmy Alex Athletics to rewolucyjna maszyna do treningu si\u0142owego zaprojektowana w celu wype\u0142nienia luki mi\u0119dzy wydajno\u015bci\u0105 komercyjnej si\u0142owni a wygod\u0105 domowego fitnessu. Zaprojektowana z my\u015bl\u0105 o kompaktowych rozmiarach, maszyna ta specjalizuje si\u0119 w ruchach izo-bocznych, pozwalaj\u0105c ka\u017cdemu ramieniu pracowa\u0107 niezale\u017cnie. Zapewnia to symetryczny rozw\u00f3j mi\u0119\u015bni, koryguje nier\u00f3wnowag\u0119 si\u0142 i znacznie zmniejsza ryzyko kontuzji w por\u00f3wnaniu do maszyn ze sta\u0142ym dr\u0105\u017ckiem. Dzi\u0119ki solidnej stalowej ramie i przemys\u0142owemu wyko\u0144czeniu malowanemu proszkowo, IsoMotion Press oferuje wyj\u0105tkow\u0105 trwa\u0142o\u015b\u0107. Szybko regulowany system ramion z linkami obs\u0142uguje do 100 kg, umo\u017cliwiaj\u0105c p\u0142ynne przej\u015bcia mi\u0119dzy \u0107wiczeniami, takimi jak wyciskanie na klatk\u0119 piersiow\u0105 i wyciskanie bioder, bez k\u0142opot\u00f3w z prze\u0142adowywaniem talerzy. Idealna dla entuzjast\u00f3w fitnessu, sportowc\u00f3w i trener\u00f3w personalnych poszukuj\u0105cych profesjonalnego sprz\u0119tu do ograniczonej przestrzeni.<\/p>","protected":false},"featured_media":3806,"comment_status":"open","ping_status":"closed","template":"","meta":{"inline_featured_image":false,"site-sidebar-layout":"default","site-content-layout":"","ast-site-content-layout":"default","site-content-style":"default","site-sidebar-style":"default","ast-global-header-display":"","ast-banner-title-visibility":"","ast-main-header-display":"","ast-hfb-above-header-display":"","ast-hfb-below-header-display":"","ast-hfb-mobile-header-display":"","site-post-title":"","ast-breadcrumbs-content":"","ast-featured-img":"","footer-sml-layout":"","ast-disable-related-posts":"","theme-transparent-header-meta":"default","adv-header-id-meta":"","stick-header-meta":"default","header-above-stick-meta":"","header-main-stick-meta":"","header-below-stick-meta":"","astra-migrate-meta-layouts":"set","ast-page-background-enabled":"default","ast-page-background-meta":{"desktop":{"background-color":"","background-image":"","background-repeat":"repeat","background-position":"center center","background-size":"auto","background-attachment":"scroll","background-type":"","background-media":"","overlay-type":"","overlay-color":"","overlay-opacity":"","overlay-gradient":""},"tablet":{"background-color":"","background-image":"","background-repeat":"repeat","background-position":"center center","background-size":"auto","background-attachment":"scroll","background-type":"","background-media":"","overlay-type":"","overlay-color":"","overlay-opacity":"","overlay-gradient":""},"mobile":{"background-color":"","background-image":"","background-repeat":"repeat","background-position":"center center","background-size":"auto","background-attachment":"scroll","background-type":"","background-media":"","overlay-type":"","overlay-color":"","overlay-opacity":"","overlay-gradient":""}},"ast-content-background-meta":{"desktop":{"background-color":"var(--ast-global-color-5)","background-image":"","background-repeat":"repeat","background-position":"center center","background-size":"auto","background-attachment":"scroll","background-type":"","background-media":"","overlay-type":"","overlay-color":"","overlay-opacity":"","overlay-gradient":""},"tablet":{"background-color":"var(--ast-global-color-5)","background-image":"","background-repeat":"repeat","background-position":"center center","background-size":"auto","background-attachment":"scroll","background-type":"","background-media":"","overlay-type":"","overlay-color":"","overlay-opacity":"","overlay-gradient":""},"mobile":{"background-color":"var(--ast-global-color-5)","background-image":"","background-repeat":"repeat","background-position":"center center","background-size":"auto","background-attachment":"scroll","background-type":"","background-media":"","overlay-type":"","overlay-color":"","overlay-opacity":"","overlay-gradient":""}}},"product_brand":[],"product_cat":[54],"product_tag":[56],"class_list":{"0":"post-2845","1":"product","2":"type-product","3":"status-publish","4":"has-post-thumbnail","6":"product_cat-strength-equipment","7":"product_tag-functional-equipment","8":"desktop-align-left","9":"tablet-align-left","10":"mobile-align-left","12":"first","13":"instock","14":"shipping-taxable","15":"purchasable","16":"product-type-simple"},"_links":{"self":[{"href":"https:\/\/alexathletics1982.com\/pl\/wp-json\/wp\/v2\/product\/2845","targetHints":{"allow":["GET"]}}],"collection":[{"href":"https:\/\/alexathletics1982.com\/pl\/wp-json\/wp\/v2\/product"}],"about":[{"href":"https:\/\/alexathletics1982.com\/pl\/wp-json\/wp\/v2\/types\/product"}],"replies":[{"embeddable":true,"href":"https:\/\/alexathletics1982.com\/pl\/wp-json\/wp\/v2\/comments?post=2845"}],"wp:featuredmedia":[{"embeddable":true,"href":"https:\/\/alexathletics1982.com\/pl\/wp-json\/wp\/v2\/media\/3806"}],"wp:attachment":[{"href":"https:\/\/alexathletics1982.com\/pl\/wp-json\/wp\/v2\/media?parent=2845"}],"wp:term":[{"taxonomy":"product_brand","embeddable":true,"href":"https:\/\/alexathletics1982.com\/pl\/wp-json\/wp\/v2\/product_brand?post=2845"},{"taxonomy":"product_cat","embeddable":true,"href":"https:\/\/alexathletics1982.com\/pl\/wp-json\/wp\/v2\/product_cat?post=2845"},{"taxonomy":"product_tag","embeddable":true,"href":"https:\/\/alexathletics1982.com\/pl\/wp-json\/wp\/v2\/product_tag?post=2845"}],"curies":[{"name":"wp","href":"https:\/\/api.w.org\/{rel}","templated":true}]}}