{"id":2847,"date":"2026-01-23T09:46:23","date_gmt":"2026-01-23T01:46:23","guid":{"rendered":"https:\/\/alexathletics1982.com\/?post_type=product&#038;p=2847"},"modified":"2026-04-10T22:30:55","modified_gmt":"2026-04-10T14:30:55","slug":"sanki","status":"publish","type":"product","link":"https:\/\/alexathletics1982.com\/pl\/sled\/","title":{"rendered":"Sanki"},"content":{"rendered":"<h2>Eksplozywny trening kondycyjny z saniami zawodniczymi<\/h2>\n<p>Sled to najlepsze narz\u0119dzie do rozwijania surowej mocy, wytrzyma\u0142o\u015bci beztlenowej i si\u0142y funkcjonalnej. Znany w bran\u017cy jako \u2018Anchor Sled\u2019, ten element wyposa\u017cenia jest podstaw\u0105 dla sportowc\u00f3w, pocz\u0105wszy od graczy rugby. W przeciwie\u0144stwie do ta\u0144szych, skr\u0119canych alternatyw, kt\u00f3re z czasem grzechocz\u0105 i poluzowuj\u0105 si\u0119, Alex Sled ma jednocz\u0119\u015bciow\u0105 spawan\u0105 konstrukcj\u0119. Ten wyb\u00f3r produkcyjny zapewnia maksymaln\u0105 integralno\u015b\u0107 strukturaln\u0105, przenosz\u0105c 100% energii na pod\u0142o\u017ce bez wycieku energii lub chybotania. Niezale\u017cnie od tego, czy jest mocno obci\u0105\u017cony w celu rozwijania si\u0142y, czy te\u017c lekki do \u0107wicze\u0144 szybko\u015bciowych, sanki poruszaj\u0105 si\u0119 zgodnie z ruchem wskaz\u00f3wek zegara i wytrzymuj\u0105 przeci\u0105ganie po murawie, asfalcie lub gumowej pod\u0142odze. Jest to najlepsze narz\u0119dzie do \u2018og\u00f3lnej gotowo\u015bci fizycznej\u2019 (GPP), obci\u0105\u017caj\u0105ce jednocze\u015bnie p\u0142uca i nogi.<\/p>\n<p>Opr\u00f3cz przewagi konstrukcyjnej, Sled zosta\u0142 zaprojektowany z my\u015bl\u0105 o wszechstronno\u015bci u\u017cytkownika. Centralny s\u0142upek pozwala na znaczne obci\u0105\u017cenie standardowych lub olimpijskich talerzy sztangi, umo\u017cliwiaj\u0105c skalowanie oporu od poziomu pocz\u0105tkuj\u0105cego do elitarnego gracza rugby lub liniowego. Grube, wytrzyma\u0142e \u015bcianki rurowe s\u0105 zbudowane tak, aby poradzi\u0107 sobie z tak du\u017cym obci\u0105\u017ceniem bez deformacji. Powierzchnia jest pokryta wysokiej jako\u015bci czarn\u0105 pow\u0142ok\u0105 proszkow\u0105, zapewniaj\u0105c\u0105 doskona\u0142\u0105 ochron\u0119 przed rdz\u0105 i profesjonalne wyko\u0144czenie, kt\u00f3re jest odporne na zu\u017cycie w codziennym u\u017cytkowaniu komercyjnym. Ponadto funkcjonuje jako przeno\u015bny punkt kotwicz\u0105cy dla lin bojowych lub ta\u015bm oporowych, dodaj\u0105c kolejn\u0105 warstw\u0119 u\u017cyteczno\u015bci do przestrzeni treningowej. Od rehabilitacji kolan (ci\u0105gni\u0119cie do ty\u0142u) po mechanik\u0119 sprintu (pchanie do przodu), sanki s\u0105 naukowo popartym narz\u0119dziem do poprawy funkcjonalnej cia\u0142a.<\/p>\n<h3>Jednocz\u0119\u015bciowa spawana trwa\u0142o\u015b\u0107<\/h3>\n<p>Cech\u0105 charakterystyczn\u0105 Alex Sled jest jednocz\u0119\u015bciowa spawana rama. W \u015bwiecie sprz\u0119tu si\u0142owego po\u0142\u0105czenia s\u0105 potencjalnymi punktami awarii. Spawaj\u0105c podwozie w jedn\u0105, solidn\u0105 jednostk\u0119, eliminujemy potrzeb\u0119 stosowania \u015brub, kt\u00f3re mog\u0105 si\u0119 \u015bcina\u0107 lub poluzowa\u0107 pod wp\u0142ywem wibracji podczas przeci\u0105gania. Ta metoda konstrukcyjna zapewnia wytrzyma\u0142o\u015b\u0107 \u2018Competition Proof\u2019. Jest solidny w r\u0119kach i porusza si\u0119 jako pojedyncza sp\u00f3jna jednostka. Jest to szczeg\u00f3lnie wa\u017cne w przypadku si\u0142owni komercyjnych, gdzie sprz\u0119t musi przetrwa\u0107 cz\u0119ste u\u017cytkowanie bez ci\u0105g\u0142ej konserwacji. Solidna konstrukcja minimalizuje r\u00f3wnie\u017c ha\u0142as, zapobiegaj\u0105c brz\u0119czeniu zwi\u0105zanemu z wielocz\u0119\u015bciowymi sankami.<\/p>\n<h3>Wielofunkcyjne metody treningowe<\/h3>\n<p>Sanki to kameleon na si\u0142owni. Przeznaczone s\u0105 g\u0142\u00f3wnie do pchania i ci\u0105gni\u0119cia, dw\u00f3ch najbardziej funkcjonalnych wzorc\u00f3w ruchowych dla ludzi. Pchanie sanek jest ukierunkowane na mi\u0119\u015bnie czworog\u0142owe, \u0142ydki i przedni rdze\u0144, na\u015bladuj\u0105c faz\u0119 nap\u0119dow\u0105 sprintu. Przeci\u0105ganie sanek (przy u\u017cyciu uprz\u0119\u017cy lub pask\u00f3w przytrzymuj\u0105cych) przenosi nacisk na tylny \u0142a\u0144cuch - \u015bci\u0119gna podkolanowe, po\u015bladki i doln\u0105 cz\u0119\u015b\u0107 plec\u00f3w - i jest szeroko stosowane w leczeniu i rehabilitacji kolan. Dodatkowo, zintegrowane punkty kotwiczenia pozwalaj\u0105 s\u0142u\u017cy\u0107 jako mobilna baza dla lin bojowych, umo\u017cliwiaj\u0105c ustawienie stacji kondycyjnej w dowolnym miejscu, bez wiercenia w \u015bcianach lub pod\u0142ogach.<\/p>\n<h3>Konstrukcja o du\u017cej no\u015bno\u015bci<\/h3>\n<p>Progresywne przeci\u0105\u017cenie jest kluczem do wzrostu si\u0142y, a Sled jest zbudowany tak, aby sobie z tym poradzi\u0107. Centralny trzpie\u0144 obci\u0105\u017cnika zosta\u0142 zaprojektowany tak, aby pomie\u015bci\u0107 masywny stos talerzy sztangi. Rury konstrukcyjne maj\u0105 grube \u015bcianki, specjalnie dobrane do przenoszenia tego ci\u0119\u017caru bez zginania. Ta wysoka no\u015bno\u015b\u0107 sprawia, \u017ce sanki s\u0105 odpowiednie dla ka\u017cdego, od sportowc\u00f3w torowych potrzebuj\u0105cych lekkiego oporu do pracy nad szybko\u015bci\u0105, po tr\u00f3jboist\u00f3w si\u0142owych i si\u0142aczy potrzebuj\u0105cych setek kilogram\u00f3w oporu do \u0107wicze\u0144 si\u0142owych. Stabilno\u015b\u0107 szerokiej podstawy zapewnia, \u017ce nawet przy pe\u0142nym obci\u0105\u017ceniu sanki pozostaj\u0105 w pozycji pionowej i stabilnej, zapobiegaj\u0105c przewr\u00f3ceniu si\u0119 podczas skr\u0119t\u00f3w lub nier\u00f3wnych pchni\u0119\u0107.<\/p>\n<h3>Wysokiej jako\u015bci pow\u0142oka proszkowa<\/h3>\n<p>Estetyka i trwa\u0142o\u015b\u0107 id\u0105 w parze w przypadku sanek Alex. Stal jest wyko\u0144czona solidn\u0105 pow\u0142ok\u0105 proszkow\u0105, wypalan\u0105 w celu zapewnienia przyczepno\u015bci. To nie tylko farba; to pow\u0142oka ochronna, kt\u00f3ra chroni przed utlenianiem, potem i wilgoci\u0105. Ma to kluczowe znaczenie w przypadku sprz\u0119tu, kt\u00f3ry sp\u0119dza swoje \u017cycie na pod\u0142odze, potencjalnie nara\u017cony na dzia\u0142anie powierzchni \u015bciernych. Czarne wyko\u0144czenie nadaje mu elegancki, wysokiej klasy wygl\u0105d, kt\u00f3ry idealnie pasuje zar\u00f3wno do nowoczesnych butikowych studi\u00f3w, jak i do gara\u017cowych si\u0142owni. Zachowuje sw\u00f3j profesjonalny wygl\u0105d nawet po wielu kilometrach przeci\u0105gania.<\/p>\n<h3>Kondycja podstawowa i metaboliczna<\/h3>\n<p>Cho\u0107 cz\u0119sto klasyfikowane jako \u2018sprz\u0119t do n\u00f3g\u2019, sanki s\u0105 pot\u0119g\u0105 dla treningu rdzenia i metabolizmu. Pchanie ci\u0119\u017ckich sanek wymaga ogromnej sztywno\u015bci rdzenia, aby przenie\u015b\u0107 si\u0142\u0119 z g\u00f3rnej cz\u0119\u015bci cia\u0142a na nogi; mi\u0119kki rdze\u0144 oznacza brak ruchu. Uczy to sportowca, jak skutecznie usztywnia\u0107 si\u0119 pod obci\u0105\u017ceniem dynamicznym. Co wi\u0119cej, trening na sankach jest tylko koncentryczny (bez ekscentrycznej fazy opuszczania), co oznacza, \u017ce wywo\u0142uje mniejsz\u0105 bolesno\u015b\u0107 mi\u0119\u015bni (DOMS) ni\u017c ci\u0119\u017ckie przysiady. Pozwala to na prac\u0119 kondycyjn\u0105 o du\u017cej obj\u0119to\u015bci, kt\u00f3ra spala ogromne ilo\u015bci kalorii i poprawia VO2 max bez rujnowania regeneracji przed sesj\u0105 podnoszenia ci\u0119\u017car\u00f3w nast\u0119pnego dnia.<\/p>\n<h3>Dla kogo to jest?<\/h3>\n<ul style=\"list-style-position: inside; padding-left: 0;\">\n<li>Si\u0142ownie komercyjne i bezobs\u0142ugowy sprz\u0119t kondycjonuj\u0105cy.<\/li>\n<li>Sportowcy uprawiaj\u0105cy sporty terenowe (rugby, pi\u0142ka no\u017cna, pi\u0142ka no\u017cna) trenuj\u0105cy przyspieszenie i si\u0142\u0119 uderzenia.<\/li>\n<li>Trenerzy si\u0142owi poszukuj\u0105cy narz\u0119dzi kondycyjnych o niskiej intensywno\u015bci i wysokiej intensywno\u015bci dla klient\u00f3w.<\/li>\n<li>Specjali\u015bci ds. rehabilitacji wykorzystuj\u0105cy sanki do ty\u0142u do wzmacniania kolan.<\/li>\n<li>W\u0142a\u015bciciele domowych si\u0142owni z podjazdem lub pasem murawy szukaj\u0105 wszechstronnych opcji treningu na \u015bwie\u017cym powietrzu.<\/li>\n<\/ul>\n<h3>Specyfikacja produktu<\/h3>\n<table border=\"1\" width=\"100%\" cellspacing=\"0\" cellpadding=\"5\">\n<tbody>\n<tr>\n<td><strong>Materia\u0142<\/strong><\/td>\n<td>Rura stalowa<\/td>\n<\/tr>\n<tr>\n<td><strong>Zako\u0144czenie<\/strong><\/td>\n<td>Malowany proszkowo<\/td>\n<\/tr>\n<tr>\n<td><strong>Wymiary<\/strong><\/td>\n<td>D\u0142. 605 x szer. 1016 x wys. 971 mm<\/td>\n<\/tr>\n<tr>\n<td><strong>Waga produktu<\/strong><\/td>\n<td>36 kg<\/td>\n<\/tr>\n<tr>\n<td><strong>Kolor<\/strong><\/td>\n<td>Czarny<\/td>\n<\/tr>\n<\/tbody>\n<\/table>","protected":false},"excerpt":{"rendered":"<p>Sled firmy Alex Athletics to odporne na konkurencj\u0119 narz\u0119dzie treningowe zaprojektowane z my\u015bl\u0105 o wybuchowej pr\u0119dko\u015bci, ogromnej mocy i niezr\u00f3wnanej kondycji. Zbudowane z jednocz\u0119\u015bciowej spawanej konstrukcji stalowej, te sanki kotwiczne oferuj\u0105 solidno\u015b\u0107 i trwa\u0142o\u015b\u0107, kt\u00f3rej nie mog\u0105 dor\u00f3wna\u0107 modele skr\u0119cane. Jego powierzchnia jest wyko\u0144czona wysokiej jako\u015bci pow\u0142ok\u0105 proszkow\u0105, kt\u00f3ra zapewnia odporno\u015b\u0107 na rdz\u0119 i eleganck\u0105, wysokiej klasy estetyk\u0119. Sanki wyposa\u017cone s\u0105 w centralny s\u0142upek do ci\u0119\u017ckich obci\u0105\u017ce\u0144 ze sztang\u0105 i s\u0142u\u017c\u0105 jako solidny punkt kotwiczenia dla lin bojowych. Niezale\u017cnie od tego, czy pchasz w celu nap\u0119dzania n\u00f3g, czy ci\u0105gniesz w celu rozwoju tylnego \u0142a\u0144cucha, grube, solidne \u015bcianki rur zapewniaj\u0105 wysok\u0105 no\u015bno\u015b\u0107. Idealne do komercyjnych si\u0142owni i stref treningu funkcjonalnego, sanki s\u0105 najlepszym narz\u0119dziem do \u0107wicze\u0144 rdzenia i kondycjonowania metabolicznego.<\/p>","protected":false},"featured_media":3607,"comment_status":"open","ping_status":"closed","template":"","meta":{"inline_featured_image":false,"site-sidebar-layout":"default","site-content-layout":"","ast-site-content-layout":"default","site-content-style":"default","site-sidebar-style":"default","ast-global-header-display":"","ast-banner-title-visibility":"","ast-main-header-display":"","ast-hfb-above-header-display":"","ast-hfb-below-header-display":"","ast-hfb-mobile-header-display":"","site-post-title":"","ast-breadcrumbs-content":"","ast-featured-img":"","footer-sml-layout":"","ast-disable-related-posts":"","theme-transparent-header-meta":"default","adv-header-id-meta":"","stick-header-meta":"default","header-above-stick-meta":"","header-main-stick-meta":"","header-below-stick-meta":"","astra-migrate-meta-layouts":"set","ast-page-background-enabled":"default","ast-page-background-meta":{"desktop":{"background-color":"","background-image":"","background-repeat":"repeat","background-position":"center center","background-size":"auto","background-attachment":"scroll","background-type":"","background-media":"","overlay-type":"","overlay-color":"","overlay-opacity":"","overlay-gradient":""},"tablet":{"background-color":"","background-image":"","background-repeat":"repeat","background-position":"center center","background-size":"auto","background-attachment":"scroll","background-type":"","background-media":"","overlay-type":"","overlay-color":"","overlay-opacity":"","overlay-gradient":""},"mobile":{"background-color":"","background-image":"","background-repeat":"repeat","background-position":"center center","background-size":"auto","background-attachment":"scroll","background-type":"","background-media":"","overlay-type":"","overlay-color":"","overlay-opacity":"","overlay-gradient":""}},"ast-content-background-meta":{"desktop":{"background-color":"var(--ast-global-color-5)","background-image":"","background-repeat":"repeat","background-position":"center center","background-size":"auto","background-attachment":"scroll","background-type":"","background-media":"","overlay-type":"","overlay-color":"","overlay-opacity":"","overlay-gradient":""},"tablet":{"background-color":"var(--ast-global-color-5)","background-image":"","background-repeat":"repeat","background-position":"center center","background-size":"auto","background-attachment":"scroll","background-type":"","background-media":"","overlay-type":"","overlay-color":"","overlay-opacity":"","overlay-gradient":""},"mobile":{"background-color":"var(--ast-global-color-5)","background-image":"","background-repeat":"repeat","background-position":"center center","background-size":"auto","background-attachment":"scroll","background-type":"","background-media":"","overlay-type":"","overlay-color":"","overlay-opacity":"","overlay-gradient":""}}},"product_brand":[],"product_cat":[54],"product_tag":[56],"class_list":{"0":"post-2847","1":"product","2":"type-product","3":"status-publish","4":"has-post-thumbnail","6":"product_cat-strength-equipment","7":"product_tag-functional-equipment","8":"desktop-align-left","9":"tablet-align-left","10":"mobile-align-left","12":"first","13":"instock","14":"shipping-taxable","15":"purchasable","16":"product-type-simple"},"_links":{"self":[{"href":"https:\/\/alexathletics1982.com\/pl\/wp-json\/wp\/v2\/product\/2847","targetHints":{"allow":["GET"]}}],"collection":[{"href":"https:\/\/alexathletics1982.com\/pl\/wp-json\/wp\/v2\/product"}],"about":[{"href":"https:\/\/alexathletics1982.com\/pl\/wp-json\/wp\/v2\/types\/product"}],"replies":[{"embeddable":true,"href":"https:\/\/alexathletics1982.com\/pl\/wp-json\/wp\/v2\/comments?post=2847"}],"wp:featuredmedia":[{"embeddable":true,"href":"https:\/\/alexathletics1982.com\/pl\/wp-json\/wp\/v2\/media\/3607"}],"wp:attachment":[{"href":"https:\/\/alexathletics1982.com\/pl\/wp-json\/wp\/v2\/media?parent=2847"}],"wp:term":[{"taxonomy":"product_brand","embeddable":true,"href":"https:\/\/alexathletics1982.com\/pl\/wp-json\/wp\/v2\/product_brand?post=2847"},{"taxonomy":"product_cat","embeddable":true,"href":"https:\/\/alexathletics1982.com\/pl\/wp-json\/wp\/v2\/product_cat?post=2847"},{"taxonomy":"product_tag","embeddable":true,"href":"https:\/\/alexathletics1982.com\/pl\/wp-json\/wp\/v2\/product_tag?post=2847"}],"curies":[{"name":"wp","href":"https:\/\/api.w.org\/{rel}","templated":true}]}}