{"id":2886,"date":"2026-01-23T20:19:59","date_gmt":"2026-01-23T12:19:59","guid":{"rendered":"https:\/\/alexathletics1982.com\/?post_type=product&#038;p=2886"},"modified":"2026-04-10T22:26:03","modified_gmt":"2026-04-10T14:26:03","slug":"junior-bar","status":"publish","type":"product","link":"https:\/\/alexathletics1982.com\/pl\/junior-bar\/","title":{"rendered":"Junior Bar"},"content":{"rendered":"<h2>Przysz\u0142o\u015b\u0107 si\u0142y: dr\u0105\u017cek 10 kg Junior Technique Bar<\/h2>\n<p>Prawid\u0142owa technika jest podstaw\u0105 bezpiecznego i skutecznego podnoszenia ci\u0119\u017car\u00f3w przez ca\u0142e \u017cycie, a dr\u0105\u017cek Junior Bar firmy Alex Athletics jest idealnym narz\u0119dziem do stworzenia tego fundamentu. Zaprojektowany specjalnie dla m\u0142odych sportowc\u00f3w, pocz\u0105tkuj\u0105cych i tych, kt\u00f3rzy pracuj\u0105 nad rehabilitacj\u0105, ten dr\u0105\u017cek wype\u0142nia luk\u0119 mi\u0119dzy rur\u0105 PCV a pe\u0142nowymiarowym dr\u0105\u017ckiem olimpijskim. Wa\u017c\u0105c zaledwie 10 kg (22 funty), pozwala trenerom i rodzicom uczy\u0107 mechaniki Snatch, Clean i Squat z rozs\u0105dnym obci\u0105\u017ceniem. Standardowe dr\u0105\u017cki o wadze 20 kg s\u0105 cz\u0119sto zbyt ci\u0119\u017ckie i niepor\u0119czne dla dzieci lub mniejszych pocz\u0105tkuj\u0105cych, co prowadzi do za\u0142amania formy, zanim jeszcze naucz\u0105 si\u0119 ruchu. Junior Bar rozwi\u0105zuje ten problem poprzez skalowanie sprz\u0119tu do sportowca, a nie na odwr\u00f3t.<\/p>\n<p>Pomimo mniejszej wagi i kr\u00f3tszej d\u0142ugo\u015bci (zwykle 1700 mm), Alex Junior Bar jest zbudowany z tak\u0105 sam\u0105 dba\u0142o\u015bci\u0105 o jako\u015b\u0107, jak dr\u0105\u017cki dla doros\u0142ych. Posiada wytrzyma\u0142y stalowy trzon o \u015brednicy 25 mm lub 28 mm (zoptymalizowany dla mniejszych d\u0142oni) i rade\u0142kowanie, kt\u00f3re zapewnia dotykowe sprz\u0119\u017cenie zwrotne bez szorstko\u015bci na wra\u017cliwej sk\u00f3rze. Tuleje maj\u0105 standardow\u0105 \u015brednic\u0119 olimpijsk\u0105 (50 mm), co pozwala na u\u017cycie pe\u0142nowymiarowych talerzy zderzakowych. Ma to kluczowe znaczenie, poniewa\u017c pozwala sportowcowi ci\u0105gn\u0105\u0107 z odpowiedniej wysoko\u015bci od pod\u0142ogi, symuluj\u0105c prawdziwe do\u015bwiadczenie podnoszenia. System rotacji wykorzystuje tuleje, aby zapewni\u0107 p\u0142ynny obr\u00f3t, ucz\u0105c sportowca, jak szybko i bezpiecznie obraca\u0107 \u0142okcie. Jest to profesjonalne narz\u0119dzie instrukta\u017cowe, kt\u00f3re szanuje rozwijaj\u0105cego si\u0119 sportowca.<\/p>\n<h3>1. Skalowana waga i wymiary<\/h3>\n<p>Przy wadze 10 kg sztanga ta jest dok\u0142adnie o po\u0142ow\u0119 l\u017cejsza od sztangi m\u0119skiej. Zmniejszona waga pocz\u0105tkowa ma kluczowe znaczenie dla pocz\u0105tkuj\u0105cych, kt\u00f3rzy maj\u0105 mobilno\u015b\u0107, ale brakuje im si\u0142y do kontrolowania standardowego dr\u0105\u017cka. Kr\u00f3tsza ca\u0142kowita d\u0142ugo\u015b\u0107 sprawia, \u017ce dr\u0105\u017cek jest \u0142atwiejszy do wywa\u017cenia i kontrolowania, zmniejszaj\u0105c czynnik onie\u015bmielenia i pozwalaj\u0105c sportowcowi skupi\u0107 si\u0119 wy\u0142\u0105cznie na swoich wzorcach ruchowych i u\u0142o\u017ceniu cia\u0142a.<\/p>\n<h3>2. Specyfikacja profesjonalnych r\u0119kaw\u00f3w olimpijskich<\/h3>\n<p>W przeciwie\u0144stwie do tanich \u201cstandardowych\u201d dr\u0105\u017ck\u00f3w, Junior Bar posiada 50 mm obrotowe tuleje. Oznacza to, \u017ce jest kompatybilny ze wszystkimi standardowymi talerzami olimpijskimi. Ta kompatybilno\u015b\u0107 jest niezb\u0119dna, poniewa\u017c pozwala na umieszczenie dr\u0105\u017cka na odpowiedniej wysoko\u015bci od pod\u0142ogi (przy u\u017cyciu pe\u0142nowymiarowych talerzy o wadze 2,5 kg lub 5 kg), zapewniaj\u0105c prawid\u0142ow\u0105 biomechanicznie pozycj\u0119 wyj\u015bciow\u0105 do martwego ci\u0105gu i wyciskania.<\/p>\n<h3>3. Knurling przyjazny dla pocz\u0105tkuj\u0105cych<\/h3>\n<p>Tekstura uchwytu jest bardzo wa\u017cna. Dr\u0105\u017cek dla junior\u00f3w ma \u0142agodne lub \u015brednie karbowanie. Jest wystarczaj\u0105co przyczepny, aby nauczy\u0107 sportowca, gdzie umie\u015bci\u0107 r\u0119ce i jak utrzyma\u0107 napi\u0119cie, ale jest wystarczaj\u0105co pasywny, aby zapobiec rozdarciu sk\u00f3ry m\u0142odszych lub mniej do\u015bwiadczonych podno\u015bnik\u00f3w. Zach\u0119ca do bezpiecznego chwytu bez b\u00f3lu zwi\u0105zanego z dr\u0105\u017ckami si\u0142owymi.<\/p>\n<h3>4. P\u0142ynny obr\u00f3t tulei<\/h3>\n<p>Nauka wyczucia czasu podczas serii Clean i Snatch wymaga dr\u0105\u017cka, kt\u00f3ry si\u0119 obraca. Je\u015bli tuleje s\u0105 zablokowane, dr\u0105\u017cek b\u0119dzie przenosi\u0142 moment obrotowy na nadgarstki podnosz\u0105cego. Dr\u0105\u017cek Alex Junior wykorzystuje wysokiej jako\u015bci tuleje, aby zapewni\u0107 p\u0142ynny, sta\u0142y obr\u00f3t. Chroni to stawy rozwijaj\u0105cych si\u0119 sportowc\u00f3w i wzmacnia prawid\u0142ow\u0105 mechanik\u0119 fazy \u201cobrotu\u201d wyci\u0105gu.<\/p>\n<h3>5. Trwa\u0142a konstrukcja<\/h3>\n<p>Cho\u0107 jest lekki, nie jest to zabawka. Jest zbudowany z wysokiej jako\u015bci stali, zdolnej do przenoszenia znacznych obci\u0105\u017ce\u0144 w miar\u0119 post\u0119p\u00f3w sportowca. Nie ugina si\u0119 pod ci\u0119\u017carem p\u0142yt technicznych i jest zaprojektowany tak, aby wytrzyma\u0107 upadki zwi\u0105zane z nauk\u0105 podnoszenia olimpijskiego (gdy jest u\u017cywany z odpowiednimi zderzakami). Jest to inwestycja w przysz\u0142o\u015b\u0107 sportowca.<\/p>\n<h3>Dla kogo to jest?<\/h3>\n<ul style=\"list-style-position: inside; padding-left: 0;\">\n<li>Pocz\u0105tkuj\u0105cy w ka\u017cdym wieku z ograniczon\u0105 si\u0142\u0105 g\u00f3rnej cz\u0119\u015bci cia\u0142a.<\/li>\n<li>Trenerzy prowadz\u0105cy zaj\u0119cia techniczne.<\/li>\n<li>Osoby bior\u0105ce udzia\u0142 w rehabilitacji po urazie.<\/li>\n<li>Domowe si\u0142ownie szukaj\u0105 l\u017cejszej opcji do pracy z akcesoriami.<\/li>\n<\/ul>\n<h3>Specyfikacja produktu<\/h3>\n<table border=\"1\" width=\"100%\" cellspacing=\"0\" cellpadding=\"5\">\n<tbody>\n<tr>\n<td><strong>Typ<\/strong><\/td>\n<td>Junior \/ Technique Bar<\/td>\n<\/tr>\n<tr>\n<td><strong>Waga<\/strong><\/td>\n<td>10 kg<\/td>\n<\/tr>\n<tr>\n<td><strong>D\u0142ugo\u015b\u0107<\/strong><\/td>\n<td>~1700 mm (skr\u00f3cony)<\/td>\n<\/tr>\n<tr>\n<td><strong>\u015arednica tulei<\/strong><\/td>\n<td>50 mm (olimpijski)<\/td>\n<\/tr>\n<tr>\n<td><strong>Knurling<\/strong><\/td>\n<td>\u0141agodny\/\u015bredni<\/td>\n<\/tr>\n<tr>\n<td><strong>Rotacja<\/strong><\/td>\n<td>Tuleje<\/td>\n<\/tr>\n<\/tbody>\n<\/table>","protected":false},"excerpt":{"rendered":"<p>Dr\u0105\u017cek treningowy Junior Bar firmy Alex Athletics to idealne narz\u0119dzie instrukta\u017cowe dla m\u0142odych sportowc\u00f3w i pocz\u0105tkuj\u0105cych. Wa\u017c\u0105c zaledwie 10 kg, pozwala na bezpieczne nauczanie mechaniki podnoszenia ci\u0119\u017car\u00f3w bez du\u017cego obci\u0105\u017cenia standardowego dr\u0105\u017cka. Pomimo zmniejszonego rozmiaru, posiada profesjonalne obrotowe tuleje 50 mm kompatybilne ze standardowymi talerzami olimpijskimi, zapewniaj\u0105c odpowiedni\u0105 wysoko\u015b\u0107 pocz\u0105tkow\u0105 i wyczucie. \u0141agodne rade\u0142kowanie chroni wra\u017cliwe d\u0142onie, a p\u0142ynny obr\u00f3t tulei chroni rozwijaj\u0105ce si\u0119 nadgarstki. Jest to wytrzyma\u0142y, wysokiej jako\u015bci stalowy dr\u0105\u017cek zaprojektowany z my\u015bl\u0105 o budowaniu nast\u0119pnej generacji sportowc\u00f3w si\u0142owych z odpowiedni\u0105 form\u0105 i pewno\u015bci\u0105 siebie.<\/p>","protected":false},"featured_media":3625,"comment_status":"open","ping_status":"closed","template":"","meta":{"inline_featured_image":false,"site-sidebar-layout":"default","site-content-layout":"","ast-site-content-layout":"default","site-content-style":"default","site-sidebar-style":"default","ast-global-header-display":"","ast-banner-title-visibility":"","ast-main-header-display":"","ast-hfb-above-header-display":"","ast-hfb-below-header-display":"","ast-hfb-mobile-header-display":"","site-post-title":"","ast-breadcrumbs-content":"","ast-featured-img":"","footer-sml-layout":"","ast-disable-related-posts":"","theme-transparent-header-meta":"default","adv-header-id-meta":"","stick-header-meta":"default","header-above-stick-meta":"","header-main-stick-meta":"","header-below-stick-meta":"","astra-migrate-meta-layouts":"set","ast-page-background-enabled":"default","ast-page-background-meta":{"desktop":{"background-color":"","background-image":"","background-repeat":"repeat","background-position":"center center","background-size":"auto","background-attachment":"scroll","background-type":"","background-media":"","overlay-type":"","overlay-color":"","overlay-opacity":"","overlay-gradient":""},"tablet":{"background-color":"","background-image":"","background-repeat":"repeat","background-position":"center center","background-size":"auto","background-attachment":"scroll","background-type":"","background-media":"","overlay-type":"","overlay-color":"","overlay-opacity":"","overlay-gradient":""},"mobile":{"background-color":"","background-image":"","background-repeat":"repeat","background-position":"center center","background-size":"auto","background-attachment":"scroll","background-type":"","background-media":"","overlay-type":"","overlay-color":"","overlay-opacity":"","overlay-gradient":""}},"ast-content-background-meta":{"desktop":{"background-color":"var(--ast-global-color-5)","background-image":"","background-repeat":"repeat","background-position":"center center","background-size":"auto","background-attachment":"scroll","background-type":"","background-media":"","overlay-type":"","overlay-color":"","overlay-opacity":"","overlay-gradient":""},"tablet":{"background-color":"var(--ast-global-color-5)","background-image":"","background-repeat":"repeat","background-position":"center center","background-size":"auto","background-attachment":"scroll","background-type":"","background-media":"","overlay-type":"","overlay-color":"","overlay-opacity":"","overlay-gradient":""},"mobile":{"background-color":"var(--ast-global-color-5)","background-image":"","background-repeat":"repeat","background-position":"center center","background-size":"auto","background-attachment":"scroll","background-type":"","background-media":"","overlay-type":"","overlay-color":"","overlay-opacity":"","overlay-gradient":""}}},"product_brand":[],"product_cat":[55],"product_tag":[58],"class_list":{"0":"post-2886","1":"product","2":"type-product","3":"status-publish","4":"has-post-thumbnail","6":"product_cat-free-weight-training","7":"product_tag-carry-bars","8":"desktop-align-left","9":"tablet-align-left","10":"mobile-align-left","12":"first","13":"instock","14":"shipping-taxable","15":"purchasable","16":"product-type-simple"},"_links":{"self":[{"href":"https:\/\/alexathletics1982.com\/pl\/wp-json\/wp\/v2\/product\/2886","targetHints":{"allow":["GET"]}}],"collection":[{"href":"https:\/\/alexathletics1982.com\/pl\/wp-json\/wp\/v2\/product"}],"about":[{"href":"https:\/\/alexathletics1982.com\/pl\/wp-json\/wp\/v2\/types\/product"}],"replies":[{"embeddable":true,"href":"https:\/\/alexathletics1982.com\/pl\/wp-json\/wp\/v2\/comments?post=2886"}],"wp:featuredmedia":[{"embeddable":true,"href":"https:\/\/alexathletics1982.com\/pl\/wp-json\/wp\/v2\/media\/3625"}],"wp:attachment":[{"href":"https:\/\/alexathletics1982.com\/pl\/wp-json\/wp\/v2\/media?parent=2886"}],"wp:term":[{"taxonomy":"product_brand","embeddable":true,"href":"https:\/\/alexathletics1982.com\/pl\/wp-json\/wp\/v2\/product_brand?post=2886"},{"taxonomy":"product_cat","embeddable":true,"href":"https:\/\/alexathletics1982.com\/pl\/wp-json\/wp\/v2\/product_cat?post=2886"},{"taxonomy":"product_tag","embeddable":true,"href":"https:\/\/alexathletics1982.com\/pl\/wp-json\/wp\/v2\/product_tag?post=2886"}],"curies":[{"name":"wp","href":"https:\/\/api.w.org\/{rel}","templated":true}]}}