{"id":2889,"date":"2026-01-23T20:19:59","date_gmt":"2026-01-23T12:19:59","guid":{"rendered":"https:\/\/alexathletics1982.com\/?post_type=product&#038;p=2889"},"modified":"2026-04-08T22:31:25","modified_gmt":"2026-04-08T14:31:25","slug":"bezpieczny-drazek-do-przysiadow","status":"publish","type":"product","link":"https:\/\/alexathletics1982.com\/pl\/safety-squat-bar\/","title":{"rendered":"Bezpieczny dr\u0105\u017cek do przysiad\u00f3w"},"content":{"rendered":"<h2>Uratuj ramiona, zmia\u017cd\u017c nogi: Safety Squat Bar (SSB)<\/h2>\n<p>Dla sportowc\u00f3w walcz\u0105cych z unieruchomieniem ramion lub urazami g\u00f3rnej cz\u0119\u015bci cia\u0142a, przysiad z oparciem mo\u017ce cz\u0119sto wydawa\u0107 si\u0119 niemo\u017cliwy. Safety Squat Bar (SSB) od Alex Athletics to najlepsze rozwi\u0105zanie, zaprojektowane tak, aby umo\u017cliwi\u0107 wykonywanie ci\u0119\u017ckich przysiad\u00f3w bez obci\u0105\u017cania ramion, \u0142okci lub nadgarstk\u00f3w. W przeciwie\u0144stwie do prostego dr\u0105\u017cka, kt\u00f3ry wymaga zewn\u0119trznej rotacji ramion do trzymania, SSB ma specjaln\u0105 konstrukcj\u0119 \u201cjarzma\u201d z wy\u015bcie\u0142anymi uchwytami, kt\u00f3re wystaj\u0105 do przodu. Wystarczy wej\u015b\u0107 pod podk\u0142adk\u0119, chwyci\u0107 uchwyty przed klatk\u0105 piersiow\u0105 i wsta\u0107. Ta neutralna pozycja ramion ca\u0142kowicie usuwa g\u00f3rn\u0105 cz\u0119\u015b\u0107 cia\u0142a z r\u00f3wnania, dzi\u0119ki czemu jest ratunkiem dla tr\u00f3jboist\u00f3w si\u0142owych z napi\u0119tymi mi\u0119\u015bniami klatki piersiowej, sportowc\u00f3w wracaj\u0105cych do zdrowia po operacji barku lub ka\u017cdego, kto uwa\u017ca przysiad z prostym dr\u0105\u017ckiem za bolesny. Pozwala to na utrzymanie wysokiej intensywno\u015bci treningu n\u00f3g, nawet gdy g\u00f3rna cz\u0119\u015b\u0107 cia\u0142a jest zagro\u017cona.<\/p>\n<p>Ale komfort to tylko po\u0142owa sukcesu; SSB to tak\u017ce pot\u0119\u017cny wzmacniacz si\u0142y. Geometria dr\u0105\u017cka charakteryzuje si\u0119 \u201cwygi\u0119ciem\u201d (zakrzywieniem na ko\u0144cach), kt\u00f3re obni\u017ca \u015brodek ci\u0119\u017cko\u015bci obci\u0105\u017cnik\u00f3w. Ten unikalny rozk\u0142ad ci\u0119\u017caru powoduje, \u017ce tu\u0142\u00f3w jest lekko pochylony do przodu, zmuszaj\u0105c g\u00f3rn\u0105 cz\u0119\u015b\u0107 plec\u00f3w (prostowniki klatki piersiowej) i rdze\u0144 do ci\u0119\u017cszej walki o utrzymanie pozycji pionowej w por\u00f3wnaniu do standardowego przysiadu. Mechanika ta na\u015bladuje wymagania przysiadu przedniego, ale z tylnym obci\u0105\u017ceniem przysiadu tylnego, tworz\u0105c hybrydowy bodziec, kt\u00f3ry niszczy mi\u0119\u015bnie czworog\u0142owe, po\u015bladki i g\u00f3rn\u0105 cz\u0119\u015b\u0107 plec\u00f3w. Jest powszechnie uwa\u017cany za jeden z najlepszych ruch\u00f3w pomocniczych do budowania martwego ci\u0105gu ze wzgl\u0119du na rekrutacj\u0119 tylnego \u0142a\u0144cucha. Wykonany z wytrzyma\u0142ej stali z grub\u0105, trwa\u0142\u0105 wy\u015bci\u00f3\u0142k\u0105, kt\u00f3ra nie uciska bole\u015bnie szyi, Alex SSB jest solidnym narz\u0119dziem do powa\u017cnego rozwoju si\u0142y.<\/p>\n<h3>1. Konstrukcja jarzma oszcz\u0119dzaj\u0105ca ramiona<\/h3>\n<p>Cech\u0105 charakterystyczn\u0105 SSB jest jego zdolno\u015b\u0107 do omijania ogranicze\u0144 g\u00f3rnej cz\u0119\u015bci cia\u0142a. Zintegrowane, wy\u015bcie\u0142ane jarzmo wygodnie przylega do szyi i klatki piersiowej, a uchwyty pozwalaj\u0105 ustabilizowa\u0107 dr\u0105\u017cek bez si\u0119gania do ty\u0142u. Ma to kluczowe znaczenie dla sportowc\u00f3w z problemami z mankietem rotator\u00f3w, zapaleniem \u015bci\u0119gna bicepsa lub s\u0142ab\u0105 ruchomo\u015bci\u0105 klatki piersiowej. Pozwala to na bezpieczne kontynuowanie przysiad\u00f3w z du\u017cymi ci\u0119\u017carami, zapewniaj\u0105c, \u017ce rozw\u00f3j n\u00f3g nie jest hamowany przez zdrowie ramion.<\/p>\n<h3>2. Efekt \u201cCamber\u201d<\/h3>\n<p>Fizyka odgrywa ogromn\u0105 rol\u0119 w skuteczno\u015bci SSB. Ko\u0144ce dr\u0105\u017cka s\u0105 wygi\u0119te (wygi\u0119te), ustawiaj\u0105c ci\u0119\u017cary nieco ni\u017cej i do przodu w stosunku do \u015brodka dr\u0105\u017cka. Zmienia to d\u017awigni\u0119, poci\u0105gaj\u0105c ci\u0119 do przodu do zgi\u0119cia. Aby temu przeciwdzia\u0142a\u0107, ca\u0142e plecy i rdze\u0144 musz\u0105 pracowa\u0107 w nadgodzinach, aby utrzyma\u0107 pionowy tu\u0142\u00f3w. Buduje to ogromn\u0105 si\u0142\u0119 statyczn\u0105 w prostownikach kr\u0119gos\u0142upa, co przek\u0142ada si\u0119 bezpo\u015brednio na silniejszy martwy ci\u0105g i przysiad.<\/p>\n<h3>3. Dominacja czworog\u0142owych i g\u00f3rnej cz\u0119\u015bci plec\u00f3w<\/h3>\n<p>Ze wzgl\u0119du na przesuni\u0119cie ci\u0119\u017caru do przodu, wzorzec ruchu SSB cz\u0119sto przypomina przysiad przedni. Zmusza kolana do \u015bledzenia ruchu do przodu, powoduj\u0105c wi\u0119ksze rozci\u0105gni\u0119cie i obci\u0105\u017cenie mi\u0119\u015bnia czworog\u0142owego w por\u00f3wnaniu do przysiadu z nisk\u0105 poprzeczk\u0105. Jednocze\u015bnie g\u00f3rna cz\u0119\u015b\u0107 plec\u00f3w jest stale napi\u0119ta, aby zapobiec zaokr\u0105gleniu. To podw\u00f3jne dzia\u0142anie sprawia, \u017ce jest to niezwykle skuteczne podnoszenie akcesori\u00f3w do naprawy b\u0142\u0119du przysiadu \u201cna dzie\u0144 dobry\u201d lub s\u0142abych mi\u0119\u015bni czworog\u0142owych.<\/p>\n<h3>4. Wytrzyma\u0142a wy\u015bci\u00f3\u0142ka Comfort Padding<\/h3>\n<p>Kucanie z jarzmem wymaga wysokiej jako\u015bci wy\u015bci\u00f3\u0142ki. Alex SSB posiada g\u0119st\u0105, spr\u0119\u017cyst\u0105 piank\u0119 pokryt\u0105 wytrzyma\u0142ym winylem. Ta wy\u015bci\u00f3\u0142ka rozk\u0142ada ci\u0119\u017car na trapez i ramiona, zapobiegaj\u0105c wbijaniu si\u0119 dr\u0105\u017cka w kr\u0119gos\u0142up szyjny (ko\u015b\u0107 szyjn\u0105). W przeciwie\u0144stwie do tanich podk\u0142adek, kt\u00f3re sp\u0142aszczaj\u0105 si\u0119 po kilku sesjach, materia\u0142 ten zachowuje sw\u00f3j kszta\u0142t i w\u0142a\u015bciwo\u015bci amortyzuj\u0105ce nawet przy maksymalnych obci\u0105\u017ceniach.<\/p>\n<h3>5. Wszechstronno\u015b\u0107 wykraczaj\u0105ca poza przysiady<\/h3>\n<p>SSB nie jest kucykiem jednej sztuczki. Jest to doskona\u0142e narz\u0119dzie do \u201cdobrych porank\u00f3w\u201d, pozwalaj\u0105ce na wykonywanie tego \u0107wiczenia tylnego \u0142a\u0144cucha bez ryzyka podwini\u0119cia dr\u0105\u017cka do szyi. Jest to r\u00f3wnie\u017c doskona\u0142e rozwi\u0105zanie do wykrok\u00f3w i przysiad\u00f3w dzielonych (przysiady Hatfielda), poniewa\u017c r\u00f3wnowaga bez u\u017cycia r\u0105k (je\u015bli trzymasz stojak) pozwala na wi\u0119ksz\u0105 stabilno\u015b\u0107. Dodaje r\u00f3\u017cnorodno\u015bci i nowych bod\u017ac\u00f3w do ka\u017cdej rutyny dnia n\u00f3g.<\/p>\n<h3>Dla kogo to jest?<\/h3>\n<ul style=\"list-style-position: inside; padding-left: 0;\">\n<li>Tr\u00f3jboi\u015bci si\u0142owi i si\u0142acze wymagaj\u0105cy specyficznej pracy z akcesoriami.<\/li>\n<li>Sportowcy z urazami barku, nadgarstka lub \u0142okcia.<\/li>\n<li>Osoby podnosz\u0105ce, kt\u00f3re chc\u0105 zwi\u0119kszy\u0107 grubo\u015b\u0107 g\u00f3rnej cz\u0119\u015bci plec\u00f3w i rozmiar mi\u0119\u015bnia czworog\u0142owego.<\/li>\n<li>W\u0142a\u015bciciele domowych si\u0142owni, kt\u00f3rzy chc\u0105 urozmaici\u0107 swoj\u0105 kolekcj\u0119 sztang.<\/li>\n<li>Starsi sta\u017cy\u015bci potrzebuj\u0105 bezpieczniejszego i wygodniejszego sposobu na przysiad.<\/li>\n<\/ul>\n<h3>Specyfikacja produktu<\/h3>\n<table border=\"1\" width=\"100%\" cellspacing=\"0\" cellpadding=\"5\">\n<tbody>\n<tr>\n<td><strong>Typ<\/strong><\/td>\n<td>Bezpieczny dr\u0105\u017cek do przysiad\u00f3w (SSB)<\/td>\n<\/tr>\n<tr>\n<td><strong>Materia\u0142<\/strong><\/td>\n<td>Stal, pianka o wysokiej g\u0119sto\u015bci<\/td>\n<\/tr>\n<tr>\n<td><strong>Cecha<\/strong><\/td>\n<td>Wygi\u0119te ko\u0144c\u00f3wki, przednie uchwyty<\/td>\n<\/tr>\n<tr>\n<td><strong>Korzy\u015bci<\/strong><\/td>\n<td>Ulga dla ramion\/nadgarstk\u00f3w, si\u0142a rdzenia<\/td>\n<\/tr>\n<tr>\n<td><strong>Ud\u017awig<\/strong><\/td>\n<td>Wysoki (do zastosowa\u0144 komercyjnych)<\/td>\n<\/tr>\n<\/tbody>\n<\/table>","protected":false},"excerpt":{"rendered":"<p>Safety Squat Bar (SSB) od Alex Athletics to specjalistyczna sztanga zaprojektowana tak, aby oszcz\u0119dza\u0107 ramiona, jednocze\u015bnie mia\u017cd\u017c\u0105c nogi. Wyposa\u017cona w wy\u015bcie\u0142ane jarzmo i uchwyty skierowane do przodu, pozwala na wykonywanie ci\u0119\u017ckich przysiad\u00f3w bez zewn\u0119trznej rotacji ramion wymaganej przez proste dr\u0105\u017cki - idealne dla sportowc\u00f3w z urazami g\u00f3rnej cz\u0119\u015bci cia\u0142a lub problemami z mobilno\u015bci\u0105. Wygi\u0119ta geometria dr\u0105\u017cka przesuwa \u015brodek ci\u0119\u017cko\u015bci do przodu, intensywnie anga\u017cuj\u0105c mi\u0119\u015bnie czworog\u0142owe i g\u00f3rn\u0105 cz\u0119\u015b\u0107 plec\u00f3w, podobnie jak w przypadku przysiadu przedniego. Zbudowany z wytrzyma\u0142ej stali i trwa\u0142ej, wygodnej wy\u015bci\u00f3\u0142ki, jest niezb\u0119dnym narz\u0119dziem do budowania masywnego przysiadu i martwego ci\u0105gu przy jednoczesnym zachowaniu zdrowia staw\u00f3w.<\/p>","protected":false},"featured_media":3478,"comment_status":"open","ping_status":"closed","template":"","meta":{"inline_featured_image":false,"site-sidebar-layout":"default","site-content-layout":"","ast-site-content-layout":"default","site-content-style":"default","site-sidebar-style":"default","ast-global-header-display":"","ast-banner-title-visibility":"","ast-main-header-display":"","ast-hfb-above-header-display":"","ast-hfb-below-header-display":"","ast-hfb-mobile-header-display":"","site-post-title":"","ast-breadcrumbs-content":"","ast-featured-img":"","footer-sml-layout":"","ast-disable-related-posts":"","theme-transparent-header-meta":"default","adv-header-id-meta":"","stick-header-meta":"default","header-above-stick-meta":"","header-main-stick-meta":"","header-below-stick-meta":"","astra-migrate-meta-layouts":"set","ast-page-background-enabled":"default","ast-page-background-meta":{"desktop":{"background-color":"","background-image":"","background-repeat":"repeat","background-position":"center center","background-size":"auto","background-attachment":"scroll","background-type":"","background-media":"","overlay-type":"","overlay-color":"","overlay-opacity":"","overlay-gradient":""},"tablet":{"background-color":"","background-image":"","background-repeat":"repeat","background-position":"center center","background-size":"auto","background-attachment":"scroll","background-type":"","background-media":"","overlay-type":"","overlay-color":"","overlay-opacity":"","overlay-gradient":""},"mobile":{"background-color":"","background-image":"","background-repeat":"repeat","background-position":"center center","background-size":"auto","background-attachment":"scroll","background-type":"","background-media":"","overlay-type":"","overlay-color":"","overlay-opacity":"","overlay-gradient":""}},"ast-content-background-meta":{"desktop":{"background-color":"var(--ast-global-color-5)","background-image":"","background-repeat":"repeat","background-position":"center center","background-size":"auto","background-attachment":"scroll","background-type":"","background-media":"","overlay-type":"","overlay-color":"","overlay-opacity":"","overlay-gradient":""},"tablet":{"background-color":"var(--ast-global-color-5)","background-image":"","background-repeat":"repeat","background-position":"center center","background-size":"auto","background-attachment":"scroll","background-type":"","background-media":"","overlay-type":"","overlay-color":"","overlay-opacity":"","overlay-gradient":""},"mobile":{"background-color":"var(--ast-global-color-5)","background-image":"","background-repeat":"repeat","background-position":"center center","background-size":"auto","background-attachment":"scroll","background-type":"","background-media":"","overlay-type":"","overlay-color":"","overlay-opacity":"","overlay-gradient":""}}},"product_brand":[],"product_cat":[55],"product_tag":[58],"class_list":{"0":"post-2889","1":"product","2":"type-product","3":"status-publish","4":"has-post-thumbnail","6":"product_cat-free-weight-training","7":"product_tag-carry-bars","8":"desktop-align-left","9":"tablet-align-left","10":"mobile-align-left","12":"first","13":"instock","14":"shipping-taxable","15":"purchasable","16":"product-type-simple"},"_links":{"self":[{"href":"https:\/\/alexathletics1982.com\/pl\/wp-json\/wp\/v2\/product\/2889","targetHints":{"allow":["GET"]}}],"collection":[{"href":"https:\/\/alexathletics1982.com\/pl\/wp-json\/wp\/v2\/product"}],"about":[{"href":"https:\/\/alexathletics1982.com\/pl\/wp-json\/wp\/v2\/types\/product"}],"replies":[{"embeddable":true,"href":"https:\/\/alexathletics1982.com\/pl\/wp-json\/wp\/v2\/comments?post=2889"}],"wp:featuredmedia":[{"embeddable":true,"href":"https:\/\/alexathletics1982.com\/pl\/wp-json\/wp\/v2\/media\/3478"}],"wp:attachment":[{"href":"https:\/\/alexathletics1982.com\/pl\/wp-json\/wp\/v2\/media?parent=2889"}],"wp:term":[{"taxonomy":"product_brand","embeddable":true,"href":"https:\/\/alexathletics1982.com\/pl\/wp-json\/wp\/v2\/product_brand?post=2889"},{"taxonomy":"product_cat","embeddable":true,"href":"https:\/\/alexathletics1982.com\/pl\/wp-json\/wp\/v2\/product_cat?post=2889"},{"taxonomy":"product_tag","embeddable":true,"href":"https:\/\/alexathletics1982.com\/pl\/wp-json\/wp\/v2\/product_tag?post=2889"}],"curies":[{"name":"wp","href":"https:\/\/api.w.org\/{rel}","templated":true}]}}