{"id":2891,"date":"2026-01-23T20:19:59","date_gmt":"2026-01-23T12:19:59","guid":{"rendered":"https:\/\/alexathletics1982.com\/?post_type=product&#038;p=2891"},"modified":"2026-04-10T22:29:29","modified_gmt":"2026-04-10T14:29:29","slug":"pasek-olimpijski-t2","status":"publish","type":"product","link":"https:\/\/alexathletics1982.com\/pl\/olympic-bar-t2\/","title":{"rendered":"Olympic Bar-T2"},"content":{"rendered":"<h2>Wy\u017cszo\u015b\u0107 dotykowa: Hybrydowy pasek z pow\u0142ok\u0105 elektrolityczn\u0105 (T2)<\/h2>\n<p>Dla puryst\u00f3w, kt\u00f3rzy uwielbiaj\u0105 surowe rade\u0142kowanie, ale nie znosz\u0105 konserwacji go\u0142ej stali, rozwi\u0105zaniem jest Olympic Bar-T2 (Electro-Coating Hybrid Bar). Electro-Coating (E-Coat) to technologia pierwotnie opracowana dla przemys\u0142u motoryzacyjnego w celu zapewnienia cienkiej, niezwykle trwa\u0142ej warstwy antykorozyjnej. W przeciwie\u0144stwie do grubego chromowania, kt\u00f3re mo\u017ce wype\u0142ni\u0107 rade\u0142kowanie i sprawi\u0107, \u017ce pr\u0119t b\u0119dzie \u015bliski, pow\u0142oka E-Coat jest nak\u0142adana mikroskopijnie cienko. Pozwala to prze\u015bwitywa\u0107 prawdziwej agresywnej fakturze diamentowego rade\u0142kowania, zapewniaj\u0105c fenomenalny chwyt, kt\u00f3ry jest bardzo zbli\u017cony do surowej stali, oferuj\u0105c jednocze\u015bnie doskona\u0142\u0105 ochron\u0119 przed rdz\u0105. Wyko\u0144czenie to g\u0142\u0119boka, satynowa czer\u0144, kt\u00f3ra wygl\u0105da agresywnie i profesjonalnie.<\/p>\n<p>Pod wzgl\u0119dem mechanicznym, T2 to ko\u0144 roboczy zbudowany z my\u015bl\u0105 o wszechstronno\u015bci. Wa\u0142 wykonany jest ze stali stopowej 42Cr o wytrzyma\u0142o\u015bci na rozci\u0105ganie 170 000 PSI, zdolnej wytrzyma\u0107 obci\u0105\u017cenie statyczne 1000 funt\u00f3w. System obrotu tulei posiada solidn\u0105 hybrydow\u0105 konfiguracj\u0119: wytrzyma\u0142e mosi\u0119\u017cne tuleje wsparte 2 precyzyjnymi \u0142o\u017cyskami. Gwarantuje to, \u017ce dr\u0105\u017cek obraca si\u0119 wystarczaj\u0105co swobodnie do czyszczenia i wyciskania, ale pozostaje stabilny do wyciskania na \u0142awce. Unikaln\u0105 cech\u0105 estetyczn\u0105 T2 s\u0105 tuleje z bia\u0142ego cynku. To jasne wyko\u0144czenie ostro kontrastuje z czarnym trzonem, u\u0142atwiaj\u0105c dostrze\u017cenie ruchu p\u0142ytki i dodaj\u0105c klasyczny dwukolorowy wygl\u0105d do stojaka. Niezale\u017cnie od tego, czy szlifujesz program podnoszenia ci\u0119\u017car\u00f3w, T2 oferuje przyczepno\u015b\u0107 i niezawodno\u015b\u0107, kt\u00f3rych potrzebujesz.<\/p>\n<h3>1. Wysokowydajna pow\u0142oka elektrolityczna (E-Coat)<\/h3>\n<p>Pow\u0142oka E-Coat jest tutaj g\u0142\u00f3wn\u0105 cech\u0105. Zapewnia doskona\u0142\u0105 odporno\u015b\u0107 na korozj\u0119 - znacznie lepsz\u0105 ni\u017c czarna oksyda - bez grubo\u015bci chromu lub cynku. Oznacza to, \u017ce rade\u0142kowanie jest \u201costrzejsze\u201d i pewniejsze. Jest to wyko\u0144czenie nak\u0142adane elektrycznie, kt\u00f3re wi\u0105\u017ce si\u0119 ze stal\u0105 na poziomie molekularnym, odporne na odpryski i zarysowania nawet przy intensywnym u\u017cytkowaniu. Jest to idealny wyb\u00f3r do wilgotnych si\u0142owni gara\u017cowych, gdzie rdza jest sta\u0142ym wrogiem.<\/p>\n<h3>2. Rade\u0142kowanie True-Feel<\/h3>\n<p>Poniewa\u017c pow\u0142oka E-Coat jest tak cienka, rade\u0142kowanie diamentowe o skoku 1,2 mm jest dok\u0142adnie takie, jak zamierza\u0142 mechanik. Zapewnia pewny, antypo\u015blizgowy chwyt, kt\u00f3ry nie wymaga u\u017cycia nadmiernej ilo\u015bci kredy. \u015arednia g\u0142\u0119boko\u015b\u0107 (0,2 ~ 0,3 mm) jest idealna do og\u00f3lnego treningu - wystarczaj\u0105co przyczepna do ci\u0119\u017ckich poci\u0105gni\u0119\u0107, ale nie tak ostra, \u017ce rozrywa d\u0142onie podczas ruch\u00f3w z du\u017c\u0105 pr\u0119dko\u015bci\u0105.<\/p>\n<h3>3. Kontrast r\u0119kaw\u00f3w z bia\u0142ego cynku<\/h3>\n<p>T2 posiada tuleje wyko\u0144czone bia\u0142ym cynkiem. Zapewnia to trwa\u0142\u0105, ochronn\u0105 pow\u0142ok\u0119, kt\u00f3ra chroni stal przed ci\u0105g\u0142ym \u015bcieraniem przez przesuwaj\u0105ce si\u0119 p\u0142yty. Wizualnie, jasne srebrne tuleje na tle czarnego trzonu tworz\u0105 osza\u0142amiaj\u0105cy kontrast, czyni\u0105c dr\u0105\u017cek centralnym punktem ka\u017cdej si\u0142owni. Pomaga to r\u00f3wnie\u017c trenerom wizualizowa\u0107 \u015bcie\u017ck\u0119 dr\u0105\u017cka z du\u017cej odleg\u0142o\u015bci.<\/p>\n<h3>4. Wszechstronna rotacja hybrydowa<\/h3>\n<p>Wyposa\u017cony w 2 \u0142o\u017cyska i mosi\u0119\u017cne tuleje, T2 jest przeznaczony do treningu hybrydowego. Nie obraca si\u0119 tak szybko, jak czysty dr\u0105\u017cek z \u0142o\u017cyskami igie\u0142kowymi (kt\u00f3ry mo\u017ce by\u0107 niestabilny podczas wyciskania), ale obraca si\u0119 znacznie lepiej ni\u017c czysty dr\u0105\u017cek z tulejami. Ten kompromis sprawia, \u017ce jest to idealne rozwi\u0105zanie dla sportowc\u00f3w, kt\u00f3rzy \u0142\u0105cz\u0105 tr\u00f3jb\u00f3j si\u0142owy, kulturystyk\u0119 i umiarkowane podnoszenie olimpijskie.<\/p>\n<h3>5. Wytrzyma\u0142o\u015b\u0107 170 000 PSI<\/h3>\n<p>Rdze\u0144 ze stali stopowej 42Cr zapewnia wymagan\u0105 wytrzyma\u0142o\u015b\u0107 i \u201cbicz\u201d do zastosowa\u0144 komercyjnych. Po obci\u0105\u017ceniu powraca do prawdziwej prostoliniowo\u015bci i zapewnia sp\u00f3jne wyczucie. Dzi\u0119ki ud\u017awigowi 1000 funt\u00f3w przekracza potrzeby 99% podno\u015bnik\u00f3w, zapewniaj\u0105c margines bezpiecze\u0144stwa, kt\u00f3ry zapewnia d\u0142ug\u0105 \u017cywotno\u015b\u0107.<\/p>\n<h3>Dla kogo to jest?<\/h3>\n<ul style=\"list-style-position: inside; padding-left: 0;\">\n<li>Lifterzy, dla kt\u00f3rych priorytetem jest \u201cczucie chwytu\u201d i ostro\u015b\u0107 rade\u0142kowania.<\/li>\n<li>W\u0142a\u015bciciele si\u0142owni gara\u017cowych wymagaj\u0105cy wysokiej odporno\u015bci na korozj\u0119 (E-Coat).<\/li>\n<li>Obiekty poszukuj\u0105ce wytrzyma\u0142ego dr\u0105\u017cka og\u00f3lnego przeznaczenia.<\/li>\n<li>Sportowcy, kt\u00f3rzy ceni\u0105 sobie czarno-srebrn\u0105 estetyk\u0119.<\/li>\n<\/ul>\n<h3>Specyfikacja produktu<\/h3>\n<table border=\"1\" width=\"100%\" cellspacing=\"0\" cellpadding=\"5\">\n<tbody>\n<tr>\n<td><strong>Model<\/strong><\/td>\n<td>Dr\u0105\u017cek olimpijski-T2 (W01CB016)<\/td>\n<\/tr>\n<tr>\n<td><strong>Wyko\u0144czenie wa\u0142u<\/strong><\/td>\n<td>Czarna pow\u0142oka galwaniczna (E-Coat)<\/td>\n<\/tr>\n<tr>\n<td><strong>Wyko\u0144czenie r\u0119kawa<\/strong><\/td>\n<td>Bia\u0142y cynk<\/td>\n<\/tr>\n<tr>\n<td><strong>Wytrzyma\u0142o\u015b\u0107 na rozci\u0105ganie<\/strong><\/td>\n<td>170 000 PSI<\/td>\n<\/tr>\n<tr>\n<td><strong>Rotacja<\/strong><\/td>\n<td>Tuleja mosi\u0119\u017cna i 2 \u0142o\u017cyska<\/td>\n<\/tr>\n<tr>\n<td><strong>Ud\u017awig<\/strong><\/td>\n<td>1,000 funt\u00f3w<\/td>\n<\/tr>\n<\/tbody>\n<\/table>","protected":false},"excerpt":{"rendered":"<p>Dr\u0105\u017cek olimpijski T2 firmy Alex Athletics oferuje idealne po\u0142\u0105czenie przyczepno\u015bci i trwa\u0142o\u015bci dzi\u0119ki technologii Electro-Coating (E-Coat). To ultracienkie czarne wyko\u0144czenie chroni przed rdz\u0105, jednocze\u015bnie pozwalaj\u0105c na prze\u015bwitywanie ostrej tekstury rade\u0142kowania, zapewniaj\u0105c doskona\u0142\u0105 przyczepno\u015b\u0107. Wyposa\u017cona w charakterystyczne tuleje z bia\u0142ego cynku i hybrydowy system obrotu (2 \u0142o\u017cyska + tuleje), zapewnia wszechstronn\u0105 wydajno\u015b\u0107 zar\u00f3wno przy powolnym, jak i szybkim podnoszeniu. Zbudowany ze stali stopowej o wytrzyma\u0142o\u015bci 170 000 PSI i ud\u017awigu 1000 funt\u00f3w, T2 jest wytrzyma\u0142ym, dwukolorowym koniem roboczym idealnym do si\u0142owni gara\u017cowych i funkcjonalnych sportowc\u00f3w fitness, kt\u00f3rzy wymagaj\u0105 precyzji dotykowej.<\/p>","protected":false},"featured_media":3404,"comment_status":"open","ping_status":"closed","template":"","meta":{"inline_featured_image":false,"site-sidebar-layout":"default","site-content-layout":"","ast-site-content-layout":"default","site-content-style":"default","site-sidebar-style":"default","ast-global-header-display":"","ast-banner-title-visibility":"","ast-main-header-display":"","ast-hfb-above-header-display":"","ast-hfb-below-header-display":"","ast-hfb-mobile-header-display":"","site-post-title":"","ast-breadcrumbs-content":"","ast-featured-img":"","footer-sml-layout":"","ast-disable-related-posts":"","theme-transparent-header-meta":"default","adv-header-id-meta":"","stick-header-meta":"default","header-above-stick-meta":"","header-main-stick-meta":"","header-below-stick-meta":"","astra-migrate-meta-layouts":"set","ast-page-background-enabled":"default","ast-page-background-meta":{"desktop":{"background-color":"","background-image":"","background-repeat":"repeat","background-position":"center center","background-size":"auto","background-attachment":"scroll","background-type":"","background-media":"","overlay-type":"","overlay-color":"","overlay-opacity":"","overlay-gradient":""},"tablet":{"background-color":"","background-image":"","background-repeat":"repeat","background-position":"center center","background-size":"auto","background-attachment":"scroll","background-type":"","background-media":"","overlay-type":"","overlay-color":"","overlay-opacity":"","overlay-gradient":""},"mobile":{"background-color":"","background-image":"","background-repeat":"repeat","background-position":"center center","background-size":"auto","background-attachment":"scroll","background-type":"","background-media":"","overlay-type":"","overlay-color":"","overlay-opacity":"","overlay-gradient":""}},"ast-content-background-meta":{"desktop":{"background-color":"var(--ast-global-color-5)","background-image":"","background-repeat":"repeat","background-position":"center center","background-size":"auto","background-attachment":"scroll","background-type":"","background-media":"","overlay-type":"","overlay-color":"","overlay-opacity":"","overlay-gradient":""},"tablet":{"background-color":"var(--ast-global-color-5)","background-image":"","background-repeat":"repeat","background-position":"center center","background-size":"auto","background-attachment":"scroll","background-type":"","background-media":"","overlay-type":"","overlay-color":"","overlay-opacity":"","overlay-gradient":""},"mobile":{"background-color":"var(--ast-global-color-5)","background-image":"","background-repeat":"repeat","background-position":"center center","background-size":"auto","background-attachment":"scroll","background-type":"","background-media":"","overlay-type":"","overlay-color":"","overlay-opacity":"","overlay-gradient":""}}},"product_brand":[],"product_cat":[55],"product_tag":[58],"class_list":{"0":"post-2891","1":"product","2":"type-product","3":"status-publish","4":"has-post-thumbnail","6":"product_cat-free-weight-training","7":"product_tag-carry-bars","8":"desktop-align-left","9":"tablet-align-left","10":"mobile-align-left","12":"first","13":"instock","14":"shipping-taxable","15":"purchasable","16":"product-type-simple"},"_links":{"self":[{"href":"https:\/\/alexathletics1982.com\/pl\/wp-json\/wp\/v2\/product\/2891","targetHints":{"allow":["GET"]}}],"collection":[{"href":"https:\/\/alexathletics1982.com\/pl\/wp-json\/wp\/v2\/product"}],"about":[{"href":"https:\/\/alexathletics1982.com\/pl\/wp-json\/wp\/v2\/types\/product"}],"replies":[{"embeddable":true,"href":"https:\/\/alexathletics1982.com\/pl\/wp-json\/wp\/v2\/comments?post=2891"}],"wp:featuredmedia":[{"embeddable":true,"href":"https:\/\/alexathletics1982.com\/pl\/wp-json\/wp\/v2\/media\/3404"}],"wp:attachment":[{"href":"https:\/\/alexathletics1982.com\/pl\/wp-json\/wp\/v2\/media?parent=2891"}],"wp:term":[{"taxonomy":"product_brand","embeddable":true,"href":"https:\/\/alexathletics1982.com\/pl\/wp-json\/wp\/v2\/product_brand?post=2891"},{"taxonomy":"product_cat","embeddable":true,"href":"https:\/\/alexathletics1982.com\/pl\/wp-json\/wp\/v2\/product_cat?post=2891"},{"taxonomy":"product_tag","embeddable":true,"href":"https:\/\/alexathletics1982.com\/pl\/wp-json\/wp\/v2\/product_tag?post=2891"}],"curies":[{"name":"wp","href":"https:\/\/api.w.org\/{rel}","templated":true}]}}