{"id":2892,"date":"2026-01-23T20:19:59","date_gmt":"2026-01-23T12:19:59","guid":{"rendered":"https:\/\/alexathletics1982.com\/?post_type=product&#038;p=2892"},"modified":"2026-04-10T22:45:06","modified_gmt":"2026-04-10T14:45:06","slug":"pasek-olimpijski-t3","status":"publish","type":"product","link":"https:\/\/alexathletics1982.com\/pl\/olympic-bar-t3\/","title":{"rendered":"Olympic Bar-T3"},"content":{"rendered":"<h2>Spinner: Olympic Bar-T3<\/h2>\n<p>Gdy priorytetem jest dynamiczne podnoszenie, pr\u0119dko\u015b\u0107 rotacji dr\u0105\u017cka staje si\u0119 czynnikiem krytycznym. Dr\u0105\u017cek olimpijski T3 firmy Alex Athletics opiera si\u0119 na trwa\u0142ym fundamencie T2 i do\u0142adowuje go ulepszonym systemem \u0142o\u017cysk. Zamiast standardowej konfiguracji z 2 \u0142o\u017cyskami, T3 jest wyposa\u017cony w <strong>4 precyzyjne \u0142o\u017cyska<\/strong> na tulej\u0119 (plus tuleje). To ulepszenie znacznie zmniejsza tarcie, pozwalaj\u0105c tulejom obraca\u0107 si\u0119 szybciej i swobodniej. Dla sportowca oznacza to p\u0142ynniejszy obr\u00f3t podczas rwania i czyszczenia, co skutkuje mniejszym obci\u0105\u017ceniem nadgarstk\u00f3w i \u0142okci oraz wy\u017cszym wska\u017anikiem sukcesu przy maksymalnych podci\u0105gni\u0119ciach. Tworzy uczucie \u201cniewa\u017cko\u015bci\u201d, gdy sportowiec podci\u0105ga si\u0119 pod poprzeczk\u0119.<\/p>\n<p>Podobnie jak jego rodze\u0144stwo, T3 posiada wysokiej jako\u015bci pow\u0142ok\u0119 Electro-Coat (E-Coat) na trzonie. Zapewnia to t\u0119 sam\u0105 doskona\u0142\u0105 odporno\u015b\u0107 na korozj\u0119 i wra\u017cenie \u201csurowej stali\u201d, kt\u00f3re uwielbiaj\u0105 powa\u017cni lifterzy. Jednak w modelu T3 tuleje zosta\u0142y ulepszone do chromu chemicznego z polerowanym wyko\u0144czeniem. Jest to twardsza, bardziej odporna na zarysowania powierzchnia ni\u017c cynk, zaprojektowana tak, aby wytrzyma\u0107 przesuwanie p\u0142yt zderzaka przez lata komercyjnego u\u017cytkowania bez widocznego zu\u017cycia.<\/p>\n<h3>1. Ulepszony 4-\u0142o\u017cyskowy system obrotowy<\/h3>\n<p>G\u0142\u00f3wn\u0105 zalet\u0105 T3 jest jego rotacja. Dzi\u0119ki 4 \u0142o\u017cyskom w zespole bezw\u0142adno\u015b\u0107 obrotowa jest zminimalizowana. Jest to namacalna r\u00f3\u017cnica, kt\u00f3r\u0105 mo\u017cna poczu\u0107 podczas wybuchowych ruch\u00f3w. Obci\u0105\u017cniki obracaj\u0105 si\u0119 niezale\u017cnie od trzonu z minimalnym oporem, chroni\u0105c stawy i umo\u017cliwiaj\u0105c p\u0142ynne przej\u015bcie od fazy ci\u0105gni\u0119cia do fazy chwytania wyci\u0105gu olimpijskiego.<\/p>\n<h3>2. E-Coat dla maksymalnej przyczepno\u015bci<\/h3>\n<p>Czarna pow\u0142oka Electro-Coating jest nak\u0142adana cienko i r\u00f3wnomiernie, zachowuj\u0105c geometri\u0119 rade\u0142kowania diamentowego. Zapewnia to pewny, sta\u0142y chwyt, nawet gdy d\u0142onie s\u0105 spocone, bez uczucia \u015blisko\u015bci charakterystycznego dla grubego chromu dekoracyjnego. \u0141\u0105czy w sobie niskie koszty utrzymania powlekanej prowadnicy z wydajno\u015bci\u0105 surowej prowadnicy.<\/p>\n<h3>3. Trwa\u0142e tuleje chromowane chemicznie<\/h3>\n<p>Tuleje w modelu T3 s\u0105 wyko\u0144czone chromem chemicznym. Ta przemys\u0142owa pow\u0142oka jest niezwykle twarda i g\u0142adka. Zapewnia mniejsze tarcie ni\u017c cynk, u\u0142atwiaj\u0105c \u0142adowanie p\u0142yt i jest wysoce odporna na zadrapania i blizny, kt\u00f3re wyst\u0119puj\u0105 w przypadku metalowych wk\u0142ad\u00f3w p\u0142yt. Dzi\u0119ki temu pr\u0119t d\u0142u\u017cej wygl\u0105da profesjonalnie i jak nowy.<\/p>\n<h3>4. Stal stopowa 170 000 PSI<\/h3>\n<p>Rdze\u0144 pr\u0119ta wykonany jest ze stali stopowej 42Cr. Ta metalurgia zapewnia idealn\u0105 r\u00f3wnowag\u0119 mi\u0119dzy sztywno\u015bci\u0105 i elastyczno\u015bci\u0105. Jest wystarczaj\u0105co wytrzyma\u0142y, aby poradzi\u0107 sobie z codziennymi nadu\u017cyciami w komercyjnym \u015brodowisku si\u0142owni, ale wystarczaj\u0105co responsywny, aby zapewni\u0107 kinetyczne sprz\u0119\u017cenie zwrotne podczas dynamicznego podnoszenia. Wytrzyma\u0142o\u015b\u0107 statyczna 1000 funt\u00f3w jest \u015bwiadectwem integralno\u015bci strukturalnej.<\/p>\n<h3>5. Specjalista ds. szkole\u0144 przekrojowych<\/h3>\n<p>Podczas gdy T1 i T2 to dr\u0105\u017cki og\u00f3lne, T3 jest specjalist\u0105 od dynamicznych ruch\u00f3w. Wype\u0142nia luk\u0119 mi\u0119dzy standardowym dr\u0105\u017ckiem gimnastycznym a dedykowanym dr\u0105\u017ckiem do podnoszenia ci\u0119\u017car\u00f3w $800. Oferuje obr\u00f3t potrzebny do powa\u017cnego treningu podnoszenia ci\u0119\u017car\u00f3w Oly w cenie dost\u0119pnej dla si\u0142owni gara\u017cowych.<\/p>\n<h3>Dla kogo to jest?<\/h3>\n<ul style=\"list-style-position: inside; padding-left: 0;\">\n<li>Sztangi\u015bci potrzebuj\u0105cy sztangi treningowej o du\u017cej rotacji.<\/li>\n<li>Si\u0142ownie, kt\u00f3re chc\u0105 zmodernizowa\u0107 sw\u00f3j og\u00f3lny asortyment sztang na co\u015b szybszego.<\/li>\n<li>Podno\u015bniki, kt\u00f3re ceni\u0105 sobie trwa\u0142o\u015b\u0107 tulei Chemical Chrome.<\/li>\n<li>Ka\u017cdy, kto do\u015bwiadcza b\u00f3lu nadgarstka od wolno obracaj\u0105cych si\u0119 dr\u0105\u017ck\u00f3w.<\/li>\n<\/ul>\n<h3>Specyfikacja produktu<\/h3>\n<table border=\"1\" width=\"100%\" cellspacing=\"0\" cellpadding=\"5\">\n<tbody>\n<tr>\n<td><strong>Model<\/strong><\/td>\n<td>Olympic Bar-T3 (W01CB017)<\/td>\n<\/tr>\n<tr>\n<td><strong>Wyko\u0144czenie wa\u0142u<\/strong><\/td>\n<td>Czarna pow\u0142oka galwaniczna (E-Coat)<\/td>\n<\/tr>\n<tr>\n<td><strong>Wyko\u0144czenie r\u0119kawa<\/strong><\/td>\n<td>Chrom chemiczny i polerowany<\/td>\n<\/tr>\n<tr>\n<td><strong>Wytrzyma\u0142o\u015b\u0107 na rozci\u0105ganie<\/strong><\/td>\n<td>170 000 PSI<\/td>\n<\/tr>\n<tr>\n<td><strong>Rotacja<\/strong><\/td>\n<td>Tuleja mosi\u0119\u017cna &amp; <strong>4 \u0141o\u017cyska<\/strong><\/td>\n<\/tr>\n<tr>\n<td><strong>Ud\u017awig<\/strong><\/td>\n<td>1,000 funt\u00f3w<\/td>\n<\/tr>\n<\/tbody>\n<\/table>","protected":false},"excerpt":{"rendered":"<p>Sztanga olimpijska T3 od Alex Athletics to sztanga zaprojektowana z my\u015bl\u0105 o szybko\u015bci i dynamice. Wyposa\u017cony w 4-\u0142o\u017cyskowy system rotacji, oferuje doskona\u0142\u0105 rotacj\u0119 podczas olimpijskiego podnoszenia ci\u0119\u017car\u00f3w, zmniejszaj\u0105c moment obrotowy nadgarstka i poprawiaj\u0105c szybko\u015b\u0107 obrotu. Trzon jest pokryty trwa\u0142\u0105 pow\u0142ok\u0105 Electro-Coat (E-Coat), kt\u00f3ra zapewnia doskona\u0142\u0105 przyczepno\u015b\u0107 i odporno\u015b\u0107 na rdz\u0119, a tuleje s\u0105 wyko\u0144czone wytrzyma\u0142ym chromem chemicznym. Dzi\u0119ki wytrzyma\u0142o\u015bci na rozci\u0105ganie 170 000 PSI i no\u015bno\u015bci 1000 funt\u00f3w, T3 jest idealnym wyborem dla sportowc\u00f3w, kt\u00f3rzy wymagaj\u0105 szybszej, bardziej responsywnej sztangi.<\/p>","protected":false},"featured_media":3788,"comment_status":"open","ping_status":"closed","template":"","meta":{"inline_featured_image":false,"site-sidebar-layout":"default","site-content-layout":"","ast-site-content-layout":"default","site-content-style":"default","site-sidebar-style":"default","ast-global-header-display":"","ast-banner-title-visibility":"","ast-main-header-display":"","ast-hfb-above-header-display":"","ast-hfb-below-header-display":"","ast-hfb-mobile-header-display":"","site-post-title":"","ast-breadcrumbs-content":"","ast-featured-img":"","footer-sml-layout":"","ast-disable-related-posts":"","theme-transparent-header-meta":"default","adv-header-id-meta":"","stick-header-meta":"default","header-above-stick-meta":"","header-main-stick-meta":"","header-below-stick-meta":"","astra-migrate-meta-layouts":"set","ast-page-background-enabled":"default","ast-page-background-meta":{"desktop":{"background-color":"","background-image":"","background-repeat":"repeat","background-position":"center center","background-size":"auto","background-attachment":"scroll","background-type":"","background-media":"","overlay-type":"","overlay-color":"","overlay-opacity":"","overlay-gradient":""},"tablet":{"background-color":"","background-image":"","background-repeat":"repeat","background-position":"center center","background-size":"auto","background-attachment":"scroll","background-type":"","background-media":"","overlay-type":"","overlay-color":"","overlay-opacity":"","overlay-gradient":""},"mobile":{"background-color":"","background-image":"","background-repeat":"repeat","background-position":"center center","background-size":"auto","background-attachment":"scroll","background-type":"","background-media":"","overlay-type":"","overlay-color":"","overlay-opacity":"","overlay-gradient":""}},"ast-content-background-meta":{"desktop":{"background-color":"var(--ast-global-color-5)","background-image":"","background-repeat":"repeat","background-position":"center center","background-size":"auto","background-attachment":"scroll","background-type":"","background-media":"","overlay-type":"","overlay-color":"","overlay-opacity":"","overlay-gradient":""},"tablet":{"background-color":"var(--ast-global-color-5)","background-image":"","background-repeat":"repeat","background-position":"center center","background-size":"auto","background-attachment":"scroll","background-type":"","background-media":"","overlay-type":"","overlay-color":"","overlay-opacity":"","overlay-gradient":""},"mobile":{"background-color":"var(--ast-global-color-5)","background-image":"","background-repeat":"repeat","background-position":"center center","background-size":"auto","background-attachment":"scroll","background-type":"","background-media":"","overlay-type":"","overlay-color":"","overlay-opacity":"","overlay-gradient":""}}},"product_brand":[],"product_cat":[55],"product_tag":[58],"class_list":{"0":"post-2892","1":"product","2":"type-product","3":"status-publish","4":"has-post-thumbnail","6":"product_cat-free-weight-training","7":"product_tag-carry-bars","8":"desktop-align-left","9":"tablet-align-left","10":"mobile-align-left","12":"first","13":"instock","14":"shipping-taxable","15":"purchasable","16":"product-type-simple"},"_links":{"self":[{"href":"https:\/\/alexathletics1982.com\/pl\/wp-json\/wp\/v2\/product\/2892","targetHints":{"allow":["GET"]}}],"collection":[{"href":"https:\/\/alexathletics1982.com\/pl\/wp-json\/wp\/v2\/product"}],"about":[{"href":"https:\/\/alexathletics1982.com\/pl\/wp-json\/wp\/v2\/types\/product"}],"replies":[{"embeddable":true,"href":"https:\/\/alexathletics1982.com\/pl\/wp-json\/wp\/v2\/comments?post=2892"}],"wp:featuredmedia":[{"embeddable":true,"href":"https:\/\/alexathletics1982.com\/pl\/wp-json\/wp\/v2\/media\/3788"}],"wp:attachment":[{"href":"https:\/\/alexathletics1982.com\/pl\/wp-json\/wp\/v2\/media?parent=2892"}],"wp:term":[{"taxonomy":"product_brand","embeddable":true,"href":"https:\/\/alexathletics1982.com\/pl\/wp-json\/wp\/v2\/product_brand?post=2892"},{"taxonomy":"product_cat","embeddable":true,"href":"https:\/\/alexathletics1982.com\/pl\/wp-json\/wp\/v2\/product_cat?post=2892"},{"taxonomy":"product_tag","embeddable":true,"href":"https:\/\/alexathletics1982.com\/pl\/wp-json\/wp\/v2\/product_tag?post=2892"}],"curies":[{"name":"wp","href":"https:\/\/api.w.org\/{rel}","templated":true}]}}