{"id":2896,"date":"2026-01-23T20:19:59","date_gmt":"2026-01-23T12:19:59","guid":{"rendered":"https:\/\/alexathletics1982.com\/?post_type=product&#038;p=2896"},"modified":"2026-04-08T21:09:48","modified_gmt":"2026-04-08T13:09:48","slug":"standardowa-sztanga","status":"publish","type":"product","link":"https:\/\/alexathletics1982.com\/pl\/standard-barbell\/","title":{"rendered":"Standardowa sztanga"},"content":{"rendered":"<h2>Zszywka do domowej si\u0142owni: sztanga standardowa 1800 mm<\/h2>\n<p>Nie ka\u017cda si\u0142ownia potrzebuje sprz\u0119tu olimpijskiego. Dla entuzjast\u00f3w domowego fitnessu, kt\u00f3rzy u\u017cywaj\u0105 \u201cstandardowych\u201d talerzy (1-calowy \/ 25-28 mm otw\u00f3r centralny), standardowa sztanga Alex Athletics jest niezb\u0119dnym \u0142\u0105cznikiem. Ten solidny stalowy dr\u0105\u017cek o d\u0142ugo\u015bci 1800 mm (ok. 6 st\u00f3p) zosta\u0142 zaprojektowany tak, aby zapewni\u0107 funkcjonalno\u015b\u0107 komercyjnej sztangi w kompaktowym, przyjaznym dla domu formacie. W przeciwie\u0144stwie do pustych rur cz\u0119sto sprzedawanych w domach towarowych, jest to solidna stalowa sztanga o wadze 9 kg, zapewniaj\u0105ca integralno\u015b\u0107 strukturaln\u0105 potrzebn\u0105 do prawdziwego treningu si\u0142owego. Ma \u015brednic\u0119 uchwytu 28 mm, kt\u00f3ra odzwierciedla odczucia profesjonalnych sztang, zapewniaj\u0105c, \u017ce mechanika podnoszenia - czy to wyciskanie na \u0142awce, przysiad czy wios\u0142owanie - jest zgodna ze standardami si\u0142owni.<\/p>\n<p>Dr\u0105\u017cek jest wyko\u0144czony trwa\u0142\u0105 pow\u0142ok\u0105 chromow\u0105, kt\u00f3ra jest odporna na rdz\u0119 i zu\u017cycie, dzi\u0119ki czemu wygl\u0105da profesjonalnie w gara\u017cu lub piwnicy. Ko\u0144ce s\u0105 gwintowane lub g\u0142adkie (w zale\u017cno\u015bci od u\u017cywanego typu ko\u0142nierza, zwykle kompatybilnego z dostarczonymi ko\u0142nierzami spin-lock lub spr\u0119\u017cynowymi), zaprojektowane specjalnie do przyjmowania p\u0142yt z otworem \u015brodkowym od 25 mm do 28 mm. Dzi\u0119ki ud\u017awigowi 140 kg, jest on wi\u0119cej ni\u017c zdolny do obs\u0142ugi progresji od pocz\u0105tkuj\u0105cego do \u015brednio zaawansowanego podno\u015bnika. Rade\u0142kowany wz\u00f3r na uchwycie zapewnia doskona\u0142\u0105 przyczepno\u015b\u0107, zapewniaj\u0105c bezpiecze\u0144stwo podczas podnoszenia ci\u0119\u017car\u00f3w. Jest to idealne, ekonomiczne rozwi\u0105zanie do budowania kompleksowej konfiguracji si\u0142owej bez zajmowania miejsca lub wydatk\u00f3w na sprz\u0119t olimpijski.<\/p>\n<h3>1. Zaprojektowany dla standardowych p\u0142yt<\/h3>\n<p>Ten pr\u0119t zosta\u0142 zaprojektowany dla ekosystemu \u201cStandard\u201d. Je\u015bli masz kolekcj\u0119 \u201cstandardowych\u201d \u017celiwnych lub winylowych obci\u0105\u017cnik\u00f3w (zwykle z otworem ~ 1 cala) zbieraj\u0105cych kurz, ten dr\u0105\u017cek je o\u017cywi. Zapewnia mo\u017cliwo\u015b\u0107 podnoszenia ci\u0119\u017car\u00f3w w stylu komercyjnym w przyst\u0119pnych cenowo, powszechnie dost\u0119pnych p\u0142ytach obci\u0105\u017ceniowych, dzi\u0119ki czemu jest to przyjazny dla bud\u017cetu wyb\u00f3r na rozpocz\u0119cie domowej si\u0142owni.<\/p>\n<h3>2. Niezawodno\u015b\u0107 solidnej stali<\/h3>\n<p>Jako\u015b\u0107 ma znaczenie, nawet w przypadku sprz\u0119tu domowego. Sztanga Alex Standard jest wykonana z litej stali, a nie z pustych rurek. Dzi\u0119ki temu jej waga wynosi 9 kg, a no\u015bno\u015b\u0107 140 kg. Nie wygina si\u0119 pod umiarkowanym obci\u0105\u017ceniem, jak tanie alternatywy, zapewniaj\u0105c bezpieczn\u0105 platform\u0119 do wyciskania na \u0142awce, przysiad\u00f3w i martwego ci\u0105gu.<\/p>\n<h3>3. Rade\u0142kowanie ze stali komercyjnej<\/h3>\n<p>Dobry chwyt jest niezb\u0119dny dla bezpiecze\u0144stwa. Dr\u0105\u017cek posiada rade\u0142kowanie o wzorze diamentowym w miejscach na d\u0142onie. Ta tekstura poprawia tarcie, umo\u017cliwiaj\u0105c bezpieczne trzymanie dr\u0105\u017cka, gdy d\u0142onie s\u0105 spocone. Uczy prawid\u0142owego u\u0142o\u017cenia d\u0142oni i przygotowuje u\u017cytkownika do przej\u015bcia na sprz\u0119t olimpijski.<\/p>\n<h3>4. Kompaktowa d\u0142ugo\u015b\u0107 1800 mm<\/h3>\n<p>Ten dr\u0105\u017cek o d\u0142ugo\u015bci 1,8 metra (ok. 6 st\u00f3p) zajmuje mniej miejsca ni\u017c masywne dr\u0105\u017cki olimpijskie o d\u0142ugo\u015bci 2,2 metra. Pasuje lepiej do mniejszych pomieszcze\u0144, piwnic lub gara\u017cy, gdzie przestrze\u0144 boczna jest ograniczona. Pomimo kr\u00f3tszej d\u0142ugo\u015bci, miejsce na r\u0119kawie jest wystarczaj\u0105ce, aby za\u0142adowa\u0107 wymagaj\u0105c\u0105 ilo\u015b\u0107 \u017celaza dla wi\u0119kszo\u015bci og\u00f3lnych cel\u00f3w fitness.<\/p>\n<h3>5. Trwa\u0142e chromowane wyko\u0144czenie<\/h3>\n<p>Dr\u0105\u017cek jest pokryty pow\u0142ok\u0105 chromow\u0105. Pow\u0142oka ta chroni stal przed utlenianiem (rdz\u0105) spowodowanym wilgoci\u0105 i potem. Zapewnia g\u0142adk\u0105, czyst\u0105 estetyk\u0119, kt\u00f3ra jest \u0142atwa do czyszczenia i konserwacji, zapewniaj\u0105c trwa\u0142o\u015b\u0107 sprz\u0119tu domowego przez lata.<\/p>\n<h3>Dla kogo to jest?<\/h3>\n<ul style=\"list-style-position: inside; padding-left: 0;\">\n<li>W\u0142a\u015bciciele domowych si\u0142owni ze \u201cstandardowymi\u201d (1-calowymi otworami) talerzami obci\u0105\u017ceniowymi.<\/li>\n<li>Pocz\u0105tkuj\u0105cy szukaj\u0105cy niedrogiego wej\u015bcia w trening ze sztang\u0105.<\/li>\n<li>Podno\u015bniki z ograniczon\u0105 przestrzeni\u0105, kt\u00f3re potrzebuj\u0105 kr\u00f3tszego dr\u0105\u017cka (1,8 m).<\/li>\n<li>Nastolatki lub l\u017cejsze osoby rozpoczynaj\u0105ce trening si\u0142owy.<\/li>\n<li>Entuzja\u015bci og\u00f3lnej sprawno\u015bci fizycznej podnosz\u0105cy poni\u017cej 140 kg.<\/li>\n<\/ul>\n<h3>Specyfikacja produktu<\/h3>\n<table border=\"1\" width=\"100%\" cellspacing=\"0\" cellpadding=\"5\">\n<tbody>\n<tr>\n<td><strong>Typ<\/strong><\/td>\n<td>Sztanga standardowa (nieolimpijska)<\/td>\n<\/tr>\n<tr>\n<td><strong>Materia\u0142<\/strong><\/td>\n<td>Solidna stal, chromowane wyko\u0144czenie<\/td>\n<\/tr>\n<tr>\n<td><strong>D\u0142ugo\u015b\u0107<\/strong><\/td>\n<td>1800 mm<\/td>\n<\/tr>\n<tr>\n<td><strong>Waga<\/strong><\/td>\n<td>9 kg<\/td>\n<\/tr>\n<tr>\n<td><strong>Ud\u017awig<\/strong><\/td>\n<td>140 kg<\/td>\n<\/tr>\n<tr>\n<td><strong>\u015arednica uchwytu<\/strong><\/td>\n<td>28 mm<\/td>\n<\/tr>\n<tr>\n<td><strong>Kompatybilno\u015b\u0107<\/strong><\/td>\n<td>P\u0142yty standardowe (\u015br. 25-28 mm)<\/td>\n<\/tr>\n<\/tbody>\n<\/table>","protected":false},"excerpt":{"rendered":"<p>Standardowa sztanga Alex Athletics to idealny solidny stalowy dr\u0105\u017cek do domowych si\u0142owni wykorzystuj\u0105cych standardowe (1-calowe\/25-28 mm otwory) talerze obci\u0105\u017ceniowe. Mierz\u0105ca 1800 mm (6 st\u00f3p) sztanga z obci\u0105\u017ceniem 9 kg oferuje oszcz\u0119dzaj\u0105ce miejsce, a jednocze\u015bnie trwa\u0142e rozwi\u0105zanie do wyciskania na \u0142awce, przysiad\u00f3w i martwego ci\u0105gu. Dzi\u0119ki ud\u017awigowi 140 kg i rade\u0142kowanemu uchwytowi 28 mm zapewnia wyczucie i bezpiecze\u0144stwo profesjonalnego dr\u0105\u017cka w kompaktowym formacie. Wyko\u0144czony w odpornym na rdz\u0119 chromie, jest idealn\u0105, ekonomiczn\u0105 podstaw\u0105 dla pocz\u0105tkuj\u0105cych i \u015brednio zaawansowanych trening\u00f3w si\u0142owych w domu.<\/p>","protected":false},"featured_media":3620,"comment_status":"open","ping_status":"closed","template":"","meta":{"inline_featured_image":false,"site-sidebar-layout":"default","site-content-layout":"","ast-site-content-layout":"default","site-content-style":"default","site-sidebar-style":"default","ast-global-header-display":"","ast-banner-title-visibility":"","ast-main-header-display":"","ast-hfb-above-header-display":"","ast-hfb-below-header-display":"","ast-hfb-mobile-header-display":"","site-post-title":"","ast-breadcrumbs-content":"","ast-featured-img":"","footer-sml-layout":"","ast-disable-related-posts":"","theme-transparent-header-meta":"default","adv-header-id-meta":"","stick-header-meta":"default","header-above-stick-meta":"","header-main-stick-meta":"","header-below-stick-meta":"","astra-migrate-meta-layouts":"set","ast-page-background-enabled":"default","ast-page-background-meta":{"desktop":{"background-color":"","background-image":"","background-repeat":"repeat","background-position":"center center","background-size":"auto","background-attachment":"scroll","background-type":"","background-media":"","overlay-type":"","overlay-color":"","overlay-opacity":"","overlay-gradient":""},"tablet":{"background-color":"","background-image":"","background-repeat":"repeat","background-position":"center center","background-size":"auto","background-attachment":"scroll","background-type":"","background-media":"","overlay-type":"","overlay-color":"","overlay-opacity":"","overlay-gradient":""},"mobile":{"background-color":"","background-image":"","background-repeat":"repeat","background-position":"center center","background-size":"auto","background-attachment":"scroll","background-type":"","background-media":"","overlay-type":"","overlay-color":"","overlay-opacity":"","overlay-gradient":""}},"ast-content-background-meta":{"desktop":{"background-color":"var(--ast-global-color-5)","background-image":"","background-repeat":"repeat","background-position":"center center","background-size":"auto","background-attachment":"scroll","background-type":"","background-media":"","overlay-type":"","overlay-color":"","overlay-opacity":"","overlay-gradient":""},"tablet":{"background-color":"var(--ast-global-color-5)","background-image":"","background-repeat":"repeat","background-position":"center center","background-size":"auto","background-attachment":"scroll","background-type":"","background-media":"","overlay-type":"","overlay-color":"","overlay-opacity":"","overlay-gradient":""},"mobile":{"background-color":"var(--ast-global-color-5)","background-image":"","background-repeat":"repeat","background-position":"center center","background-size":"auto","background-attachment":"scroll","background-type":"","background-media":"","overlay-type":"","overlay-color":"","overlay-opacity":"","overlay-gradient":""}}},"product_brand":[],"product_cat":[55],"product_tag":[58],"class_list":{"0":"post-2896","1":"product","2":"type-product","3":"status-publish","4":"has-post-thumbnail","6":"product_cat-free-weight-training","7":"product_tag-carry-bars","8":"desktop-align-left","9":"tablet-align-left","10":"mobile-align-left","12":"first","13":"instock","14":"shipping-taxable","15":"purchasable","16":"product-type-simple"},"_links":{"self":[{"href":"https:\/\/alexathletics1982.com\/pl\/wp-json\/wp\/v2\/product\/2896","targetHints":{"allow":["GET"]}}],"collection":[{"href":"https:\/\/alexathletics1982.com\/pl\/wp-json\/wp\/v2\/product"}],"about":[{"href":"https:\/\/alexathletics1982.com\/pl\/wp-json\/wp\/v2\/types\/product"}],"replies":[{"embeddable":true,"href":"https:\/\/alexathletics1982.com\/pl\/wp-json\/wp\/v2\/comments?post=2896"}],"wp:featuredmedia":[{"embeddable":true,"href":"https:\/\/alexathletics1982.com\/pl\/wp-json\/wp\/v2\/media\/3620"}],"wp:attachment":[{"href":"https:\/\/alexathletics1982.com\/pl\/wp-json\/wp\/v2\/media?parent=2896"}],"wp:term":[{"taxonomy":"product_brand","embeddable":true,"href":"https:\/\/alexathletics1982.com\/pl\/wp-json\/wp\/v2\/product_brand?post=2896"},{"taxonomy":"product_cat","embeddable":true,"href":"https:\/\/alexathletics1982.com\/pl\/wp-json\/wp\/v2\/product_cat?post=2896"},{"taxonomy":"product_tag","embeddable":true,"href":"https:\/\/alexathletics1982.com\/pl\/wp-json\/wp\/v2\/product_tag?post=2896"}],"curies":[{"name":"wp","href":"https:\/\/api.w.org\/{rel}","templated":true}]}}