{"id":2900,"date":"2026-01-23T20:19:59","date_gmt":"2026-01-23T12:19:59","guid":{"rendered":"https:\/\/alexathletics1982.com\/?post_type=product&#038;p=2900"},"modified":"2026-04-10T22:44:05","modified_gmt":"2026-04-10T14:44:05","slug":"obroza-magstow-typ-1","status":"publish","type":"product","link":"https:\/\/alexathletics1982.com\/pl\/magstow-collar-type-1\/","title":{"rendered":"Obro\u017ca Magstow typ 1"},"content":{"rendered":"<h2>Snap, Lock, Stick: Obro\u017ca magnetyczna Magstow<\/h2>\n<p>W ruchliwym \u015brodowisku si\u0142owni, ko\u0142nierze do sztangi s\u0105 najcz\u0119\u015bciej gubionymi przedmiotami, cz\u0119sto ko\u0144cz\u0105cymi si\u0119 kopni\u0119ciem pod stojakami lub rozrzuconymi po pod\u0142odze. Obro\u017ca Magstow firmy Alex Athletics wprowadza genialne rozwi\u0105zanie tego chaosu: zintegrowane przechowywanie magnetyczne. Wyposa\u017cone w silne magnesy, obro\u017ce te s\u0105 zaprojektowane tak, aby \u201cprzykleja\u0107 si\u0119\u201d bezpo\u015brednio do stalowych s\u0142upk\u00f3w stojaka, stojaka do przysiad\u00f3w lub platformy, gdy nie s\u0105 u\u017cywane. Ta prosta innowacja zapewnia, \u017ce obro\u017ce s\u0105 zawsze w zasi\u0119gu r\u0119ki, utrzymuj\u0105c porz\u0105dek na si\u0142owni i poprawiaj\u0105c wydajno\u015b\u0107 pracy. Koniec z szukaniem pasuj\u0105cej pary; po prostu chwy\u0107 je ze stojaka, zatrza\u015bnij na dr\u0105\u017cku i podnie\u015b.<\/p>\n<p>Poza magnetyczn\u0105 wygod\u0105, Magstow Collar to wysokowydajny mechanizm blokuj\u0105cy. Posiada szybko dzia\u0142aj\u0105cy zatrzask d\u017awigniowy, kt\u00f3ry bezpiecznie zaciska si\u0119 na tulei sztangi. W przeciwie\u0144stwie do zacisk\u00f3w spr\u0119\u017cynowych, kt\u00f3re mog\u0105 \u015blizga\u0107 si\u0119 pod wp\u0142ywem silnego uderzenia, Magstow wywiera obwodowy nacisk, kt\u00f3ry mocno trzyma talerze, nawet podczas wielokrotnego upuszczania talerzy zderzakowych w podnoszeniu olimpijskim. Wn\u0119trze jest wy\u0142o\u017cone ochronnymi podk\u0142adkami, kt\u00f3re chwytaj\u0105 chromowan\u0105 tulej\u0119 bez zarysowania lub uszkodzenia wyko\u0144czenia sztangi. Dost\u0119pna w wielu wariantach (Typ 1\/2\/3), aby dopasowa\u0107 si\u0119 do r\u00f3\u017cnych preferencji estetycznych lub styl\u00f3w zatrzask\u00f3w, seria Magstow stanowi idealne po\u0142\u0105czenie nowoczesnej wygody i bezkompromisowego bezpiecze\u0144stwa. Jest to ulepszenie, na kt\u00f3re zas\u0142uguje ka\u017cdy power rack.<\/p>\n<h3>1. Wygoda przechowywania magnetycznego<\/h3>\n<p>Cech\u0105 charakterystyczn\u0105 jest technologia \u201cMagstow\u201d. Magnesy o wysokiej wytrzyma\u0142o\u015bci pozwalaj\u0105 na stabilne przymocowanie ko\u0142nierza do dowolnej powierzchni z metalu \u017celaznego (np. stojak\u00f3w). Rozwi\u0105zuje to odwieczny problem \u201cgdzie po\u0142o\u017cy\u0142em klipsy?\u201d. Dzi\u0119ki temu pod\u0142oga si\u0142owni jest wolna od ryzyka potkni\u0119cia si\u0119, a obro\u017ce maj\u0105 dedykowane miejsce tu\u017c obok sztangi.<\/p>\n<h3>2. Zabezpiecz zatrzask Quick-Lock<\/h3>\n<p>Szybko\u015b\u0107 ma znaczenie. D\u017awigniowy mechanizm blokuj\u0105cy umo\u017cliwia obs\u0142ug\u0119 jedn\u0105 r\u0119k\u0105. Wystarczy wsun\u0105\u0107 ko\u0142nierz i obr\u00f3ci\u0107 zatrzask, aby go zabezpieczy\u0107. Jest to znacznie szybsze i \u0142atwiejsze w u\u017cyciu ni\u017c \u015bciskanie sztywnego ko\u0142nierza spr\u0119\u017cynowego, dzi\u0119ki czemu zmiany p\u0142yt podczas drop set\u00f3w lub trening\u00f3w interwa\u0142owych s\u0105 p\u0142ynne i wolne od frustracji.<\/p>\n<h3>3. Podk\u0142adki ochronne pod sztang\u0119<\/h3>\n<p>Ochrona inwestycji jest kluczowa. Wn\u0119trze ko\u0142nierza posiada gumowane lub elastomerowe podk\u0142adki. Podk\u0142adki te zapewniaj\u0105 tarcie potrzebne do utrzymania ci\u0119\u017cark\u00f3w na miejscu, zapewniaj\u0105c jednocze\u015bnie, \u017ce metalowy mechanizm nigdy nie dotyka tulei sztangi. Zapobiega to zadrapaniom i wy\u017c\u0142obieniom, kt\u00f3re tanie metalowe obro\u017ce cz\u0119sto powoduj\u0105 na drogich sztangach.<\/p>\n<h3>4. Wysoka wytrzyma\u0142o\u015b\u0107 na uderzenia<\/h3>\n<p>Nie s\u0105 one tylko na pokaz; s\u0105 zbudowane tak, aby trzyma\u0107. Konstrukcja zacisku zapewnia ciasne, bezpieczne dopasowanie, kt\u00f3re jest odporne na przesuwanie si\u0119, nawet gdy dr\u0105\u017cek jest upuszczony z g\u00f3ry. Ta niezawodno\u015b\u0107 sprawia, \u017ce nadaj\u0105 si\u0119 one do dynamicznych ruch\u00f3w, takich jak Clean &amp; Jerk lub martwy ci\u0105g z du\u017c\u0105 liczb\u0105 powt\u00f3rze\u0144, gdzie przesuwanie p\u0142yty mo\u017ce by\u0107 niebezpieczne i rozpraszaj\u0105ce.<\/p>\n<h3>5. Trwa\u0142a i lekka konstrukcja<\/h3>\n<p>Wykonany z wytrzyma\u0142ego nylonu lub materia\u0142\u00f3w kompozytowych, korpus obro\u017cy jest lekki, a jednocze\u015bnie niezwykle wytrzyma\u0142y. Wytrzymuje wstrz\u0105sy podczas upadk\u00f3w bez p\u0119kania. Lekki charakter oznacza, \u017ce nie dodaje znacznej nieskalkulowanej wagi do wyci\u0105gu, zachowuj\u0105c dok\u0142adno\u015b\u0107 danych treningowych.<\/p>\n<h3>Dla kogo to jest?<\/h3>\n<ul style=\"list-style-position: inside; padding-left: 0;\">\n<li>W\u0142a\u015bciciele domowych si\u0142owni, kt\u00f3rzy ceni\u0105 sobie organizacj\u0119 i porz\u0105dek.<\/li>\n<li>Si\u0142ownie komercyjne, kt\u00f3re chc\u0105 ograniczy\u0107 liczb\u0119 zgubionego sprz\u0119tu.<\/li>\n<li>Lifterzy, kt\u00f3rzy s\u0105 zm\u0119czeni zmaganiem si\u0119 ze sztywnymi zaciskami spr\u0119\u017cynowymi.<\/li>\n<li>Dla ka\u017cdego, kto chce chroni\u0107 tuleje sztangi przed zadrapaniami.<\/li>\n<\/ul>\n<h3>Specyfikacja produktu<\/h3>\n<table border=\"1\" width=\"100%\" cellspacing=\"0\" cellpadding=\"5\">\n<tbody>\n<tr>\n<td><strong>Typ<\/strong><\/td>\n<td>Magnetyczny ko\u0142nierz do sztangi<\/td>\n<\/tr>\n<tr>\n<td><strong>Dopasowanie<\/strong><\/td>\n<td>R\u0119kawy olimpijskie 50 mm<\/td>\n<\/tr>\n<tr>\n<td><strong>Cecha<\/strong><\/td>\n<td>Magnetyczny schowek, szybki zatrzask<\/td>\n<\/tr>\n<tr>\n<td><strong>Materia\u0142<\/strong><\/td>\n<td>Kompozyt\/Nylon, gumowe podk\u0142adki<\/td>\n<\/tr>\n<tr>\n<td><strong>Korzy\u015bci<\/strong><\/td>\n<td>Organizacja, szybko\u015b\u0107, ochrona paska<\/td>\n<\/tr>\n<\/tbody>\n<\/table>","protected":false},"excerpt":{"rendered":"<p>Obro\u017ca Magstow firmy Alex Athletics rewolucjonizuje organizacj\u0119 si\u0142owni dzi\u0119ki zintegrowanemu magnetycznemu systemowi przechowywania. Te wysokowydajne ko\u0142nierze przyklejaj\u0105 si\u0119 bezpo\u015brednio do stojaka lub platformy, gdy nie s\u0105 u\u017cywane, zapewniaj\u0105c, \u017ce s\u0105 zawsze dost\u0119pne i nigdy si\u0119 nie zgubi\u0105. Wyposa\u017cone w bezpieczny mechanizm d\u017awigni szybkiego blokowania, zaciskaj\u0105 si\u0119 mocno na dr\u0105\u017cku, aby zapobiec \u015blizganiu si\u0119 talerza podczas upadk\u00f3w, a wewn\u0119trzne podk\u0142adki chroni\u0105 tulej\u0119 sztangi przed zadrapaniami. Wytrzyma\u0142y, szybki i niezwykle wygodny ko\u0142nierz Magstow Collar to najlepsze ulepszenie dla ka\u017cdej domowej lub komercyjnej si\u0142owni.<\/p>","protected":false},"featured_media":3382,"comment_status":"open","ping_status":"closed","template":"","meta":{"inline_featured_image":false,"site-sidebar-layout":"default","site-content-layout":"","ast-site-content-layout":"default","site-content-style":"default","site-sidebar-style":"default","ast-global-header-display":"","ast-banner-title-visibility":"","ast-main-header-display":"","ast-hfb-above-header-display":"","ast-hfb-below-header-display":"","ast-hfb-mobile-header-display":"","site-post-title":"","ast-breadcrumbs-content":"","ast-featured-img":"","footer-sml-layout":"","ast-disable-related-posts":"","theme-transparent-header-meta":"default","adv-header-id-meta":"","stick-header-meta":"default","header-above-stick-meta":"","header-main-stick-meta":"","header-below-stick-meta":"","astra-migrate-meta-layouts":"set","ast-page-background-enabled":"default","ast-page-background-meta":{"desktop":{"background-color":"","background-image":"","background-repeat":"repeat","background-position":"center center","background-size":"auto","background-attachment":"scroll","background-type":"","background-media":"","overlay-type":"","overlay-color":"","overlay-opacity":"","overlay-gradient":""},"tablet":{"background-color":"","background-image":"","background-repeat":"repeat","background-position":"center center","background-size":"auto","background-attachment":"scroll","background-type":"","background-media":"","overlay-type":"","overlay-color":"","overlay-opacity":"","overlay-gradient":""},"mobile":{"background-color":"","background-image":"","background-repeat":"repeat","background-position":"center center","background-size":"auto","background-attachment":"scroll","background-type":"","background-media":"","overlay-type":"","overlay-color":"","overlay-opacity":"","overlay-gradient":""}},"ast-content-background-meta":{"desktop":{"background-color":"var(--ast-global-color-5)","background-image":"","background-repeat":"repeat","background-position":"center center","background-size":"auto","background-attachment":"scroll","background-type":"","background-media":"","overlay-type":"","overlay-color":"","overlay-opacity":"","overlay-gradient":""},"tablet":{"background-color":"var(--ast-global-color-5)","background-image":"","background-repeat":"repeat","background-position":"center center","background-size":"auto","background-attachment":"scroll","background-type":"","background-media":"","overlay-type":"","overlay-color":"","overlay-opacity":"","overlay-gradient":""},"mobile":{"background-color":"var(--ast-global-color-5)","background-image":"","background-repeat":"repeat","background-position":"center center","background-size":"auto","background-attachment":"scroll","background-type":"","background-media":"","overlay-type":"","overlay-color":"","overlay-opacity":"","overlay-gradient":""}}},"product_brand":[],"product_cat":[55],"product_tag":[58],"class_list":{"0":"post-2900","1":"product","2":"type-product","3":"status-publish","4":"has-post-thumbnail","6":"product_cat-free-weight-training","7":"product_tag-carry-bars","8":"desktop-align-left","9":"tablet-align-left","10":"mobile-align-left","12":"first","13":"instock","14":"shipping-taxable","15":"purchasable","16":"product-type-simple"},"_links":{"self":[{"href":"https:\/\/alexathletics1982.com\/pl\/wp-json\/wp\/v2\/product\/2900","targetHints":{"allow":["GET"]}}],"collection":[{"href":"https:\/\/alexathletics1982.com\/pl\/wp-json\/wp\/v2\/product"}],"about":[{"href":"https:\/\/alexathletics1982.com\/pl\/wp-json\/wp\/v2\/types\/product"}],"replies":[{"embeddable":true,"href":"https:\/\/alexathletics1982.com\/pl\/wp-json\/wp\/v2\/comments?post=2900"}],"wp:featuredmedia":[{"embeddable":true,"href":"https:\/\/alexathletics1982.com\/pl\/wp-json\/wp\/v2\/media\/3382"}],"wp:attachment":[{"href":"https:\/\/alexathletics1982.com\/pl\/wp-json\/wp\/v2\/media?parent=2900"}],"wp:term":[{"taxonomy":"product_brand","embeddable":true,"href":"https:\/\/alexathletics1982.com\/pl\/wp-json\/wp\/v2\/product_brand?post=2900"},{"taxonomy":"product_cat","embeddable":true,"href":"https:\/\/alexathletics1982.com\/pl\/wp-json\/wp\/v2\/product_cat?post=2900"},{"taxonomy":"product_tag","embeddable":true,"href":"https:\/\/alexathletics1982.com\/pl\/wp-json\/wp\/v2\/product_tag?post=2900"}],"curies":[{"name":"wp","href":"https:\/\/api.w.org\/{rel}","templated":true}]}}