{"id":2909,"date":"2026-01-23T20:20:20","date_gmt":"2026-01-23T12:20:20","guid":{"rendered":"https:\/\/alexathletics1982.com\/?post_type=product&#038;p=2909"},"modified":"2026-04-08T20:40:23","modified_gmt":"2026-04-08T12:40:23","slug":"ladowisko","status":"publish","type":"product","link":"https:\/\/alexathletics1982.com\/pl\/landing-pad\/","title":{"rendered":"L\u0105dowisko"},"content":{"rendered":"<h2>Drop It Like It's Heavy: L\u0105dowisko z redukcj\u0105 szum\u00f3w<\/h2>\n<p>W \u015bwiecie podnoszenia ci\u0119\u017car\u00f3w \u201ctrzask\u201d ci\u0119\u017car\u00f3w jest d\u017awi\u0119kiem ci\u0119\u017ckiej pracy - ale jest to r\u00f3wnie\u017c d\u017awi\u0119k z\u0142ych s\u0105siad\u00f3w, p\u0119kni\u0119tych fundament\u00f3w i uszkodzonego sprz\u0119tu. Landing Pad (Drop Pad\/Silencer Pad) firmy Alex Athletics to najlepsze rozwi\u0105zanie do ci\u0119\u017ckich trening\u00f3w w \u015brodowiskach wra\u017cliwych na ha\u0142as. Te masywne bloki o du\u017cej g\u0119sto\u015bci zosta\u0142y zaprojektowane tak, aby chwyta\u0107 talerze sztangi, poch\u0142aniaj\u0105c energi\u0119 kinetyczn\u0105 upadku. Wykonane z gumy z recyklingu 100%, zosta\u0142y zaprojektowane tak, aby wytrzyma\u0107 uderzenia maksymalnych martwych ci\u0105g\u00f3w, czyszcze\u0144 i rwa\u0144 bez odprysk\u00f3w, p\u0119kni\u0119\u0107 lub z\u0142ama\u0144. W przeciwie\u0144stwie do cienkich p\u0142ytek pod\u0142ogowych, kt\u00f3re po prostu t\u0142umi\u0105 d\u017awi\u0119k, Landing Pads praktycznie eliminuj\u0105 wstrz\u0105sy i wibracje wysy\u0142ane przez pod\u0142og\u0119, dzi\u0119ki czemu s\u0105 niezb\u0119dne w si\u0142owniach na pi\u0119trze, mieszkaniach lub si\u0142owniach gara\u017cowych na cichych przedmie\u015bciach.<\/p>\n<p>Funkcjonalno\u015b\u0107 wykracza poza cisz\u0119. Konstrukcja podk\u0142adek, kt\u00f3re mo\u017cna uk\u0142ada\u0107 jeden na drugim, pozwala im pe\u0142ni\u0107 funkcj\u0119 blok\u00f3w do podci\u0105gania. Podnosz\u0105c wysoko\u015b\u0107 pocz\u0105tkow\u0105 dr\u0105\u017cka, mo\u017cna wykonywa\u0107 podci\u0105ganie na stojaku, podci\u0105ganie blokowe lub cz\u0119\u015bciowe czyszczenie, aby celowa\u0107 w okre\u015blone punkty zaci\u0119cia lub pracowa\u0107 nad ograniczeniami mobilno\u015bci. Podk\u0142adki s\u0105 przeno\u015bne i lekkie w por\u00f3wnaniu do drewnianych blok\u00f3w, dzi\u0119ki czemu mo\u017cna ustawi\u0107 stacj\u0119 do podci\u0105gania w kilka sekund i r\u00f3wnie szybko j\u0105 usun\u0105\u0107. Wytrzyma\u0142a os\u0142ona zapobiega zrzucaniu gumy i jest \u0142atwa do czyszczenia. Dzi\u0119ki podk\u0142adkom Alex Landing Pads mo\u017cesz bezpiecznie upu\u015bci\u0107 dr\u0105\u017cek, wiedz\u0105c, \u017ce chronisz pod\u0142og\u0119, \u0142o\u017cyska dr\u0105\u017cka i relacje z s\u0105siadami.<\/p>\n<h3>1. Najwy\u017csza absorpcja wstrz\u0105s\u00f3w i ha\u0142asu<\/h3>\n<p>To jest g\u0142\u00f3wne \u201cdlaczego\u201d. Specjalistyczne gumowe wype\u0142nienie kompresuje si\u0119 podczas uderzenia, rozpraszaj\u0105c energi\u0119 spadaj\u0105cego ci\u0119\u017caru. Powoduje to raczej t\u0119py stukot ni\u017c wstrz\u0105saj\u0105ce ziemi\u0105 uderzenie. Znacznie zmniejsza to przenoszenie wibracji przez konstrukcj\u0119 budynku, co jest g\u0142\u00f3wn\u0105 przyczyn\u0105 skarg na ha\u0142as w domowych si\u0142owniach.<\/p>\n<h3>2. Ochrona pod\u0142ogi i sprz\u0119tu<\/h3>\n<p>Upuszczanie du\u017cych ci\u0119\u017car\u00f3w odbija si\u0119 na betonowym fundamencie i drogich p\u0142ytach odbojowych. Landing Pads dzia\u0142aj\u0105 jak bariera ochronna. Amortyzuj\u0105 uderzenie, zapobiegaj\u0105c p\u0119kaniu betonu i wyd\u0142u\u017caj\u0105c \u017cywotno\u015b\u0107 talerzy i \u0142o\u017cysk sztangi poprzez zmniejszenie fali uderzeniowej, kt\u00f3ra przemieszcza si\u0119 przez sprz\u0119t.<\/p>\n<h3>3. Narz\u0119dzie \u201cBlock Pull\u201d z mo\u017cliwo\u015bci\u0105 uk\u0142adania w stosy<\/h3>\n<p>Te podk\u0142adki s\u0142u\u017c\u0105 nie tylko do upuszczania, ale tak\u017ce do podnoszenia. Z wysoko\u015bci\u0105 oko\u0142o 74 mm (zgodnie ze specyfikacj\u0105, prawdopodobnie wy\u017csz\u0105, je\u015bli s\u0105 u\u0142o\u017cone w stos lub je\u015bli standardowy model jest grubszy, standard to zwykle 15 cm \/ 6 cali, specyfikacja m\u00f3wi 74 mm \/ sztuk\u0119, sugeruje, \u017ce p\u0142ytki mo\u017cna uk\u0142ada\u0107 w stosy). *Korekta: Specyfikacja m\u00f3wi \u201cL 600 x W 400 x H 74 mm\u201d.* Ta wysoko\u015b\u0107 pozwala na stopniowe uk\u0142adanie. Mo\u017cesz u\u0142o\u017cy\u0107 2-3 podk\u0142adki, aby uzyska\u0107 idealn\u0105 wysoko\u015b\u0107 do podci\u0105gania blokowego, umo\u017cliwiaj\u0105c przeci\u0105\u017cenie g\u00f3rnej cz\u0119\u015bci martwego ci\u0105gu bez niepor\u0119cznego drewnianego pude\u0142ka.<\/p>\n<h3>4. 100% Wytrzyma\u0142o\u015b\u0107 z recyklingu<\/h3>\n<p>Zr\u00f3wnowa\u017cony rozw\u00f3j \u0142\u0105czy si\u0119 z wytrzyma\u0142o\u015bci\u0105. Wykonane z recyklingowanej gumy 100% podk\u0142adki s\u0105 przyjazne dla \u015brodowiska i praktycznie niezniszczalne. Nie odpryskuj\u0105 ani nie krusz\u0105 si\u0119 jak beton lub guma niskiej jako\u015bci. Zosta\u0142y zaprojektowane tak, aby wytrzyma\u0107 wielokrotne zrzucanie na nie setek kilogram\u00f3w, za ka\u017cdym razem powracaj\u0105c do swojego kszta\u0142tu.<\/p>\n<h3>5. Przeno\u015bny i lekki<\/h3>\n<p>Wa\u017c\u0105ce 10 kg na sztuk\u0119 podk\u0142adki s\u0105 wystarczaj\u0105co wytrzyma\u0142e, aby pozosta\u0107 na miejscu, ale wystarczaj\u0105co lekkie, aby mo\u017cna je by\u0142o \u0142atwo przenosi\u0107. Mo\u017cna je wyci\u0105gn\u0105\u0107 na dzie\u0144 ci\u0119\u017ckiego martwego ci\u0105gu i u\u0142o\u017cy\u0107 w rogu podczas jogi. Ta przeno\u015bno\u015b\u0107 zapewnia znaczn\u0105 przewag\u0119 nad ci\u0119\u017ckimi, sta\u0142ymi platformami do podnoszenia ci\u0119\u017car\u00f3w.<\/p>\n<h3>Dla kogo to jest?<\/h3>\n<ul style=\"list-style-position: inside; padding-left: 0;\">\n<li>W\u0142a\u015bciciele domowych si\u0142owni w mieszkaniach lub z bliskimi s\u0105siadami.<\/li>\n<li>Tr\u00f3jboi\u015bci trenuj\u0105cy podci\u0105ganie blokowe i podci\u0105ganie na stojakach.<\/li>\n<li>Olimpijscy ci\u0119\u017carowcy potrzebuj\u0105cy bezpiecznej strefy upadku.<\/li>\n<li>Si\u0142ownie komercyjne, kt\u00f3re chc\u0105 chroni\u0107 swoje pod\u0142o\u017ce.<\/li>\n<li>Ka\u017cdy, kto chce przed\u0142u\u017cy\u0107 \u017cywotno\u015b\u0107 swoich zderzak\u00f3w.<\/li>\n<\/ul>\n<h3>Specyfikacja produktu<\/h3>\n<table border=\"1\" width=\"100%\" cellspacing=\"0\" cellpadding=\"5\">\n<tbody>\n<tr>\n<td><strong>Materia\u0142<\/strong><\/td>\n<td>100% Okruchy gumy z recyklingu<\/td>\n<\/tr>\n<tr>\n<td><strong>Wymiary<\/strong><\/td>\n<td>D\u0142. 600 x szer. 400 x wys. 74 mm<\/td>\n<\/tr>\n<tr>\n<td><strong>Waga<\/strong><\/td>\n<td>10 kg \/ szt.<\/td>\n<\/tr>\n<tr>\n<td><strong>Funkcja<\/strong><\/td>\n<td>Redukcja ha\u0142asu, ochrona pod\u0142ogi, blokada poci\u0105gni\u0119\u0107<\/td>\n<\/tr>\n<tr>\n<td><strong>Trwa\u0142o\u015b\u0107<\/strong><\/td>\n<td>Nie odpryskuje ani nie p\u0119ka<\/td>\n<\/tr>\n<\/tbody>\n<\/table>","protected":false},"excerpt":{"rendered":"<p>Landing Pad od Alex Athletics to podstawowe rozwi\u0105zanie t\u0142umi\u0105ce ha\u0142as dla domowych i komercyjnych si\u0142owni. Wykonane z gumy z recyklingu 100%, te podk\u0142adki o wysokiej g\u0119sto\u015bci poch\u0142aniaj\u0105 wstrz\u0105sy i wibracje podczas upadk\u00f3w ci\u0119\u017ckich sztang, chroni\u0105c pod\u0142og\u0119, sprz\u0119t i spok\u00f3j ducha. Dzi\u0119ki trwa\u0142ej, nierysuj\u0105cej si\u0119 konstrukcji i wysoko\u015bci 74 mm, s\u0105 idealne do wyciszania martwego ci\u0105gu i wyciskania olimpijskiego. Ich konstrukcja umo\u017cliwiaj\u0105ca sztaplowanie pozwala im r\u00f3wnie\u017c funkcjonowa\u0107 jako regulowane bloki do podci\u0105gania, zwi\u0119kszaj\u0105c wszechstronno\u015b\u0107 treningu si\u0142owego. Przeno\u015bne i skuteczne, pozwalaj\u0105 podnosi\u0107 ci\u0119\u017cary bez ha\u0142asu.<\/p>","protected":false},"featured_media":3372,"comment_status":"open","ping_status":"closed","template":"","meta":{"inline_featured_image":false,"site-sidebar-layout":"default","site-content-layout":"","ast-site-content-layout":"default","site-content-style":"default","site-sidebar-style":"default","ast-global-header-display":"","ast-banner-title-visibility":"","ast-main-header-display":"","ast-hfb-above-header-display":"","ast-hfb-below-header-display":"","ast-hfb-mobile-header-display":"","site-post-title":"","ast-breadcrumbs-content":"","ast-featured-img":"","footer-sml-layout":"","ast-disable-related-posts":"","theme-transparent-header-meta":"default","adv-header-id-meta":"","stick-header-meta":"default","header-above-stick-meta":"","header-main-stick-meta":"","header-below-stick-meta":"","astra-migrate-meta-layouts":"set","ast-page-background-enabled":"default","ast-page-background-meta":{"desktop":{"background-color":"","background-image":"","background-repeat":"repeat","background-position":"center center","background-size":"auto","background-attachment":"scroll","background-type":"","background-media":"","overlay-type":"","overlay-color":"","overlay-opacity":"","overlay-gradient":""},"tablet":{"background-color":"","background-image":"","background-repeat":"repeat","background-position":"center center","background-size":"auto","background-attachment":"scroll","background-type":"","background-media":"","overlay-type":"","overlay-color":"","overlay-opacity":"","overlay-gradient":""},"mobile":{"background-color":"","background-image":"","background-repeat":"repeat","background-position":"center center","background-size":"auto","background-attachment":"scroll","background-type":"","background-media":"","overlay-type":"","overlay-color":"","overlay-opacity":"","overlay-gradient":""}},"ast-content-background-meta":{"desktop":{"background-color":"var(--ast-global-color-5)","background-image":"","background-repeat":"repeat","background-position":"center center","background-size":"auto","background-attachment":"scroll","background-type":"","background-media":"","overlay-type":"","overlay-color":"","overlay-opacity":"","overlay-gradient":""},"tablet":{"background-color":"var(--ast-global-color-5)","background-image":"","background-repeat":"repeat","background-position":"center center","background-size":"auto","background-attachment":"scroll","background-type":"","background-media":"","overlay-type":"","overlay-color":"","overlay-opacity":"","overlay-gradient":""},"mobile":{"background-color":"var(--ast-global-color-5)","background-image":"","background-repeat":"repeat","background-position":"center center","background-size":"auto","background-attachment":"scroll","background-type":"","background-media":"","overlay-type":"","overlay-color":"","overlay-opacity":"","overlay-gradient":""}}},"product_brand":[],"product_cat":[55],"product_tag":[58],"class_list":{"0":"post-2909","1":"product","2":"type-product","3":"status-publish","4":"has-post-thumbnail","6":"product_cat-free-weight-training","7":"product_tag-carry-bars","8":"desktop-align-left","9":"tablet-align-left","10":"mobile-align-left","12":"first","13":"instock","14":"shipping-taxable","15":"purchasable","16":"product-type-simple"},"_links":{"self":[{"href":"https:\/\/alexathletics1982.com\/pl\/wp-json\/wp\/v2\/product\/2909","targetHints":{"allow":["GET"]}}],"collection":[{"href":"https:\/\/alexathletics1982.com\/pl\/wp-json\/wp\/v2\/product"}],"about":[{"href":"https:\/\/alexathletics1982.com\/pl\/wp-json\/wp\/v2\/types\/product"}],"replies":[{"embeddable":true,"href":"https:\/\/alexathletics1982.com\/pl\/wp-json\/wp\/v2\/comments?post=2909"}],"wp:featuredmedia":[{"embeddable":true,"href":"https:\/\/alexathletics1982.com\/pl\/wp-json\/wp\/v2\/media\/3372"}],"wp:attachment":[{"href":"https:\/\/alexathletics1982.com\/pl\/wp-json\/wp\/v2\/media?parent=2909"}],"wp:term":[{"taxonomy":"product_brand","embeddable":true,"href":"https:\/\/alexathletics1982.com\/pl\/wp-json\/wp\/v2\/product_brand?post=2909"},{"taxonomy":"product_cat","embeddable":true,"href":"https:\/\/alexathletics1982.com\/pl\/wp-json\/wp\/v2\/product_cat?post=2909"},{"taxonomy":"product_tag","embeddable":true,"href":"https:\/\/alexathletics1982.com\/pl\/wp-json\/wp\/v2\/product_tag?post=2909"}],"curies":[{"name":"wp","href":"https:\/\/api.w.org\/{rel}","templated":true}]}}