{"id":2918,"date":"2026-01-23T20:20:20","date_gmt":"2026-01-23T12:20:20","guid":{"rendered":"https:\/\/alexathletics1982.com\/?post_type=product&#038;p=2918"},"modified":"2026-04-08T23:03:32","modified_gmt":"2026-04-08T15:03:32","slug":"plyta-tpu-z-4-otworami","status":"publish","type":"product","link":"https:\/\/alexathletics1982.com\/pl\/4-holes-tpu-plate\/","title":{"rendered":"4-otworowa p\u0142ytka TPU"},"content":{"rendered":"<h2>Premium Evolution: 4-otworowa p\u0142ytka TPU<\/h2>\n<p>W hierarchii talerzy obci\u0105\u017ceniowych, TPU (termoplastyczny poliuretan) reprezentuje poziom premium, przewy\u017cszaj\u0105c tradycyjn\u0105 gum\u0119 i \u017celazo. 4-Holes TPU Plate firmy Alex Athletics wykorzystuje ten zaawansowany materia\u0142 do stworzenia najlepszego komercyjnego dysku. W przeciwie\u0144stwie do gumy, kt\u00f3ra mo\u017ce z czasem ulega\u0107 degradacji, \u0142uszczy\u0107 si\u0119 i wydziela\u0107 silny zapach chemiczny, TPU jest bezwonny, niezwykle trwa\u0142y i odporny na \u015bcieranie, rozdarcie i czynniki \u015brodowiskowe, takie jak \u015bwiat\u0142o UV lub oleje. Zachowuje sw\u00f3j \u017cywy kolor i integralno\u015b\u0107 strukturaln\u0105 przez lata, co czyni go inteligentn\u0105 d\u0142ugoterminow\u0105 inwestycj\u0105 dla wysokiej klasy obiekt\u00f3w. Pow\u0142oka TPU o wysokiej g\u0119sto\u015bci jest bezpiecznie po\u0142\u0105czona z \u017celiwnym rdzeniem, zapewniaj\u0105c warstw\u0119 poch\u0142aniaj\u0105c\u0105 wstrz\u0105sy, kt\u00f3ra chroni zar\u00f3wno p\u0142yt\u0119, jak i pod\u0142og\u0119 si\u0142owni przed uszkodzeniem podczas upadk\u00f3w.<\/p>\n<p>Funkcjonalno\u015b\u0107 zwi\u0119ksza inteligentna konstrukcja uchwytu \u201c4-Holes\u201d. Symetryczne wyci\u0119cia umo\u017cliwiaj\u0105 chwytanie talerza pod dowolnym k\u0105tem, dzi\u0119ki czemu przenoszenie, \u0142adowanie i roz\u0142adowywanie jest bezpieczniejsze i bardziej wydajne ni\u017c w przypadku solidnych talerzy zderzakowych. Ta konstrukcja uchwytu umo\u017cliwia r\u00f3wnie\u017c u\u017cywanie talerzy do niezale\u017cnych \u0107wicze\u0144, takich jak wypady z obci\u0105\u017ceniem lub kierownice. \u015arodkowy otw\u00f3r posiada precyzyjny stalowy pier\u015bcie\u0144 (50,4 ~ 50,8 mm), kt\u00f3ry zapewnia p\u0142ynny po\u015blizg na tulei sztangi, zapobiegaj\u0105c \u201cprzyklejaniu si\u0119\u201d, kt\u00f3re mo\u017ce wyst\u0105pi\u0107 w przypadku otwor\u00f3w z surowej gumy. Dost\u0119pne w opcjach oznaczonych kolorami (szary, zielony, \u017c\u00f3\u0142ty, niebieski, czerwony) odpowiadaj\u0105cych standardowym przyrostom wagi, talerze te oferuj\u0105 profesjonaln\u0105, gotow\u0105 do zawod\u00f3w estetyk\u0119 z trwa\u0142o\u015bci\u0105 in\u017cynierii przemys\u0142owej.<\/p>\n<h3>1. Doskona\u0142y ekologiczny materia\u0142 TPU<\/h3>\n<p>TPU to przysz\u0142o\u015b\u0107 sprz\u0119tu do si\u0142owni. Jest znacznie lepszy od gumy pochodz\u0105cej z recyklingu. Posiada <strong>brak zapachu<\/strong>, co jest ogromn\u0105 zalet\u0105 dla mniejszych domowych si\u0142owni lub niewentylowanych studi\u00f3w. Jest r\u00f3wnie\u017c bardzo odporny na przeci\u0119cia, zadrapania i uderzenia. TPU to przyjazny dla \u015brodowiska materia\u0142, kt\u00f3ry jest bardziej zr\u00f3wnowa\u017cony w produkcji i trwa d\u0142u\u017cej, zmniejszaj\u0105c ilo\u015b\u0107 odpad\u00f3w.<\/p>\n<h3>2. Symetryczny uchwyt z 4 otworami<\/h3>\n<p>Obs\u0142uga ci\u0119\u017ckich talerzy mo\u017ce by\u0107 niewygodna. Uk\u0142ad 4 otwor\u00f3w zapewnia, \u017ce uchwyt jest zawsze w zasi\u0119gu r\u0119ki, niezale\u017cnie od tego, jak wyl\u0105duje talerz. U\u0142atwia to podnoszenie p\u0142askich p\u0142yt z pod\u0142ogi, co jest cz\u0119stym problemem w przypadku p\u0142yt typu bumper. Ergonomiczne uchwyty umo\u017cliwiaj\u0105 bezpieczne przenoszenie i \u0142adowanie.<\/p>\n<h3>3. Absorpcja wstrz\u0105s\u00f3w i ha\u0142asu<\/h3>\n<p>Gruba pow\u0142oka TPU dzia\u0142a jak amortyzator. Absorbuje stukot uderzaj\u0105cych o siebie talerzy i wstrz\u0105sy zwi\u0105zane z odk\u0142adaniem sztangi. Zmniejsza to poziom ha\u0142asu w si\u0142owni i chroni pod\u0142o\u017ce pod\u0142ogi przed p\u0119kaniem. Chroni r\u00f3wnie\u017c \u017celiwny rdze\u0144 przed rdz\u0105, uszczelniaj\u0105c go przed wilgoci\u0105.<\/p>\n<h3>4. Precyzyjny stalowy pier\u015bcie\u0144 centralny<\/h3>\n<p>Wk\u0142adka ze stali nierdzewnej zapewnia idealne przesuwanie si\u0119 talerza po sztandze. Zapobiega ona chwytaniu tulei sztangi przez materia\u0142 TPU, dzi\u0119ki czemu wymiana talerza jest p\u0142ynna i szybka. W\u0105ska tolerancja (50,4-50,8 mm) zapewnia, \u017ce talerz \u015bci\u015ble przylega do dr\u0105\u017cka przy minimalnym chybotaniu.<\/p>\n<h3>5. Profesjonalne kodowanie kolorami<\/h3>\n<p>Dost\u0119pne w standardowych kolorach (np. czerwony dla 25 kg, niebieski dla 20 kg), talerze te u\u0142atwiaj\u0105 identyfikacj\u0119 obci\u0105\u017cenia na dr\u0105\u017cku z du\u017cej odleg\u0142o\u015bci. Ta wizualna organizacja nadaje si\u0142owni profesjonalny wygl\u0105d i pomaga sportowcom szybko i dok\u0142adnie obliczy\u0107 ich wag\u0119.<\/p>\n<h3>Dla kogo to jest?<\/h3>\n<ul style=\"list-style-position: inside; padding-left: 0;\">\n<li>Wysokiej klasy si\u0142ownie komercyjne i studia butikowe.<\/li>\n<li>W\u0142a\u015bciciele domowych si\u0142owni wra\u017cliwi na zapachy gumy (TPU jest bezwonny).<\/li>\n<li>Obiekty wymagaj\u0105ce trwa\u0142ego, niewymagaj\u0105cego konserwacji sprz\u0119tu.<\/li>\n<li>Osoby podnosz\u0105ce, kt\u00f3re doceniaj\u0105 wygod\u0119 uchwyt\u00f3w.<\/li>\n<li>Dla ka\u017cdego, kto szuka najwy\u017cszej jako\u015bci pow\u0142oki.<\/li>\n<\/ul>\n<h3>Specyfikacja produktu<\/h3>\n<table border=\"1\" width=\"100%\" cellspacing=\"0\" cellpadding=\"5\">\n<tbody>\n<tr>\n<td><strong>Model<\/strong><\/td>\n<td>W02AD002<\/td>\n<\/tr>\n<tr>\n<td><strong>Materia\u0142<\/strong><\/td>\n<td>\u017beliwny rdze\u0144, pow\u0142oka TPU<\/td>\n<\/tr>\n<tr>\n<td><strong>Uchwyt<\/strong><\/td>\n<td>4 symetryczne otwory<\/td>\n<\/tr>\n<tr>\n<td><strong>Wagi<\/strong><\/td>\n<td>1,25, 2,5, 5, 10, 15, 20, 25 kg<\/td>\n<\/tr>\n<tr>\n<td><strong>Cecha<\/strong><\/td>\n<td>Bezzapachowy, wyj\u0105tkowo trwa\u0142y, oznaczony kolorami<\/td>\n<\/tr>\n<\/tbody>\n<\/table>","protected":false},"excerpt":{"rendered":"<p>4-Holes TPU Plate firmy Alex Athletics to najlepszy wyb\u00f3r dla nowoczesnych si\u0142owni. Wykonane z przyjaznego dla \u015brodowiska termoplastycznego poliuretanu (TPU), p\u0142yty te s\u0105 bezwonne, wysoce odporne na rozdarcia i \u015bcieranie oraz przewy\u017cszaj\u0105 tradycyjn\u0105 gum\u0119. Inteligentny 4-otworowy uchwyt pozwala na \u0142atw\u0105 obs\u0142ug\u0119 pod dowolnym k\u0105tem, dzi\u0119ki czemu \u0142adowanie jest bezpieczniejsze i szybsze. Wyposa\u017cone w stalowy pier\u015bcie\u0144 \u015brodkowy zapewniaj\u0105cy p\u0142ynne przesuwanie i \u017cywe kolory u\u0142atwiaj\u0105ce identyfikacj\u0119, oferuj\u0105 doskona\u0142\u0105 amortyzacj\u0119 i profesjonaln\u0105 estetyk\u0119, kt\u00f3ra wytrzymuje intensywne u\u017cytkowanie komercyjne.<\/p>","protected":false},"featured_media":3633,"comment_status":"open","ping_status":"closed","template":"","meta":{"inline_featured_image":false,"site-sidebar-layout":"default","site-content-layout":"","ast-site-content-layout":"default","site-content-style":"default","site-sidebar-style":"default","ast-global-header-display":"","ast-banner-title-visibility":"","ast-main-header-display":"","ast-hfb-above-header-display":"","ast-hfb-below-header-display":"","ast-hfb-mobile-header-display":"","site-post-title":"","ast-breadcrumbs-content":"","ast-featured-img":"","footer-sml-layout":"","ast-disable-related-posts":"","theme-transparent-header-meta":"default","adv-header-id-meta":"","stick-header-meta":"default","header-above-stick-meta":"","header-main-stick-meta":"","header-below-stick-meta":"","astra-migrate-meta-layouts":"set","ast-page-background-enabled":"default","ast-page-background-meta":{"desktop":{"background-color":"","background-image":"","background-repeat":"repeat","background-position":"center center","background-size":"auto","background-attachment":"scroll","background-type":"","background-media":"","overlay-type":"","overlay-color":"","overlay-opacity":"","overlay-gradient":""},"tablet":{"background-color":"","background-image":"","background-repeat":"repeat","background-position":"center center","background-size":"auto","background-attachment":"scroll","background-type":"","background-media":"","overlay-type":"","overlay-color":"","overlay-opacity":"","overlay-gradient":""},"mobile":{"background-color":"","background-image":"","background-repeat":"repeat","background-position":"center center","background-size":"auto","background-attachment":"scroll","background-type":"","background-media":"","overlay-type":"","overlay-color":"","overlay-opacity":"","overlay-gradient":""}},"ast-content-background-meta":{"desktop":{"background-color":"var(--ast-global-color-5)","background-image":"","background-repeat":"repeat","background-position":"center center","background-size":"auto","background-attachment":"scroll","background-type":"","background-media":"","overlay-type":"","overlay-color":"","overlay-opacity":"","overlay-gradient":""},"tablet":{"background-color":"var(--ast-global-color-5)","background-image":"","background-repeat":"repeat","background-position":"center center","background-size":"auto","background-attachment":"scroll","background-type":"","background-media":"","overlay-type":"","overlay-color":"","overlay-opacity":"","overlay-gradient":""},"mobile":{"background-color":"var(--ast-global-color-5)","background-image":"","background-repeat":"repeat","background-position":"center center","background-size":"auto","background-attachment":"scroll","background-type":"","background-media":"","overlay-type":"","overlay-color":"","overlay-opacity":"","overlay-gradient":""}}},"product_brand":[],"product_cat":[55],"product_tag":[59],"class_list":{"0":"post-2918","1":"product","2":"type-product","3":"status-publish","4":"has-post-thumbnail","6":"product_cat-free-weight-training","7":"product_tag-plate","8":"desktop-align-left","9":"tablet-align-left","10":"mobile-align-left","12":"first","13":"instock","14":"shipping-taxable","15":"purchasable","16":"product-type-simple"},"_links":{"self":[{"href":"https:\/\/alexathletics1982.com\/pl\/wp-json\/wp\/v2\/product\/2918","targetHints":{"allow":["GET"]}}],"collection":[{"href":"https:\/\/alexathletics1982.com\/pl\/wp-json\/wp\/v2\/product"}],"about":[{"href":"https:\/\/alexathletics1982.com\/pl\/wp-json\/wp\/v2\/types\/product"}],"replies":[{"embeddable":true,"href":"https:\/\/alexathletics1982.com\/pl\/wp-json\/wp\/v2\/comments?post=2918"}],"wp:featuredmedia":[{"embeddable":true,"href":"https:\/\/alexathletics1982.com\/pl\/wp-json\/wp\/v2\/media\/3633"}],"wp:attachment":[{"href":"https:\/\/alexathletics1982.com\/pl\/wp-json\/wp\/v2\/media?parent=2918"}],"wp:term":[{"taxonomy":"product_brand","embeddable":true,"href":"https:\/\/alexathletics1982.com\/pl\/wp-json\/wp\/v2\/product_brand?post=2918"},{"taxonomy":"product_cat","embeddable":true,"href":"https:\/\/alexathletics1982.com\/pl\/wp-json\/wp\/v2\/product_cat?post=2918"},{"taxonomy":"product_tag","embeddable":true,"href":"https:\/\/alexathletics1982.com\/pl\/wp-json\/wp\/v2\/product_tag?post=2918"}],"curies":[{"name":"wp","href":"https:\/\/api.w.org\/{rel}","templated":true}]}}