{"id":2921,"date":"2026-01-23T20:20:20","date_gmt":"2026-01-23T12:20:20","guid":{"rendered":"https:\/\/alexathletics1982.com\/?post_type=product&#038;p=2921"},"modified":"2026-04-08T23:13:45","modified_gmt":"2026-04-08T15:13:45","slug":"skalibrowana-plyta","status":"publish","type":"product","link":"https:\/\/alexathletics1982.com\/pl\/calibrated-plate\/","title":{"rendered":"Skalibrowana p\u0142yta"},"content":{"rendered":"<h2>Z\u0142oty standard dok\u0142adno\u015bci: Skalibrowany talerz do tr\u00f3jboju si\u0142owego<\/h2>\n<p>W tr\u00f3jboju si\u0142owym precyzja jest wszystkim. Kalibrowany talerz Alex Athletics zosta\u0142 zaprojektowany dla sportowc\u00f3w, kt\u00f3rzy wymagaj\u0105, aby 25 kg oznacza\u0142o dok\u0142adnie 25 kg. W przeciwie\u0144stwie do standardowych \u017celiwnych talerzy, kt\u00f3re mog\u0105 r\u00f3\u017cni\u0107 si\u0119 o kilka procent, te gotowe do zawod\u00f3w talerze s\u0105 obrabiane z bardzo w\u0105sk\u0105 tolerancj\u0105 \u00b110 gram\u00f3w (lub \u00b10,25%). Ta precyzja jest osi\u0105gana dzi\u0119ki wtyczkom kalibracyjnym umieszczonym z ty\u0142u p\u0142yty, co zapewnia idealne wywa\u017cenie i dok\u0142adno\u015b\u0107 wagi. Ta niezawodno\u015b\u0107 pozwala elitarnym podno\u015bnikom ufa\u0107 swoim liczbom, niezale\u017cnie od tego, czy trenuj\u0105 do rekordu \u015bwiata, czy testuj\u0105 sw\u00f3j 1RM na si\u0142owni. Korzystanie ze skalibrowanych talerzy eliminuje zmienn\u0105 \u201cci\u0119\u017ckich\u201d lub \u201clekkich\u201d talerzy, standaryzuj\u0105c \u015brodowisko treningowe, aby pasowa\u0142o do platformy konkurencji.<\/p>\n<p>Poza dok\u0142adno\u015bci\u0105, fizyczny profil tych talerzy zmienia zasady gry. Charakteryzuj\u0105 si\u0119 ultracienk\u0105 konstrukcj\u0105, kt\u00f3ra pozwala na maksymalne obci\u0105\u017cenie tulei sztangi - niezb\u0119dne dla przysiad\u00f3w i martwych ci\u0105g\u00f3w o wadze 300 kg i wi\u0119kszej. Ten smuk\u0142y profil utrzymuje ci\u0119\u017car skoncentrowany bli\u017cej \u015brodka sztangi, zmniejszaj\u0105c biczowanie sztangi i poprawiaj\u0105c stabilno\u015b\u0107. Talerze s\u0105 wyko\u0144czone trwa\u0142\u0105, matow\u0105 pow\u0142ok\u0105 proszkow\u0105 i oznaczone kolorami zgodnie ze standardami IPF (czerwony dla 25 kg, niebieski dla 20 kg itp.) W celu natychmiastowej identyfikacji. \u015arodkowy otw\u00f3r jest precyzyjnie nawiercony do 50,4 mm, co zapewnia ciasne, bezluzowe dopasowanie do sztangi, tworz\u0105c solidn\u0105, sp\u00f3jn\u0105 ca\u0142o\u015b\u0107 po za\u0142adowaniu. Dla powa\u017cnych sportowc\u00f3w si\u0142owych skalibrowany talerz nie jest luksusem; to konieczno\u015b\u0107.<\/p>\n<h3>1. Precyzyjna kalibracja (\u00b110g)<\/h3>\n<p>Ka\u017cda p\u0142ytka jest regulowana tak, aby jej waga nie przekracza\u0142a 10 gram\u00f3w. Osi\u0105ga si\u0119 to poprzez wywiercenie nadmiaru materia\u0142u lub dodanie zatyczek z o\u0142owiu\/mosi\u0105dzu do tylnej powierzchni. Ten poziom dok\u0142adno\u015bci ma kluczowe znaczenie dla przygotowania do zawod\u00f3w, zapewniaj\u0105c, \u017ce obci\u0105\u017cenia treningowe s\u0105 uczciwe i sp\u00f3jne. Eliminuje to rozbie\u017cno\u015bci mi\u0119dzy \u201csi\u0142owni\u0105 PR\u201d a \u201cplatform\u0105 PR\u201d spowodowane niedok\u0142adnymi odwa\u017cnikami.<\/p>\n<h3>2. Bardzo cienki profil \u0142adowania<\/h3>\n<p>Miejsce na dr\u0105\u017cku jest cenne. Talerze te s\u0105 znacznie cie\u0144sze ni\u017c standardowe talerze \u017celazne lub zderzakowe. Na przyk\u0142ad talerz o wadze 25 kg jest cienki jak brzytwa w por\u00f3wnaniu do 25-kilogramowego zderzaka. Pozwala to na obci\u0105\u017cenie ponad 700 kg na standardowym dr\u0105\u017cku, dzi\u0119ki czemu mog\u0105 z niego korzysta\u0107 najsilniejsi ci\u0119\u017carowcy na \u015bwiecie. Zmniejsza to r\u00f3wnie\u017c rami\u0119 d\u017awigni na tulei, dzi\u0119ki czemu dr\u0105\u017cek jest sztywniejszy i bardziej responsywny.<\/p>\n<h3>3. Standardowe kodowanie kolorami IPF<\/h3>\n<p>Wizualizacja obci\u0105\u017cenia jest natychmiastowa. Talerze s\u0105 pomalowane w standardowych kolorach Powerlifting: Czerwony (25 kg), Niebieski (20 kg), \u017b\u00f3\u0142ty (15 kg), Zielony (10 kg) i Bia\u0142y\/Czarny dla mniejszych talerzy. Ten uniwersalny j\u0119zyk sprawia, \u017ce \u0142adowanie sztangi jest szybsze i zmniejsza liczb\u0119 b\u0142\u0119d\u00f3w matematycznych podczas intensywnych sesji. Wysokiej jako\u015bci pow\u0142oka proszkowa jest odporna na odpryski i blakni\u0119cie.<\/p>\n<h3>4. Ciasny otw\u00f3r centralny 50,4 mm<\/h3>\n<p>Lu\u017ane p\u0142ytki powoduj\u0105 grzechotanie i niestabilno\u015b\u0107. Talerze te maj\u0105 otw\u00f3r o \u015brednicy 50,4 mm. Jest to znacznie mniejsza tolerancja ni\u017c w przypadku standardowych talerzy 51 mm. Rezultatem jest dok\u0142adne dopasowanie do tulei sztangi praktycznie bez luzu. Podczas podnoszenia sztanga i talerze poruszaj\u0105 si\u0119 jak jeden solidny obiekt, zapewniaj\u0105c doskona\u0142e wyczucie.<\/p>\n<h3>5. Konstrukcja uchwytu<\/h3>\n<p>Talerze s\u0105 solidne, ale maj\u0105 podniesion\u0105 kraw\u0119d\u017a lub p\u00f3\u0142k\u0119 wok\u00f3\u0142 obwodu. Ten subtelny element konstrukcyjny zapewnia uchwyt na palce, u\u0142atwiaj\u0105c podwa\u017canie talerzy, gdy s\u0105 one u\u0142o\u017cone p\u0142asko na pod\u0142odze lub ciasno wzgl\u0119dem siebie na dr\u0105\u017cku. Poprawia to bezpiecze\u0144stwo obs\u0142ugi bez po\u015bwi\u0119cania cienkiego profilu.<\/p>\n<h3>Dla kogo to jest?<\/h3>\n<ul style=\"list-style-position: inside; padding-left: 0;\">\n<li>Zawodnicy tr\u00f3jboju si\u0142owego (specyfikacje USAPL\/IPF).<\/li>\n<li>Trenerzy si\u0142owi wymagaj\u0105cy precyzyjnego obci\u0105\u017cenia.<\/li>\n<li>Si\u0142ownie wyposa\u017cone w stojaki combo klasy zawodniczej.<\/li>\n<li>Elitarni sportowcy podnosz\u0105cy ponad 300 kg\/600 funt\u00f3w.<\/li>\n<li>W\u0142a\u015bciciele domowych si\u0142owni, kt\u00f3rym zale\u017cy na najwy\u017cszej jako\u015bci.<\/li>\n<\/ul>\n<h3>Specyfikacja produktu<\/h3>\n<table border=\"1\" width=\"100%\" cellspacing=\"0\" cellpadding=\"5\">\n<tbody>\n<tr>\n<td><strong>Model<\/strong><\/td>\n<td>W02BF017<\/td>\n<\/tr>\n<tr>\n<td><strong>Materia\u0142<\/strong><\/td>\n<td>\u017beliwo<\/td>\n<\/tr>\n<tr>\n<td><strong>Tolerancja<\/strong><\/td>\n<td>\u00b1 10 gram\u00f3w \/ 0,25%<\/td>\n<\/tr>\n<tr>\n<td><strong>Otw\u00f3r centralny<\/strong><\/td>\n<td>50,4 ~ 50,8 mm<\/td>\n<\/tr>\n<tr>\n<td><strong>Zako\u0144czenie<\/strong><\/td>\n<td>Matowa farba proszkowa (kodowana kolorami)<\/td>\n<\/tr>\n<\/tbody>\n<\/table>","protected":false},"excerpt":{"rendered":"<p>Kalibrowane talerze Alex Athletics to najbardziej precyzyjne narz\u0119dzie do tr\u00f3jboju si\u0142owego. Wykonane z dok\u0142adn\u0105 tolerancj\u0105 \u00b110 g, talerze te zapewniaj\u0105, \u017ce waga treningu jest dok\u0142adna co do grama. Ich ultracienki profil pozwala na maksymalne obci\u0105\u017cenie dr\u0105\u017cka, co jest niezb\u0119dne dla elitarnych poziom\u00f3w si\u0142y. Wyposa\u017cone w kodowanie kolorami zgodne ze standardem IPF i ciasny otw\u00f3r centralny zapewniaj\u0105cy brak chybotania, zapewniaj\u0105 stabilno\u015b\u0107 i sp\u00f3jno\u015b\u0107 wymagan\u0105 do przygotowania do zawod\u00f3w. Trwa\u0142e, precyzyjne i profesjonalne.<\/p>","protected":false},"featured_media":3228,"comment_status":"open","ping_status":"closed","template":"","meta":{"inline_featured_image":false,"site-sidebar-layout":"default","site-content-layout":"","ast-site-content-layout":"default","site-content-style":"default","site-sidebar-style":"default","ast-global-header-display":"","ast-banner-title-visibility":"","ast-main-header-display":"","ast-hfb-above-header-display":"","ast-hfb-below-header-display":"","ast-hfb-mobile-header-display":"","site-post-title":"","ast-breadcrumbs-content":"","ast-featured-img":"","footer-sml-layout":"","ast-disable-related-posts":"","theme-transparent-header-meta":"default","adv-header-id-meta":"","stick-header-meta":"default","header-above-stick-meta":"","header-main-stick-meta":"","header-below-stick-meta":"","astra-migrate-meta-layouts":"set","ast-page-background-enabled":"default","ast-page-background-meta":{"desktop":{"background-color":"","background-image":"","background-repeat":"repeat","background-position":"center center","background-size":"auto","background-attachment":"scroll","background-type":"","background-media":"","overlay-type":"","overlay-color":"","overlay-opacity":"","overlay-gradient":""},"tablet":{"background-color":"","background-image":"","background-repeat":"repeat","background-position":"center center","background-size":"auto","background-attachment":"scroll","background-type":"","background-media":"","overlay-type":"","overlay-color":"","overlay-opacity":"","overlay-gradient":""},"mobile":{"background-color":"","background-image":"","background-repeat":"repeat","background-position":"center center","background-size":"auto","background-attachment":"scroll","background-type":"","background-media":"","overlay-type":"","overlay-color":"","overlay-opacity":"","overlay-gradient":""}},"ast-content-background-meta":{"desktop":{"background-color":"var(--ast-global-color-5)","background-image":"","background-repeat":"repeat","background-position":"center center","background-size":"auto","background-attachment":"scroll","background-type":"","background-media":"","overlay-type":"","overlay-color":"","overlay-opacity":"","overlay-gradient":""},"tablet":{"background-color":"var(--ast-global-color-5)","background-image":"","background-repeat":"repeat","background-position":"center center","background-size":"auto","background-attachment":"scroll","background-type":"","background-media":"","overlay-type":"","overlay-color":"","overlay-opacity":"","overlay-gradient":""},"mobile":{"background-color":"var(--ast-global-color-5)","background-image":"","background-repeat":"repeat","background-position":"center center","background-size":"auto","background-attachment":"scroll","background-type":"","background-media":"","overlay-type":"","overlay-color":"","overlay-opacity":"","overlay-gradient":""}}},"product_brand":[],"product_cat":[55],"product_tag":[59],"class_list":{"0":"post-2921","1":"product","2":"type-product","3":"status-publish","4":"has-post-thumbnail","6":"product_cat-free-weight-training","7":"product_tag-plate","8":"desktop-align-left","9":"tablet-align-left","10":"mobile-align-left","12":"first","13":"instock","14":"shipping-taxable","15":"purchasable","16":"product-type-simple"},"_links":{"self":[{"href":"https:\/\/alexathletics1982.com\/pl\/wp-json\/wp\/v2\/product\/2921","targetHints":{"allow":["GET"]}}],"collection":[{"href":"https:\/\/alexathletics1982.com\/pl\/wp-json\/wp\/v2\/product"}],"about":[{"href":"https:\/\/alexathletics1982.com\/pl\/wp-json\/wp\/v2\/types\/product"}],"replies":[{"embeddable":true,"href":"https:\/\/alexathletics1982.com\/pl\/wp-json\/wp\/v2\/comments?post=2921"}],"wp:featuredmedia":[{"embeddable":true,"href":"https:\/\/alexathletics1982.com\/pl\/wp-json\/wp\/v2\/media\/3228"}],"wp:attachment":[{"href":"https:\/\/alexathletics1982.com\/pl\/wp-json\/wp\/v2\/media?parent=2921"}],"wp:term":[{"taxonomy":"product_brand","embeddable":true,"href":"https:\/\/alexathletics1982.com\/pl\/wp-json\/wp\/v2\/product_brand?post=2921"},{"taxonomy":"product_cat","embeddable":true,"href":"https:\/\/alexathletics1982.com\/pl\/wp-json\/wp\/v2\/product_cat?post=2921"},{"taxonomy":"product_tag","embeddable":true,"href":"https:\/\/alexathletics1982.com\/pl\/wp-json\/wp\/v2\/product_tag?post=2921"}],"curies":[{"name":"wp","href":"https:\/\/api.w.org\/{rel}","templated":true}]}}