{"id":2922,"date":"2026-01-23T20:20:20","date_gmt":"2026-01-23T12:20:20","guid":{"rendered":"https:\/\/alexathletics1982.com\/?post_type=product&#038;p=2922"},"modified":"2026-04-08T23:15:13","modified_gmt":"2026-04-08T15:15:13","slug":"talerz-gleboki","status":"publish","type":"product","link":"https:\/\/alexathletics1982.com\/pl\/deep-dish-plate\/","title":{"rendered":"G\u0142\u0119boki talerz"},"content":{"rendered":"<h2>Estetyka Z\u0142otej Ery: Deep Dish Olympic Plate<\/h2>\n<p>Przywo\u0142uj\u0105c nostalgi\u0119 za kulturystyk\u0105 \u201cZ\u0142otej Ery\u201d lat 70-tych, Deep Dish Plate firmy Alex Athletics \u0142\u0105czy w sobie estetyk\u0119 vintage z nowoczesn\u0105 jako\u015bci\u0105 produkcji. Cech\u0105 charakterystyczn\u0105 tych \u017celiwnych talerzy jest wyj\u0105tkowo szeroka, podniesiona kraw\u0119d\u017a, kt\u00f3ra jest znacznie grubsza ni\u017c powierzchnia wewn\u0119trzna. Ta konstrukcja \u201cDeep Dish\u201d s\u0142u\u017cy podw\u00f3jnemu celowi: fizycznie zwi\u0119ksza powierzchni\u0119 kontaktu mi\u0119dzy p\u0142ytami, tworz\u0105c stabilny stos; funkcjonalnie zapewnia masywn\u0105, g\u0142\u0119bok\u0105 warg\u0119, kt\u00f3ra jest niezwykle \u0142atwa do uchwycenia. W przeciwie\u0144stwie do p\u0142askich talerzy, kt\u00f3re s\u0105 koszmarem do oderwania od pod\u0142ogi, mo\u017cesz bezpiecznie zaczepi\u0107 palce pod kraw\u0119dzi\u0105 talerza Deep Dish, dzi\u0119ki czemu \u0142adowanie i roz\u0142adowywanie dr\u0105\u017cka jest dziecinnie proste, nawet przy spoconych d\u0142oniach.<\/p>\n<p>Wykonane z wysokiej jako\u015bci \u017celiwa, p\u0142yty te s\u0105 wyko\u0144czone trwa\u0142\u0105 czarn\u0105 farb\u0105 lub pow\u0142ok\u0105 proszkow\u0105, kt\u00f3ra jest odporna na rdz\u0119 i zachowuje klasyczny \u017celazny wygl\u0105d. Fazowana konstrukcja obr\u0119czy dodatkowo zwi\u0119ksza komfort prowadzenia. Chocia\u017c maj\u0105 one szersz\u0105 powierzchni\u0119 ni\u017c skalibrowane talerze, ich unikalny rozk\u0142ad masy przesuwa mas\u0119 na obw\u00f3d, co zdaniem niekt\u00f3rych podno\u015bnik\u00f3w poprawia bezw\u0142adno\u015b\u0107 obrotow\u0105 i r\u00f3wnowag\u0119 sztangi. Niezale\u017cnie od tego, czy wyposa\u017casz gara\u017cow\u0105 si\u0142owni\u0119 w stylu retro, czy te\u017c zaopatrujesz obiekt komercyjny, kt\u00f3ry ceni klasyk\u0119, Deep Dish Plate oferuje satysfakcjonuj\u0105ce, wytrzyma\u0142e do\u015bwiadczenie podnoszenia ci\u0119\u017car\u00f3w z doskona\u0142\u0105 u\u017cyteczno\u015bci\u0105.<\/p>\n<h3>1. Klasyczna obr\u0119cz \u201cDeep Dish\u201d<\/h3>\n<p>Gruba kraw\u0119d\u017a jest gwiazd\u0105. Tworzy ona g\u0142\u0119bok\u0105 p\u00f3\u0142k\u0119, kt\u00f3ra pozwala na pe\u0142ny chwyt palcami. Dzi\u0119ki temu przenoszenie talerzy o wadze 45 lb\/20 kg jest znacznie bezpieczniejsze i \u0142atwiejsze ni\u017c w przypadku talerzy o g\u0142adkich kraw\u0119dziach. Eliminuje to potrzeb\u0119 wykonywania wyci\u0119\u0107 na uchwyty, a jednocze\u015bnie zapewnia doskona\u0142\u0105 przeno\u015bno\u015b\u0107. Wygl\u0105da pot\u0119\u017cnie i sprawia wra\u017cenie solidnej.<\/p>\n<h3>2. \u0141atwy odbi\u00f3r z pod\u0142ogi<\/h3>\n<p>P\u0142askie talerze tworz\u0105 efekt podci\u015bnienia na gumowej pod\u0142odze. Profil Deep Dish zapewnia, \u017ce nawet gdy talerz le\u017cy p\u0142asko, pod kraw\u0119dzi\u0105 jest wystarczaj\u0105co du\u017co miejsca, aby wsun\u0105\u0107 palce. Ju\u017c nigdy wi\u0119cej nie b\u0119dziesz mia\u0142 trudno\u015bci z podniesieniem talerza. Ten ma\u0142y szczeg\u00f3\u0142 oszcz\u0119dza czas i frustracj\u0119 podczas ka\u017cdego treningu.<\/p>\n<h3>3. Trwa\u0142e \u017celiwo i wyko\u0144czenie<\/h3>\n<p>S\u0105 one zbudowane tak, aby przetrwa\u0107 ca\u0142e \u017cycie. Solidna \u017celiwna konstrukcja jest praktycznie niezniszczalna w normalnych warunkach podnoszenia. Wysokiej jako\u015bci wyko\u0144czenie farb\u0105 chroni przed utlenianiem i nadaje p\u0142ytce czysty, profesjonalny wygl\u0105d. Tworzy wyra\u017any, rezonansowy \u201cbrz\u0119k\u201d \u017celaza, kt\u00f3ry uwielbia wielu ci\u0119\u017carowc\u00f3w.<\/p>\n<h3>4. Stabilne uk\u0142adanie<\/h3>\n<p>Szeroka obr\u0119cz zapewnia du\u017c\u0105 powierzchni\u0119 styku. Po za\u0142adowaniu na sztang\u0119 lub przechowywaniu na stojaku, talerze przylegaj\u0105 do siebie, zapewniaj\u0105c doskona\u0142\u0105 stabilno\u015b\u0107. Zmniejsza to chybotanie i grzechotanie podczas podnoszenia w por\u00f3wnaniu do nier\u00f3wno odlanych tanich talerzy.<\/p>\n<h3>5. Precyzyjne fazowanie<\/h3>\n<p>Alex Athletics dodaje nowoczesnego akcentu dzi\u0119ki fazowanym (\u015bci\u0119tym) kraw\u0119dziom. Usuwa to ostre linie odlewu, zapewniaj\u0105c, \u017ce p\u0142yta jest g\u0142adka w dotyku i nie przecina sk\u00f3ry ani nie zaczepia odzie\u017cy. Odzwierciedla to wi\u0119ksz\u0105 dba\u0142o\u015b\u0107 o szczeg\u00f3\u0142y ni\u017c standardowe p\u0142yty vintage.<\/p>\n<h3>Dla kogo to jest?<\/h3>\n<ul style=\"list-style-position: inside; padding-left: 0;\">\n<li>Stara szko\u0142a kulturyst\u00f3w i tr\u00f3jboist\u00f3w si\u0142owych.<\/li>\n<li>W\u0142a\u015bciciele domowych si\u0142owni poszukuj\u0105cy estetyki vintage.<\/li>\n<li>Lifterzy, kt\u00f3rzy zmagaj\u0105 si\u0119 z si\u0142\u0105 chwytu podczas \u0142adowania talerzy.<\/li>\n<li>Si\u0142ownie komercyjne potrzebuj\u0105 trwa\u0142ego, klasycznego sprz\u0119tu.<\/li>\n<li>Ka\u017cdy, kto kocha d\u017awi\u0119k \u017celaza.<\/li>\n<\/ul>\n<h3>Specyfikacja produktu<\/h3>\n<table border=\"1\" width=\"100%\" cellspacing=\"0\" cellpadding=\"5\">\n<tbody>\n<tr>\n<td><strong>Model<\/strong><\/td>\n<td>W02BF018<\/td>\n<\/tr>\n<tr>\n<td><strong>Materia\u0142<\/strong><\/td>\n<td>\u017beliwo<\/td>\n<\/tr>\n<tr>\n<td><strong>Projekt<\/strong><\/td>\n<td>Deep Dish Rim<\/td>\n<\/tr>\n<tr>\n<td><strong>Wagi<\/strong><\/td>\n<td>2,5 - 45 lb (lub ekwiwalent kg)<\/td>\n<\/tr>\n<tr>\n<td><strong>Zako\u0144czenie<\/strong><\/td>\n<td>Trwa\u0142e malowanie<\/td>\n<\/tr>\n<\/tbody>\n<\/table>","protected":false},"excerpt":{"rendered":"<p>Talerz Deep Dish Plate firmy Alex Athletics nadaje si\u0142owni klasyczny wygl\u0105d \u201cZ\u0142otej Ery\u201d kulturystyki. Dzi\u0119ki szerokiej, g\u0142\u0119bokiej kraw\u0119dzi te \u017celiwne talerze s\u0105 niezwykle \u0142atwe do chwytania i podnoszenia z pod\u0142ogi, rozwi\u0105zuj\u0105c problemy zwi\u0105zane z obs\u0142ug\u0105 p\u0142askich talerzy. Trwa\u0142e czarne wyko\u0144czenie i fazowane kraw\u0119dzie zapewniaj\u0105 trwa\u0142o\u015b\u0107 i wygod\u0119. Dzi\u0119ki stabilnemu profilowi do uk\u0142adania w stosy i satysfakcjonuj\u0105cemu odczuciu ci\u0119\u017ckiego \u017celaza, s\u0105 one idealnym wyborem dla os\u00f3b ceni\u0105cych tradycj\u0119, estetyk\u0119 i u\u017cyteczno\u015b\u0107.<\/p>","protected":false},"featured_media":3290,"comment_status":"open","ping_status":"closed","template":"","meta":{"inline_featured_image":false,"site-sidebar-layout":"default","site-content-layout":"","ast-site-content-layout":"default","site-content-style":"default","site-sidebar-style":"default","ast-global-header-display":"","ast-banner-title-visibility":"","ast-main-header-display":"","ast-hfb-above-header-display":"","ast-hfb-below-header-display":"","ast-hfb-mobile-header-display":"","site-post-title":"","ast-breadcrumbs-content":"","ast-featured-img":"","footer-sml-layout":"","ast-disable-related-posts":"","theme-transparent-header-meta":"default","adv-header-id-meta":"","stick-header-meta":"default","header-above-stick-meta":"","header-main-stick-meta":"","header-below-stick-meta":"","astra-migrate-meta-layouts":"set","ast-page-background-enabled":"default","ast-page-background-meta":{"desktop":{"background-color":"","background-image":"","background-repeat":"repeat","background-position":"center center","background-size":"auto","background-attachment":"scroll","background-type":"","background-media":"","overlay-type":"","overlay-color":"","overlay-opacity":"","overlay-gradient":""},"tablet":{"background-color":"","background-image":"","background-repeat":"repeat","background-position":"center center","background-size":"auto","background-attachment":"scroll","background-type":"","background-media":"","overlay-type":"","overlay-color":"","overlay-opacity":"","overlay-gradient":""},"mobile":{"background-color":"","background-image":"","background-repeat":"repeat","background-position":"center center","background-size":"auto","background-attachment":"scroll","background-type":"","background-media":"","overlay-type":"","overlay-color":"","overlay-opacity":"","overlay-gradient":""}},"ast-content-background-meta":{"desktop":{"background-color":"var(--ast-global-color-5)","background-image":"","background-repeat":"repeat","background-position":"center center","background-size":"auto","background-attachment":"scroll","background-type":"","background-media":"","overlay-type":"","overlay-color":"","overlay-opacity":"","overlay-gradient":""},"tablet":{"background-color":"var(--ast-global-color-5)","background-image":"","background-repeat":"repeat","background-position":"center center","background-size":"auto","background-attachment":"scroll","background-type":"","background-media":"","overlay-type":"","overlay-color":"","overlay-opacity":"","overlay-gradient":""},"mobile":{"background-color":"var(--ast-global-color-5)","background-image":"","background-repeat":"repeat","background-position":"center center","background-size":"auto","background-attachment":"scroll","background-type":"","background-media":"","overlay-type":"","overlay-color":"","overlay-opacity":"","overlay-gradient":""}}},"product_brand":[],"product_cat":[55],"product_tag":[59],"class_list":{"0":"post-2922","1":"product","2":"type-product","3":"status-publish","4":"has-post-thumbnail","6":"product_cat-free-weight-training","7":"product_tag-plate","8":"desktop-align-left","9":"tablet-align-left","10":"mobile-align-left","12":"first","13":"instock","14":"shipping-taxable","15":"purchasable","16":"product-type-simple"},"_links":{"self":[{"href":"https:\/\/alexathletics1982.com\/pl\/wp-json\/wp\/v2\/product\/2922","targetHints":{"allow":["GET"]}}],"collection":[{"href":"https:\/\/alexathletics1982.com\/pl\/wp-json\/wp\/v2\/product"}],"about":[{"href":"https:\/\/alexathletics1982.com\/pl\/wp-json\/wp\/v2\/types\/product"}],"replies":[{"embeddable":true,"href":"https:\/\/alexathletics1982.com\/pl\/wp-json\/wp\/v2\/comments?post=2922"}],"wp:featuredmedia":[{"embeddable":true,"href":"https:\/\/alexathletics1982.com\/pl\/wp-json\/wp\/v2\/media\/3290"}],"wp:attachment":[{"href":"https:\/\/alexathletics1982.com\/pl\/wp-json\/wp\/v2\/media?parent=2922"}],"wp:term":[{"taxonomy":"product_brand","embeddable":true,"href":"https:\/\/alexathletics1982.com\/pl\/wp-json\/wp\/v2\/product_brand?post=2922"},{"taxonomy":"product_cat","embeddable":true,"href":"https:\/\/alexathletics1982.com\/pl\/wp-json\/wp\/v2\/product_cat?post=2922"},{"taxonomy":"product_tag","embeddable":true,"href":"https:\/\/alexathletics1982.com\/pl\/wp-json\/wp\/v2\/product_tag?post=2922"}],"curies":[{"name":"wp","href":"https:\/\/api.w.org\/{rel}","templated":true}]}}