{"id":2925,"date":"2026-01-23T20:20:20","date_gmt":"2026-01-23T12:20:20","guid":{"rendered":"https:\/\/alexathletics1982.com\/?post_type=product&#038;p=2925"},"modified":"2026-04-10T22:23:14","modified_gmt":"2026-04-10T14:23:14","slug":"gumowa-plytka-zderzaka-olimpijskiego-t2","status":"publish","type":"product","link":"https:\/\/alexathletics1982.com\/pl\/olympic-rubber-bumper-plate-t2\/","title":{"rendered":"Olimpijska gumowa p\u0142ytka odbojowa-T2"},"content":{"rendered":"<h2>Czarny standard: Wytrzyma\u0142a gumowa p\u0142yta zderzaka (T2)<\/h2>\n<p>Dla si\u0142owni, dla kt\u00f3rej priorytetem jest solidna u\u017cyteczno\u015b\u0107 i niewidzialna estetyka, Olympic Rubber Bumper Plate-T2 jest odpowiedzi\u0105. Model ten koncentruje si\u0119 na najwa\u017cniejszych aspektach: trwa\u0142o\u015bci, bezpiecze\u0144stwie i wydajno\u015bci. Pokryty ca\u0142kowicie czarn\u0105 gum\u0105 o wysokiej g\u0119sto\u015bci, T2 oferuje konstrukcj\u0119 \u201cCompetition Proof\u201d zaprojektowan\u0105 tak, aby wytrzyma\u0107 nadu\u017cycia w \u015brodowiskach komercyjnych. Formu\u0142a gumy zosta\u0142a zaprojektowana z my\u015bl\u0105 o odporno\u015bci na wstrz\u0105sy, poch\u0142aniaj\u0105c energi\u0119 upadku, aby chroni\u0107 pod\u0142og\u0119 i wewn\u0119trzne \u0142o\u017cyska sztangi. Charakteryzuje si\u0119 solidnym odbiciem - ani zbyt spr\u0119\u017cystym, ani ca\u0142kowicie martwym - dzi\u0119ki czemu idealnie nadaje si\u0119 do rytmicznej jazdy na rowerze sztangi w funkcjonalnych treningach fitness. Czarna estetyka ukrywa zadrapania i \u015blady kredy, dzi\u0119ki czemu si\u0142ownia wygl\u0105da profesjonalnie.<\/p>\n<p>Po\u015brodku znajduje si\u0119 ocynkowany stalowy pier\u015bcie\u0144 \u015brodkowy. Ta wk\u0142adka zapewnia g\u0142adki, trwa\u0142y interfejs dla tulei sztangi, umo\u017cliwiaj\u0105c szybk\u0105 wymian\u0119 talerzy. Pier\u015bcie\u0144 jest bezpiecznie zakotwiczony, aby zapobiec poluzowaniu w miar\u0119 up\u0142ywu czasu. Dost\u0119pne w standardowych wagach (cz\u0119sto lb lub kg w zale\u017cno\u015bci od regionu, \u017ar\u00f3d\u0142o wspomina lbs: 10, 15, 25, 35, 45 lb), talerz T2 spe\u0142nia standardy wymiarowe dla podnoszenia olimpijskiego (\u015brednica 450 mm). Jest to ko\u0144 roboczy linii zderzak\u00f3w Alex, oferuj\u0105cy wysok\u0105 wydajno\u015b\u0107 wysokiej jako\u015bci zderzaka bez wizualnego b\u0142ysku kolorowych p\u0142yt. Jest to idealny wyb\u00f3r dla si\u0142owni gara\u017cowych, obiekt\u00f3w si\u0142owych i kondycyjnych oraz ka\u017cdego, kto wierzy, \u017ce ci\u0119\u017cary maj\u0105 by\u0107 podnoszone, a nie ogl\u0105dane.<\/p>\n<h3>1. Wytrzyma\u0142a, ca\u0142kowicie czarna estetyka<\/h3>\n<p>Model T2 charakteryzuje si\u0119 czarnym wyko\u0144czeniem. Jest to praktyczny wyb\u00f3r dla si\u0142owni o du\u017cym nat\u0119\u017ceniu ruchu. W przeciwie\u0144stwie do kolorowych p\u0142yt, kt\u00f3re mog\u0105 wykazywa\u0107 zabrudzenia lub zarysowania, czarna guma zachowuje jednolity wygl\u0105d. Idealnie pasuje do klimatu \u201cindustrialnego\u201d lub \u201csi\u0142owni gara\u017cowej\u201d i sygnalizuje, \u017ce ten sprz\u0119t jest przeznaczony do ci\u0119\u017ckiej pracy.<\/p>\n<h3>2. Wytrzyma\u0142o\u015b\u0107 gumy o wysokiej g\u0119sto\u015bci<\/h3>\n<p>Mieszanka gumowa zosta\u0142a wybrana ze wzgl\u0119du na jej wytrzyma\u0142o\u015b\u0107 na rozci\u0105ganie i odporno\u015b\u0107 na p\u0119kanie. Wytrzymuje wielokrotne upadki na gumow\u0105 pod\u0142og\u0119 lub platform\u0119. Materia\u0142 ten minimalizuje ha\u0142as, t\u0142umi\u0105c odg\u0142os upadku w por\u00f3wnaniu z \u017celaznymi p\u0142ytami, co ma zasadnicze znaczenie dla wsp\u00f3lnych przestrzeni.<\/p>\n<h3>3. Ocynkowany stalowy pier\u015bcie\u0144 \u015brodkowy<\/h3>\n<p>Wk\u0142adka jest wykonana z galwanizowanej stali, kt\u00f3ra zapewnia doskona\u0142\u0105 ochron\u0119 przed rdz\u0105. Zapewnia solidny, metalowy kontakt z tulej\u0105 sztangi, zapewniaj\u0105c \u0142atwe wsuwanie talerza. Bezpieczne po\u0142\u0105czenie zapobiega obracaniu si\u0119 pier\u015bcienia wewn\u0105trz gumy, co jest cz\u0119st\u0105 usterk\u0105 w tanich zderzakach.<\/p>\n<h3>4. Sta\u0142a \u015brednica 450 mm<\/h3>\n<p>Niezale\u017cnie od wagi (od 10 funt\u00f3w do 45 funt\u00f3w), wszystkie talerze maj\u0105 standardow\u0105 \u015brednic\u0119 450 mm IWF. Zapewnia to, \u017ce gdy pr\u0119t uderza w pod\u0142og\u0119, uderzenie rozk\u0142ada si\u0119 r\u00f3wnomiernie na wszystkie talerze (je\u015bli maj\u0105 t\u0119 sam\u0105 \u015brednic\u0119), chroni\u0105c l\u017cejsze talerze przed zginaniem lub \u0142amaniem.<\/p>\n<h3>5. Ochrona pod\u0142ogi i sprz\u0119tu<\/h3>\n<p>G\u0142\u00f3wnym zadaniem zderzaka jest poch\u0142anianie wstrz\u0105s\u00f3w. T2 jest w tym doskona\u0142y. Rozpraszaj\u0105c si\u0142\u0119 upadku, chroni drogi dr\u0105\u017cek przed wygi\u0119ciem i zapobiega p\u0119kaniu betonowego pod\u0142o\u017ca. Jest to niezb\u0119dna inwestycja dla ka\u017cdego, kto wykonuje cleany, snatche lub martwy ci\u0105g.<\/p>\n<h3>Dla kogo to jest?<\/h3>\n<ul style=\"list-style-position: inside; padding-left: 0;\">\n<li>W\u0142a\u015bciciele si\u0142owni gara\u017cowych pragn\u0105cy klasycznego czarnego wygl\u0105du.<\/li>\n<li>Szko\u0142y i wydzia\u0142y sportowe z ograniczonym bud\u017cetem.<\/li>\n<li>Lifterzy, kt\u00f3rzy przedk\u0142adaj\u0105 funkcjonalno\u015b\u0107 nad kodowanie kolorami.<\/li>\n<li>Ka\u017cdy, kto potrzebuje obci\u0105\u017cnik\u00f3w t\u0142umi\u0105cych ha\u0142as.<\/li>\n<\/ul>\n<h3>Specyfikacja produktu<\/h3>\n<table border=\"1\" width=\"100%\" cellspacing=\"0\" cellpadding=\"5\">\n<tbody>\n<tr>\n<td><strong>Model<\/strong><\/td>\n<td>W02CA011<\/td>\n<\/tr>\n<tr>\n<td><strong>Kolor<\/strong><\/td>\n<td>Czarny<\/td>\n<\/tr>\n<tr>\n<td><strong>Materia\u0142<\/strong><\/td>\n<td>Guma o wysokiej g\u0119sto\u015bci<\/td>\n<\/tr>\n<tr>\n<td><strong>Wstawka<\/strong><\/td>\n<td>Pier\u015bcie\u0144 ze stali ocynkowanej<\/td>\n<\/tr>\n<tr>\n<td><strong>Wagi<\/strong><\/td>\n<td>10, 15, 25, 35, 45 funt\u00f3w<\/td>\n<\/tr>\n<\/tbody>\n<\/table>","protected":false},"excerpt":{"rendered":"<p>Olympic Rubber Bumper Plate-T2 od Alex Athletics to wytrzyma\u0142y, ca\u0142kowicie czarny ko\u0144 roboczy do ci\u0119\u017ckich trening\u00f3w. Gumowa konstrukcja o wysokiej g\u0119sto\u015bci zapewnia doskona\u0142\u0105 trwa\u0142o\u015b\u0107 i amortyzacj\u0119, chroni\u0105c pod\u0142og\u0119 i sprz\u0119t. Ocynkowany stalowy pier\u015bcie\u0144 centralny zapewnia p\u0142ynne \u0142adowanie i d\u0142ugotrwa\u0142\u0105 wydajno\u015b\u0107. Dzi\u0119ki standardowej \u015brednicy 450 mm i ukrytej czarnej estetyce, kt\u00f3ra ukrywa zu\u017cycie, jest to praktyczny, op\u0142acalny wyb\u00f3r dla si\u0142owni gara\u017cowych i obiekt\u00f3w si\u0142owych, kt\u00f3re wymagaj\u0105 niezawodno\u015bci.<\/p>","protected":false},"featured_media":3253,"comment_status":"open","ping_status":"closed","template":"","meta":{"inline_featured_image":false,"site-sidebar-layout":"default","site-content-layout":"","ast-site-content-layout":"default","site-content-style":"default","site-sidebar-style":"default","ast-global-header-display":"","ast-banner-title-visibility":"","ast-main-header-display":"","ast-hfb-above-header-display":"","ast-hfb-below-header-display":"","ast-hfb-mobile-header-display":"","site-post-title":"","ast-breadcrumbs-content":"","ast-featured-img":"","footer-sml-layout":"","ast-disable-related-posts":"","theme-transparent-header-meta":"default","adv-header-id-meta":"","stick-header-meta":"default","header-above-stick-meta":"","header-main-stick-meta":"","header-below-stick-meta":"","astra-migrate-meta-layouts":"set","ast-page-background-enabled":"default","ast-page-background-meta":{"desktop":{"background-color":"","background-image":"","background-repeat":"repeat","background-position":"center center","background-size":"auto","background-attachment":"scroll","background-type":"","background-media":"","overlay-type":"","overlay-color":"","overlay-opacity":"","overlay-gradient":""},"tablet":{"background-color":"","background-image":"","background-repeat":"repeat","background-position":"center center","background-size":"auto","background-attachment":"scroll","background-type":"","background-media":"","overlay-type":"","overlay-color":"","overlay-opacity":"","overlay-gradient":""},"mobile":{"background-color":"","background-image":"","background-repeat":"repeat","background-position":"center center","background-size":"auto","background-attachment":"scroll","background-type":"","background-media":"","overlay-type":"","overlay-color":"","overlay-opacity":"","overlay-gradient":""}},"ast-content-background-meta":{"desktop":{"background-color":"var(--ast-global-color-5)","background-image":"","background-repeat":"repeat","background-position":"center center","background-size":"auto","background-attachment":"scroll","background-type":"","background-media":"","overlay-type":"","overlay-color":"","overlay-opacity":"","overlay-gradient":""},"tablet":{"background-color":"var(--ast-global-color-5)","background-image":"","background-repeat":"repeat","background-position":"center center","background-size":"auto","background-attachment":"scroll","background-type":"","background-media":"","overlay-type":"","overlay-color":"","overlay-opacity":"","overlay-gradient":""},"mobile":{"background-color":"var(--ast-global-color-5)","background-image":"","background-repeat":"repeat","background-position":"center center","background-size":"auto","background-attachment":"scroll","background-type":"","background-media":"","overlay-type":"","overlay-color":"","overlay-opacity":"","overlay-gradient":""}}},"product_brand":[],"product_cat":[55],"product_tag":[59],"class_list":{"0":"post-2925","1":"product","2":"type-product","3":"status-publish","4":"has-post-thumbnail","6":"product_cat-free-weight-training","7":"product_tag-plate","8":"desktop-align-left","9":"tablet-align-left","10":"mobile-align-left","12":"first","13":"instock","14":"shipping-taxable","15":"purchasable","16":"product-type-simple"},"_links":{"self":[{"href":"https:\/\/alexathletics1982.com\/pl\/wp-json\/wp\/v2\/product\/2925","targetHints":{"allow":["GET"]}}],"collection":[{"href":"https:\/\/alexathletics1982.com\/pl\/wp-json\/wp\/v2\/product"}],"about":[{"href":"https:\/\/alexathletics1982.com\/pl\/wp-json\/wp\/v2\/types\/product"}],"replies":[{"embeddable":true,"href":"https:\/\/alexathletics1982.com\/pl\/wp-json\/wp\/v2\/comments?post=2925"}],"wp:featuredmedia":[{"embeddable":true,"href":"https:\/\/alexathletics1982.com\/pl\/wp-json\/wp\/v2\/media\/3253"}],"wp:attachment":[{"href":"https:\/\/alexathletics1982.com\/pl\/wp-json\/wp\/v2\/media?parent=2925"}],"wp:term":[{"taxonomy":"product_brand","embeddable":true,"href":"https:\/\/alexathletics1982.com\/pl\/wp-json\/wp\/v2\/product_brand?post=2925"},{"taxonomy":"product_cat","embeddable":true,"href":"https:\/\/alexathletics1982.com\/pl\/wp-json\/wp\/v2\/product_cat?post=2925"},{"taxonomy":"product_tag","embeddable":true,"href":"https:\/\/alexathletics1982.com\/pl\/wp-json\/wp\/v2\/product_tag?post=2925"}],"curies":[{"name":"wp","href":"https:\/\/api.w.org\/{rel}","templated":true}]}}