{"id":2928,"date":"2026-01-23T20:20:20","date_gmt":"2026-01-23T12:20:20","guid":{"rendered":"https:\/\/alexathletics1982.com\/?post_type=product&#038;p=2928"},"modified":"2026-04-08T23:31:32","modified_gmt":"2026-04-08T15:31:32","slug":"hantla-tpu-110-kg","status":"publish","type":"product","link":"https:\/\/alexathletics1982.com\/pl\/tpu-110kg-dumbbell\/","title":{"rendered":"Hantle TPU 1 ~ 10 kg (druk UV)"},"content":{"rendered":"<h2>Nowoczesny standard: Hantla TPU 1~10kg<\/h2>\n<p>W ewolucji wolnych ci\u0119\u017car\u00f3w, TPU (termoplastyczny poliuretan) wy\u0142oni\u0142 si\u0119 jako najlepszy wyb\u00f3r materia\u0142u, przewy\u017cszaj\u0105c tradycyjn\u0105 gum\u0119 w prawie ka\u017cdym metryce. Hantla TPU (1 ~ 10 kg) firmy Alex Athletics wykorzystuje ten zaawansowany polimer do stworzenia komercyjnego narz\u0119dzia, kt\u00f3re jest bezwonne, trwa\u0142e i niewiarygodnie trwa\u0142e. W przeciwie\u0144stwie do gumy, kt\u00f3ra mo\u017ce z czasem ulega\u0107 degradacji, \u015bmierdzie\u0107 i \u0142uszczy\u0107 si\u0119, TPU jest chemicznie oboj\u0119tny i wysoce odporny na \u015bcieranie, rozdarcie i oleje. Zapewnia to, \u017ce hantle zachowuj\u0105 sw\u00f3j nieskazitelny wygl\u0105d i integralno\u015b\u0107 strukturaln\u0105 nawet w \u015brodowiskach si\u0142owni o du\u017cym nat\u0119\u017ceniu ruchu. G\u0142owice s\u0105 kompaktowe i bezpiecznie po\u0142\u0105czone z uchwytem, zapewniaj\u0105c bezobs\u0142ugowe rozwi\u0105zanie, kt\u00f3re nigdy nie wymaga dokr\u0119cania.<\/p>\n<p>Interfejs u\u017cytkownika to solidny stalowy uchwyt o \u015brednicy 31 mm. Ta grubo\u015b\u0107 zapewnia znaczny, wygodny chwyt, kt\u00f3ry wype\u0142nia d\u0142o\u0144, zmniejszaj\u0105c zm\u0119czenie podczas zestaw\u00f3w o du\u017cej liczbie powt\u00f3rze\u0144. Uchwyt ma wyczuwaln\u0105 w dotyku tekstur\u0119 (lub pokrycie TPU w zale\u017cno\u015bci od konkretnego wariantu, ale zazwyczaj rade\u0142kowane lub teksturowane dla chwytu) zapewniaj\u0105c\u0105 kontrol\u0119 podczas zwijania, wyciskania i przed\u0142u\u017cania. Dost\u0119pne w zakresie wagowym od 1 kg do 10 kg, hantle te s\u0105 idealne do lekkiej pracy oporowej, rehabilitacji, aerobowego tonowania i zestaw\u00f3w upuszczania. Mo\u017cliwo\u015b\u0107 drukowania UV pozwala na wyra\u017ane, wyra\u017ane oznaczenia wagi lub marki, kt\u00f3re nie blakn\u0105. Dla studi\u00f3w i domowych si\u0142owni, kt\u00f3re wymagaj\u0105 czysto\u015bci i trwa\u0142o\u015bci, TPU jest z\u0142otym standardem.<\/p>\n<h3>1. Wysokiej jako\u015bci materia\u0142 TPU<\/h3>\n<p>Termoplastyczny poliuretan (TPU) to przysz\u0142o\u015b\u0107 powlekania hantli. Jest ca\u0142kowicie bezwonny, dzi\u0119ki czemu idealnie nadaje si\u0119 do domowych si\u0142owni lub ma\u0142ych studi\u00f3w, w kt\u00f3rych zapach gumy mo\u017ce by\u0107 przyt\u0142aczaj\u0105cy. Jest r\u00f3wnie\u017c twardszy i bardziej spr\u0119\u017cysty ni\u017c guma, odporny na przeci\u0119cia, zadrapania i uszkodzenia spowodowane upadkiem.<\/p>\n<h3>2. Ergonomiczny uchwyt 31 mm<\/h3>\n<p>\u015arednica uchwytu zosta\u0142a zoptymalizowana i wynosi 31 mm. Jest nieco grubszy ni\u017c standardowe uchwyty 25 mm, oferuj\u0105c lepsz\u0105 ergonomi\u0119 dla si\u0142y chwytu i komfortu. Zapobiega to skurczom d\u0142oni podczas d\u0142ugich serii i zapewnia solidn\u0105 platform\u0119 do ruch\u00f3w pchaj\u0105cych.<\/p>\n<h3>3. Bezobs\u0142ugowa trwa\u0142o\u015b\u0107<\/h3>\n<p>S\u0105 to hantle sta\u0142e. G\u0142owice s\u0105 na sta\u0142e przymocowane do uchwytu, eliminuj\u0105c irytacj\u0119 lu\u017anymi talerzami lub obracaj\u0105cymi si\u0119 ko\u0142nierzami. Pow\u0142oka TPU chroni pod\u0142og\u0119 przed uszkodzeniem w przypadku upuszczenia i chroni sam hantel przed rdz\u0105 i zu\u017cyciem.<\/p>\n<h3>4. Kompaktowa konstrukcja g\u0142owicy<\/h3>\n<p>Poniewa\u017c TPU jest g\u0119ste i mocne, g\u0142\u00f3wki hantli mog\u0105 by\u0107 kompaktowe. Pozwala to na wi\u0119kszy zakres ruchu, poniewa\u017c hantle rzadziej zderzaj\u0105 si\u0119 ze sob\u0105 w g\u00f3rnej cz\u0119\u015bci wyciskania na klatk\u0119 piersiow\u0105 lub wyciskania na barki. Sprawia to, \u017ce ci\u0119\u017cary s\u0105 \u0142atwiejsze do kontrolowania i przechowywania.<\/p>\n<h3>5. Oznaczenia drukowane UV<\/h3>\n<p>Wska\u017aniki masy s\u0105 nanoszone przy u\u017cyciu zaawansowanego druku UV. Zapewnia to, \u017ce cyfry s\u0105 ostre, czytelne i odporne na blakni\u0119cie lub \u015bcieranie z up\u0142ywem czasu. Dodaje to wysokiej klasy, profesjonalnego wyko\u0144czenia do sprz\u0119tu, kt\u00f3ry sygnalizuje jako\u015b\u0107.<\/p>\n<h3>Dla kogo to jest?<\/h3>\n<ul style=\"list-style-position: inside; padding-left: 0;\">\n<li>Butikowe studia fitness i luksusowe hotele.<\/li>\n<li>W\u0142a\u015bciciele domowych si\u0142owni wra\u017cliwi na zapachy gumy.<\/li>\n<li>Trenerzy osobi\u015bci potrzebuj\u0105cy trwa\u0142ego, czysto wygl\u0105daj\u0105cego sprz\u0119tu.<\/li>\n<li>O\u015brodki rehabilitacyjne wymagaj\u0105ce lekkich, \u0142atwych w obs\u0142udze obci\u0105\u017cnik\u00f3w.<\/li>\n<li>Ka\u017cdy, kto chce kupi\u0107 zestaw hantli na sta\u0142e.<\/li>\n<\/ul>\n<h3>Specyfikacja produktu<\/h3>\n<table border=\"1\" width=\"100%\" cellspacing=\"0\" cellpadding=\"5\">\n<tbody>\n<tr>\n<td><strong>Model<\/strong><\/td>\n<td>W03AA013<\/td>\n<\/tr>\n<tr>\n<td><strong>Materia\u0142<\/strong><\/td>\n<td>Stal, pow\u0142oka TPU<\/td>\n<\/tr>\n<tr>\n<td><strong>\u015arednica uchwytu.<\/strong><\/td>\n<td>31 mm<\/td>\n<\/tr>\n<tr>\n<td><strong>Zakres wagi<\/strong><\/td>\n<td>1 ~ 10 kg (co 1 kg)<\/td>\n<\/tr>\n<tr>\n<td><strong>Cecha<\/strong><\/td>\n<td>Bezzapachowy, druk UV<\/td>\n<\/tr>\n<\/tbody>\n<\/table>","protected":false},"excerpt":{"rendered":"<p>Hantle TPU firmy Alex Athletics wyznaczaj\u0105 nowy standard trwa\u0142o\u015bci i higieny. Wykonane z zaawansowanego termoplastycznego poliuretanu (TPU), te sta\u0142e hantle s\u0105 bezwonne, wyj\u0105tkowo odporne na \u015bcieranie i zachowuj\u0105 sw\u00f3j kolor lepiej ni\u017c guma. Wyposa\u017cone w wygodny uchwyt 31 mm i kompaktowe g\u0142owice, s\u0105 idealne do treningu o wysokiej powtarzalno\u015bci i u\u017cytku studyjnego. Nadrukowane UV oznaczenia wagi zapewniaj\u0105 d\u0142ugotrwa\u0142\u0105 czytelno\u015b\u0107. Idealne do luksusowych domowych si\u0142owni i obiekt\u00f3w komercyjnych wymagaj\u0105cych tego, co najlepsze.<\/p>","protected":false},"featured_media":3484,"comment_status":"open","ping_status":"closed","template":"","meta":{"inline_featured_image":false,"site-sidebar-layout":"default","site-content-layout":"","ast-site-content-layout":"default","site-content-style":"default","site-sidebar-style":"default","ast-global-header-display":"","ast-banner-title-visibility":"","ast-main-header-display":"","ast-hfb-above-header-display":"","ast-hfb-below-header-display":"","ast-hfb-mobile-header-display":"","site-post-title":"","ast-breadcrumbs-content":"","ast-featured-img":"","footer-sml-layout":"","ast-disable-related-posts":"","theme-transparent-header-meta":"default","adv-header-id-meta":"","stick-header-meta":"default","header-above-stick-meta":"","header-main-stick-meta":"","header-below-stick-meta":"","astra-migrate-meta-layouts":"set","ast-page-background-enabled":"default","ast-page-background-meta":{"desktop":{"background-color":"","background-image":"","background-repeat":"repeat","background-position":"center center","background-size":"auto","background-attachment":"scroll","background-type":"","background-media":"","overlay-type":"","overlay-color":"","overlay-opacity":"","overlay-gradient":""},"tablet":{"background-color":"","background-image":"","background-repeat":"repeat","background-position":"center center","background-size":"auto","background-attachment":"scroll","background-type":"","background-media":"","overlay-type":"","overlay-color":"","overlay-opacity":"","overlay-gradient":""},"mobile":{"background-color":"","background-image":"","background-repeat":"repeat","background-position":"center center","background-size":"auto","background-attachment":"scroll","background-type":"","background-media":"","overlay-type":"","overlay-color":"","overlay-opacity":"","overlay-gradient":""}},"ast-content-background-meta":{"desktop":{"background-color":"var(--ast-global-color-5)","background-image":"","background-repeat":"repeat","background-position":"center center","background-size":"auto","background-attachment":"scroll","background-type":"","background-media":"","overlay-type":"","overlay-color":"","overlay-opacity":"","overlay-gradient":""},"tablet":{"background-color":"var(--ast-global-color-5)","background-image":"","background-repeat":"repeat","background-position":"center center","background-size":"auto","background-attachment":"scroll","background-type":"","background-media":"","overlay-type":"","overlay-color":"","overlay-opacity":"","overlay-gradient":""},"mobile":{"background-color":"var(--ast-global-color-5)","background-image":"","background-repeat":"repeat","background-position":"center center","background-size":"auto","background-attachment":"scroll","background-type":"","background-media":"","overlay-type":"","overlay-color":"","overlay-opacity":"","overlay-gradient":""}}},"product_brand":[],"product_cat":[55],"product_tag":[60],"class_list":{"0":"post-2928","1":"product","2":"type-product","3":"status-publish","4":"has-post-thumbnail","6":"product_cat-free-weight-training","7":"product_tag-dumbbell","8":"desktop-align-left","9":"tablet-align-left","10":"mobile-align-left","12":"first","13":"instock","14":"shipping-taxable","15":"purchasable","16":"product-type-simple"},"_links":{"self":[{"href":"https:\/\/alexathletics1982.com\/pl\/wp-json\/wp\/v2\/product\/2928","targetHints":{"allow":["GET"]}}],"collection":[{"href":"https:\/\/alexathletics1982.com\/pl\/wp-json\/wp\/v2\/product"}],"about":[{"href":"https:\/\/alexathletics1982.com\/pl\/wp-json\/wp\/v2\/types\/product"}],"replies":[{"embeddable":true,"href":"https:\/\/alexathletics1982.com\/pl\/wp-json\/wp\/v2\/comments?post=2928"}],"wp:featuredmedia":[{"embeddable":true,"href":"https:\/\/alexathletics1982.com\/pl\/wp-json\/wp\/v2\/media\/3484"}],"wp:attachment":[{"href":"https:\/\/alexathletics1982.com\/pl\/wp-json\/wp\/v2\/media?parent=2928"}],"wp:term":[{"taxonomy":"product_brand","embeddable":true,"href":"https:\/\/alexathletics1982.com\/pl\/wp-json\/wp\/v2\/product_brand?post=2928"},{"taxonomy":"product_cat","embeddable":true,"href":"https:\/\/alexathletics1982.com\/pl\/wp-json\/wp\/v2\/product_cat?post=2928"},{"taxonomy":"product_tag","embeddable":true,"href":"https:\/\/alexathletics1982.com\/pl\/wp-json\/wp\/v2\/product_tag?post=2928"}],"curies":[{"name":"wp","href":"https:\/\/api.w.org\/{rel}","templated":true}]}}