{"id":2930,"date":"2026-01-23T20:20:20","date_gmt":"2026-01-23T12:20:20","guid":{"rendered":"https:\/\/alexathletics1982.com\/?post_type=product&#038;p=2930"},"modified":"2026-04-08T23:55:31","modified_gmt":"2026-04-08T15:55:31","slug":"forma-do-kettlebell-z-powloka-cpu","status":"publish","type":"product","link":"https:\/\/alexathletics1982.com\/pl\/cpu-coated-kettlebell-block-mould\/","title":{"rendered":"Kettlebell z pow\u0142ok\u0105 CPU (forma blokowa)"},"content":{"rendered":"<h2>Niezniszczalny Swing: Kettlebell z pow\u0142ok\u0105 CPU<\/h2>\n<p>Kettlebells s\u0105 cz\u0119sto upuszczane, wymachiwane i uderzane o przedramiona, co sprawia, \u017ce trwa\u0142o\u015b\u0107 i wyko\u0144czenie maj\u0105 kluczowe znaczenie. Kettlebell z pow\u0142ok\u0105 CPU firmy Alex Athletics wykorzystuje odlewany poliuretan (CPU), aby stworzy\u0107 najbardziej wytrzyma\u0142y kettlebell na rynku. W przeciwie\u0144stwie do \u017celiwa, kt\u00f3re mo\u017ce odpryskiwa\u0107 lub rdzewie\u0107, lub winylu, kt\u00f3ry mo\u017ce p\u0119ka\u0107, CPU zapewnia tward\u0105, odporn\u0105 na uderzenia zbroj\u0119, kt\u00f3ra chroni dzwonek i pod\u0142og\u0119. Absorbuje wstrz\u0105sy i jest cichy, eliminuj\u0105c g\u0142o\u015bny brz\u0119k metalu o metal. Konstrukcja blokowa zapewnia sp\u00f3jny, zr\u00f3wnowa\u017cony kszta\u0142t z p\u0142askim dnem zapewniaj\u0105cym stabilno\u015b\u0107 podczas renegackich rz\u0119d\u00f3w i przechowywania.<\/p>\n<p>Uchwyt to miejsce, w kt\u00f3rym ten kettlebell naprawd\u0119 b\u0142yszczy. Posiada solidny stalowy uchwyt z wyko\u0144czeniem Hard Chrome. Ta g\u0142adka, wypolerowana powierzchnia jest niezb\u0119dna do wykonywania ruch\u00f3w balistycznych o wysokiej powtarzalno\u015bci, takich jak rwanie i czyszczenie. Szorstki uchwyt mo\u017ce powodowa\u0107 otarcia na d\u0142oniach podczas obracania; g\u0142adki chrom pozwala na swobodne obracanie uchwytu bez tarcia, oszcz\u0119dzaj\u0105c sk\u00f3r\u0119 i poprawiaj\u0105c wytrzyma\u0142o\u015b\u0107. \u015arednica uchwytu (\u015br. 34 mm) jest zoptymalizowana pod k\u0105tem si\u0142y chwytu, ale nie jest zbyt gruba. Od ci\u0119\u017caru startowego 8 kg do ci\u0119\u017ckiego swingera 32 kg, ten kettlebell \u0142\u0105czy trwa\u0142o\u015b\u0107 przemys\u0142owego uretanu z doskona\u0142ym wyczuciem uchwytu konkurencji.<\/p>\n<h3>1. Odporna na uderzenia pow\u0142oka procesora<\/h3>\n<p>Cast Polyurethane to najtwardsza dost\u0119pna pow\u0142oka. Chroni ona rdze\u0144 dzwonka przed rdz\u0105 i uszkodzeniami. Co wa\u017cniejsze, chroni \u015brodowisko treningowe. Je\u015bli upu\u015bcisz ten dzwonek na drewnian\u0105 platform\u0119 lub pod\u0142og\u0119 wy\u0142o\u017con\u0105 kafelkami, procesor poch\u0142onie wi\u0119kszo\u015b\u0107 uderzenia, zapobiegaj\u0105c odpryskom i p\u0119kni\u0119ciom pod\u0142o\u017ca. Jest bezwonny i zachowuje sw\u00f3j kolor przez d\u0142ugi czas.<\/p>\n<h3>2. G\u0142adki uchwyt z twardego chromu<\/h3>\n<p>Trening z kettlebell obejmuje dynamiczn\u0105 rotacj\u0119. Uchwyt musi \u015blizga\u0107 si\u0119 w d\u0142oni. Wyko\u0144czenie Hard Chrome jest wyj\u0105tkowo g\u0142adkie i odporne na rdz\u0119. Zapobiega oparzeniom i zrogowaceniom spowodowanym przez szorstkie \u017celiwne uchwyty (cz\u0119sto nazywane uchwytami \u201cpsiej ko\u015bci\u201d). To wyko\u0144czenie pozwala na p\u0142ynne przej\u015bcia i wi\u0119ksz\u0105 liczb\u0119 powt\u00f3rze\u0144 w komfortowych warunkach.<\/p>\n<h3>3. Stabilno\u015b\u0107 p\u0142askiego dna<\/h3>\n<p>Stabilna podstawa ma kluczowe znaczenie dla bezpiecze\u0144stwa i wszechstronno\u015bci. P\u0142aska konstrukcja dna zapewnia, \u017ce kettlebell jest idealnie wyprostowany podczas przechowywania. Pozwala r\u00f3wnie\u017c na wykonywanie \u0107wicze\u0144 na pod\u0142odze z dwoma kettlebell, takich jak pompki i renegade rows, zapewniaj\u0105c solidn\u0105, nie chwiej\u0105c\u0105 si\u0119 podstaw\u0119 dla masy cia\u0142a.<\/p>\n<h3>4. Sp\u00f3jny kszta\u0142t \u201cformy blokowej\u201d<\/h3>\n<p>Proces produkcji zapewnia jednolito\u015b\u0107. Kszta\u0142t dzwonka jest sp\u00f3jny w r\u00f3\u017cnych wagach (cho\u0107 rozmiar mo\u017ce si\u0119 nieznacznie r\u00f3\u017cni\u0107), zapewniaj\u0105c przewidywalny \u015brodek ci\u0119\u017cko\u015bci. Okienko (przestrze\u0144 mi\u0119dzy uchwytem a kulk\u0105) ma rozmiar umo\u017cliwiaj\u0105cy wygodne u\u0142o\u017cenie przedramienia w pozycji stojaka bez niewygodnych punkt\u00f3w nacisku.<\/p>\n<h3>5. Profesjonalny zakres wagowy<\/h3>\n<p>Dost\u0119pna w zakresie od 8 kg do 32 kg, seria ta obejmuje standardowy post\u0119p w treningu z kettlebell. Niezale\u017cnie od tego, czy uczysz si\u0119 tureckiego wstawania, czy wykonujesz ci\u0119\u017ckie dwur\u0119czne hu\u015btawki, istnieje przyrost wagi, kt\u00f3ry pasuje do Twojego poziomu si\u0142y. Wytrzyma\u0142o\u015b\u0107 zapewnia, \u017ce odwa\u017cnik 32 kg jest tak samo bezpieczny do upuszczenia jak 8 kg.<\/p>\n<h3>Dla kogo to jest?<\/h3>\n<ul style=\"list-style-position: inside; padding-left: 0;\">\n<li>Entuzja\u015bci sportu kettlebell i funkcjonalni sportowcy fitness.<\/li>\n<li>Si\u0142ownie komercyjne, kt\u00f3re chc\u0105 ograniczy\u0107 uszkodzenia pod\u0142ogi.<\/li>\n<li>W\u0142a\u015bciciele domowych si\u0142owni potrzebuj\u0105 cichego, bezpiecznego sprz\u0119tu.<\/li>\n<li>Lifterzy, kt\u00f3rzy zmagaj\u0105 si\u0119 z naderwaniem d\u0142oni przez szorstkie uchwyty.<\/li>\n<li>Ka\u017cdy, kto wykonuje wysokie powt\u00f3rzenia podrzut\u00f3w i wymach\u00f3w.<\/li>\n<\/ul>\n<h3>Specyfikacja produktu<\/h3>\n<table border=\"1\" width=\"100%\" cellspacing=\"0\" cellpadding=\"5\">\n<tbody>\n<tr>\n<td><strong>Model<\/strong><\/td>\n<td>W04BC001<\/td>\n<\/tr>\n<tr>\n<td><strong>Materia\u0142<\/strong><\/td>\n<td>Pow\u0142oka procesora, stalowy rdze\u0144<\/td>\n<\/tr>\n<tr>\n<td><strong>Uchwyt<\/strong><\/td>\n<td>Twardy chrom (\u015br. 34 mm)<\/td>\n<\/tr>\n<tr>\n<td><strong>Wagi<\/strong><\/td>\n<td>8, 10, 12, 16, 20, 24, 28, 32 kg<\/td>\n<\/tr>\n<tr>\n<td><strong>Cecha<\/strong><\/td>\n<td>P\u0142ynny obr\u00f3t, ochrona pod\u0142ogi<\/td>\n<\/tr>\n<\/tbody>\n<\/table>","protected":false},"excerpt":{"rendered":"<p>Kettlebell z pow\u0142ok\u0105 CPU firmy Alex Athletics \u0142\u0105czy najwy\u017csz\u0105 trwa\u0142o\u015b\u0107 z ergonomiczn\u0105 wydajno\u015bci\u0105. Pokryty wytrzyma\u0142ym odlewanym poliuretanem (CPU), jest odporny na uderzenia, chroni pod\u0142ogi i eliminuje rdz\u0119. Wyr\u00f3\u017cniaj\u0105c\u0105 si\u0119 cech\u0105 jest uchwyt Hard Chrome, kt\u00f3ry oferuje g\u0142adk\u0105, pozbawion\u0105 tarcia powierzchni\u0119 do p\u0142ynnego obracania podczas podrzut\u00f3w i zamach\u00f3w, zapobiegaj\u0105c rozdarciom d\u0142oni. Dzi\u0119ki stabilnemu p\u0142askiemu dnu i zr\u00f3wnowa\u017conemu rozk\u0142adowi masy jest to najlepsze narz\u0119dzie do treningu funkcjonalnego, trwa\u0142o\u015bci i komfortu.<\/p>","protected":false},"featured_media":3480,"comment_status":"open","ping_status":"closed","template":"","meta":{"inline_featured_image":false,"site-sidebar-layout":"default","site-content-layout":"","ast-site-content-layout":"default","site-content-style":"default","site-sidebar-style":"default","ast-global-header-display":"","ast-banner-title-visibility":"","ast-main-header-display":"","ast-hfb-above-header-display":"","ast-hfb-below-header-display":"","ast-hfb-mobile-header-display":"","site-post-title":"","ast-breadcrumbs-content":"","ast-featured-img":"","footer-sml-layout":"","ast-disable-related-posts":"","theme-transparent-header-meta":"default","adv-header-id-meta":"","stick-header-meta":"default","header-above-stick-meta":"","header-main-stick-meta":"","header-below-stick-meta":"","astra-migrate-meta-layouts":"set","ast-page-background-enabled":"default","ast-page-background-meta":{"desktop":{"background-color":"","background-image":"","background-repeat":"repeat","background-position":"center center","background-size":"auto","background-attachment":"scroll","background-type":"","background-media":"","overlay-type":"","overlay-color":"","overlay-opacity":"","overlay-gradient":""},"tablet":{"background-color":"","background-image":"","background-repeat":"repeat","background-position":"center center","background-size":"auto","background-attachment":"scroll","background-type":"","background-media":"","overlay-type":"","overlay-color":"","overlay-opacity":"","overlay-gradient":""},"mobile":{"background-color":"","background-image":"","background-repeat":"repeat","background-position":"center center","background-size":"auto","background-attachment":"scroll","background-type":"","background-media":"","overlay-type":"","overlay-color":"","overlay-opacity":"","overlay-gradient":""}},"ast-content-background-meta":{"desktop":{"background-color":"var(--ast-global-color-5)","background-image":"","background-repeat":"repeat","background-position":"center center","background-size":"auto","background-attachment":"scroll","background-type":"","background-media":"","overlay-type":"","overlay-color":"","overlay-opacity":"","overlay-gradient":""},"tablet":{"background-color":"var(--ast-global-color-5)","background-image":"","background-repeat":"repeat","background-position":"center center","background-size":"auto","background-attachment":"scroll","background-type":"","background-media":"","overlay-type":"","overlay-color":"","overlay-opacity":"","overlay-gradient":""},"mobile":{"background-color":"var(--ast-global-color-5)","background-image":"","background-repeat":"repeat","background-position":"center center","background-size":"auto","background-attachment":"scroll","background-type":"","background-media":"","overlay-type":"","overlay-color":"","overlay-opacity":"","overlay-gradient":""}}},"product_brand":[],"product_cat":[55],"product_tag":[61],"class_list":{"0":"post-2930","1":"product","2":"type-product","3":"status-publish","4":"has-post-thumbnail","6":"product_cat-free-weight-training","7":"product_tag-kettlebell","8":"desktop-align-left","9":"tablet-align-left","10":"mobile-align-left","12":"first","13":"instock","14":"shipping-taxable","15":"purchasable","16":"product-type-simple"},"_links":{"self":[{"href":"https:\/\/alexathletics1982.com\/pl\/wp-json\/wp\/v2\/product\/2930","targetHints":{"allow":["GET"]}}],"collection":[{"href":"https:\/\/alexathletics1982.com\/pl\/wp-json\/wp\/v2\/product"}],"about":[{"href":"https:\/\/alexathletics1982.com\/pl\/wp-json\/wp\/v2\/types\/product"}],"replies":[{"embeddable":true,"href":"https:\/\/alexathletics1982.com\/pl\/wp-json\/wp\/v2\/comments?post=2930"}],"wp:featuredmedia":[{"embeddable":true,"href":"https:\/\/alexathletics1982.com\/pl\/wp-json\/wp\/v2\/media\/3480"}],"wp:attachment":[{"href":"https:\/\/alexathletics1982.com\/pl\/wp-json\/wp\/v2\/media?parent=2930"}],"wp:term":[{"taxonomy":"product_brand","embeddable":true,"href":"https:\/\/alexathletics1982.com\/pl\/wp-json\/wp\/v2\/product_brand?post=2930"},{"taxonomy":"product_cat","embeddable":true,"href":"https:\/\/alexathletics1982.com\/pl\/wp-json\/wp\/v2\/product_cat?post=2930"},{"taxonomy":"product_tag","embeddable":true,"href":"https:\/\/alexathletics1982.com\/pl\/wp-json\/wp\/v2\/product_tag?post=2930"}],"curies":[{"name":"wp","href":"https:\/\/api.w.org\/{rel}","templated":true}]}}