{"id":2931,"date":"2026-01-23T20:20:20","date_gmt":"2026-01-23T12:20:20","guid":{"rendered":"https:\/\/alexathletics1982.com\/?post_type=product&#038;p=2931"},"modified":"2026-04-10T22:23:28","modified_gmt":"2026-04-10T14:23:28","slug":"klasyczny-hantel-szesciokatny","status":"publish","type":"product","link":"https:\/\/alexathletics1982.com\/pl\/classic-hex-dumbbell\/","title":{"rendered":"Klasyczna hantla sze\u015bciok\u0105tna"},"content":{"rendered":"<h2>Ikona si\u0142owni gara\u017cowej: klasyczna gumowa hantla sze\u015bciok\u0105tna<\/h2>\n<p>Gumowa hantla sze\u015bciok\u0105tna to najbardziej wszechstronny i rozpoznawalny element wyposa\u017cenia w \u015bwiecie fitness. Hantla Classic Hex marki Alex Athletics udoskonala ten podstawowy element dzi\u0119ki materia\u0142om i konstrukcji klasy komercyjnej. Cech\u0105 charakterystyczn\u0105 jest sze\u015bciok\u0105tny kszta\u0142t g\u0142\u00f3wki. W przeciwie\u0144stwie do okr\u0105g\u0142ych hantli, kt\u00f3re staczaj\u0105 si\u0119 po umieszczeniu na pod\u0142odze, konstrukcja sze\u015bciok\u0105tna pozostaje na swoim miejscu. Ta stabilno\u015b\u0107 \u201canti-roll\u201d poprawia bezpiecze\u0144stwo w ruchliwym \u015brodowisku si\u0142owni i odblokowuje r\u00f3\u017cnorodne \u0107wiczenia na pod\u0142odze. Mo\u017cesz wykonywa\u0107 pompki (renegade rows), progresje L-sit i burpees, u\u017cywaj\u0105c hantli jako stabilnych uchwyt\u00f3w, dodaj\u0105c funkcjonalny wymiar do treningu si\u0142owego.<\/p>\n<p>Zbudowane z solidnego \u017celiwnego rdzenia otoczonego wytrzyma\u0142\u0105 gum\u0105, te hantle s\u0105 zbudowane tak, aby chroni\u0107 Tw\u00f3j dom. Gumowa pow\u0142oka dzia\u0142a jak zderzak, zapobiegaj\u0105c wyszczerbianiu p\u0142ytek pod\u0142ogowych lub ha\u0142asowi podczas upuszczania. Uchwyt wykonany jest z litej stali z trwa\u0142ym chromowanym wyko\u0144czeniem i posiada ergonomiczny kontur, kt\u00f3ry pasuje do naturalnego kszta\u0142tu d\u0142oni. Diamentowe rade\u0142kowanie zapewnia pewny, antypo\u015blizgowy chwyt bez nadmiernej agresywno\u015bci. Niezale\u017cnie od tego, czy budujesz domow\u0105 si\u0142owni\u0119, czy wyposa\u017casz funkcjonalny obiekt fitness, hantle Classic Hex oferuj\u0105 idealn\u0105 r\u00f3wnowag\u0119 mi\u0119dzy u\u017cyteczno\u015bci\u0105, trwa\u0142o\u015bci\u0105 i przyst\u0119pn\u0105 cen\u0105.<\/p>\n<h3>1. Sze\u015bciok\u0105tna stabilno\u015b\u0107 antyprzechy\u0142owa<\/h3>\n<p>Sze\u015bcioboczna konstrukcja jest funkcjonalna, a nie tylko wygl\u0105da. Zapobiega to toczeniu si\u0119 obci\u0105\u017cnik\u00f3w po pod\u0142odze, co stanowi powa\u017cne zagro\u017cenie dla bezpiecze\u0144stwa. Co wa\u017cniejsze, zapewnia stabiln\u0105 platform\u0119 do \u0107wicze\u0144 na pod\u0142odze. Mo\u017cesz oprze\u0107 na nich ca\u0142\u0105 mas\u0119 cia\u0142a podczas pompek i desek bez chybotania si\u0119 okr\u0105g\u0142ych dzwonk\u00f3w.<\/p>\n<h3>2. Gumowa pow\u0142oka chroni\u0105ca pod\u0142og\u0119<\/h3>\n<p>\u017belazne p\u0142ytki mog\u0105 powodowa\u0107 p\u0119kanie p\u0142ytek i wgniecenia drewna. Te g\u0142owice s\u0105 pokryte grub\u0105 warstw\u0105 gumy pierwotnej lub pochodz\u0105cej z recyklingu. Pow\u0142oka ta t\u0142umi ha\u0142as, czyni\u0105c je przyjaznymi dla s\u0105siad\u00f3w i chroni zar\u00f3wno hantle, jak i pod\u0142og\u0119 przed uszkodzeniem w wyniku uderzenia. Jest r\u00f3wnie\u017c odporna na rdz\u0119, dzi\u0119ki czemu si\u0142ownia wygl\u0105da czysto.<\/p>\n<h3>3. Wyprofilowany chromowany uchwyt<\/h3>\n<p>Uchwyt zosta\u0142 zaprojektowany z my\u015bl\u0105 o ludzkich d\u0142oniach. Ma lekko beczkowaty kontur (grubszy w \u015brodku), kt\u00f3ry poprawia powierzchni\u0119 styku i komfort. Chromowana pow\u0142oka jest odporna na korozj\u0119 potow\u0105, a rade\u0142kowanie zapewnia bezpieczne trzymanie ci\u0119\u017caru podczas ci\u0119\u017ckich rz\u0119d\u00f3w lub wybuchowych podci\u0105gni\u0119\u0107.<\/p>\n<h3>4. \u201cPrzypinana\u201d konstrukcja g\u0142owicy<\/h3>\n<p>Bezpiecze\u0144stwo ma kluczowe znaczenie. G\u0142owice s\u0105 przyspawane lub przymocowane do trzonu uchwytu. Ta wytrzyma\u0142a metoda konstrukcyjna zapobiega obracaniu si\u0119 lub od\u0142\u0105czaniu g\u0142owic w miar\u0119 up\u0142ywu czasu, co jest cz\u0119stym punktem awarii w tanich hantlach sze\u015bciok\u0105tnych. Mo\u017cna im zaufa\u0107.<\/p>\n<h3>5. Wszechstronne narz\u0119dzie treningowe<\/h3>\n<p>Sze\u015bciok\u0105tne hantle sprawdz\u0105 si\u0119 we wszystkich \u0107wiczeniach, od izolowanych lok\u00f3w po wyciskanie na ca\u0142e cia\u0142o. Gumowa pow\u0142oka sprawia, \u017ce s\u0105 one bezpieczniejsze do \u0107wicze\u0144 \u201cna ciele\u201d, takich jak przysiady z gobletem, poniewa\u017c nie ma ostrych metalowych kraw\u0119dzi, kt\u00f3re mog\u0142yby wbi\u0107 si\u0119 w klatk\u0119 piersiow\u0105. S\u0105 podstawowym narz\u0119dziem do hipertrofii i kondycjonowania.<\/p>\n<h3>Dla kogo to jest?<\/h3>\n<ul style=\"list-style-position: inside; padding-left: 0;\">\n<li>W\u0142a\u015bciciele domowych si\u0142owni potrzebuj\u0105 wszechstronnego zestawu startowego.<\/li>\n<li>Funkcjonalni sportowcy fitness.<\/li>\n<li>Ka\u017cdy, kto chce chroni\u0107 swoje pod\u0142ogi.<\/li>\n<li>Od pocz\u0105tkuj\u0105cych do zaawansowanych.<\/li>\n<\/ul>\n<h3>Specyfikacja produktu<\/h3>\n<table border=\"1\" width=\"100%\" cellspacing=\"0\" cellpadding=\"5\">\n<tbody>\n<tr>\n<td><strong>Model<\/strong><\/td>\n<td>W03AB014<\/td>\n<\/tr>\n<tr>\n<td><strong>Materia\u0142<\/strong><\/td>\n<td>\u017beliwo, guma, stal<\/td>\n<\/tr>\n<tr>\n<td><strong>Kszta\u0142t<\/strong><\/td>\n<td>Sze\u015bciok\u0105tny (antypo\u015blizgowy)<\/td>\n<\/tr>\n<tr>\n<td><strong>Uchwyt<\/strong><\/td>\n<td>Chromowane, wyprofilowane, rade\u0142kowane<\/td>\n<\/tr>\n<tr>\n<td><strong>Wagi<\/strong><\/td>\n<td>1 ~ 10 kg (i wi\u0119cej)<\/td>\n<\/tr>\n<\/tbody>\n<\/table>","protected":false},"excerpt":{"rendered":"<p>Hantla Classic Hex marki Alex Athletics to niezb\u0119dny wielofunkcyjny obci\u0105\u017cnik do ka\u017cdej si\u0142owni. Dzi\u0119ki stabilnemu sze\u015bciok\u0105tnemu kszta\u0142towi nie stacza si\u0119 i jest idealny do \u0107wicze\u0144 na pod\u0142odze, takich jak renegade rows. Wytrzyma\u0142a gumowa obudowa chroni pod\u0142og\u0119 i redukuje ha\u0142as, a wyprofilowany chromowany uchwyt zapewnia wygodny i pewny chwyt. Trwa\u0142y, wszechstronny i bezpieczny, jest podstawowym narz\u0119dziem do treningu si\u0142owego i funkcjonalnego.<\/p>","protected":false},"featured_media":3249,"comment_status":"open","ping_status":"closed","template":"","meta":{"inline_featured_image":false,"site-sidebar-layout":"default","site-content-layout":"","ast-site-content-layout":"default","site-content-style":"default","site-sidebar-style":"default","ast-global-header-display":"","ast-banner-title-visibility":"","ast-main-header-display":"","ast-hfb-above-header-display":"","ast-hfb-below-header-display":"","ast-hfb-mobile-header-display":"","site-post-title":"","ast-breadcrumbs-content":"","ast-featured-img":"","footer-sml-layout":"","ast-disable-related-posts":"","theme-transparent-header-meta":"default","adv-header-id-meta":"","stick-header-meta":"default","header-above-stick-meta":"","header-main-stick-meta":"","header-below-stick-meta":"","astra-migrate-meta-layouts":"set","ast-page-background-enabled":"default","ast-page-background-meta":{"desktop":{"background-color":"","background-image":"","background-repeat":"repeat","background-position":"center center","background-size":"auto","background-attachment":"scroll","background-type":"","background-media":"","overlay-type":"","overlay-color":"","overlay-opacity":"","overlay-gradient":""},"tablet":{"background-color":"","background-image":"","background-repeat":"repeat","background-position":"center center","background-size":"auto","background-attachment":"scroll","background-type":"","background-media":"","overlay-type":"","overlay-color":"","overlay-opacity":"","overlay-gradient":""},"mobile":{"background-color":"","background-image":"","background-repeat":"repeat","background-position":"center center","background-size":"auto","background-attachment":"scroll","background-type":"","background-media":"","overlay-type":"","overlay-color":"","overlay-opacity":"","overlay-gradient":""}},"ast-content-background-meta":{"desktop":{"background-color":"var(--ast-global-color-5)","background-image":"","background-repeat":"repeat","background-position":"center center","background-size":"auto","background-attachment":"scroll","background-type":"","background-media":"","overlay-type":"","overlay-color":"","overlay-opacity":"","overlay-gradient":""},"tablet":{"background-color":"var(--ast-global-color-5)","background-image":"","background-repeat":"repeat","background-position":"center center","background-size":"auto","background-attachment":"scroll","background-type":"","background-media":"","overlay-type":"","overlay-color":"","overlay-opacity":"","overlay-gradient":""},"mobile":{"background-color":"var(--ast-global-color-5)","background-image":"","background-repeat":"repeat","background-position":"center center","background-size":"auto","background-attachment":"scroll","background-type":"","background-media":"","overlay-type":"","overlay-color":"","overlay-opacity":"","overlay-gradient":""}}},"product_brand":[],"product_cat":[55],"product_tag":[60],"class_list":{"0":"post-2931","1":"product","2":"type-product","3":"status-publish","4":"has-post-thumbnail","6":"product_cat-free-weight-training","7":"product_tag-dumbbell","8":"desktop-align-left","9":"tablet-align-left","10":"mobile-align-left","12":"first","13":"instock","14":"shipping-taxable","15":"purchasable","16":"product-type-simple"},"_links":{"self":[{"href":"https:\/\/alexathletics1982.com\/pl\/wp-json\/wp\/v2\/product\/2931","targetHints":{"allow":["GET"]}}],"collection":[{"href":"https:\/\/alexathletics1982.com\/pl\/wp-json\/wp\/v2\/product"}],"about":[{"href":"https:\/\/alexathletics1982.com\/pl\/wp-json\/wp\/v2\/types\/product"}],"replies":[{"embeddable":true,"href":"https:\/\/alexathletics1982.com\/pl\/wp-json\/wp\/v2\/comments?post=2931"}],"wp:featuredmedia":[{"embeddable":true,"href":"https:\/\/alexathletics1982.com\/pl\/wp-json\/wp\/v2\/media\/3249"}],"wp:attachment":[{"href":"https:\/\/alexathletics1982.com\/pl\/wp-json\/wp\/v2\/media?parent=2931"}],"wp:term":[{"taxonomy":"product_brand","embeddable":true,"href":"https:\/\/alexathletics1982.com\/pl\/wp-json\/wp\/v2\/product_brand?post=2931"},{"taxonomy":"product_cat","embeddable":true,"href":"https:\/\/alexathletics1982.com\/pl\/wp-json\/wp\/v2\/product_cat?post=2931"},{"taxonomy":"product_tag","embeddable":true,"href":"https:\/\/alexathletics1982.com\/pl\/wp-json\/wp\/v2\/product_tag?post=2931"}],"curies":[{"name":"wp","href":"https:\/\/api.w.org\/{rel}","templated":true}]}}