{"id":2933,"date":"2026-01-23T20:20:40","date_gmt":"2026-01-23T12:20:40","guid":{"rendered":"https:\/\/alexathletics1982.com\/?post_type=product&#038;p=2933"},"modified":"2026-04-08T23:37:23","modified_gmt":"2026-04-08T15:37:23","slug":"gumowy-hantel-c3","status":"publish","type":"product","link":"https:\/\/alexathletics1982.com\/pl\/rubber-dumbbell-c3\/","title":{"rendered":"Hantla gumowa C3"},"content":{"rendered":"<h2>Profesjonalny ko\u0144 roboczy: Komercyjna gumowa hantla sta\u0142a (C3)<\/h2>\n<p>Rubber Dumbbell-C3 firmy Alex Athletics to definicja komercyjnego konia roboczego. Zaprojektowane z my\u015bl\u0105 o rygorach ci\u0119\u017ckich pomieszcze\u0144 si\u0142owych, te sta\u0142e hantle maj\u0105 solidne \u017celiwne g\u0142owice pokryte grub\u0105, wysokiej jako\u015bci gum\u0105. Ten gumowy pancerz jest niezb\u0119dny do redukcji ha\u0142asu i ochrony pod\u0142ogi w ruchliwych \u015brodowiskach si\u0142owni, gdzie ci\u0119\u017cary s\u0105 cz\u0119sto upuszczane. W przeciwie\u0144stwie do hantli sze\u015bciok\u0105tnych, seria C3 ma zazwyczaj klasyczn\u0105 okr\u0105g\u0142\u0105 g\u0142\u00f3wk\u0119 (lub kszta\u0142t pro-style), kt\u00f3ra zapewnia zr\u00f3wnowa\u017cone wyczucie i zapobiega ostrym kraw\u0119dziom, kt\u00f3re mog\u0105 utrudnia\u0107 stojakowanie. S\u0105 one zbudowane tak, aby mog\u0142y by\u0107 nadu\u017cywane, dzie\u0144 po dniu, przez setki cz\u0142onk\u00f3w.<\/p>\n<p>Uchwyt jest g\u0142\u00f3wnym punktem styku, a C3 zapewnia solidny stalowy, chromowany trzon. Rade\u0142kowanie zosta\u0142o zaprojektowane z my\u015bl\u0105 o \u201c\u015bredniej\u201d teksturze - wystarczaj\u0105co agresywnej, aby utrzyma\u0107 rz\u0105d 50 kg bez pask\u00f3w, ale wystarczaj\u0105co wygodnej do zwijania 10 kg. G\u0142owice s\u0105 mocowane na wcisk i spawane (lub mocowane mechanicznie) do uchwytu, aby zapewni\u0107, \u017ce nigdy si\u0119 nie obracaj\u0105 ani nie poluzowuj\u0105, eliminuj\u0105c \u201cgrzechotanie\u201d wyst\u0119puj\u0105ce w ta\u0144szych hantlach profesjonalnych. Dzi\u0119ki szerokiemu zakresowi wagowemu od 2,5 kg do 50 kg, seria C3 zapewnia stopniowy post\u0119p niezb\u0119dny do powa\u017cnego programowania si\u0142y. Jest to standard dla uniwersytet\u00f3w, si\u0142owni wojskowych i komercyjnych centr\u00f3w fitness.<\/p>\n<h3>1. Guma absorbuj\u0105ca uderzenia<\/h3>\n<p>Gruba gumowa pow\u0142oka zosta\u0142a zaprojektowana tak, aby wytrzyma\u0107 uderzenia. T\u0142umi d\u017awi\u0119k kontaktu metalu z metalem podczas podnoszenia ci\u0119\u017car\u00f3w, dzi\u0119ki czemu si\u0142ownia jest cichsza. Chroni r\u00f3wnie\u017c hantle przed odpryskami i zabezpiecza stojak i pod\u0142og\u0119 przed uszkodzeniem. Jest to niezb\u0119dny element ka\u017cdej wsp\u00f3lnej przestrzeni treningowej.<\/p>\n<h3>2. Bezpieczna, sta\u0142a konstrukcja g\u0142owicy<\/h3>\n<p>Nic tak nie psuje zestawu jak chwiej\u0105cy si\u0119 talerz hantli. Seria C3 posiada g\u0142owice, kt\u00f3re s\u0105 na sta\u0142e przymocowane do uchwytu. Niezale\u017cnie od tego, czy s\u0105 zgrzewane tarciowo, czy przypinane, konstrukcja zapewnia integralno\u015b\u0107 strukturaln\u0105. Mo\u017cesz wykonywa\u0107 podci\u0105ganie hantli lub wyprosty tricepsa z ca\u0142kowit\u0105 pewno\u015bci\u0105, \u017ce ci\u0119\u017car jest bezpieczny.<\/p>\n<h3>3. Chromowany uchwyt rade\u0142kowany<\/h3>\n<p>Chromowane wyko\u0144czenie stanowi barier\u0119 dla rdzy pochodz\u0105cej ze spoconych d\u0142oni. Wz\u00f3r rade\u0142kowania jest sp\u00f3jny w ca\u0142ym zestawie, zapewniaj\u0105c znajomy i pewny chwyt. \u015arednica r\u0119koje\u015bci zazwyczaj skaluje si\u0119 wraz z wag\u0105, zapewniaj\u0105c grubszy, wygodniejszy uchwyt dla ci\u0119\u017cszych dzwonk\u00f3w, aby roz\u0142o\u017cy\u0107 obci\u0105\u017cenie na d\u0142o\u0144.<\/p>\n<h3>4. Komercyjny zakres wagowy (50 kg)<\/h3>\n<p>G\u00f3rna granica 50 kg oznacza, \u017ce ten zestaw jest gotowy dla powa\u017cnych ci\u0119\u017carowc\u00f3w. Umo\u017cliwia wykonywanie ci\u0119\u017ckich wyciskania na klatk\u0119 piersiow\u0105, wios\u0142owania i wykrok\u00f3w. Posiadanie pe\u0142nego zakresu ci\u0119\u017car\u00f3w pozwala na zestawy drop, superserie i prawid\u0142owe progresywne przeci\u0105\u017cenie wszystkich grup mi\u0119\u015bniowych.<\/p>\n<h3>5. Klasyczna estetyka Pro-Style<\/h3>\n<p>Po\u0142\u0105czenie czarnej gumy i chromu to ponadczasowy \u201cgym look\u201d. Wygl\u0105da profesjonalnie i dobrze ukrywa brud i py\u0142 kredowy. Pasuje do ka\u017cdego wystroju si\u0142owni, od szorstkich loch\u00f3w kulturystycznych po czyste korporacyjne centra odnowy biologicznej.<\/p>\n<h3>Dla kogo to jest?<\/h3>\n<ul style=\"list-style-position: inside; padding-left: 0;\">\n<li>Komercyjne si\u0142ownie i kluby fitness.<\/li>\n<li>Sale treningowe uniwersytet\u00f3w i szk\u00f3\u0142 \u015brednich.<\/li>\n<li>Kultury\u015bci potrzebuj\u0105cy ci\u0119\u017ckich hantli sta\u0142ych.<\/li>\n<li>Si\u0142ownie domowe, kt\u00f3re chc\u0105 mie\u0107 profesjonaln\u0105 konfiguracj\u0119 \u201cpe\u0142nego stojaka\u201d.<\/li>\n<li>Trenerzy, kt\u00f3rzy potrzebuj\u0105 niezawodnego, bezobs\u0142ugowego sprz\u0119tu.<\/li>\n<\/ul>\n<h3>Specyfikacja produktu<\/h3>\n<table border=\"1\" width=\"100%\" cellspacing=\"0\" cellpadding=\"5\">\n<tbody>\n<tr>\n<td><strong>Model<\/strong><\/td>\n<td>W03AB016<\/td>\n<\/tr>\n<tr>\n<td><strong>Materia\u0142<\/strong><\/td>\n<td>\u017beliwo w gumowej obudowie<\/td>\n<\/tr>\n<tr>\n<td><strong>Uchwyt<\/strong><\/td>\n<td>Chrom, rade\u0142kowany<\/td>\n<\/tr>\n<tr>\n<td><strong>Zakres wagi<\/strong><\/td>\n<td>2,5 ~ 50 kg<\/td>\n<\/tr>\n<tr>\n<td><strong>Cecha<\/strong><\/td>\n<td>Redukcja szum\u00f3w, sta\u0142e g\u0142owice<\/td>\n<\/tr>\n<\/tbody>\n<\/table>","protected":false},"excerpt":{"rendered":"<p>Gumowa hantla C3 firmy Alex Athletics to niezawodny ko\u0144 poci\u0105gowy dla komercyjnych si\u0142owni. Wyposa\u017cone w solidne \u017celazne g\u0142owice pokryte wytrzyma\u0142\u0105 gum\u0105, oferuj\u0105 doskona\u0142\u0105 redukcj\u0119 ha\u0142asu i ochron\u0119 pod\u0142ogi. Solidna stalowa, chromowana r\u0105czka z rade\u0142kowanym uchwytem zapewnia pewny chwyt i d\u0142ugotrwa\u0142\u0105 wytrzyma\u0142o\u015b\u0107. Dzi\u0119ki sta\u0142ym g\u0142owicom, kt\u00f3re nie poluzuj\u0105 si\u0119 i zakresowi obci\u0105\u017ce\u0144 do 50 kg, zapewnia bezpiecze\u0144stwo i wydajno\u015b\u0107 wymagan\u0105 w pomieszczeniach o du\u017cym nat\u0119\u017ceniu ruchu i powa\u017cnym treningu si\u0142owym.<\/p>","protected":false},"featured_media":3468,"comment_status":"open","ping_status":"closed","template":"","meta":{"inline_featured_image":false,"site-sidebar-layout":"default","site-content-layout":"","ast-site-content-layout":"default","site-content-style":"default","site-sidebar-style":"default","ast-global-header-display":"","ast-banner-title-visibility":"","ast-main-header-display":"","ast-hfb-above-header-display":"","ast-hfb-below-header-display":"","ast-hfb-mobile-header-display":"","site-post-title":"","ast-breadcrumbs-content":"","ast-featured-img":"","footer-sml-layout":"","ast-disable-related-posts":"","theme-transparent-header-meta":"default","adv-header-id-meta":"","stick-header-meta":"default","header-above-stick-meta":"","header-main-stick-meta":"","header-below-stick-meta":"","astra-migrate-meta-layouts":"set","ast-page-background-enabled":"default","ast-page-background-meta":{"desktop":{"background-color":"","background-image":"","background-repeat":"repeat","background-position":"center center","background-size":"auto","background-attachment":"scroll","background-type":"","background-media":"","overlay-type":"","overlay-color":"","overlay-opacity":"","overlay-gradient":""},"tablet":{"background-color":"","background-image":"","background-repeat":"repeat","background-position":"center center","background-size":"auto","background-attachment":"scroll","background-type":"","background-media":"","overlay-type":"","overlay-color":"","overlay-opacity":"","overlay-gradient":""},"mobile":{"background-color":"","background-image":"","background-repeat":"repeat","background-position":"center center","background-size":"auto","background-attachment":"scroll","background-type":"","background-media":"","overlay-type":"","overlay-color":"","overlay-opacity":"","overlay-gradient":""}},"ast-content-background-meta":{"desktop":{"background-color":"var(--ast-global-color-5)","background-image":"","background-repeat":"repeat","background-position":"center center","background-size":"auto","background-attachment":"scroll","background-type":"","background-media":"","overlay-type":"","overlay-color":"","overlay-opacity":"","overlay-gradient":""},"tablet":{"background-color":"var(--ast-global-color-5)","background-image":"","background-repeat":"repeat","background-position":"center center","background-size":"auto","background-attachment":"scroll","background-type":"","background-media":"","overlay-type":"","overlay-color":"","overlay-opacity":"","overlay-gradient":""},"mobile":{"background-color":"var(--ast-global-color-5)","background-image":"","background-repeat":"repeat","background-position":"center center","background-size":"auto","background-attachment":"scroll","background-type":"","background-media":"","overlay-type":"","overlay-color":"","overlay-opacity":"","overlay-gradient":""}}},"product_brand":[],"product_cat":[55],"product_tag":[60],"class_list":{"0":"post-2933","1":"product","2":"type-product","3":"status-publish","4":"has-post-thumbnail","6":"product_cat-free-weight-training","7":"product_tag-dumbbell","8":"desktop-align-left","9":"tablet-align-left","10":"mobile-align-left","12":"first","13":"instock","14":"shipping-taxable","15":"purchasable","16":"product-type-simple"},"_links":{"self":[{"href":"https:\/\/alexathletics1982.com\/pl\/wp-json\/wp\/v2\/product\/2933","targetHints":{"allow":["GET"]}}],"collection":[{"href":"https:\/\/alexathletics1982.com\/pl\/wp-json\/wp\/v2\/product"}],"about":[{"href":"https:\/\/alexathletics1982.com\/pl\/wp-json\/wp\/v2\/types\/product"}],"replies":[{"embeddable":true,"href":"https:\/\/alexathletics1982.com\/pl\/wp-json\/wp\/v2\/comments?post=2933"}],"wp:featuredmedia":[{"embeddable":true,"href":"https:\/\/alexathletics1982.com\/pl\/wp-json\/wp\/v2\/media\/3468"}],"wp:attachment":[{"href":"https:\/\/alexathletics1982.com\/pl\/wp-json\/wp\/v2\/media?parent=2933"}],"wp:term":[{"taxonomy":"product_brand","embeddable":true,"href":"https:\/\/alexathletics1982.com\/pl\/wp-json\/wp\/v2\/product_brand?post=2933"},{"taxonomy":"product_cat","embeddable":true,"href":"https:\/\/alexathletics1982.com\/pl\/wp-json\/wp\/v2\/product_cat?post=2933"},{"taxonomy":"product_tag","embeddable":true,"href":"https:\/\/alexathletics1982.com\/pl\/wp-json\/wp\/v2\/product_tag?post=2933"}],"curies":[{"name":"wp","href":"https:\/\/api.w.org\/{rel}","templated":true}]}}