{"id":2937,"date":"2026-01-23T20:20:40","date_gmt":"2026-01-23T12:20:40","guid":{"rendered":"https:\/\/alexathletics1982.com\/?post_type=product&#038;p=2937"},"modified":"2026-04-08T23:43:41","modified_gmt":"2026-04-08T15:43:41","slug":"chromowany-hantel","status":"publish","type":"product","link":"https:\/\/alexathletics1982.com\/pl\/chrome-dumbbell\/","title":{"rendered":"Hantla chromowana"},"content":{"rendered":"<h2>Estetyczny klasyk: Hantla chromowana<\/h2>\n<p>Dla tych, kt\u00f3rzy uwa\u017caj\u0105, \u017ce sprz\u0119t do \u0107wicze\u0144 powinien wygl\u0105da\u0107 tak dobrze, jak dzia\u0142a, chromowane hantle Alex Athletics s\u0105 najlepszym wyborem. Znane jako \u201cBeauty Bells\u201d, te hantle maj\u0105 osza\u0142amiaj\u0105ce, wysokopolerowane chromowane wyko\u0144czenie od ko\u0144ca do ko\u0144ca. Ta odblaskowa powierzchnia jest nie tylko efektowna wizualnie; jest to ultra twarda pow\u0142oka, kt\u00f3ra jest odporna na odpryski, rdz\u0119 i korozj\u0119 znacznie lepiej ni\u017c farba. Kompaktowe, okr\u0105g\u0142e stalowe g\u0142owice s\u0105 precyzyjnie wywa\u017cone i przyspawane do r\u0119koje\u015bci, dzi\u0119ki czemu sprawiaj\u0105 wra\u017cenie jednolitej konstrukcji. Ta kompaktowa konstrukcja jest g\u0142\u00f3wn\u0105 zalet\u0105 funkcjonaln\u0105, pozwalaj\u0105c na w\u0105ski zakres ruchu i utrzymuj\u0105c ci\u0119\u017cary blisko cia\u0142a podczas z\u0142o\u017conych ruch\u00f3w, co czyni je idealnymi dla mniejszych u\u017cytkownik\u00f3w lub skomplikowanych \u0107wicze\u0144 izolacyjnych.<\/p>\n<p>Ergonomia ma kluczowe znaczenie dla projektu. Uchwyt nie jest zwyk\u0142ym prostym pr\u0119tem; jest ergonomicznie wyprofilowany (w kszta\u0142cie beczki), aby dopasowa\u0107 si\u0119 do naturalnej krzywizny d\u0142oni. Kszta\u0142t ten wype\u0142nia d\u0142o\u0144, r\u00f3wnomiernie rozk\u0142adaj\u0105c nacisk i redukuj\u0105c skurcze podczas d\u0142ugich serii. Obszar uchwytu jest precyzyjnie rade\u0142kowany, aby zapewni\u0107, \u017ce pomimo g\u0142adkiego wyko\u0144czenia, hantla pozostaje pewnie w uchwycie. Eleganckie, wytrzyma\u0142e i ponadczasowe hantle dodadz\u0105 klasy ka\u017cdej domowej si\u0142owni, hotelowemu centrum fitness lub biurowej przestrzeni treningowej. S\u0105 to naj\u0142atwiejsze w czyszczeniu i dezynfekcji hantle, kt\u00f3re zachowuj\u0105 sw\u00f3j blask przez lata.<\/p>\n<h3>1. Chromowane wyko\u0144czenie o wysokim po\u0142ysku<\/h3>\n<p>Lustrzana pow\u0142oka chromowana to najwy\u017cszy poziom estetyki na si\u0142owni. Wygl\u0105da czysto, nowocze\u015bnie i profesjonalnie. Poza wygl\u0105dem, chrom jest funkcjonaln\u0105 os\u0142on\u0105 przed utlenianiem i potem. Jest niezwykle \u0142atwy do wycierania, co czyni go najbardziej higieniczn\u0105 opcj\u0105 dla wsp\u00f3lnych obiekt\u00f3w lub wysokiej klasy spa.<\/p>\n<h3>2. Ergonomiczny, wyprofilowany uchwyt<\/h3>\n<p>Uchwyt p\u0119cznieje w \u015brodku, aby dopasowa\u0107 si\u0119 do anatomii zamkni\u0119tej d\u0142oni. Ten \u201cbeczkowaty\u201d kszta\u0142t zmniejsza odst\u0119p mi\u0119dzy d\u0142oni\u0105 a dr\u0105\u017ckiem, zapewniaj\u0105c bezpieczniejszy i wygodniejszy interfejs. W po\u0142\u0105czeniu z diamentowym rade\u0142kowaniem zapewnia chwyt, kt\u00f3ry minimalizuje zm\u0119czenie przedramienia, jednocze\u015bnie maksymalizuj\u0105c kontrol\u0119.<\/p>\n<h3>3. Kompaktowe g\u0142owice stalowe<\/h3>\n<p>Poniewa\u017c s\u0105 wykonane z litej stali, hantle te s\u0105 g\u0119stsze ni\u017c wersje \u017celiwne lub gumowe. Skutkuje to fizycznie mniejszymi g\u0142owicami przy tej samej wadze. Kompaktowy profil zapobiega obijaniu si\u0119 hantli podczas wyciskania na klatk\u0119 piersiow\u0105 lub podci\u0105gania, umo\u017cliwiaj\u0105c p\u0142ynniejszy, nieograniczony zakres ruchu.<\/p>\n<h3>4. Odporno\u015b\u0107 na odpryski i \u0142uszczenie<\/h3>\n<p>W przeciwie\u0144stwie do malowanego \u017celaza, kt\u00f3re odpryskuje lub gumy, kt\u00f3ra si\u0119 \u0142uszczy, chrom jest wi\u0105zaniem molekularnym. Jest wysoce odporny na uszkodzenia spowodowane uderzeniami. Chocia\u017c \u017cadne wyko\u0144czenie nie jest niezwyci\u0119\u017cone, chrom wyj\u0105tkowo dobrze znosi tarcie podczas podnoszenia i opuszczania hantli, zachowuj\u0105c sw\u00f3j doskona\u0142y wygl\u0105d na d\u0142ugo po tym, jak inne hantle wygl\u0105daj\u0105 na zu\u017cyte.<\/p>\n<h3>5. Wszechstronny, lekki asortyment<\/h3>\n<p>W zakresie od 1 kg do 10 kg (i do 20 kg), s\u0105 one idealne do \u201cfinezyjnego\u201d ko\u0144ca treningu. Idealnie nadaj\u0105 si\u0119 do podnoszenia bocznego, pracy nad mankietem rotatora, kszta\u0142towania bicepsa i dodawania oporu do aerobiku. Precyzyjna kalibracja ci\u0119\u017caru zapewnia dok\u0142adno\u015b\u0107 treningu.<\/p>\n<h3>Dla kogo to jest?<\/h3>\n<ul style=\"list-style-position: inside; padding-left: 0;\">\n<li>Luksusowe hotele i si\u0142ownie firmowe.<\/li>\n<li>W\u0142a\u015bciciele domowych si\u0142owni, kt\u00f3rzy ceni\u0105 sobie estetyk\u0119.<\/li>\n<li>Kultury\u015bci wykonuj\u0105cy prac\u0119 izolacyjn\u0105.<\/li>\n<li>U\u017cytkownicy o mniejszych d\u0142oniach potrzebuj\u0105cy ergonomicznych uchwyt\u00f3w.<\/li>\n<li>Ka\u017cdy, kto potrzebuje \u0142atwych w czyszczeniu, higienicznych obci\u0105\u017cnik\u00f3w.<\/li>\n<\/ul>\n<h3>Specyfikacja produktu<\/h3>\n<table border=\"1\" width=\"100%\" cellspacing=\"0\" cellpadding=\"5\">\n<tbody>\n<tr>\n<td><strong>Model<\/strong><\/td>\n<td>W03BG001<\/td>\n<\/tr>\n<tr>\n<td><strong>Materia\u0142<\/strong><\/td>\n<td>Solidna stal<\/td>\n<\/tr>\n<tr>\n<td><strong>Zako\u0144czenie<\/strong><\/td>\n<td>Chrom o wysokim po\u0142ysku<\/td>\n<\/tr>\n<tr>\n<td><strong>Uchwyt<\/strong><\/td>\n<td>Wyprofilowane i rade\u0142kowane<\/td>\n<\/tr>\n<tr>\n<td><strong>Wagi<\/strong><\/td>\n<td>1 ~ 20 kg<\/td>\n<\/tr>\n<\/tbody>\n<\/table>","protected":false},"excerpt":{"rendered":"<p>Hantle Chrome marki Alex Athletics to elegancja i ergonomia podczas treningu. Te solidne stalowe hantle z odblaskowym wyko\u0144czeniem o wysokim po\u0142ysku s\u0105 odporne na rdz\u0119 i odpryski. Ergonomiczny, wyprofilowany uchwyt z rade\u0142kowaniem idealnie dopasowuje si\u0119 do d\u0142oni, zapewniaj\u0105c wygodny i pewny chwyt. Dzi\u0119ki kompaktowym g\u0142owicom, kt\u00f3re pozwalaj\u0105 na pe\u0142ny zakres ruchu, s\u0105 idealnym wyborem do \u0107wicze\u0144 izolacyjnych, luksusowych domowych si\u0142owni i studi\u00f3w, kt\u00f3re stawiaj\u0105 na czysto\u015b\u0107 i styl.<\/p>","protected":false},"featured_media":3241,"comment_status":"open","ping_status":"closed","template":"","meta":{"inline_featured_image":false,"site-sidebar-layout":"default","site-content-layout":"","ast-site-content-layout":"default","site-content-style":"default","site-sidebar-style":"default","ast-global-header-display":"","ast-banner-title-visibility":"","ast-main-header-display":"","ast-hfb-above-header-display":"","ast-hfb-below-header-display":"","ast-hfb-mobile-header-display":"","site-post-title":"","ast-breadcrumbs-content":"","ast-featured-img":"","footer-sml-layout":"","ast-disable-related-posts":"","theme-transparent-header-meta":"default","adv-header-id-meta":"","stick-header-meta":"default","header-above-stick-meta":"","header-main-stick-meta":"","header-below-stick-meta":"","astra-migrate-meta-layouts":"set","ast-page-background-enabled":"default","ast-page-background-meta":{"desktop":{"background-color":"","background-image":"","background-repeat":"repeat","background-position":"center center","background-size":"auto","background-attachment":"scroll","background-type":"","background-media":"","overlay-type":"","overlay-color":"","overlay-opacity":"","overlay-gradient":""},"tablet":{"background-color":"","background-image":"","background-repeat":"repeat","background-position":"center center","background-size":"auto","background-attachment":"scroll","background-type":"","background-media":"","overlay-type":"","overlay-color":"","overlay-opacity":"","overlay-gradient":""},"mobile":{"background-color":"","background-image":"","background-repeat":"repeat","background-position":"center center","background-size":"auto","background-attachment":"scroll","background-type":"","background-media":"","overlay-type":"","overlay-color":"","overlay-opacity":"","overlay-gradient":""}},"ast-content-background-meta":{"desktop":{"background-color":"var(--ast-global-color-5)","background-image":"","background-repeat":"repeat","background-position":"center center","background-size":"auto","background-attachment":"scroll","background-type":"","background-media":"","overlay-type":"","overlay-color":"","overlay-opacity":"","overlay-gradient":""},"tablet":{"background-color":"var(--ast-global-color-5)","background-image":"","background-repeat":"repeat","background-position":"center center","background-size":"auto","background-attachment":"scroll","background-type":"","background-media":"","overlay-type":"","overlay-color":"","overlay-opacity":"","overlay-gradient":""},"mobile":{"background-color":"var(--ast-global-color-5)","background-image":"","background-repeat":"repeat","background-position":"center center","background-size":"auto","background-attachment":"scroll","background-type":"","background-media":"","overlay-type":"","overlay-color":"","overlay-opacity":"","overlay-gradient":""}}},"product_brand":[],"product_cat":[55],"product_tag":[60],"class_list":{"0":"post-2937","1":"product","2":"type-product","3":"status-publish","4":"has-post-thumbnail","6":"product_cat-free-weight-training","7":"product_tag-dumbbell","8":"desktop-align-left","9":"tablet-align-left","10":"mobile-align-left","12":"first","13":"instock","14":"shipping-taxable","15":"purchasable","16":"product-type-simple"},"_links":{"self":[{"href":"https:\/\/alexathletics1982.com\/pl\/wp-json\/wp\/v2\/product\/2937","targetHints":{"allow":["GET"]}}],"collection":[{"href":"https:\/\/alexathletics1982.com\/pl\/wp-json\/wp\/v2\/product"}],"about":[{"href":"https:\/\/alexathletics1982.com\/pl\/wp-json\/wp\/v2\/types\/product"}],"replies":[{"embeddable":true,"href":"https:\/\/alexathletics1982.com\/pl\/wp-json\/wp\/v2\/comments?post=2937"}],"wp:featuredmedia":[{"embeddable":true,"href":"https:\/\/alexathletics1982.com\/pl\/wp-json\/wp\/v2\/media\/3241"}],"wp:attachment":[{"href":"https:\/\/alexathletics1982.com\/pl\/wp-json\/wp\/v2\/media?parent=2937"}],"wp:term":[{"taxonomy":"product_brand","embeddable":true,"href":"https:\/\/alexathletics1982.com\/pl\/wp-json\/wp\/v2\/product_brand?post=2937"},{"taxonomy":"product_cat","embeddable":true,"href":"https:\/\/alexathletics1982.com\/pl\/wp-json\/wp\/v2\/product_cat?post=2937"},{"taxonomy":"product_tag","embeddable":true,"href":"https:\/\/alexathletics1982.com\/pl\/wp-json\/wp\/v2\/product_tag?post=2937"}],"curies":[{"name":"wp","href":"https:\/\/api.w.org\/{rel}","templated":true}]}}