{"id":2940,"date":"2026-01-23T20:20:40","date_gmt":"2026-01-23T12:20:40","guid":{"rendered":"https:\/\/alexathletics1982.com\/?post_type=product&#038;p=2940"},"modified":"2026-04-10T21:16:35","modified_gmt":"2026-04-10T13:16:35","slug":"competition-matt-finish-kettlebell-c2","status":"publish","type":"product","link":"https:\/\/alexathletics1982.com\/pl\/competition-matt-finish-kettlebell-c2\/","title":{"rendered":"Competition Matt Finish Kettlebell-C2"},"content":{"rendered":"<h2>Uchwyt taktyczny: Competition Matte Finish Kettlebell (C2)<\/h2>\n<p>Kettlebell Competition Matte Finish (C2) od Alex Athletics wykorzystuje profesjonalne standardy modelu C1 i dodaje taktyczny, funkcjonalny akcent. Zachowuj\u0105c krytyczne jednolite wymiary (ten sam rozmiar dla wszystkich ci\u0119\u017car\u00f3w), kt\u00f3re pozwalaj\u0105 na sp\u00f3jn\u0105 technik\u0119, C2 ma korpus pokryty matowym proszkiem. To teksturowane, nieodblaskowe wyko\u0144czenie oferuje wyra\u017an\u0105 przewag\u0119: zapewnia nieco wi\u0119ksze tarcie o cia\u0142o (w szczeg\u00f3lno\u015bci koszulk\u0119 lub koszulk\u0119) w pozycji stojaka. Dla niekt\u00f3rych sportowc\u00f3w ten dodatkowy \u201ck\u0119s\u201d pomaga ustabilizowa\u0107 dzwonki podczas d\u0142ugich chwyt\u00f3w zestawu Kettlebell Jerk, zapobiegaj\u0105c ich ze\u015blizgiwaniu si\u0119, gdy pot staje si\u0119 czynnikiem. Oferuje r\u00f3wnie\u017c nowoczesn\u0105, agresywn\u0105 estetyk\u0119, kt\u00f3ra jest odporna na odciski palc\u00f3w i zarysowania.<\/p>\n<p>Uchwyt pozostaje centralnym elementem o wysokiej wydajno\u015bci: jednolita \u015brednica, niepomalowana stal nierdzewna (lub go\u0142a stal), zaprojektowana z my\u015bl\u0105 o p\u0142ynnej rotacji i doskona\u0142ej retencji kredy. C2 jest precyzyjnie wywa\u017cony, aby zapewni\u0107 prawdziwy tor lotu dla Snatches i Cleans. Podobnie jak wersja b\u0142yszcz\u0105ca, jest oznaczona kolorami w celu natychmiastowego rozpoznania wagi. Wyb\u00f3r mi\u0119dzy wersj\u0105 b\u0142yszcz\u0105c\u0105 i matow\u0105 jest w du\u017cej mierze preferencyjny, ale dla sportowc\u00f3w, kt\u00f3rzy wol\u0105 bardziej dotykowe odczucia i \u201cukryty\u201d wygl\u0105d swojego sprz\u0119tu, Matte C2 jest lepsz\u0105 opcj\u0105. Zapewnia tak\u0105 sam\u0105 \u015bwiatowej klasy trwa\u0142o\u015b\u0107 i r\u00f3wnowag\u0119, jakiej oczekuje si\u0119 od sprz\u0119tu wyczynowego.<\/p>\n<h3>1. Teksturowana matowa pow\u0142oka proszkowa<\/h3>\n<p>Matowe wyko\u0144czenie to nie tylko wygl\u0105d. Lekko teksturowana powierzchnia zapewnia wi\u0119ksze tarcie ni\u017c b\u0142yszcz\u0105ca farba. Mo\u017ce to pom\u00f3c kettlebell \u201cprzyklei\u0107 si\u0119\u201d do pasa lub koszulki w pozycji stojaka, potencjalnie oszcz\u0119dzaj\u0105c energi\u0119 podczas statycznych faz podnoszenia. Zapewnia r\u00f3wnie\u017c lepszy chwyt podczas wykonywania przysiad\u00f3w z kettlebell trzymaj\u0105c go za korpus.<\/p>\n<h3>2. Sp\u00f3jne specyfikacje techniczne<\/h3>\n<p>Podobnie jak C1, C2 zachowuje dok\u0142adnie te same wymiary (210x210x288 mm) od 8 kg do 32 kg. Ta jednolito\u015b\u0107 nie podlega negocjacjom w przypadku powa\u017cnego treningu. Gwarantuje to, \u017ce pami\u0119\u0107 mi\u0119\u015bniowa do czyszczenia, stojaka i wk\u0142adania snatcha pozostaje wa\u017cna niezale\u017cnie od podnoszonego obci\u0105\u017cenia.<\/p>\n<h3>3. Profesjonalny niepomalowany uchwyt<\/h3>\n<p>Uchwyt jest surowy lub pokryty bezbarwn\u0105 pow\u0142ok\u0105, aby zmaksymalizowa\u0107 przyczepno\u015b\u0107 kredy. Farba na uchwycie staje si\u0119 \u015bliska, gdy jest mokra; go\u0142y metal \/ stal nierdzewna poch\u0142ania kred\u0119 i zapewnia pewny, niezawodny chwyt, kt\u00f3ry nie rozdziera sk\u00f3ry. Jednolita grubo\u015b\u0107 zapewnia jednakow\u0105 si\u0142\u0119 chwytu przy ka\u017cdym obci\u0105\u017ceniu.<\/p>\n<h3>4. Niewidzialna estetyka i trwa\u0142o\u015b\u0107<\/h3>\n<p>Matowe wyko\u0144czenie ukrywa zadrapania, \u015blady kredy i kurz lepiej ni\u017c b\u0142yszcz\u0105ce wyko\u0144czenia. Nadaje to si\u0142owni nowoczesny, taktyczny wygl\u0105d. Pow\u0142oka proszkowa jest wypalana, dzi\u0119ki czemu nie odpryskuje \u0142atwo, nawet gdy dzwonki uderzaj\u0105 o siebie podczas podw\u00f3jnej pracy z kettlebell.<\/p>\n<h3>5. Standardowe kodowanie kolorami<\/h3>\n<p>Pomimo matowego wyko\u0144czenia, dzwonki zachowuj\u0105 standardow\u0105 kolorystyk\u0119 konkursow\u0105 (r\u00f3\u017cowy, niebieski, \u017c\u00f3\u0142ty, fioletowy, zielony, czerwony). Gwarantuje to, \u017ce s\u0105 one zgodne z konkurencj\u0105 i \u0142atwe do zorganizowania. Kolory s\u0105 \u017cywe i \u0142atwe do rozr\u00f3\u017cnienia.<\/p>\n<h3>Dla kogo to jest?<\/h3>\n<ul style=\"list-style-position: inside; padding-left: 0;\">\n<li>Lifterzy, kt\u00f3rzy wol\u0105 tekstur\u0119 od g\u0142adkiego po\u0142ysku.<\/li>\n<li>Konkurencyjni sportowcy kettlebell.<\/li>\n<li>Sportowcy, kt\u00f3rzy intensywnie si\u0119 poc\u0105 i potrzebuj\u0105 lepszej stabilno\u015bci stojaka.<\/li>\n<li>Ka\u017cdy, kto powa\u017cnie my\u015bli o technicznym podnoszeniu kettlebell.<\/li>\n<\/ul>\n<h3>Specyfikacja produktu<\/h3>\n<table border=\"1\" width=\"100%\" cellspacing=\"0\" cellpadding=\"5\">\n<tbody>\n<tr>\n<td><strong>Model<\/strong><\/td>\n<td>W04BD015<\/td>\n<\/tr>\n<tr>\n<td><strong>Materia\u0142<\/strong><\/td>\n<td>Stalowy korpus, nierdzewny uchwyt<\/td>\n<\/tr>\n<tr>\n<td><strong>Zako\u0144czenie<\/strong><\/td>\n<td>Matowa farba proszkowa<\/td>\n<\/tr>\n<tr>\n<td><strong>Cecha<\/strong><\/td>\n<td>Wyczuwalna tekstura cia\u0142a<\/td>\n<\/tr>\n<tr>\n<td><strong>Wymiary<\/strong><\/td>\n<td>Mundur (specyfikacja zawod\u00f3w)<\/td>\n<\/tr>\n<\/tbody>\n<\/table>","protected":false},"excerpt":{"rendered":"<p>Kettlebell Competition Matte Finish (C2) od Alex Athletics \u0142\u0105czy profesjonaln\u0105 jednolito\u015b\u0107 z funkcjonaln\u0105 teksturowan\u0105 powierzchni\u0105. Model ten ma te same wymiary we wszystkich ci\u0119\u017carach, co zapewnia mistrzostwo w technice, a jego matowa pow\u0142oka proszkowa poprawia stabilno\u015b\u0107 w pozycji stojaka, zmniejszaj\u0105c po\u015blizg. Niepomalowany uchwyt ze stali nierdzewnej zapewnia optymaln\u0105 retencj\u0119 kredy i p\u0142ynny obr\u00f3t. Dzi\u0119ki kodowaniu kolorami IWF i nowoczesnej estetyce stealth, jest to preferowane narz\u0119dzie dla podno\u015bnik\u00f3w, kt\u00f3rzy wymagaj\u0105 dotykowego sprz\u0119\u017cenia zwrotnego i precyzyjnej wydajno\u015bci.<\/p>","protected":false},"featured_media":3275,"comment_status":"open","ping_status":"closed","template":"","meta":{"inline_featured_image":false,"site-sidebar-layout":"default","site-content-layout":"","ast-site-content-layout":"default","site-content-style":"default","site-sidebar-style":"default","ast-global-header-display":"","ast-banner-title-visibility":"","ast-main-header-display":"","ast-hfb-above-header-display":"","ast-hfb-below-header-display":"","ast-hfb-mobile-header-display":"","site-post-title":"","ast-breadcrumbs-content":"","ast-featured-img":"","footer-sml-layout":"","ast-disable-related-posts":"","theme-transparent-header-meta":"default","adv-header-id-meta":"","stick-header-meta":"default","header-above-stick-meta":"","header-main-stick-meta":"","header-below-stick-meta":"","astra-migrate-meta-layouts":"set","ast-page-background-enabled":"default","ast-page-background-meta":{"desktop":{"background-color":"","background-image":"","background-repeat":"repeat","background-position":"center center","background-size":"auto","background-attachment":"scroll","background-type":"","background-media":"","overlay-type":"","overlay-color":"","overlay-opacity":"","overlay-gradient":""},"tablet":{"background-color":"","background-image":"","background-repeat":"repeat","background-position":"center center","background-size":"auto","background-attachment":"scroll","background-type":"","background-media":"","overlay-type":"","overlay-color":"","overlay-opacity":"","overlay-gradient":""},"mobile":{"background-color":"","background-image":"","background-repeat":"repeat","background-position":"center center","background-size":"auto","background-attachment":"scroll","background-type":"","background-media":"","overlay-type":"","overlay-color":"","overlay-opacity":"","overlay-gradient":""}},"ast-content-background-meta":{"desktop":{"background-color":"var(--ast-global-color-5)","background-image":"","background-repeat":"repeat","background-position":"center center","background-size":"auto","background-attachment":"scroll","background-type":"","background-media":"","overlay-type":"","overlay-color":"","overlay-opacity":"","overlay-gradient":""},"tablet":{"background-color":"var(--ast-global-color-5)","background-image":"","background-repeat":"repeat","background-position":"center center","background-size":"auto","background-attachment":"scroll","background-type":"","background-media":"","overlay-type":"","overlay-color":"","overlay-opacity":"","overlay-gradient":""},"mobile":{"background-color":"var(--ast-global-color-5)","background-image":"","background-repeat":"repeat","background-position":"center center","background-size":"auto","background-attachment":"scroll","background-type":"","background-media":"","overlay-type":"","overlay-color":"","overlay-opacity":"","overlay-gradient":""}}},"product_brand":[],"product_cat":[55],"product_tag":[61],"class_list":{"0":"post-2940","1":"product","2":"type-product","3":"status-publish","4":"has-post-thumbnail","6":"product_cat-free-weight-training","7":"product_tag-kettlebell","8":"desktop-align-left","9":"tablet-align-left","10":"mobile-align-left","12":"first","13":"instock","14":"shipping-taxable","15":"purchasable","16":"product-type-simple"},"_links":{"self":[{"href":"https:\/\/alexathletics1982.com\/pl\/wp-json\/wp\/v2\/product\/2940","targetHints":{"allow":["GET"]}}],"collection":[{"href":"https:\/\/alexathletics1982.com\/pl\/wp-json\/wp\/v2\/product"}],"about":[{"href":"https:\/\/alexathletics1982.com\/pl\/wp-json\/wp\/v2\/types\/product"}],"replies":[{"embeddable":true,"href":"https:\/\/alexathletics1982.com\/pl\/wp-json\/wp\/v2\/comments?post=2940"}],"wp:featuredmedia":[{"embeddable":true,"href":"https:\/\/alexathletics1982.com\/pl\/wp-json\/wp\/v2\/media\/3275"}],"wp:attachment":[{"href":"https:\/\/alexathletics1982.com\/pl\/wp-json\/wp\/v2\/media?parent=2940"}],"wp:term":[{"taxonomy":"product_brand","embeddable":true,"href":"https:\/\/alexathletics1982.com\/pl\/wp-json\/wp\/v2\/product_brand?post=2940"},{"taxonomy":"product_cat","embeddable":true,"href":"https:\/\/alexathletics1982.com\/pl\/wp-json\/wp\/v2\/product_cat?post=2940"},{"taxonomy":"product_tag","embeddable":true,"href":"https:\/\/alexathletics1982.com\/pl\/wp-json\/wp\/v2\/product_tag?post=2940"}],"curies":[{"name":"wp","href":"https:\/\/api.w.org\/{rel}","templated":true}]}}