{"id":2943,"date":"2026-01-23T20:20:40","date_gmt":"2026-01-23T12:20:40","guid":{"rendered":"https:\/\/alexathletics1982.com\/?post_type=product&#038;p=2943"},"modified":"2026-04-10T21:17:05","modified_gmt":"2026-04-10T13:17:05","slug":"dc-hex-kettlebell-t1","status":"publish","type":"product","link":"https:\/\/alexathletics1982.com\/pl\/dc-hex-kettlebell-t1\/","title":{"rendered":"DC-Hex Kettlebell-T1"},"content":{"rendered":"<h2>Klasyczny Hardstyle: Kettlebell \u017celiwny malowany proszkowo<\/h2>\n<p>Dla puryst\u00f3w, kt\u00f3rzy wymagaj\u0105 tradycyjnego wyczucia \u017celaza, DC-Hex Kettlebell-T1 (cz\u0119sto okre\u015blany po prostu jako \u017celiwny kettlebell malowany proszkowo) jest standardem. Ten dzwonek usuwa gum\u0119 i plastik, aby ods\u0142oni\u0107 wytrzyma\u0142e, funkcjonalne narz\u0119dzie stworzone do treningu \u201cHardstyle\u201d. Wykonany z litego \u017celiwa z jednocz\u0119\u015bciowym spawanym uchwytem (zapewniaj\u0105cym integralno\u015b\u0107 strukturaln\u0105 zgodn\u0105 z intensywnym u\u017cytkowaniem), jest wyko\u0144czony wysokiej jako\u015bci czarn\u0105 pow\u0142ok\u0105 proszkow\u0105. Ta tekstura jest z\u0142otym standardem dla kettlebells; zapewnia matow\u0105, ziarnist\u0105 powierzchni\u0119, kt\u00f3ra wyj\u0105tkowo dobrze trzyma kred\u0119. W przeciwie\u0144stwie do g\u0142adkich wyko\u0144cze\u0144 emaliowanych lub epoksydowych, pow\u0142oka proszkowa zapewnia przyczepno\u015b\u0107 uchwytu nawet wtedy, gdy d\u0142onie ociekaj\u0105 potem, co ma kluczowe znaczenie dla bezpiecze\u0144stwa podczas ci\u0119\u017ckich wymach\u00f3w i podci\u0105gni\u0119\u0107.<\/p>\n<p>Konstrukcja posiada szerokie, p\u0142askie dno, kt\u00f3re zapewnia doskona\u0142\u0105 stabilno\u015b\u0107 podczas \u0107wicze\u0144 na pod\u0142odze, takich jak renegade rows i handstands. Geometria uchwytu jest zoptymalizowana pod k\u0105tem wszechstronno\u015bci; jest wystarczaj\u0105co szeroka, aby pomie\u015bci\u0107 dwie r\u0119ce do wymach\u00f3w, ale ukszta\u0142towana tak, aby wygodnie siedzie\u0107 w pozycji stojaka bez wbijania si\u0119 w ko\u015bci nadgarstka. Dzi\u0119ki zakresowi wa\u017cenia do 36 kg, ten kettlebell jest powa\u017cnym narz\u0119dziem do budowania si\u0142y eksplozywnej, si\u0142y chwytu i kondycji metabolicznej.<\/p>\n<h3>1. Wysokiej jako\u015bci uchwyt malowany proszkowo<\/h3>\n<p>Wyko\u0144czenie jest najbardziej krytyczn\u0105 cech\u0105. Malowanie proszkowe tworzy tekstur\u0119, kt\u00f3ra jest lepsza od surowego \u017celaza lub b\u0142yszcz\u0105cej farby. Zapewnia naturalne tarcie, kt\u00f3re jest pewne w d\u0142oni. Doskonale wch\u0142ania kred\u0119, pozwalaj\u0105c na \u201czablokowany\u201d chwyt, kt\u00f3ry nie \u015blizga si\u0119, co jest niezb\u0119dne przy ruchach balistycznych o wysokiej cz\u0119stotliwo\u015bci.<\/p>\n<h3>2. Szeroki ergonomiczny uchwyt<\/h3>\n<p>Uchwyt zosta\u0142 zaprojektowany z my\u015bl\u0105 o funkcjonalno\u015bci. Zapewnia wystarczaj\u0105co du\u017co miejsca dla obu r\u0105k, aby wygodnie chwyci\u0107 podczas dwur\u0119cznych zamach\u00f3w, ale okno jest wystarczaj\u0105co ciasne, aby zapobiec nadmiernemu uderzaniu przedramienia w pozycji nad g\u0142ow\u0105. Grubo\u015b\u0107 uchwytu jest wywa\u017cona tak, aby wymaga\u0142a si\u0142y chwytu, ale nie by\u0142a trudna do opanowania.<\/p>\n<h3>3. Stabilna p\u0142aska podstawa<\/h3>\n<p>Obrabiane maszynowo p\u0142askie dno zapewnia, \u017ce kettlebell le\u017cy idealnie p\u0142asko. Nie chwieje si\u0119. Ma to kluczowe znaczenie dla bezpiecze\u0144stwa podczas przechowywania i sprawia, \u017ce kettlebell jest stabiln\u0105 platform\u0105 do \u0107wicze\u0144 z mas\u0105 cia\u0142a, takich jak pompki i wios\u0142owania. Zamienia to kettlebell w paraletk\u0119.<\/p>\n<h3>4. Trwa\u0142o\u015b\u0107 odporna na rdz\u0119<\/h3>\n<p>Pow\u0142oka proszkowa jest wypalana na \u017celazie, tworz\u0105c tward\u0105, trwa\u0142\u0105 pow\u0142ok\u0119. Jest ona odporna na odpryski i zarysowania znacznie lepiej ni\u017c standardowa farba. Chroni \u017celazny rdze\u0144 przed wilgoci\u0105 i utlenianiem, zapewniaj\u0105c trwa\u0142o\u015b\u0107 dzwonka przez dziesi\u0119ciolecia, nawet w warunkach gara\u017cowych.<\/p>\n<h3>5. Zakres wagi ci\u0119\u017ckiej<\/h3>\n<p>Seria ta, dost\u0119pna do 36 kg, przeznaczona jest dla silnych sportowc\u00f3w. G\u0119sto\u015b\u0107 \u017celiwa sprawia, \u017ce fizyczny rozmiar dzwonka jest \u0142atwy do opanowania nawet przy du\u017cych ci\u0119\u017carach, utrzymuj\u0105c \u015brodek ci\u0119\u017cko\u015bci blisko cia\u0142a, co zapewnia lepsz\u0105 biomechanik\u0119.<\/p>\n<h3>Dla kogo to jest?<\/h3>\n<ul style=\"list-style-position: inside; padding-left: 0;\">\n<li>Lifterzy, kt\u00f3rzy u\u017cywaj\u0105 kredy i potrzebuj\u0105 doskona\u0142ej przyczepno\u015bci.<\/li>\n<li>W\u0142a\u015bciciele domowych si\u0142owni szukaj\u0105 klasycznego, niezniszczalnego narz\u0119dzia.<\/li>\n<li>Sportowcy wykonuj\u0105cy renegade rows.<\/li>\n<li>Ka\u017cdy, kto chce poczu\u0107 tradycyjne \u201c\u017celazo\u201d.<\/li>\n<\/ul>\n<h3>Specyfikacja produktu<\/h3>\n<table border=\"1\" width=\"100%\" cellspacing=\"0\" cellpadding=\"5\">\n<tbody>\n<tr>\n<td><strong>Model<\/strong><\/td>\n<td>W04AE010<\/td>\n<\/tr>\n<tr>\n<td><strong>Materia\u0142<\/strong><\/td>\n<td>\u017beliwo<\/td>\n<\/tr>\n<tr>\n<td><strong>Zako\u0144czenie<\/strong><\/td>\n<td>Czarna farba proszkowa<\/td>\n<\/tr>\n<tr>\n<td><strong>Uchwyt<\/strong><\/td>\n<td>Jednocz\u0119\u015bciowy spawany \/ zintegrowany<\/td>\n<\/tr>\n<tr>\n<td><strong>Wagi<\/strong><\/td>\n<td>4 ~ 36 kg<\/td>\n<\/tr>\n<\/tbody>\n<\/table>","protected":false},"excerpt":{"rendered":"<p>DC-Hex Kettlebell-T1 firmy Alex Athletics to klasyczny wyb\u00f3r do powa\u017cnego treningu si\u0142owego. Wyposa\u017cony w solidny \u017celiwny korpus z wysokiej jako\u015bci czarnym wyko\u0144czeniem malowanym proszkowo, zapewnia doskona\u0142\u0105 przyczepno\u015b\u0107 i utrzymanie kredy podczas ci\u0119\u017ckich wymach\u00f3w i podrzut\u00f3w. Szeroki uchwyt umo\u017cliwia wykonywanie ruch\u00f3w obur\u0119cznych, a obrobione maszynowo p\u0142askie dno zapewnia stabilno\u015b\u0107 podczas \u0107wicze\u0144 na pod\u0142odze i przechowywania. Trwa\u0142y, odporny na rdz\u0119 i funkcjonalny.<\/p>","protected":false},"featured_media":3343,"comment_status":"open","ping_status":"closed","template":"","meta":{"inline_featured_image":false,"site-sidebar-layout":"default","site-content-layout":"","ast-site-content-layout":"default","site-content-style":"default","site-sidebar-style":"default","ast-global-header-display":"","ast-banner-title-visibility":"","ast-main-header-display":"","ast-hfb-above-header-display":"","ast-hfb-below-header-display":"","ast-hfb-mobile-header-display":"","site-post-title":"","ast-breadcrumbs-content":"","ast-featured-img":"","footer-sml-layout":"","ast-disable-related-posts":"","theme-transparent-header-meta":"default","adv-header-id-meta":"","stick-header-meta":"default","header-above-stick-meta":"","header-main-stick-meta":"","header-below-stick-meta":"","astra-migrate-meta-layouts":"set","ast-page-background-enabled":"default","ast-page-background-meta":{"desktop":{"background-color":"","background-image":"","background-repeat":"repeat","background-position":"center center","background-size":"auto","background-attachment":"scroll","background-type":"","background-media":"","overlay-type":"","overlay-color":"","overlay-opacity":"","overlay-gradient":""},"tablet":{"background-color":"","background-image":"","background-repeat":"repeat","background-position":"center center","background-size":"auto","background-attachment":"scroll","background-type":"","background-media":"","overlay-type":"","overlay-color":"","overlay-opacity":"","overlay-gradient":""},"mobile":{"background-color":"","background-image":"","background-repeat":"repeat","background-position":"center center","background-size":"auto","background-attachment":"scroll","background-type":"","background-media":"","overlay-type":"","overlay-color":"","overlay-opacity":"","overlay-gradient":""}},"ast-content-background-meta":{"desktop":{"background-color":"var(--ast-global-color-5)","background-image":"","background-repeat":"repeat","background-position":"center center","background-size":"auto","background-attachment":"scroll","background-type":"","background-media":"","overlay-type":"","overlay-color":"","overlay-opacity":"","overlay-gradient":""},"tablet":{"background-color":"var(--ast-global-color-5)","background-image":"","background-repeat":"repeat","background-position":"center center","background-size":"auto","background-attachment":"scroll","background-type":"","background-media":"","overlay-type":"","overlay-color":"","overlay-opacity":"","overlay-gradient":""},"mobile":{"background-color":"var(--ast-global-color-5)","background-image":"","background-repeat":"repeat","background-position":"center center","background-size":"auto","background-attachment":"scroll","background-type":"","background-media":"","overlay-type":"","overlay-color":"","overlay-opacity":"","overlay-gradient":""}}},"product_brand":[],"product_cat":[55],"product_tag":[61],"class_list":{"0":"post-2943","1":"product","2":"type-product","3":"status-publish","4":"has-post-thumbnail","6":"product_cat-free-weight-training","7":"product_tag-kettlebell","8":"desktop-align-left","9":"tablet-align-left","10":"mobile-align-left","12":"first","13":"instock","14":"shipping-taxable","15":"purchasable","16":"product-type-simple"},"_links":{"self":[{"href":"https:\/\/alexathletics1982.com\/pl\/wp-json\/wp\/v2\/product\/2943","targetHints":{"allow":["GET"]}}],"collection":[{"href":"https:\/\/alexathletics1982.com\/pl\/wp-json\/wp\/v2\/product"}],"about":[{"href":"https:\/\/alexathletics1982.com\/pl\/wp-json\/wp\/v2\/types\/product"}],"replies":[{"embeddable":true,"href":"https:\/\/alexathletics1982.com\/pl\/wp-json\/wp\/v2\/comments?post=2943"}],"wp:featuredmedia":[{"embeddable":true,"href":"https:\/\/alexathletics1982.com\/pl\/wp-json\/wp\/v2\/media\/3343"}],"wp:attachment":[{"href":"https:\/\/alexathletics1982.com\/pl\/wp-json\/wp\/v2\/media?parent=2943"}],"wp:term":[{"taxonomy":"product_brand","embeddable":true,"href":"https:\/\/alexathletics1982.com\/pl\/wp-json\/wp\/v2\/product_brand?post=2943"},{"taxonomy":"product_cat","embeddable":true,"href":"https:\/\/alexathletics1982.com\/pl\/wp-json\/wp\/v2\/product_cat?post=2943"},{"taxonomy":"product_tag","embeddable":true,"href":"https:\/\/alexathletics1982.com\/pl\/wp-json\/wp\/v2\/product_tag?post=2943"}],"curies":[{"name":"wp","href":"https:\/\/api.w.org\/{rel}","templated":true}]}}