{"id":2947,"date":"2026-01-23T20:20:40","date_gmt":"2026-01-23T12:20:40","guid":{"rendered":"https:\/\/alexathletics1982.com\/?post_type=product&#038;p=2947"},"modified":"2026-04-10T20:02:13","modified_gmt":"2026-04-10T12:02:13","slug":"pasek-rytmu","status":"publish","type":"product","link":"https:\/\/alexathletics1982.com\/pl\/rhythm-bar\/","title":{"rendered":"Rhythm Bar"},"content":{"rendered":"<h2>D\u017awi\u0119k, ruch i ton: pasek rytmu muzycznego<\/h2>\n<p>\u0106wiczenia \u0142\u0105cz\u0105 si\u0119 z rytmem dzi\u0119ki Rhythm Bar od Alex Athletics. To innowacyjne r\u0119czne narz\u0119dzie zosta\u0142o zaprojektowane, aby nada\u0107 treningom aerobowym wymiar s\u0142uchowy i kinetyczny. Wewn\u0105trz dr\u0105\u017cka znajduje si\u0119 komora wype\u0142niona \u017celaznym piaskiem, kt\u00f3ry przesuwa si\u0119 podczas ruchu. Ten przesuwaj\u0105cy si\u0119 ci\u0119\u017car tworzy rytmiczny d\u017awi\u0119k \u201csh-sh\u201d, zapewniaj\u0105c natychmiastow\u0105 informacj\u0119 zwrotn\u0105, kt\u00f3ra pomaga pozosta\u0107 w synchronizacji z rytmem muzyki lub w\u0142asn\u0105 kadencj\u0105 oddechow\u0105. Zmienia to standardow\u0105 rutyn\u0119 aerobow\u0105 w do\u015bwiadczenie sensoryczne, zach\u0119caj\u0105c do koordynacji i wyczucia czasu. Przesuwaj\u0105ca si\u0119 masa tworzy r\u00f3wnie\u017c si\u0142\u0119 \u201creaktywn\u0105\u201d; po zatrzymaniu dr\u0105\u017cka piasek nadal si\u0119 porusza, zmuszaj\u0105c mi\u0119\u015bnie stabilizatora do zaanga\u017cowania si\u0119 w celu kontrolowania p\u0119du. Ten efekt \u201cwstrz\u0105sania ci\u0119\u017carem\u201d zwi\u0119ksza aktywacj\u0119 mi\u0119\u015bni ramion, bark\u00f3w i tu\u0142owia bez potrzeby stosowania du\u017cych ci\u0119\u017car\u00f3w statycznych.<\/p>\n<p>Lekki i dost\u0119pny (opcje 0,25 kg i 0,5 kg), dr\u0105\u017cek Rhythm Bar jest idealny do zwi\u0119kszenia intensywno\u015bci ta\u0144ca, zumby, chodzenia lub pilatesu. Uchwyty maj\u0105 rozmiar (\u015br. 38 mm), aby by\u0142y wygodne dla wszystkich rozmiar\u00f3w d\u0142oni i zapewniaj\u0105 pewny chwyt. \u0141\u0105cz\u0105c d\u017awi\u0119k, ruch i op\u00f3r, Rhythm Bar sprawia, \u017ce tonowanie jest zabawne i wci\u0105gaj\u0105ce. Odwraca uwag\u0119 od wysi\u0142ku zwi\u0105zanego z treningiem, pozwalaj\u0105c trenowa\u0107 d\u0142u\u017cej i z wi\u0119ksz\u0105 przyjemno\u015bci\u0105. Jest to proste narz\u0119dzie, kt\u00f3re dodaje now\u0105 warstw\u0119 zaanga\u017cowania sensorycznego do Twojej podr\u00f3\u017cy fitness.<\/p>\n<h3>1. Rytmiczne sprz\u0119\u017cenie zwrotne<\/h3>\n<p>Znajduj\u0105cy si\u0119 wewn\u0105trz \u017celazny piasek wytwarza d\u017awi\u0119k perkusji przy ka\u017cdym ruchu. To sprz\u0119\u017cenie zwrotne pomaga u\u017cytkownikom utrzyma\u0107 tempo podczas aerobiku lub zaj\u0119\u0107 tanecznych. Przekszta\u0142ca u\u017cytkownika w cz\u0119\u015b\u0107 muzyki, poprawiaj\u0105c rytm i koordynacj\u0119. Sprawia, \u017ce trening przypomina wyst\u0119p.<\/p>\n<h3>2. Reaktywny op\u00f3r kinetyczny<\/h3>\n<p>Gdy piasek si\u0119 przesuwa, tworzy dynamiczny impuls. Kiedy gwa\u0142townie zmieniasz kierunek (jak podczas uderzenia lub wstrz\u0105su), piasek uderza w koniec dr\u0105\u017cka, wymagaj\u0105c od mi\u0119\u015bni zaabsorbowania uderzenia. Ten \u201ctrening impulsowy\u201d tonizuje ramiona i barki skuteczniej ni\u017c statyczne ci\u0119\u017cary o tej samej masie.<\/p>\n<h3>3. Zaanga\u017cowanie rdzenia i stabilizator\u00f3w<\/h3>\n<p>Kontrolowanie przesuwaj\u0105cego si\u0119 ci\u0119\u017caru wymaga stabilno\u015bci tu\u0142owia. Niezale\u017cnie od tego, czy chodzisz, czy ta\u0144czysz, ruch piasku stanowi wyzwanie dla r\u00f3wnowagi, zmuszaj\u0105c mi\u0119\u015bnie brzucha do pracy, aby utrzyma\u0107 stabilno\u015b\u0107 tu\u0142owia. Zmienia to cardio w lekk\u0105 sesj\u0119 tonizuj\u0105c\u0105.<\/p>\n<h3>4. Lekko\u015b\u0107 i dost\u0119pno\u015b\u0107<\/h3>\n<p>Sztangi o wadze 0,25 kg i 0,5 kg zosta\u0142y zaprojektowane z my\u015bl\u0105 o du\u017cej liczbie powt\u00f3rze\u0144 i szybko\u015bci, a nie maksymalnej sile. S\u0105 one dost\u0119pne dla senior\u00f3w, dzieci i pocz\u0105tkuj\u0105cych. Dodaj\u0105 wystarczaj\u0105cy op\u00f3r, aby zwi\u0119kszy\u0107 spalanie kalorii i t\u0119tno bez powodowania obci\u0105\u017cenia staw\u00f3w lub zm\u0119czenia.<\/p>\n<h3>5. Fun Factor<\/h3>\n<p>Podstawow\u0105 korzy\u015bci\u0105 jest przyjemno\u015b\u0107. D\u017awi\u0119k i odczucia Rhythm Bar sprawiaj\u0105, \u017ce \u0107wiczenia s\u0105 jak zabawa. \u0141agodzi nud\u0119 powtarzaj\u0105cych si\u0119 ruch\u00f3w, zach\u0119caj\u0105c do konsekwencji. Jest to ulubione narz\u0119dzie grupowych instruktor\u00f3w fitness, kt\u00f3rzy chc\u0105 o\u017cywi\u0107 swoje zaj\u0119cia.<\/p>\n<h3>Dla kogo to jest?<\/h3>\n<ul style=\"list-style-position: inside; padding-left: 0;\">\n<li>Uczestnicy zumby i fitnessu tanecznego.<\/li>\n<li>Spacerowicze chc\u0105cy zwi\u0119kszy\u0107 zaanga\u017cowanie g\u00f3rnej cz\u0119\u015bci cia\u0142a.<\/li>\n<li>Seniorzy pracuj\u0105 nad koordynacj\u0105 i chwytem.<\/li>\n<li>Programy fitness dla dzieci.<\/li>\n<li>Ka\u017cdy, kto uwa\u017ca standardowe ci\u0119\u017cary za nudne.<\/li>\n<\/ul>\n<h3>Specyfikacja produktu<\/h3>\n<table border=\"1\" width=\"100%\" cellspacing=\"0\" cellpadding=\"5\">\n<tbody>\n<tr>\n<td><strong>Model<\/strong><\/td>\n<td>W09HZ002<\/td>\n<\/tr>\n<tr>\n<td><strong>Materia\u0142<\/strong><\/td>\n<td>Stal, PVC, \u017celazo, piasek<\/td>\n<\/tr>\n<tr>\n<td><strong>Wagi<\/strong><\/td>\n<td>0,25 kg, 0,5 kg<\/td>\n<\/tr>\n<tr>\n<td><strong>Cecha<\/strong><\/td>\n<td>Sprz\u0119\u017cenie zwrotne (d\u017awi\u0119k)<\/td>\n<\/tr>\n<tr>\n<td><strong>U\u017cycie<\/strong><\/td>\n<td>Aerobik, Toning, Taniec<\/td>\n<\/tr>\n<\/tbody>\n<\/table>","protected":false},"excerpt":{"rendered":"<p>Rhythm Bar od Alex Athletics dodaje d\u017awi\u0119k i op\u00f3r kinetyczny do treningu cardio. Wype\u0142niony przesuwaj\u0105cym si\u0119 \u017celaznym piaskiem, tworzy rytmiczny d\u017awi\u0119k, kt\u00f3ry pomaga utrzyma\u0107 rytm, jednocze\u015bnie rzucaj\u0105c wyzwanie stabilizatorom dynamicznym ruchem. Lekki i zabawny, jest idealny do fitnessu tanecznego, aerobiku i spacer\u00f3w, pomagaj\u0105c uj\u0119drni\u0107 ramiona i poprawi\u0107 koordynacj\u0119 bez du\u017cego obci\u0105\u017cenia.<\/p>","protected":false},"featured_media":3791,"comment_status":"open","ping_status":"closed","template":"","meta":{"inline_featured_image":false,"site-sidebar-layout":"default","site-content-layout":"","ast-site-content-layout":"default","site-content-style":"default","site-sidebar-style":"default","ast-global-header-display":"","ast-banner-title-visibility":"","ast-main-header-display":"","ast-hfb-above-header-display":"","ast-hfb-below-header-display":"","ast-hfb-mobile-header-display":"","site-post-title":"","ast-breadcrumbs-content":"","ast-featured-img":"","footer-sml-layout":"","ast-disable-related-posts":"","theme-transparent-header-meta":"default","adv-header-id-meta":"","stick-header-meta":"default","header-above-stick-meta":"","header-main-stick-meta":"","header-below-stick-meta":"","astra-migrate-meta-layouts":"set","ast-page-background-enabled":"default","ast-page-background-meta":{"desktop":{"background-color":"","background-image":"","background-repeat":"repeat","background-position":"center center","background-size":"auto","background-attachment":"scroll","background-type":"","background-media":"","overlay-type":"","overlay-color":"","overlay-opacity":"","overlay-gradient":""},"tablet":{"background-color":"","background-image":"","background-repeat":"repeat","background-position":"center center","background-size":"auto","background-attachment":"scroll","background-type":"","background-media":"","overlay-type":"","overlay-color":"","overlay-opacity":"","overlay-gradient":""},"mobile":{"background-color":"","background-image":"","background-repeat":"repeat","background-position":"center center","background-size":"auto","background-attachment":"scroll","background-type":"","background-media":"","overlay-type":"","overlay-color":"","overlay-opacity":"","overlay-gradient":""}},"ast-content-background-meta":{"desktop":{"background-color":"var(--ast-global-color-5)","background-image":"","background-repeat":"repeat","background-position":"center center","background-size":"auto","background-attachment":"scroll","background-type":"","background-media":"","overlay-type":"","overlay-color":"","overlay-opacity":"","overlay-gradient":""},"tablet":{"background-color":"var(--ast-global-color-5)","background-image":"","background-repeat":"repeat","background-position":"center center","background-size":"auto","background-attachment":"scroll","background-type":"","background-media":"","overlay-type":"","overlay-color":"","overlay-opacity":"","overlay-gradient":""},"mobile":{"background-color":"var(--ast-global-color-5)","background-image":"","background-repeat":"repeat","background-position":"center center","background-size":"auto","background-attachment":"scroll","background-type":"","background-media":"","overlay-type":"","overlay-color":"","overlay-opacity":"","overlay-gradient":""}}},"product_brand":[],"product_cat":[55],"product_tag":[62],"class_list":{"0":"post-2947","1":"product","2":"type-product","3":"status-publish","4":"has-post-thumbnail","6":"product_cat-free-weight-training","7":"product_tag-loopa","8":"desktop-align-left","9":"tablet-align-left","10":"mobile-align-left","12":"first","13":"instock","14":"shipping-taxable","15":"purchasable","16":"product-type-simple"},"_links":{"self":[{"href":"https:\/\/alexathletics1982.com\/pl\/wp-json\/wp\/v2\/product\/2947","targetHints":{"allow":["GET"]}}],"collection":[{"href":"https:\/\/alexathletics1982.com\/pl\/wp-json\/wp\/v2\/product"}],"about":[{"href":"https:\/\/alexathletics1982.com\/pl\/wp-json\/wp\/v2\/types\/product"}],"replies":[{"embeddable":true,"href":"https:\/\/alexathletics1982.com\/pl\/wp-json\/wp\/v2\/comments?post=2947"}],"wp:featuredmedia":[{"embeddable":true,"href":"https:\/\/alexathletics1982.com\/pl\/wp-json\/wp\/v2\/media\/3791"}],"wp:attachment":[{"href":"https:\/\/alexathletics1982.com\/pl\/wp-json\/wp\/v2\/media?parent=2947"}],"wp:term":[{"taxonomy":"product_brand","embeddable":true,"href":"https:\/\/alexathletics1982.com\/pl\/wp-json\/wp\/v2\/product_brand?post=2947"},{"taxonomy":"product_cat","embeddable":true,"href":"https:\/\/alexathletics1982.com\/pl\/wp-json\/wp\/v2\/product_cat?post=2947"},{"taxonomy":"product_tag","embeddable":true,"href":"https:\/\/alexathletics1982.com\/pl\/wp-json\/wp\/v2\/product_tag?post=2947"}],"curies":[{"name":"wp","href":"https:\/\/api.w.org\/{rel}","templated":true}]}}