{"id":2950,"date":"2026-01-23T20:20:40","date_gmt":"2026-01-23T12:20:40","guid":{"rendered":"https:\/\/alexathletics1982.com\/?post_type=product&#038;p=2950"},"modified":"2026-04-09T00:22:53","modified_gmt":"2026-04-08T16:22:53","slug":"maszyna-kowalska","status":"publish","type":"product","link":"https:\/\/alexathletics1982.com\/pl\/smith-machine\/","title":{"rendered":"Maszyna Smitha"},"content":{"rendered":"<h2>Bezpiecze\u0144stwo i izolacja: Maszyna Smitha z przeciwwag\u0105<\/h2>\n<p>Maszyna Smitha jest cz\u0119sto \u017ale rozumiana, ale w przypadku hipertrofii i bezpiecznego treningu solo nie ma sobie r\u00f3wnych. Alex Athletics Smith Machine (W08CD002) to wysokiej jako\u015bci urz\u0105dzenie komercyjne zaprojektowane w celu zapewnienia sta\u0142ej pionowej \u015bcie\u017cki ruchu. Ta stabilno\u015b\u0107 eliminuje potrzeb\u0119 r\u00f3wnowa\u017cenia sztangi, pozwalaj\u0105c podnosz\u0105cemu skupi\u0107 100% wysi\u0142ku na pchaniu ci\u0119\u017caru. Jest to najlepsze narz\u0119dzie do celowania w okre\u015blone mi\u0119\u015bnie - takie jak g\u00f3rna cz\u0119\u015b\u0107 klatki piersiowej w wyciskaniu pochy\u0142ym lub mi\u0119\u015bnie czworog\u0142owe w przysiadzie w w\u0105skim rozkroku - bez zm\u0119czenia stabilizatora ograniczaj\u0105cego zestaw. Rama zbudowana jest z wytrzyma\u0142ych rur stalowych 50x100 mm, zapewniaj\u0105c absolutn\u0105 sztywno\u015b\u0107 nawet przy maksymalnych obci\u0105\u017ceniach.<\/p>\n<p>Cech\u0105 wyr\u00f3\u017cniaj\u0105c\u0105 to urz\u0105dzenie jest rami\u0119 podnosz\u0105ce z przeciwwag\u0105. Wewn\u0119trzne ko\u0142o pasowe i system obci\u0105\u017cnik\u00f3w r\u00f3wnowa\u017c\u0105 ci\u0119\u017car ci\u0119\u017ckiego stalowego pr\u0119ta, zmniejszaj\u0105c op\u00f3r pocz\u0105tkowy do zaledwie 14 funt\u00f3w (ok. 6 kg). Dzi\u0119ki temu urz\u0105dzenie jest dost\u0119pne dla wszystkich poziom\u00f3w sprawno\u015bci, w tym pocz\u0105tkuj\u0105cych i pacjent\u00f3w rehabilitacyjnych. Bezpiecze\u0144stwo jest zintegrowane z konstrukcj\u0105 dzi\u0119ki podw\u00f3jnym ogranicznikom bezpiecze\u0144stwa, kt\u00f3re mo\u017cna ustawi\u0107 na dowolnej wysoko\u015bci. Je\u015bli nie uda Ci si\u0119 wykona\u0107 powt\u00f3rzenia, proste skr\u0119cenie nadgarstka blokuje dr\u0105\u017cek na hakach lub regulowane ograniczniki zatrzymuj\u0105 go pod Tob\u0105. Dzi\u0119ki 8 rogom do przechowywania ci\u0119\u017car\u00f3w ze stali nierdzewnej, utrzymuje porz\u0105dek w si\u0142owni, zapewniaj\u0105c jednocze\u015bnie masywn\u0105, stabiln\u0105 platform\u0119 do intensywnego treningu.<\/p>\n<h3>1. Rami\u0119 podnosz\u0105ce z przeciwwag\u0105<\/h3>\n<p>Standardowe sztangi Smitha mog\u0105 by\u0107 ci\u0119\u017ckie (20-30 kg). Maszyna Alex posiada system przeciwwagi, kt\u00f3ry neutralizuje wag\u0119 sztangi do zaledwie 14 funt\u00f3w. Pozwala to na p\u0142ynny, lekki ruch pocz\u0105tkowy, dzi\u0119ki czemu idealnie nadaje si\u0119 do rozgrzewki, \u0107wicze\u0144 rehabilitacyjnych lub u\u017cytkownik\u00f3w, kt\u00f3rzy nie mog\u0105 podnie\u015b\u0107 standardowego dr\u0105\u017cka o wadze 20 kg.<\/p>\n<h3>2. Bezpiecze\u0144stwo treningu solo<\/h3>\n<p>Maszyna Smitha to najbezpieczniejszy spos\u00f3b na samodzielne wyciskanie na \u0142awce lub przysiad. Dr\u0105\u017cek jest wyposa\u017cony w system hak\u00f3w, kt\u00f3ry blokuje si\u0119 za pomoc\u0105 prostego skr\u0119tu nadgarstka w wielu pozycjach wysoko\u015bci. Dodatkowo, regulowane dolne ograniczniki bezpiecze\u0144stwa zapobiegaj\u0105 zmia\u017cd\u017ceniu dr\u0105\u017cka w przypadku nieudanego powt\u00f3rzenia. Skutecznie dzia\u0142a jako mechaniczny spotter.<\/p>\n<h3>3. Sta\u0142a izolacja \u015bcie\u017cki pionowej<\/h3>\n<p>Eliminuj\u0105c potrzeb\u0119 stabilizacji obci\u0105\u017cenia w przestrzeni 3D, sta\u0142a pionowa \u015bcie\u017cka pozwala na przeci\u0105\u017cenie g\u0142\u00f3wnych si\u0142ownik\u00f3w. Doskonale nadaje si\u0119 do technik hipertrofii, takich jak powolne ekscentryczne lub zestawy upuszczania. Pozwala na ustawienie st\u00f3p (np. przysiady ze stopami do przodu), kt\u00f3re s\u0105 niemo\u017cliwe przy u\u017cyciu wolnych ci\u0119\u017car\u00f3w.<\/p>\n<h3>4. Wytrzyma\u0142a rama komercyjna<\/h3>\n<p>Zbudowana z owalnych rur stalowych 50x100 mm z wyko\u0144czeniem malowanym proszkowo, ta maszyna to czo\u0142g. Utrzymuje si\u0119 na pod\u0142odze dzi\u0119ki gumowym n\u00f3\u017ckom i w\u0142asnej masie (173 kg). \u0141o\u017cyska liniowe (lub tuleje) zapewniaj\u0105 p\u0142ynne przesuwanie dr\u0105\u017cka w g\u00f3r\u0119 i w d\u00f3\u0142 bez tarcia lub zacinania si\u0119.<\/p>\n<h3>5. Zintegrowane przechowywanie p\u0142yt<\/h3>\n<p>Wydajno\u015b\u0107 jest kluczowa. Rama zawiera 8 obci\u0105\u017cnik\u00f3w ze stali nierdzewnej. Pozwala to na przechowywanie setek kilogram\u00f3w talerzy olimpijskich bezpo\u015brednio na maszynie. Pozwala to nie tylko utrzyma\u0107 porz\u0105dek na si\u0142owni, ale tak\u017ce zwi\u0119ksza stabilno\u015b\u0107 urz\u0105dzenia podczas u\u017cytkowania.<\/p>\n<h3>Dla kogo to jest?<\/h3>\n<ul style=\"list-style-position: inside; padding-left: 0;\">\n<li>Kultury\u015bci koncentruj\u0105cy si\u0119 na izolacji mi\u0119\u015bni i treningu z niewydolno\u015bci\u0105.<\/li>\n<li>Osoby podnosz\u0105ce ci\u0119\u017cary w pojedynk\u0119, kt\u00f3re chc\u0105 bezpiecznie przysiada\u0107 i \u0107wiczy\u0107 na \u0142awce.<\/li>\n<li>Pocz\u0105tkuj\u0105cy ucz\u0105 si\u0119 wzorc\u00f3w ruchowych na \u015bcie\u017cce z przewodnikiem.<\/li>\n<li>Pacjenci rehabilitacyjni wymagaj\u0105cy stabilno\u015bci.<\/li>\n<li>Komercyjne si\u0142ownie uzupe\u0142niaj\u0105ce obw\u00f3d si\u0142owy.<\/li>\n<\/ul>\n<h3>Specyfikacja produktu<\/h3>\n<table border=\"1\" width=\"100%\" cellspacing=\"0\" cellpadding=\"5\">\n<tbody>\n<tr>\n<td><strong>Model<\/strong><\/td>\n<td>W08CD002<\/td>\n<\/tr>\n<tr>\n<td><strong>Wymiary<\/strong><\/td>\n<td>D\u0142. 1378 x szer. 2214 x wys. 2301 mm<\/td>\n<\/tr>\n<tr>\n<td><strong>Cecha<\/strong><\/td>\n<td>Przeciwwaga (14 funt\u00f3w na start)<\/td>\n<\/tr>\n<tr>\n<td><strong>Bezpiecze\u0144stwo<\/strong><\/td>\n<td>Regulowane ograniczniki i system hak\u00f3w<\/td>\n<\/tr>\n<tr>\n<td><strong>Przechowywanie<\/strong><\/td>\n<td>8 rog\u00f3w obci\u0105\u017caj\u0105cych<\/td>\n<\/tr>\n<\/tbody>\n<\/table>","protected":false},"excerpt":{"rendered":"<p>Maszyna Smitha firmy Alex Athletics oferuje najwy\u017cszy poziom bezpiecze\u0144stwa i izolacji mi\u0119\u015bni. Wyposa\u017cony w rami\u0119 podnosz\u0105ce z przeciwwag\u0105 o niskiej wadze pocz\u0105tkowej 14 funt\u00f3w, jest dost\u0119pny dla wszystkich u\u017cytkownik\u00f3w, a jednocze\u015bnie mo\u017ce obs\u0142ugiwa\u0107 du\u017ce obci\u0105\u017cenia. Sta\u0142a pionowa \u015bcie\u017cka pozwala na skoncentrowany trening hipertroficzny, a regulowane ograniczniki bezpiecze\u0144stwa i mechanizm blokuj\u0105cy umo\u017cliwiaj\u0105 bezpieczne podnoszenie w pojedynk\u0119 bez spottera. Zbudowany na masywnej komercyjnej stalowej ramie ze zintegrowanym schowkiem na talerze, jest trwa\u0142ym, p\u0142ynnie przesuwaj\u0105cym si\u0119 pot\u0119g\u0105 dla ka\u017cdej si\u0142owni.<\/p>","protected":false},"featured_media":3684,"comment_status":"open","ping_status":"closed","template":"","meta":{"inline_featured_image":false,"site-sidebar-layout":"default","site-content-layout":"","ast-site-content-layout":"default","site-content-style":"default","site-sidebar-style":"default","ast-global-header-display":"","ast-banner-title-visibility":"","ast-main-header-display":"","ast-hfb-above-header-display":"","ast-hfb-below-header-display":"","ast-hfb-mobile-header-display":"","site-post-title":"","ast-breadcrumbs-content":"","ast-featured-img":"","footer-sml-layout":"","ast-disable-related-posts":"","theme-transparent-header-meta":"default","adv-header-id-meta":"","stick-header-meta":"default","header-above-stick-meta":"","header-main-stick-meta":"","header-below-stick-meta":"","astra-migrate-meta-layouts":"set","ast-page-background-enabled":"default","ast-page-background-meta":{"desktop":{"background-color":"","background-image":"","background-repeat":"repeat","background-position":"center center","background-size":"auto","background-attachment":"scroll","background-type":"","background-media":"","overlay-type":"","overlay-color":"","overlay-opacity":"","overlay-gradient":""},"tablet":{"background-color":"","background-image":"","background-repeat":"repeat","background-position":"center center","background-size":"auto","background-attachment":"scroll","background-type":"","background-media":"","overlay-type":"","overlay-color":"","overlay-opacity":"","overlay-gradient":""},"mobile":{"background-color":"","background-image":"","background-repeat":"repeat","background-position":"center center","background-size":"auto","background-attachment":"scroll","background-type":"","background-media":"","overlay-type":"","overlay-color":"","overlay-opacity":"","overlay-gradient":""}},"ast-content-background-meta":{"desktop":{"background-color":"var(--ast-global-color-5)","background-image":"","background-repeat":"repeat","background-position":"center center","background-size":"auto","background-attachment":"scroll","background-type":"","background-media":"","overlay-type":"","overlay-color":"","overlay-opacity":"","overlay-gradient":""},"tablet":{"background-color":"var(--ast-global-color-5)","background-image":"","background-repeat":"repeat","background-position":"center center","background-size":"auto","background-attachment":"scroll","background-type":"","background-media":"","overlay-type":"","overlay-color":"","overlay-opacity":"","overlay-gradient":""},"mobile":{"background-color":"var(--ast-global-color-5)","background-image":"","background-repeat":"repeat","background-position":"center center","background-size":"auto","background-attachment":"scroll","background-type":"","background-media":"","overlay-type":"","overlay-color":"","overlay-opacity":"","overlay-gradient":""}}},"product_brand":[],"product_cat":[55],"product_tag":[63],"class_list":{"0":"post-2950","1":"product","2":"type-product","3":"status-publish","4":"has-post-thumbnail","6":"product_cat-free-weight-training","7":"product_tag-rack-storage","8":"desktop-align-left","9":"tablet-align-left","10":"mobile-align-left","12":"first","13":"instock","14":"shipping-taxable","15":"purchasable","16":"product-type-simple"},"_links":{"self":[{"href":"https:\/\/alexathletics1982.com\/pl\/wp-json\/wp\/v2\/product\/2950","targetHints":{"allow":["GET"]}}],"collection":[{"href":"https:\/\/alexathletics1982.com\/pl\/wp-json\/wp\/v2\/product"}],"about":[{"href":"https:\/\/alexathletics1982.com\/pl\/wp-json\/wp\/v2\/types\/product"}],"replies":[{"embeddable":true,"href":"https:\/\/alexathletics1982.com\/pl\/wp-json\/wp\/v2\/comments?post=2950"}],"wp:featuredmedia":[{"embeddable":true,"href":"https:\/\/alexathletics1982.com\/pl\/wp-json\/wp\/v2\/media\/3684"}],"wp:attachment":[{"href":"https:\/\/alexathletics1982.com\/pl\/wp-json\/wp\/v2\/media?parent=2950"}],"wp:term":[{"taxonomy":"product_brand","embeddable":true,"href":"https:\/\/alexathletics1982.com\/pl\/wp-json\/wp\/v2\/product_brand?post=2950"},{"taxonomy":"product_cat","embeddable":true,"href":"https:\/\/alexathletics1982.com\/pl\/wp-json\/wp\/v2\/product_cat?post=2950"},{"taxonomy":"product_tag","embeddable":true,"href":"https:\/\/alexathletics1982.com\/pl\/wp-json\/wp\/v2\/product_tag?post=2950"}],"curies":[{"name":"wp","href":"https:\/\/api.w.org\/{rel}","templated":true}]}}