{"id":2954,"date":"2026-01-23T20:21:01","date_gmt":"2026-01-23T12:21:01","guid":{"rendered":"https:\/\/alexathletics1982.com\/?post_type=product&#038;p=2954"},"modified":"2026-04-08T11:17:28","modified_gmt":"2026-04-08T03:17:28","slug":"stojak-na-rewolwer","status":"publish","type":"product","link":"https:\/\/alexathletics1982.com\/pl\/revolver-rack\/","title":{"rendered":"Stojak na rewolwer"},"content":{"rendered":"<h2>Dost\u0119p 360 stopni: Stojak na rewolwer<\/h2>\n<p>W ciasnych przestrzeniach stacji krosowania kabli lub zat\u0142oczonych k\u0105cikach z akcesoriami, przestrze\u0144 na \u015bcianie jest cz\u0119sto niedost\u0119pna. Revolver Rack firmy Alex Athletics rozwi\u0105zuje ten problem dzi\u0119ki genialnej obrotowej konstrukcji. Ta wolnostoj\u0105ca wie\u017ca posiada obrotow\u0105 karuzel\u0119 g\u00f3rn\u0105 (i potencjalnie \u015brodkow\u0105), kt\u00f3ra umo\u017cliwia 360-stopniowy dost\u0119p do sprz\u0119tu. Przeznaczona jest przede wszystkim do mocowania linek - dr\u0105\u017ck\u00f3w, linek do tricep\u00f3w, uchwyt\u00f3w D i dr\u0105\u017ck\u00f3w w kszta\u0142cie litery V - zawieszaj\u0105c je pionowo, aby zaoszcz\u0119dzi\u0107 miejsce i zapobiec spl\u0105taniu. Zamiast grzeba\u0107 w koszu lub chodzi\u0107 tam i z powrotem wzd\u0142u\u017c d\u0142ugiego stojaka \u015bciennego, wystarczy stan\u0105\u0107 w jednym miejscu i obr\u00f3ci\u0107 stojak, aby znale\u017a\u0107 potrzebne narz\u0119dzie. Jest to definicja \u201cprzechowywania o du\u017cej g\u0119sto\u015bci\u201d.\u201d<\/p>\n<p>Wykonany z ci\u0119\u017ckiej stali z obci\u0105\u017con\u0105 podstaw\u0105, stojak na rewolwery jest niezwykle stabilny. Nie przewr\u00f3ci si\u0119 nawet przy nier\u00f3wnomiernym obci\u0105\u017ceniu ci\u0119\u017ckimi stalowymi akcesoriami. Mechanizm obrotowy jest p\u0142ynny i trwa\u0142y, zaprojektowany tak, aby wytrzyma\u0107 ci\u0105g\u0142e u\u017cytkowanie w ruchliwym \u015brodowisku komercyjnym. Zajmuje minimaln\u0105 powierzchni\u0119, dzi\u0119ki czemu jest idealnym dodatkiem do centrum strefy treningu funkcjonalnego lub obok maszyny wielostanowiskowej. Zamienia chaotyczny stos metalowych uchwyt\u00f3w w uporz\u0105dkowany, imponuj\u0105cy wy\u015bwietlacz, kt\u00f3ry zach\u0119ca cz\u0142onk\u00f3w do korzystania z nich. Chroni drogie akcesoria przed uszkodzeniami spowodowanymi upuszczeniem lub u\u0142o\u017ceniem jeden na drugim.<\/p>\n<h3>1. Obrotowa konstrukcja oszcz\u0119dzaj\u0105ca miejsce<\/h3>\n<p>Mechanizm \u201cRevolver\u201d to oszcz\u0119dno\u015b\u0107 miejsca. Wykorzystuj\u0105c pionow\u0105 o\u015b i obr\u00f3t, przechowuje dziesi\u0105tki przedmiot\u00f3w na powierzchni nieco wi\u0119kszej ni\u017c pojedynczy obci\u0105\u017cnik. Nie potrzebujesz miejsca na \u015bcianie. Mo\u017cna go umie\u015bci\u0107 w rogu lub mi\u0119dzy maszynami, maksymalizuj\u0105c u\u017cyteczno\u015b\u0107 \u201cmartwej przestrzeni\u201d na pod\u0142odze si\u0142owni.<\/p>\n<h3>2. \u0141atwy dost\u0119p i wyb\u00f3r<\/h3>\n<p>Znalezienie odpowiedniego uchwytu jest b\u0142yskawiczne. Szybki obr\u00f3t ujawnia wszystkie opcje. Poprawia to komfort u\u017cytkowania i przyspiesza trening. Zapobiega to frustracji zwi\u0105zanej z rozpl\u0105tywaniem lin lub szukaniem pasuj\u0105cej pary uchwyt\u00f3w D na dnie pude\u0142ka.<\/p>\n<h3>3. Stabilno\u015b\u0107 przy du\u017cych obci\u0105\u017ceniach<\/h3>\n<p>Wysoko\u015b\u0107 wymaga stabilno\u015bci. Podstawa stojaka Revolver Rack jest szeroka i ci\u0119\u017cka, zakotwiczaj\u0105c urz\u0105dzenie do pod\u0142o\u017ca. Zosta\u0142a zaprojektowana tak, aby nie przewr\u00f3ci\u0107 si\u0119, nawet je\u015bli po jednej stronie zawiesisz ci\u0119\u017cki dr\u0105\u017cek, a po drugiej nic. Jest bezpieczny dla ruchliwych \u015brodowisk komercyjnych.<\/p>\n<h3>4. Chroni mocowania kabli<\/h3>\n<p>Uchwyty kablowe s\u0105 drogie. Przechowywanie ich na pod\u0142odze niszczy chromowane wyko\u0144czenie i strz\u0119pi liny. Prawid\u0142owe zawieszenie ich na stojaku Revolver Rack wyd\u0142u\u017ca ich \u017cywotno\u015b\u0107, utrzymuj\u0105c ostro\u015b\u0107 rade\u0142kowania i g\u0142adko\u015b\u0107 kr\u0119tlik\u00f3w. Chroni to Twoj\u0105 inwestycj\u0119.<\/p>\n<h3>5. Profesjonalna prezentacja<\/h3>\n<p>Organizacja oznacza jako\u015b\u0107. W pe\u0142ni za\u0142adowany stojak Revolver Rack wygl\u0105da jak rze\u017aba ze stali. Prezentuje wyb\u00f3r sprz\u0119tu, sprawiaj\u0105c, \u017ce si\u0142ownia wygl\u0105da na dobrze wyposa\u017con\u0105 i profesjonalnie zarz\u0105dzan\u0105. Zach\u0119ca cz\u0142onk\u00f3w do ponownego umieszczania przedmiot\u00f3w w stojaku, poniewa\u017c miejsce przechowywania jest oczywiste i dost\u0119pne.<\/p>\n<h3>Dla kogo to jest?<\/h3>\n<ul style=\"list-style-position: inside; padding-left: 0;\">\n<li>Komercyjne si\u0142ownie z d\u017cungl\u0105 kablow\u0105.<\/li>\n<li>Domowe si\u0142ownie z ograniczon\u0105 przestrzeni\u0105 na \u015bcianie.<\/li>\n<li>Studia treningowe z du\u017cymi kolekcjami za\u0142\u0105cznik\u00f3w.<\/li>\n<li>Obiekty, kt\u00f3re chc\u0105 poprawi\u0107 \u017cywotno\u015b\u0107 sprz\u0119tu.<\/li>\n<li>Ka\u017cdy, kto szuka kompaktowego organizera o du\u017cej pojemno\u015bci.<\/li>\n<\/ul>\n<h3>Specyfikacja produktu<\/h3>\n<table border=\"1\" width=\"100%\" cellspacing=\"0\" cellpadding=\"5\">\n<tbody>\n<tr>\n<td><strong>Model<\/strong><\/td>\n<td>F12AC002<\/td>\n<\/tr>\n<tr>\n<td><strong>Typ<\/strong><\/td>\n<td>Obrotowy schowek na akcesoria<\/td>\n<\/tr>\n<tr>\n<td><strong>Materia\u0142<\/strong><\/td>\n<td>Stal malowana proszkowo<\/td>\n<\/tr>\n<tr>\n<td><strong>Mechanizm<\/strong><\/td>\n<td>Karuzela obracaj\u0105ca si\u0119 o 360<\/td>\n<\/tr>\n<tr>\n<td><strong>Pojemno\u015b\u0107<\/strong><\/td>\n<td>Wysoka g\u0119sto\u015b\u0107 (wiele zaczep\u00f3w)<\/td>\n<\/tr>\n<\/tbody>\n<\/table>","protected":false},"excerpt":{"rendered":"<p>Revolver Rack firmy Alex Athletics to obrotowe rozwi\u0105zanie do przechowywania akcesori\u00f3w do \u0107wicze\u0144 o du\u017cej g\u0119sto\u015bci. Jego obracaj\u0105ca si\u0119 o 360 stopni konstrukcja umo\u017cliwia natychmiastowy dost\u0119p do kabli, ta\u015bm i pas\u00f3w, zajmuj\u0105c przy tym minimaln\u0105 powierzchni\u0119 pod\u0142ogi. Zbudowany z ci\u0119\u017ckiej, stabilnej podstawy i solidnych stalowych hak\u00f3w, zapobiega przewracaniu si\u0119 i chroni sprz\u0119t przed uszkodzeniem. Idealny do obszar\u00f3w maszyn kablowych i zat\u0142oczonych si\u0142owni, przekszta\u0142ca chaos akcesori\u00f3w w zorganizowan\u0105, dost\u0119pn\u0105 i profesjonaln\u0105 ekspozycj\u0119.<\/p>","protected":false},"featured_media":3457,"comment_status":"open","ping_status":"closed","template":"","meta":{"inline_featured_image":false,"site-sidebar-layout":"default","site-content-layout":"","ast-site-content-layout":"default","site-content-style":"default","site-sidebar-style":"default","ast-global-header-display":"","ast-banner-title-visibility":"","ast-main-header-display":"","ast-hfb-above-header-display":"","ast-hfb-below-header-display":"","ast-hfb-mobile-header-display":"","site-post-title":"","ast-breadcrumbs-content":"","ast-featured-img":"","footer-sml-layout":"","ast-disable-related-posts":"","theme-transparent-header-meta":"default","adv-header-id-meta":"","stick-header-meta":"default","header-above-stick-meta":"","header-main-stick-meta":"","header-below-stick-meta":"","astra-migrate-meta-layouts":"set","ast-page-background-enabled":"default","ast-page-background-meta":{"desktop":{"background-color":"","background-image":"","background-repeat":"repeat","background-position":"center center","background-size":"auto","background-attachment":"scroll","background-type":"","background-media":"","overlay-type":"","overlay-color":"","overlay-opacity":"","overlay-gradient":""},"tablet":{"background-color":"","background-image":"","background-repeat":"repeat","background-position":"center center","background-size":"auto","background-attachment":"scroll","background-type":"","background-media":"","overlay-type":"","overlay-color":"","overlay-opacity":"","overlay-gradient":""},"mobile":{"background-color":"","background-image":"","background-repeat":"repeat","background-position":"center center","background-size":"auto","background-attachment":"scroll","background-type":"","background-media":"","overlay-type":"","overlay-color":"","overlay-opacity":"","overlay-gradient":""}},"ast-content-background-meta":{"desktop":{"background-color":"var(--ast-global-color-5)","background-image":"","background-repeat":"repeat","background-position":"center center","background-size":"auto","background-attachment":"scroll","background-type":"","background-media":"","overlay-type":"","overlay-color":"","overlay-opacity":"","overlay-gradient":""},"tablet":{"background-color":"var(--ast-global-color-5)","background-image":"","background-repeat":"repeat","background-position":"center center","background-size":"auto","background-attachment":"scroll","background-type":"","background-media":"","overlay-type":"","overlay-color":"","overlay-opacity":"","overlay-gradient":""},"mobile":{"background-color":"var(--ast-global-color-5)","background-image":"","background-repeat":"repeat","background-position":"center center","background-size":"auto","background-attachment":"scroll","background-type":"","background-media":"","overlay-type":"","overlay-color":"","overlay-opacity":"","overlay-gradient":""}}},"product_brand":[],"product_cat":[55],"product_tag":[63],"class_list":{"0":"post-2954","1":"product","2":"type-product","3":"status-publish","4":"has-post-thumbnail","6":"product_cat-free-weight-training","7":"product_tag-rack-storage","8":"desktop-align-left","9":"tablet-align-left","10":"mobile-align-left","12":"first","13":"instock","14":"shipping-taxable","15":"purchasable","16":"product-type-simple"},"_links":{"self":[{"href":"https:\/\/alexathletics1982.com\/pl\/wp-json\/wp\/v2\/product\/2954","targetHints":{"allow":["GET"]}}],"collection":[{"href":"https:\/\/alexathletics1982.com\/pl\/wp-json\/wp\/v2\/product"}],"about":[{"href":"https:\/\/alexathletics1982.com\/pl\/wp-json\/wp\/v2\/types\/product"}],"replies":[{"embeddable":true,"href":"https:\/\/alexathletics1982.com\/pl\/wp-json\/wp\/v2\/comments?post=2954"}],"wp:featuredmedia":[{"embeddable":true,"href":"https:\/\/alexathletics1982.com\/pl\/wp-json\/wp\/v2\/media\/3457"}],"wp:attachment":[{"href":"https:\/\/alexathletics1982.com\/pl\/wp-json\/wp\/v2\/media?parent=2954"}],"wp:term":[{"taxonomy":"product_brand","embeddable":true,"href":"https:\/\/alexathletics1982.com\/pl\/wp-json\/wp\/v2\/product_brand?post=2954"},{"taxonomy":"product_cat","embeddable":true,"href":"https:\/\/alexathletics1982.com\/pl\/wp-json\/wp\/v2\/product_cat?post=2954"},{"taxonomy":"product_tag","embeddable":true,"href":"https:\/\/alexathletics1982.com\/pl\/wp-json\/wp\/v2\/product_tag?post=2954"}],"curies":[{"name":"wp","href":"https:\/\/api.w.org\/{rel}","templated":true}]}}