{"id":2955,"date":"2026-01-23T20:21:01","date_gmt":"2026-01-23T12:21:01","guid":{"rendered":"https:\/\/alexathletics1982.com\/?post_type=product&#038;p=2955"},"modified":"2026-04-08T11:18:27","modified_gmt":"2026-04-08T03:18:27","slug":"wieza-plytowa-veta","status":"publish","type":"product","link":"https:\/\/alexathletics1982.com\/pl\/veta-plate-tower\/","title":{"rendered":"Veta Plate Tower"},"content":{"rendered":"<h2>Moc \u0142adowania pionowego: wie\u017ca Veta Plate Tower<\/h2>\n<p>Talerze to najci\u0119\u017csze i najbardziej uci\u0105\u017cliwe przedmioty na si\u0142owni, a ich przechowywanie wymaga specjalistycznego rozwi\u0105zania. Veta Plate Tower (F12BC002) od Alex Athletics to pionowe drzewo do przechowywania zaprojektowane tak, aby z \u0142atwo\u015bci\u0105 i stylem poradzi\u0107 sobie z ogromnym obci\u0105\u017ceniem talerzy olimpijskich. W przeciwie\u0144stwie do poziomych stojak\u00f3w, kt\u00f3re zajmuj\u0105 stopy miejsca na \u015bcianie, ta konstrukcja \u201cwie\u017cy\u201d wykorzystuje pionowo\u015b\u0107 do przechowywania setek kilogram\u00f3w \u017celaza lub gumy na niewielkiej powierzchni (zwykle mniejszej ni\u017c 2\u00d72 stopy). J\u0119zyk projektowania \u201cVeta\u201d prawdopodobnie sugeruje eleganck\u0105, nowoczesn\u0105 estetyk\u0119 z naciskiem na sztywno\u015b\u0107 strukturaln\u0105. Centralna kolumna podtrzymuje wiele obci\u0105\u017cnik\u00f3w rozmieszczonych tak, aby pomie\u015bci\u0107 p\u0142yty o r\u00f3\u017cnych \u015brednicach, od ma\u0142ych p\u0142yt na g\u00f3rze po masywne ko\u0142a o wadze 25 kg\/45 funt\u00f3w na dole.<\/p>\n<p>Zbudowana z grubych stalowych rur, wie\u017ca Veta Plate Tower jest spawana dla maksymalnej wytrzyma\u0142o\u015bci. Nie ma \u017cadnych \u015brub, kt\u00f3re mog\u0142yby si\u0119 z czasem poluzowa\u0107; jest to solidna jednostka. Rogi obci\u0105\u017cnik\u00f3w s\u0105 zwykle wyko\u0144czone chromem lub trwa\u0142\u0105 pow\u0142ok\u0105, aby umo\u017cliwi\u0107 p\u0142ynne zak\u0142adanie i zdejmowanie talerzy bez zarysowa\u0144. Podstawa zosta\u0142a zaprojektowana tak, aby by\u0142a odporna na przewr\u00f3cenie, zapewniaj\u0105c bezpiecze\u0144stwo nawet przy nier\u00f3wnomiernym obci\u0105\u017ceniu stojaka. Pozbywaj\u0105c si\u0119 talerzy z pod\u0142ogi, nie tylko eliminujesz ryzyko potkni\u0119cia, ale tak\u017ce sprawiasz, \u017ce \u0142adowanie i roz\u0142adowywanie sztangi jest znacznie szybsze i bardziej ergonomiczne dla sportowca. Jest to podstawowy element do przechowywania w ka\u017cdej strefie wolnych ci\u0119\u017car\u00f3w.<\/p>\n<h3>1. Kompaktowe wymiary w pionie<\/h3>\n<p>Przestrze\u0144 na pod\u0142odze to przych\u00f3d. Veta Tower minimalizuje powierzchni\u0119 magazynow\u0105, utrzymuj\u0105c ogromny ci\u0119\u017car w w\u0105skiej pionowej kolumnie. Zwalnia to miejsce na platformach do podnoszenia ci\u0119\u017car\u00f3w i \u0142awkach. Jest to najbardziej wydajny spos\u00f3b przechowywania talerzy w domowej si\u0142owni lub zat\u0142oczonym obiekcie komercyjnym.<\/p>\n<h3>2. Zoptymalizowany rozstaw klakson\u00f3w<\/h3>\n<p>Taki uk\u0142ad jest zamierzony. Odst\u0119py mi\u0119dzy rogami obci\u0105\u017cnik\u00f3w s\u0105 obliczone tak, aby zmie\u015bci\u0107 standardowe talerze o \u015brednicy IWF (450 mm) na dole i mniejsze talerze na g\u00f3rze, bez ich nak\u0142adania si\u0119 lub kolizji. U\u0142atwia to podnoszenie talerza o wadze 20 kg bez obcierania kostek o znajduj\u0105cy si\u0119 nad nim talerz o wadze 10 kg.<\/p>\n<h3>3. Wytrzyma\u0142a spawana rama<\/h3>\n<p>Stabilno\u015b\u0107 nie podlega negocjacjom. Rama jest prawdopodobnie w pe\u0142ni spawana lub mocno skr\u0119cona i mo\u017ce wytrzyma\u0107 ci\u0119\u017car ponad 500 kg. Sprawia wra\u017cenie solidnej i stabilnej. Geometria podstawy zapobiega przewr\u00f3ceniu, nawet je\u015bli zdejmiesz wszystkie ci\u0119\u017cary z jednej strony (chocia\u017c zawsze zaleca si\u0119 zr\u00f3wnowa\u017cone roz\u0142adowanie).<\/p>\n<h3>4. Rogi o g\u0142adkiej masie<\/h3>\n<p>Ko\u0142ki do przechowywania zosta\u0142y zaprojektowane z my\u015bl\u0105 o funkcjonalno\u015bci. S\u0105 one dostosowane do talerzy olimpijskich 50 mm i wyko\u0144czone tak, aby by\u0142y g\u0142adkie. Zmniejsza to tarcie podczas wsuwania ci\u0119\u017ckich gumowych zderzak\u00f3w, dzi\u0119ki czemu sprz\u0105tanie po zako\u0144czeniu treningu jest mniej uci\u0105\u017cliwe. Cz\u0119sto s\u0105 one wyposa\u017cone w za\u015blepki, kt\u00f3re zapobiegaj\u0105 zsuwaniu si\u0119 talerzy z powodu wibracji.<\/p>\n<h3>5. Organizacja i bezpiecze\u0144stwo<\/h3>\n<p>Stos talerzy na pod\u0142odze to z\u0142amany palec u nogi, kt\u00f3ry tylko na to czeka. Veta Tower organizuje ci\u0119\u017cary wed\u0142ug rozmiaru, u\u0142atwiaj\u0105c chwytanie dok\u0142adnie tego, czego potrzebujesz. Promuje kultur\u0119 \u201cponownego uk\u0142adania\u201d na si\u0142owni i utrzymuje \u015brodowisko treningowe bezpieczne i \u0142atwe w nawigacji.<\/p>\n<h3>Dla kogo to jest?<\/h3>\n<ul style=\"list-style-position: inside; padding-left: 0;\">\n<li>W\u0142a\u015bciciele domowych si\u0142owni z ograniczon\u0105 powierzchni\u0105.<\/li>\n<li>Si\u0142ownie komercyjne wymagaj\u0105ce przechowywania w miejscu u\u017cytkowania w pobli\u017cu stojak\u00f3w.<\/li>\n<li>Kluby podnoszenia ci\u0119\u017car\u00f3w organizuj\u0105ce zderzaki.<\/li>\n<li>Ka\u017cdy zm\u0119czony potykaniem si\u0119 o stosy ci\u0119\u017car\u00f3w.<\/li>\n<li>Obiekty priorytetowo traktuj\u0105ce bezpiecze\u0144stwo i organizacj\u0119.<\/li>\n<\/ul>\n<h3>Specyfikacja produktu<\/h3>\n<table border=\"1\" width=\"100%\" cellspacing=\"0\" cellpadding=\"5\">\n<tbody>\n<tr>\n<td><strong>Model<\/strong><\/td>\n<td>F12BC002<\/td>\n<\/tr>\n<tr>\n<td><strong>Typ<\/strong><\/td>\n<td>Pionowe drzewo p\u0142yt<\/td>\n<\/tr>\n<tr>\n<td><strong>Materia\u0142<\/strong><\/td>\n<td>Stal o du\u017cej grubo\u015bci<\/td>\n<\/tr>\n<tr>\n<td><strong>Pojemno\u015b\u0107<\/strong><\/td>\n<td>Obci\u0105\u017cenie komercyjne (500 kg+)<\/td>\n<\/tr>\n<tr>\n<td><strong>\u015alad<\/strong><\/td>\n<td>Kompaktowy \/ Pionowy<\/td>\n<\/tr>\n<\/tbody>\n<\/table>","protected":false},"excerpt":{"rendered":"<p>Stojak na talerze Veta firmy Alex Athletics to oszcz\u0119dzaj\u0105ce miejsce rozwi\u0105zanie do przechowywania du\u017cych ci\u0119\u017car\u00f3w. Jego pionowa konstrukcja organizuje setki kilogram\u00f3w talerzy olimpijskich na minimalnej powierzchni, uwalniaj\u0105c cenn\u0105 przestrze\u0144 na pod\u0142odze. Zbudowany z grubej stali ze stabiln\u0105, odporn\u0105 na przewr\u00f3cenie podstaw\u0105, posiada strategicznie rozmieszczone rogi ci\u0119\u017cark\u00f3w dla \u0142atwego dost\u0119pu do wszystkich rozmiar\u00f3w talerzy. Trwa\u0142y i elegancki, zapewnia bezpiecze\u0144stwo, porz\u0105dek i profesjonalizm w si\u0142owni, przenosz\u0105c ci\u0119\u017cary z pod\u0142ogi na stojak.<\/p>","protected":false},"featured_media":3460,"comment_status":"open","ping_status":"closed","template":"","meta":{"inline_featured_image":false,"site-sidebar-layout":"default","site-content-layout":"","ast-site-content-layout":"default","site-content-style":"default","site-sidebar-style":"default","ast-global-header-display":"","ast-banner-title-visibility":"","ast-main-header-display":"","ast-hfb-above-header-display":"","ast-hfb-below-header-display":"","ast-hfb-mobile-header-display":"","site-post-title":"","ast-breadcrumbs-content":"","ast-featured-img":"","footer-sml-layout":"","ast-disable-related-posts":"","theme-transparent-header-meta":"default","adv-header-id-meta":"","stick-header-meta":"default","header-above-stick-meta":"","header-main-stick-meta":"","header-below-stick-meta":"","astra-migrate-meta-layouts":"set","ast-page-background-enabled":"default","ast-page-background-meta":{"desktop":{"background-color":"","background-image":"","background-repeat":"repeat","background-position":"center center","background-size":"auto","background-attachment":"scroll","background-type":"","background-media":"","overlay-type":"","overlay-color":"","overlay-opacity":"","overlay-gradient":""},"tablet":{"background-color":"","background-image":"","background-repeat":"repeat","background-position":"center center","background-size":"auto","background-attachment":"scroll","background-type":"","background-media":"","overlay-type":"","overlay-color":"","overlay-opacity":"","overlay-gradient":""},"mobile":{"background-color":"","background-image":"","background-repeat":"repeat","background-position":"center center","background-size":"auto","background-attachment":"scroll","background-type":"","background-media":"","overlay-type":"","overlay-color":"","overlay-opacity":"","overlay-gradient":""}},"ast-content-background-meta":{"desktop":{"background-color":"var(--ast-global-color-5)","background-image":"","background-repeat":"repeat","background-position":"center center","background-size":"auto","background-attachment":"scroll","background-type":"","background-media":"","overlay-type":"","overlay-color":"","overlay-opacity":"","overlay-gradient":""},"tablet":{"background-color":"var(--ast-global-color-5)","background-image":"","background-repeat":"repeat","background-position":"center center","background-size":"auto","background-attachment":"scroll","background-type":"","background-media":"","overlay-type":"","overlay-color":"","overlay-opacity":"","overlay-gradient":""},"mobile":{"background-color":"var(--ast-global-color-5)","background-image":"","background-repeat":"repeat","background-position":"center center","background-size":"auto","background-attachment":"scroll","background-type":"","background-media":"","overlay-type":"","overlay-color":"","overlay-opacity":"","overlay-gradient":""}}},"product_brand":[],"product_cat":[55],"product_tag":[63],"class_list":{"0":"post-2955","1":"product","2":"type-product","3":"status-publish","4":"has-post-thumbnail","6":"product_cat-free-weight-training","7":"product_tag-rack-storage","8":"desktop-align-left","9":"tablet-align-left","10":"mobile-align-left","12":"first","13":"instock","14":"shipping-taxable","15":"purchasable","16":"product-type-simple"},"_links":{"self":[{"href":"https:\/\/alexathletics1982.com\/pl\/wp-json\/wp\/v2\/product\/2955","targetHints":{"allow":["GET"]}}],"collection":[{"href":"https:\/\/alexathletics1982.com\/pl\/wp-json\/wp\/v2\/product"}],"about":[{"href":"https:\/\/alexathletics1982.com\/pl\/wp-json\/wp\/v2\/types\/product"}],"replies":[{"embeddable":true,"href":"https:\/\/alexathletics1982.com\/pl\/wp-json\/wp\/v2\/comments?post=2955"}],"wp:featuredmedia":[{"embeddable":true,"href":"https:\/\/alexathletics1982.com\/pl\/wp-json\/wp\/v2\/media\/3460"}],"wp:attachment":[{"href":"https:\/\/alexathletics1982.com\/pl\/wp-json\/wp\/v2\/media?parent=2955"}],"wp:term":[{"taxonomy":"product_brand","embeddable":true,"href":"https:\/\/alexathletics1982.com\/pl\/wp-json\/wp\/v2\/product_brand?post=2955"},{"taxonomy":"product_cat","embeddable":true,"href":"https:\/\/alexathletics1982.com\/pl\/wp-json\/wp\/v2\/product_cat?post=2955"},{"taxonomy":"product_tag","embeddable":true,"href":"https:\/\/alexathletics1982.com\/pl\/wp-json\/wp\/v2\/product_tag?post=2955"}],"curies":[{"name":"wp","href":"https:\/\/api.w.org\/{rel}","templated":true}]}}