{"id":2964,"date":"2026-01-23T20:21:01","date_gmt":"2026-01-23T12:21:01","guid":{"rendered":"https:\/\/alexathletics1982.com\/?post_type=product&#038;p=2964"},"modified":"2026-04-08T15:38:27","modified_gmt":"2026-04-08T07:38:27","slug":"stojak-na-talerze-waga-drzewo-v-eta","status":"publish","type":"product","link":"https:\/\/alexathletics1982.com\/pl\/plate-rack-weight-tree-v-eta\/","title":{"rendered":"Stojak na p\u0142yty - drzewo obci\u0105\u017ce\u0144 - V.ETA"},"content":{"rendered":"<h2>Mobilna wie\u017ca si\u0142owa: V.ETA Olympic Plate Rack-Weight Tree<\/h2>\n<p>Plate Rack-Weight Tree (V.ETA) firmy Alex Athletics to kompleksowe rozwi\u0105zanie do przechowywania, kt\u00f3re konsoliduje ca\u0142\u0105 konfiguracj\u0119 sztangi w jednym mobilnym urz\u0105dzeniu. W przeciwie\u0144stwie do standardowych stojak\u00f3w stacjonarnych, ten stojak jest wyposa\u017cony w wytrzyma\u0142e k\u00f3\u0142ka, co pozwala na \u0142atwe przenoszenie ponad 450 kg ci\u0119\u017car\u00f3w. Ta mobilno\u015b\u0107 jest prze\u0142omem w przypadku przestrzeni wielofunkcyjnych lub si\u0142owni gara\u017cowych, w kt\u00f3rych sprz\u0119t musi by\u0107 schowany. Konstrukcja \u201cV.ETA\u201d obejmuje solidn\u0105 kolumn\u0119 centraln\u0105 ze strategicznie rozmieszczonymi rogami obci\u0105\u017cnik\u00f3w, kt\u00f3re mieszcz\u0105 wszystkie rozmiary talerzy olimpijskich, od ma\u0142ych talerzy do wymiany po du\u017ce ko\u0142a 450 mm, bez nak\u0142adania si\u0119.<\/p>\n<p>Poza talerzami, ten stojak jest kompletnym organizerem stacji roboczej. Posiada dwa pionowe uchwyty na sztang\u0119, pozwalaj\u0105ce na bezpieczne przechowywanie sztang olimpijskich w pozycji pionowej. W podstawie znajduje si\u0119 r\u00f3wnie\u017c miejsce na ko\u0142nierze lub talerze u\u0142amkowe. Rama jest wykonana z komercyjnych kwadratowych rur stalowych (40 x 80 x T 2 mm) z wyko\u0144czeniem malowanym proszkowo, dzi\u0119ki czemu mo\u017ce wytrzyma\u0107 obci\u0105\u017cenie bez zginania. Gumowe podk\u0142adki pod stopy (lub ko\u0142a blokuj\u0105ce) zapewniaj\u0105, \u017ce urz\u0105dzenie pozostaje nieruchome podczas za\u0142adunku lub roz\u0142adunku. Przekszta\u0142ca rozrzucony stos obci\u0105\u017cnik\u00f3w i sztang w schludn\u0105, przeno\u015bn\u0105, profesjonaln\u0105 bibliotek\u0119 si\u0142y.<\/p>\n<h3>1. Kompletny zestaw do przechowywania (p\u0142yty + 2 pr\u0119ty)<\/h3>\n<p>Jest to wyspa typu \"wszystko w jednym\". Mie\u015bci ogromn\u0105 ilo\u015b\u0107 obci\u0105\u017cnik\u00f3w i ma dwa dedykowane r\u0119kawy na sztangi olimpijskie. Oznacza to, \u017ce ca\u0142y zestaw do podnoszenia ci\u0119\u017car\u00f3w - sztangi i obci\u0105\u017cniki - jest przechowywany razem. Ca\u0142kowicie oczyszcza pod\u0142og\u0119, maksymalizuj\u0105c przestrze\u0144 treningow\u0105 i bezpiecze\u0144stwo.<\/p>\n<h3>2. Mobilno\u015b\u0107 w ci\u0119\u017ckich warunkach<\/h3>\n<p>Integracja k\u00f3\u0142ek odr\u00f3\u017cnia ten model od standardowego drzewka. Mo\u017cliwo\u015b\u0107 przetaczania ci\u0119\u017car\u00f3w do stojaka lub wyciskania na \u0142awce to luksus, kt\u00f3ry oszcz\u0119dza czas i wysi\u0142ek. K\u00f3\u0142ka s\u0105 wytrzyma\u0142e, aby utrzyma\u0107 obci\u0105\u017cenie 454 kg, p\u0142ynnie przesuwaj\u0105c si\u0119 po gumowej pod\u0142odze si\u0142owni.<\/p>\n<h3>3. Du\u017ca no\u015bno\u015b\u0107 (454 kg)<\/h3>\n<p>Ten stojak jest przeznaczony dla ci\u0119\u017ckich zawodnik\u00f3w. Dzi\u0119ki no\u015bno\u015bci prawie 1000 funt\u00f3w mo\u017ce pomie\u015bci\u0107 wiele zestaw\u00f3w talerzy o wadze 25 kg. Spawane rogi obci\u0105\u017cnik\u00f3w s\u0105 ustawione pod k\u0105tem lub zakryte, aby zapobiec zsuwaniu si\u0119 talerzy podczas ruchu. Integralno\u015b\u0107 strukturalna jest klasy komercyjnej.<\/p>\n<h3>4. Regulowany rozstaw<\/h3>\n<p>W opisie zaznaczono, \u017ce \u201crozmieszczenie... mo\u017cna regulowa\u0107\u201d (lub sugeruje to optymalny odst\u0119p). Uk\u0142ad ten zapobiega \u201czakleszczeniu talerza\u201d, w kt\u00f3rym nie mo\u017cna zdj\u0105\u0107 talerza o wadze 10 kg, poniewa\u017c znajduj\u0105cy si\u0119 pod nim talerz o wadze 20 kg znajduje si\u0119 zbyt blisko. Pozwala to na \u0142atwy dost\u0119p do ka\u017cdego przyrostu wagi.<\/p>\n<h3>5. Obro\u017ca i podstawa akcesori\u00f3w<\/h3>\n<p>Podstawa cz\u0119sto dzia\u0142a jak tacka lub ma specjalne szpilki do obro\u017cy. Ten drobny szczeg\u00f3\u0142 zapobiega frustracji zwi\u0105zanej z utrat\u0105 klips\u00f3w. Przechowywanie wszystkiego w jednym mobilnym urz\u0105dzeniu usprawnia przep\u0142yw pracy na si\u0142owni, zapewniaj\u0105c, \u017ce masz wszystko, czego potrzebujesz, aby natychmiast rozpocz\u0105\u0107 podnoszenie.<\/p>\n<h3>Dla kogo to jest?<\/h3>\n<ul style=\"list-style-position: inside; padding-left: 0;\">\n<li>W\u0142a\u015bciciele domowych si\u0142owni potrzebuj\u0105cy elastycznego zarz\u0105dzania przestrzeni\u0105.<\/li>\n<li>Komercyjne si\u0142ownie tworz\u0105ce mobilne stacje do przysiad\u00f3w.<\/li>\n<li>Trenerzy, kt\u00f3rzy musz\u0105 przenosi\u0107 sprz\u0119t mi\u0119dzy klientami.<\/li>\n<li>Podno\u015bniki z wieloma sztangami i ci\u0119\u017ckimi zestawami talerzy.<\/li>\n<li>Ka\u017cdy, kto chce mie\u0107 uporz\u0105dkowane, kompleksowe rozwi\u0105zanie do przechowywania.<\/li>\n<\/ul>\n<h3>Specyfikacja produktu<\/h3>\n<table border=\"1\" width=\"100%\" cellspacing=\"0\" cellpadding=\"5\">\n<tbody>\n<tr>\n<td><strong>Model<\/strong><\/td>\n<td>F12BC001<\/td>\n<\/tr>\n<tr>\n<td><strong>Typ<\/strong><\/td>\n<td>Mobilne drzewo talerzy<\/td>\n<\/tr>\n<tr>\n<td><strong>Pojemno\u015b\u0107<\/strong><\/td>\n<td>454 kg \/ 1000 funt\u00f3w<\/td>\n<\/tr>\n<tr>\n<td><strong>Przechowywanie<\/strong><\/td>\n<td>Talerze + 2 sztangi<\/td>\n<\/tr>\n<tr>\n<td><strong>Mobilno\u015b\u0107<\/strong><\/td>\n<td>Ko\u0142a o du\u017cej wytrzyma\u0142o\u015bci<\/td>\n<\/tr>\n<\/tbody>\n<\/table>","protected":false},"excerpt":{"rendered":"<p>Stojak na talerze V.ETA marki Alex Athletics to najlepsza mobilna stacja do przechowywania zestawu sztangi. Zdolny pomie\u015bci\u0107 454 kg talerzy i dwie sztangi olimpijskie, to wytrzyma\u0142e stalowe drzewo oczyszcza pod\u0142og\u0119 i porz\u0105dkuje sprz\u0119t. Wyposa\u017cony w solidne k\u00f3\u0142ka, pozwala bez wysi\u0142ku transportowa\u0107 ca\u0142y zestaw po si\u0142owni. Dzi\u0119ki zoptymalizowanym odst\u0119pom dla \u0142atwego dost\u0119pu i trwa\u0142emu wyko\u0144czeniu malowanemu proszkowo, jest to idealne rozwi\u0105zanie oszcz\u0119dzaj\u0105ce miejsce w domowych i komercyjnych si\u0142owniach.<\/p>","protected":false},"featured_media":3421,"comment_status":"open","ping_status":"closed","template":"","meta":{"inline_featured_image":false,"site-sidebar-layout":"default","site-content-layout":"","ast-site-content-layout":"default","site-content-style":"default","site-sidebar-style":"default","ast-global-header-display":"","ast-banner-title-visibility":"","ast-main-header-display":"","ast-hfb-above-header-display":"","ast-hfb-below-header-display":"","ast-hfb-mobile-header-display":"","site-post-title":"","ast-breadcrumbs-content":"","ast-featured-img":"","footer-sml-layout":"","ast-disable-related-posts":"","theme-transparent-header-meta":"default","adv-header-id-meta":"","stick-header-meta":"default","header-above-stick-meta":"","header-main-stick-meta":"","header-below-stick-meta":"","astra-migrate-meta-layouts":"set","ast-page-background-enabled":"default","ast-page-background-meta":{"desktop":{"background-color":"","background-image":"","background-repeat":"repeat","background-position":"center center","background-size":"auto","background-attachment":"scroll","background-type":"","background-media":"","overlay-type":"","overlay-color":"","overlay-opacity":"","overlay-gradient":""},"tablet":{"background-color":"","background-image":"","background-repeat":"repeat","background-position":"center center","background-size":"auto","background-attachment":"scroll","background-type":"","background-media":"","overlay-type":"","overlay-color":"","overlay-opacity":"","overlay-gradient":""},"mobile":{"background-color":"","background-image":"","background-repeat":"repeat","background-position":"center center","background-size":"auto","background-attachment":"scroll","background-type":"","background-media":"","overlay-type":"","overlay-color":"","overlay-opacity":"","overlay-gradient":""}},"ast-content-background-meta":{"desktop":{"background-color":"var(--ast-global-color-5)","background-image":"","background-repeat":"repeat","background-position":"center center","background-size":"auto","background-attachment":"scroll","background-type":"","background-media":"","overlay-type":"","overlay-color":"","overlay-opacity":"","overlay-gradient":""},"tablet":{"background-color":"var(--ast-global-color-5)","background-image":"","background-repeat":"repeat","background-position":"center center","background-size":"auto","background-attachment":"scroll","background-type":"","background-media":"","overlay-type":"","overlay-color":"","overlay-opacity":"","overlay-gradient":""},"mobile":{"background-color":"var(--ast-global-color-5)","background-image":"","background-repeat":"repeat","background-position":"center center","background-size":"auto","background-attachment":"scroll","background-type":"","background-media":"","overlay-type":"","overlay-color":"","overlay-opacity":"","overlay-gradient":""}}},"product_brand":[],"product_cat":[55],"product_tag":[63],"class_list":{"0":"post-2964","1":"product","2":"type-product","3":"status-publish","4":"has-post-thumbnail","6":"product_cat-free-weight-training","7":"product_tag-rack-storage","8":"desktop-align-left","9":"tablet-align-left","10":"mobile-align-left","12":"first","13":"instock","14":"shipping-taxable","15":"purchasable","16":"product-type-simple"},"_links":{"self":[{"href":"https:\/\/alexathletics1982.com\/pl\/wp-json\/wp\/v2\/product\/2964","targetHints":{"allow":["GET"]}}],"collection":[{"href":"https:\/\/alexathletics1982.com\/pl\/wp-json\/wp\/v2\/product"}],"about":[{"href":"https:\/\/alexathletics1982.com\/pl\/wp-json\/wp\/v2\/types\/product"}],"replies":[{"embeddable":true,"href":"https:\/\/alexathletics1982.com\/pl\/wp-json\/wp\/v2\/comments?post=2964"}],"wp:featuredmedia":[{"embeddable":true,"href":"https:\/\/alexathletics1982.com\/pl\/wp-json\/wp\/v2\/media\/3421"}],"wp:attachment":[{"href":"https:\/\/alexathletics1982.com\/pl\/wp-json\/wp\/v2\/media?parent=2964"}],"wp:term":[{"taxonomy":"product_brand","embeddable":true,"href":"https:\/\/alexathletics1982.com\/pl\/wp-json\/wp\/v2\/product_brand?post=2964"},{"taxonomy":"product_cat","embeddable":true,"href":"https:\/\/alexathletics1982.com\/pl\/wp-json\/wp\/v2\/product_cat?post=2964"},{"taxonomy":"product_tag","embeddable":true,"href":"https:\/\/alexathletics1982.com\/pl\/wp-json\/wp\/v2\/product_tag?post=2964"}],"curies":[{"name":"wp","href":"https:\/\/api.w.org\/{rel}","templated":true}]}}