{"id":2965,"date":"2026-01-23T20:21:02","date_gmt":"2026-01-23T12:21:02","guid":{"rendered":"https:\/\/alexathletics1982.com\/?post_type=product&#038;p=2965"},"modified":"2026-04-08T11:09:35","modified_gmt":"2026-04-08T03:09:35","slug":"polstojak","status":"publish","type":"product","link":"https:\/\/alexathletics1982.com\/pl\/half-rack\/","title":{"rendered":"Half Rack"},"content":{"rendered":"<h2>Heavy Hitter: Komercyjna p\u00f3\u0142ka<\/h2>\n<p>Half Rack firmy Alex Athletics to centralny element powa\u017cnego obiektu do treningu si\u0142owego. Wype\u0142niaj\u0105c luk\u0119 mi\u0119dzy pe\u0142n\u0105 klatk\u0105 si\u0142ow\u0105 a stojakiem do przysiad\u00f3w, oferuje stabilno\u015b\u0107 i bezpiecze\u0144stwo klatki z otwartym dost\u0119pem do stojaka. Zbudowany z masywnych kwadratowych rur stalowych 75 x 75 mm o grubo\u015bci \u015bcianki 3 mm, ten stojak jest zbudowany jak czo\u0142g. Jego no\u015bno\u015b\u0107 wynosi a\u017c 800 kg, co oznacza, \u017ce poradzi sobie z ka\u017cdym ci\u0119\u017carem, jaki mo\u017ce podnie\u015b\u0107 cz\u0142owiek. Konstrukcja \u201cHalf Rack\u201d ma otwarty prz\u00f3d, kt\u00f3ry jest idealny do olimpijskich ruch\u00f3w podnoszenia (takich jak wyciskanie nad g\u0142ow\u0119), kt\u00f3re wymagaj\u0105 pionowego prze\u015bwitu, a jednocze\u015bnie zapewnia bezpieczn\u0105 obudow\u0119 do przysiad\u00f3w i wyciskania na \u0142awce.<\/p>\n<p>Funkcjonalno\u015b\u0107 jest zmaksymalizowana dzi\u0119ki wysokiej jako\u015bci akcesoriom. Stojak jest standardowo wyposa\u017cony w komercyjne haki typu J i bezpieczne ramiona punktowe. S\u0105 one wy\u0142o\u017cone uszczelkami HDPE, aby chroni\u0107 rade\u0142kowanie sztangi przed kontaktem metal-metal, chroni\u0105c inwestycj\u0119. Oba mocowania s\u0105 wyposa\u017cone w mechanizm szybkiego zwalniania z laserowo wyci\u0119t\u0105 numeracj\u0105 na s\u0142upkach, dzi\u0119ki czemu regulacja wysoko\u015bci jest szybka i precyzyjna. Tylna cz\u0119\u015b\u0107 stojaka jest wyposa\u017cona w 8 rog\u00f3w do przechowywania talerzy, co pozwala na przechowywanie ton ci\u0119\u017caru przy jednoczesnym zwi\u0119kszeniu stabilno\u015bci urz\u0105dzenia. Dzi\u0119ki zintegrowanemu dr\u0105\u017ckowi do podci\u0105gania i mo\u017cliwo\u015bci mocowania ta\u015bm, Alex Half Rack to profesjonalna stacja dla tr\u00f3jboist\u00f3w si\u0142owych, sportowc\u00f3w i powa\u017cnych w\u0142a\u015bcicieli domowych si\u0142owni.<\/p>\n<h3>1. Ogromna no\u015bno\u015b\u0107 800 kg<\/h3>\n<p>To nie jest bud\u017cetowy stojak. Stalowa rama o wymiarach 75x75x3 mm jest klasy przemys\u0142owej. Zapewnia absolutn\u0105 sztywno\u015b\u0107 - nie chwieje si\u0119 ani nie trz\u0119sie podczas wykonywania ci\u0119\u017ckich przysiad\u00f3w. No\u015bno\u015b\u0107 800 kg gwarantuje, \u017ce wytrzyma rekordowe na \u015bwiecie obci\u0105\u017cenia, zapewniaj\u0105c margines bezpiecze\u0144stwa, kt\u00f3ry wzbudza ca\u0142kowite zaufanie.<\/p>\n<h3>2. Szybkoz\u0142\u0105czki i zabezpieczenia<\/h3>\n<p>Szybko\u015b\u0107 i \u0142atwo\u015b\u0107 obs\u0142ugi maj\u0105 kluczowe znaczenie. Haki J i ramiona zabezpieczaj\u0105ce mo\u017cna wyregulowa\u0107 w kilka sekund bez u\u017cycia narz\u0119dzi. Laserowo wyci\u0119ta numeracja na s\u0142upkach oznacza, \u017ce nigdy nie b\u0119dziesz musia\u0142 zgadywa\u0107, czy dr\u0105\u017cek jest wypoziomowany. Ramiona zabezpieczaj\u0105ce s\u0105 wystarczaj\u0105co d\u0142ugie, aby z\u0142apa\u0107 nieudane podniesienie, dzia\u0142aj\u0105c jako niezawodny obserwator podczas treningu solo.<\/p>\n<h3>3. Ochrona sztangi (HDPE)<\/h3>\n<p>Sztanga jest najwa\u017cniejszym narz\u0119dziem. Punkty styku na hakach J i zabezpieczeniach s\u0105 wy\u0142o\u017cone polietylenem o wysokiej g\u0119sto\u015bci (HDPE). Ta plastikowa warstwa absorbuje uderzenia i zapobiega sp\u0142aszczaniu ostrego rade\u0142kowania sztangi o tward\u0105 stal. Dzi\u0119ki temu prowadnica wygl\u0105da i dzia\u0142a jak nowa.<\/p>\n<h3>4. Zintegrowane przechowywanie p\u0142yt<\/h3>\n<p>Stojak posiada 8 obci\u0105\u017cnik\u00f3w na tylnych s\u0142upkach. Ten system przechowywania utrzymuje talerze uporz\u0105dkowane i z dala od pod\u0142ogi. Co wa\u017cniejsze, ci\u0119\u017car przechowywanych talerzy zakotwicza stojak do pod\u0142o\u017ca, zwi\u0119kszaj\u0105c jego stabilno\u015b\u0107 podczas dynamicznych ruch\u00f3w, takich jak podci\u0105ganie na dr\u0105\u017cku lub podnoszenie du\u017cych ci\u0119\u017car\u00f3w.<\/p>\n<h3>5. Wszechstronno\u015b\u0107 z otwartym przodem<\/h3>\n<p>Konstrukcja Half Rack zapewnia swobod\u0119. Bez przednich s\u0142upk\u00f3w, kt\u00f3re blokuj\u0105 ci\u0119, mo\u017cesz \u0142atwo wyprowadzi\u0107 dr\u0105\u017cek do rzut\u00f3w lub wykona\u0107 wyciskanie nad g\u0142ow\u0105 bez uderzania w sufit klatki. Pozwala to na u\u017cycie platformy do podnoszenia bezpo\u015brednio przed stojakiem do martwego ci\u0105gu i wyci\u0105g\u00f3w olimpijskich.<\/p>\n<h3>Dla kogo to jest?<\/h3>\n<ul style=\"list-style-position: inside; padding-left: 0;\">\n<li>Elitarne si\u0142ownie do tr\u00f3jboju si\u0142owego i podnoszenia ci\u0119\u017car\u00f3w.<\/li>\n<li>Wysokiej klasy w\u0142a\u015bciciele domowych si\u0142owni chc\u0105 tego, co najlepsze.<\/li>\n<li>Kolegialne i profesjonalne dru\u017cyny sportowe.<\/li>\n<li>Osoby trenuj\u0105ce samotnie, kt\u00f3re potrzebuj\u0105 niezawodnego bezpiecze\u0144stwa.<\/li>\n<li>Obiekty nadaj\u0105ce priorytet trwa\u0142o\u015bci sprz\u0119tu.<\/li>\n<\/ul>\n<h3>Specyfikacja produktu<\/h3>\n<table border=\"1\" width=\"100%\" cellspacing=\"0\" cellpadding=\"5\">\n<tbody>\n<tr>\n<td><strong>Model<\/strong><\/td>\n<td>W13AA029<\/td>\n<\/tr>\n<tr>\n<td><strong>Materia\u0142<\/strong><\/td>\n<td>Stal (rura 75x75x3 mm)<\/td>\n<\/tr>\n<tr>\n<td><strong>Ud\u017awig<\/strong><\/td>\n<td>800 kg<\/td>\n<\/tr>\n<tr>\n<td><strong>Wymiary<\/strong><\/td>\n<td>D\u0142. 1906 x szer. 1829 x wys. 2438 mm<\/td>\n<\/tr>\n<tr>\n<td><strong>Cechy<\/strong><\/td>\n<td>Wyk\u0142adziny HDPE, schowek na p\u0142yty, ramiona spotterskie<\/td>\n<\/tr>\n<\/tbody>\n<\/table>","protected":false},"excerpt":{"rendered":"<p>Half Rack firmy Alex Athletics to komercyjna pot\u0119ga do podnoszenia ci\u0119\u017car\u00f3w. Zbudowany z masywnych stalowych rur 75x75 mm, obs\u0142uguje ogromne obci\u0105\u017cenie 800 kg z absolutn\u0105 stabilno\u015bci\u0105. Wyposa\u017cony w szybko zwalniane haki J i ramiona zabezpieczaj\u0105ce wy\u0142o\u017cone HDPE w celu ochrony sztangi, zapewnia bezpieczny trening solo. Otwarta przednia konstrukcja pozwala na wszechstronny ruch, a zintegrowany schowek na talerze zapewnia porz\u0105dek na si\u0142owni. Jest to najlepsza profesjonalna stacja do przysiad\u00f3w, wyciskania i podci\u0105gania.<\/p>","protected":false},"featured_media":3321,"comment_status":"open","ping_status":"closed","template":"","meta":{"inline_featured_image":false,"site-sidebar-layout":"default","site-content-layout":"","ast-site-content-layout":"default","site-content-style":"default","site-sidebar-style":"default","ast-global-header-display":"","ast-banner-title-visibility":"","ast-main-header-display":"","ast-hfb-above-header-display":"","ast-hfb-below-header-display":"","ast-hfb-mobile-header-display":"","site-post-title":"","ast-breadcrumbs-content":"","ast-featured-img":"","footer-sml-layout":"","ast-disable-related-posts":"","theme-transparent-header-meta":"default","adv-header-id-meta":"","stick-header-meta":"default","header-above-stick-meta":"","header-main-stick-meta":"","header-below-stick-meta":"","astra-migrate-meta-layouts":"set","ast-page-background-enabled":"default","ast-page-background-meta":{"desktop":{"background-color":"","background-image":"","background-repeat":"repeat","background-position":"center center","background-size":"auto","background-attachment":"scroll","background-type":"","background-media":"","overlay-type":"","overlay-color":"","overlay-opacity":"","overlay-gradient":""},"tablet":{"background-color":"","background-image":"","background-repeat":"repeat","background-position":"center center","background-size":"auto","background-attachment":"scroll","background-type":"","background-media":"","overlay-type":"","overlay-color":"","overlay-opacity":"","overlay-gradient":""},"mobile":{"background-color":"","background-image":"","background-repeat":"repeat","background-position":"center center","background-size":"auto","background-attachment":"scroll","background-type":"","background-media":"","overlay-type":"","overlay-color":"","overlay-opacity":"","overlay-gradient":""}},"ast-content-background-meta":{"desktop":{"background-color":"var(--ast-global-color-5)","background-image":"","background-repeat":"repeat","background-position":"center center","background-size":"auto","background-attachment":"scroll","background-type":"","background-media":"","overlay-type":"","overlay-color":"","overlay-opacity":"","overlay-gradient":""},"tablet":{"background-color":"var(--ast-global-color-5)","background-image":"","background-repeat":"repeat","background-position":"center center","background-size":"auto","background-attachment":"scroll","background-type":"","background-media":"","overlay-type":"","overlay-color":"","overlay-opacity":"","overlay-gradient":""},"mobile":{"background-color":"var(--ast-global-color-5)","background-image":"","background-repeat":"repeat","background-position":"center center","background-size":"auto","background-attachment":"scroll","background-type":"","background-media":"","overlay-type":"","overlay-color":"","overlay-opacity":"","overlay-gradient":""}}},"product_brand":[],"product_cat":[55],"product_tag":[63],"class_list":{"0":"post-2965","1":"product","2":"type-product","3":"status-publish","4":"has-post-thumbnail","6":"product_cat-free-weight-training","7":"product_tag-rack-storage","8":"desktop-align-left","9":"tablet-align-left","10":"mobile-align-left","12":"first","13":"instock","14":"shipping-taxable","15":"purchasable","16":"product-type-simple"},"_links":{"self":[{"href":"https:\/\/alexathletics1982.com\/pl\/wp-json\/wp\/v2\/product\/2965","targetHints":{"allow":["GET"]}}],"collection":[{"href":"https:\/\/alexathletics1982.com\/pl\/wp-json\/wp\/v2\/product"}],"about":[{"href":"https:\/\/alexathletics1982.com\/pl\/wp-json\/wp\/v2\/types\/product"}],"replies":[{"embeddable":true,"href":"https:\/\/alexathletics1982.com\/pl\/wp-json\/wp\/v2\/comments?post=2965"}],"wp:featuredmedia":[{"embeddable":true,"href":"https:\/\/alexathletics1982.com\/pl\/wp-json\/wp\/v2\/media\/3321"}],"wp:attachment":[{"href":"https:\/\/alexathletics1982.com\/pl\/wp-json\/wp\/v2\/media?parent=2965"}],"wp:term":[{"taxonomy":"product_brand","embeddable":true,"href":"https:\/\/alexathletics1982.com\/pl\/wp-json\/wp\/v2\/product_brand?post=2965"},{"taxonomy":"product_cat","embeddable":true,"href":"https:\/\/alexathletics1982.com\/pl\/wp-json\/wp\/v2\/product_cat?post=2965"},{"taxonomy":"product_tag","embeddable":true,"href":"https:\/\/alexathletics1982.com\/pl\/wp-json\/wp\/v2\/product_tag?post=2965"}],"curies":[{"name":"wp","href":"https:\/\/api.w.org\/{rel}","templated":true}]}}