{"id":3839,"date":"2026-04-10T21:07:43","date_gmt":"2026-04-10T13:07:43","guid":{"rendered":"https:\/\/alexathletics1982.com\/?post_type=product&#038;p=3839"},"modified":"2026-04-17T22:15:37","modified_gmt":"2026-04-17T14:15:37","slug":"power-strider-xc2","status":"publish","type":"product","link":"https:\/\/alexathletics1982.com\/pl\/power-strider-xc2\/","title":{"rendered":"Power Strider XC2"},"content":{"rendered":"<div class=\"ast-oembed-container\" style=\"height: 100%;\"><iframe title=\"POWER STRIDER XC2\" width=\"500\" height=\"281\" src=\"https:\/\/www.youtube.com\/embed\/zfenkYAfFfE?feature=oembed\" frameborder=\"0\" allow=\"accelerometer; autoplay; clipboard-write; encrypted-media; gyroscope; picture-in-picture; web-share\" referrerpolicy=\"strict-origin-when-cross-origin\" allowfullscreen><\/iframe><\/div>\n<h2><img fetchpriority=\"high\" decoding=\"async\" class=\"alignnone wp-image-3828 size-full\" src=\"https:\/\/alexathletics1982.com\/wp-content\/uploads\/2026\/04\/XC2_\u4fee_01.webp\" alt=\"\" width=\"1600\" height=\"1938\" title=\"\" srcset=\"https:\/\/alexathletics1982.com\/wp-content\/uploads\/2026\/04\/XC2_\u4fee_01.webp 1600w, https:\/\/alexathletics1982.com\/wp-content\/uploads\/2026\/04\/XC2_\u4fee_01-248x300.webp 248w, https:\/\/alexathletics1982.com\/wp-content\/uploads\/2026\/04\/XC2_\u4fee_01-845x1024.webp 845w, https:\/\/alexathletics1982.com\/wp-content\/uploads\/2026\/04\/XC2_\u4fee_01-768x930.webp 768w, https:\/\/alexathletics1982.com\/wp-content\/uploads\/2026\/04\/XC2_\u4fee_01-1268x1536.webp 1268w, https:\/\/alexathletics1982.com\/wp-content\/uploads\/2026\/04\/XC2_\u4fee_01-600x727.webp 600w\" sizes=\"(max-width: 1600px) 100vw, 1600px\" \/> <img decoding=\"async\" class=\"alignnone wp-image-3834 size-full\" src=\"https:\/\/alexathletics1982.com\/wp-content\/uploads\/2026\/04\/XC2_\u4fee_07.webp\" alt=\"\" width=\"1600\" height=\"979\" title=\"\" srcset=\"https:\/\/alexathletics1982.com\/wp-content\/uploads\/2026\/04\/XC2_\u4fee_07.webp 1600w, https:\/\/alexathletics1982.com\/wp-content\/uploads\/2026\/04\/XC2_\u4fee_07-300x184.webp 300w, https:\/\/alexathletics1982.com\/wp-content\/uploads\/2026\/04\/XC2_\u4fee_07-1024x627.webp 1024w, https:\/\/alexathletics1982.com\/wp-content\/uploads\/2026\/04\/XC2_\u4fee_07-768x470.webp 768w, https:\/\/alexathletics1982.com\/wp-content\/uploads\/2026\/04\/XC2_\u4fee_07-1536x940.webp 1536w, https:\/\/alexathletics1982.com\/wp-content\/uploads\/2026\/04\/XC2_\u4fee_07-600x367.webp 600w\" sizes=\"(max-width: 1600px) 100vw, 1600px\" \/> <img decoding=\"async\" class=\"alignnone wp-image-3833 size-full\" src=\"https:\/\/alexathletics1982.com\/wp-content\/uploads\/2026\/04\/XC2_\u4fee_06.webp\" alt=\"\" width=\"1600\" height=\"979\" title=\"\" srcset=\"https:\/\/alexathletics1982.com\/wp-content\/uploads\/2026\/04\/XC2_\u4fee_06.webp 1600w, https:\/\/alexathletics1982.com\/wp-content\/uploads\/2026\/04\/XC2_\u4fee_06-300x184.webp 300w, https:\/\/alexathletics1982.com\/wp-content\/uploads\/2026\/04\/XC2_\u4fee_06-1024x627.webp 1024w, https:\/\/alexathletics1982.com\/wp-content\/uploads\/2026\/04\/XC2_\u4fee_06-768x470.webp 768w, https:\/\/alexathletics1982.com\/wp-content\/uploads\/2026\/04\/XC2_\u4fee_06-1536x940.webp 1536w, https:\/\/alexathletics1982.com\/wp-content\/uploads\/2026\/04\/XC2_\u4fee_06-600x367.webp 600w\" sizes=\"(max-width: 1600px) 100vw, 1600px\" \/> <img loading=\"lazy\" decoding=\"async\" class=\"alignnone wp-image-3832 size-full\" src=\"https:\/\/alexathletics1982.com\/wp-content\/uploads\/2026\/04\/XC2_\u4fee_05.webp\" alt=\"\" width=\"1600\" height=\"1344\" title=\"\" srcset=\"https:\/\/alexathletics1982.com\/wp-content\/uploads\/2026\/04\/XC2_\u4fee_05.webp 1600w, https:\/\/alexathletics1982.com\/wp-content\/uploads\/2026\/04\/XC2_\u4fee_05-300x252.webp 300w, https:\/\/alexathletics1982.com\/wp-content\/uploads\/2026\/04\/XC2_\u4fee_05-1024x860.webp 1024w, https:\/\/alexathletics1982.com\/wp-content\/uploads\/2026\/04\/XC2_\u4fee_05-768x645.webp 768w, https:\/\/alexathletics1982.com\/wp-content\/uploads\/2026\/04\/XC2_\u4fee_05-1536x1290.webp 1536w, https:\/\/alexathletics1982.com\/wp-content\/uploads\/2026\/04\/XC2_\u4fee_05-600x504.webp 600w\" sizes=\"(max-width: 1600px) 100vw, 1600px\" \/> <img loading=\"lazy\" decoding=\"async\" class=\"alignnone wp-image-3831 size-full\" src=\"https:\/\/alexathletics1982.com\/wp-content\/uploads\/2026\/04\/XC2_\u4fee_04.webp\" alt=\"\" width=\"1600\" height=\"1104\" title=\"\" srcset=\"https:\/\/alexathletics1982.com\/wp-content\/uploads\/2026\/04\/XC2_\u4fee_04.webp 1600w, https:\/\/alexathletics1982.com\/wp-content\/uploads\/2026\/04\/XC2_\u4fee_04-300x207.webp 300w, https:\/\/alexathletics1982.com\/wp-content\/uploads\/2026\/04\/XC2_\u4fee_04-1024x707.webp 1024w, https:\/\/alexathletics1982.com\/wp-content\/uploads\/2026\/04\/XC2_\u4fee_04-768x530.webp 768w, https:\/\/alexathletics1982.com\/wp-content\/uploads\/2026\/04\/XC2_\u4fee_04-1536x1060.webp 1536w, https:\/\/alexathletics1982.com\/wp-content\/uploads\/2026\/04\/XC2_\u4fee_04-600x414.webp 600w\" sizes=\"(max-width: 1600px) 100vw, 1600px\" \/> <img loading=\"lazy\" decoding=\"async\" class=\"alignnone wp-image-3830 size-full\" src=\"https:\/\/alexathletics1982.com\/wp-content\/uploads\/2026\/04\/XC2_\u4fee_03.webp\" alt=\"\" width=\"1600\" height=\"1451\" title=\"\" srcset=\"https:\/\/alexathletics1982.com\/wp-content\/uploads\/2026\/04\/XC2_\u4fee_03.webp 1600w, https:\/\/alexathletics1982.com\/wp-content\/uploads\/2026\/04\/XC2_\u4fee_03-300x272.webp 300w, https:\/\/alexathletics1982.com\/wp-content\/uploads\/2026\/04\/XC2_\u4fee_03-1024x929.webp 1024w, https:\/\/alexathletics1982.com\/wp-content\/uploads\/2026\/04\/XC2_\u4fee_03-768x696.webp 768w, https:\/\/alexathletics1982.com\/wp-content\/uploads\/2026\/04\/XC2_\u4fee_03-1536x1393.webp 1536w, https:\/\/alexathletics1982.com\/wp-content\/uploads\/2026\/04\/XC2_\u4fee_03-600x544.webp 600w\" sizes=\"(max-width: 1600px) 100vw, 1600px\" \/> <img loading=\"lazy\" decoding=\"async\" class=\"alignnone wp-image-3829 size-full\" src=\"https:\/\/alexathletics1982.com\/wp-content\/uploads\/2026\/04\/XC2_\u4fee_02.webp\" alt=\"\" width=\"1600\" height=\"2012\" title=\"\" srcset=\"https:\/\/alexathletics1982.com\/wp-content\/uploads\/2026\/04\/XC2_\u4fee_02.webp 1600w, https:\/\/alexathletics1982.com\/wp-content\/uploads\/2026\/04\/XC2_\u4fee_02-239x300.webp 239w, https:\/\/alexathletics1982.com\/wp-content\/uploads\/2026\/04\/XC2_\u4fee_02-814x1024.webp 814w, https:\/\/alexathletics1982.com\/wp-content\/uploads\/2026\/04\/XC2_\u4fee_02-768x966.webp 768w, https:\/\/alexathletics1982.com\/wp-content\/uploads\/2026\/04\/XC2_\u4fee_02-1221x1536.webp 1221w, https:\/\/alexathletics1982.com\/wp-content\/uploads\/2026\/04\/XC2_\u4fee_02-600x755.webp 600w\" sizes=\"(max-width: 1600px) 100vw, 1600px\" \/><\/h2>\n<h2>Pewno\u015b\u0107 w ruchu: Power Strider XC2<\/h2>\n<p>Power Strider XC2 firmy Alexandave Industries Ltd to rewolucyjna bie\u017cnia sterowana wieloma trybami, zaprojektowana w celu po\u0142\u0105czenia biomechanicznej precyzji z wszechstronno\u015bci\u0105 adaptacyjn\u0105. Zaprojektowana specjalnie dla sportowc\u00f3w, fizjoterapeut\u00f3w i specjalist\u00f3w rehabilitacji, zapewnia bezprecedensow\u0105 kontrol\u0119 nad mechanik\u0105 ruchu. \u0141\u0105cz\u0105c nap\u0119d do przodu, odwrotn\u0105 kontrol\u0119 mimo\u015brodow\u0105 i zaawansowany system zawieszenia pneumatycznego w ramach jednej platformy adaptacyjnej, XC2 na nowo definiuje mo\u017cliwo\u015bci treningu wydajno\u015bciowego i rehabilitacyjnego na bie\u017cni. Niezale\u017cnie od tego, czy chodzi o rekonwalescencj\u0119 po operacji, czy trening elitarnej si\u0142y eksplozywnej, bie\u017cnia ta dostosowuje si\u0119 dok\u0142adnie do klinicznych i sportowych potrzeb u\u017cytkownika.<\/p>\n<p>Bezpiecze\u0144stwo i dost\u0119pno\u015b\u0107 s\u0105 najwa\u017cniejszymi elementami konstrukcji XC2. Charakteryzuje si\u0119 bardzo nisk\u0105 pr\u0119dko\u015bci\u0105 pocz\u0105tkow\u0105 wynosz\u0105c\u0105 0,1 km\/h, co pozwala na p\u0142ynn\u0105, kontrolowan\u0105 inicjacj\u0119 ruchu, kt\u00f3ra minimalizuje ryzyko upadku u wra\u017cliwych pacjent\u00f3w. Integracja uprz\u0119\u017cy z zawieszeniem pneumatycznym zapewnia do 35 kg regulowanej redukcji masy cia\u0142a, zmniejszaj\u0105c obci\u0105\u017cenie staw\u00f3w i poprawiaj\u0105c stabilno\u015b\u0107 postawy podczas ruch\u00f3w wielokierunkowych. Dzi\u0119ki bardzo szerokiemu 56-centymetrowemu pasowi do biegania, przed\u0142u\u017conym por\u0119czom i otwartej konstrukcji u\u0142atwiaj\u0105cej dost\u0119p do trenera, zapewnia bezpieczne, budz\u0105ce zaufanie \u015brodowisko zar\u00f3wno dla pacjenta, jak i lekarza.<\/p>\n<h3>1. Wielomodowy uk\u0142ad nap\u0119dowy<\/h3>\n<p>XC2 nie jest standardow\u0105 bie\u017cni\u0105. Posiada dwukierunkowy system nap\u0119dowy umo\u017cliwiaj\u0105cy bieganie aerobowe do przodu i trening ekscentryczny do ty\u0142u. Co najbardziej imponuj\u0105ce, zawiera dedykowany tryb PUSH, kt\u00f3ry symuluje ci\u0119\u017cki nap\u0119d sa\u0144. Pozwala to sportowcom bezpiecznie budowa\u0107 si\u0142\u0119 eksplozywn\u0105 dolnej cz\u0119\u015bci cia\u0142a i przyspieszenie w pomieszczeniach, bez konieczno\u015bci korzystania z dedykowanej bie\u017cni.<\/p>\n<h3>2. Szkolenie w zakresie zawieszenia pneumatycznego<\/h3>\n<p>Zintegrowany system zawieszenia pneumatycznego jest prze\u0142omem w rehabilitacji i kondycjonowaniu o wysokiej wydajno\u015bci. Odci\u0105\u017caj\u0105c do 35 kg masy cia\u0142a u\u017cytkownika, umo\u017cliwia kontrol\u0119 ruchu reaktywnego przy niskim obci\u0105\u017ceniu. Pozwala to na bezpieczne wykonywanie zaawansowanych ruch\u00f3w, takich jak zawieszone chodzenie retro, ekscentryczne kroki reakcyjne i skoki antygrawitacyjne, wype\u0142niaj\u0105c luk\u0119 mi\u0119dzy delikatn\u0105 fizjoterapi\u0105 a dynamicznymi wynikami sportowymi.<\/p>\n<h3>3. Funkcje bezpiecze\u0144stwa klasy klinicznej<\/h3>\n<p>Dwuwarstwowy system aktywnej ochrony zapewnia ca\u0142kowite bezpiecze\u0144stwo we wszystkich trybach treningu. Obejmuje to natychmiastowy przycisk zatrzymania awaryjnego i od\u0142\u0105czany system klips\u00f3w bezpiecze\u0144stwa, kt\u00f3ry zatrzymuje pas, je\u015bli u\u017cytkownik straci r\u00f3wnowag\u0119. Ponadto przed\u0142u\u017cone por\u0119cze i otwarta architektura boczna umo\u017cliwiaj\u0105 personelowi klinicznemu p\u0142ynne i bezpieczne wej\u015bcie i pomoc w treningu chodu.<\/p>\n<h3>4. Wielokierunkowy wy\u015bwietlacz i informacje zwrotne<\/h3>\n<p>Konsola jest zamontowana na regulowanym, wieloosiowym ekranie, umo\u017cliwiaj\u0105c \u0142atwy podgl\u0105d i p\u0142ynn\u0105 obs\u0142ug\u0119 przez terapeut\u00f3w lub personel kliniczny stoj\u0105cy obok urz\u0105dzenia, zamiast si\u0119gania nad pacjenta. Zintegrowane kontaktowe czujniki t\u0119tna na przednich uchwytach zapewniaj\u0105 fizjologiczne informacje zwrotne w czasie rzeczywistym, umo\u017cliwiaj\u0105c precyzyjne zarz\u0105dzanie intensywno\u015bci\u0105 podczas protoko\u0142\u00f3w sercowo-naczyniowych lub regeneracyjnych.<\/p>\n<h3>5. Nachylenie 6\u00b0 i szeroka powierzchnia kroku<\/h3>\n<p>Bie\u017cnia oferuje stopniowane nachylenie 6\u00b0 (ok. 10,5%) do kondycjonowania wytrzyma\u0142o\u015bci i budowania si\u0142y pod g\u00f3r\u0119. Szeroki pas biegowy o szeroko\u015bci 56 cm zapewnia optymaln\u0105 stabilno\u015b\u0107 i swobod\u0119 kroku, dostosowuj\u0105c si\u0119 do niestabilnego, szerokiego chodu pacjenta rehabilitacyjnego z tak\u0105 sam\u0105 \u0142atwo\u015bci\u0105, jak mocny, wyd\u0142u\u017cony krok sprintera.<\/p>\n<h3>Dla kogo to jest?<\/h3>\n<ul style=\"list-style-position: inside; padding-left: 0;\">\n<li>Kliniki fizykoterapii i o\u015brodki rehabilitacji klinicznej.<\/li>\n<li>Elitarne obiekty sportowe trenuj\u0105ce wybuchow\u0105 moc i szybko\u015b\u0107.<\/li>\n<li>Seniorzy wymagaj\u0105cy bezpiecznego chodzenia przy niskim obci\u0105\u017ceniu i z obci\u0105\u017ceniem w\u0142asnego cia\u0142a.<\/li>\n<li>Sportowcy potrzebuj\u0105cy dedykowanego treningu ekscentrycznego (do ty\u0142u) i pchania sa\u0144.<\/li>\n<li>Szpitale wymagaj\u0105ce bardzo niskich pr\u0119dko\u015bci rozruchu w przypadku rekonwalescencji neurologicznej lub pooperacyjnej.<\/li>\n<\/ul>\n<h3>Specyfikacja produktu<\/h3>\n<table border=\"1\" width=\"100%\" cellspacing=\"0\" cellpadding=\"5\">\n<tbody>\n<tr>\n<td><strong>Model<\/strong><\/td>\n<td>H02BB002 (Power Strider XC2)<\/td>\n<\/tr>\n<tr>\n<td><strong>Zakres pr\u0119dko\u015bci<\/strong><\/td>\n<td>Do przodu 0,1-20 km\/h \/ do ty\u0142u 0,1-20 km\/h<\/td>\n<\/tr>\n<tr>\n<td><strong>Zakres nachylenia<\/strong><\/td>\n<td>0 - 6\u00b0 (ok. 10,5%)<\/td>\n<\/tr>\n<tr>\n<td><strong>Zawieszenie<\/strong><\/td>\n<td>0 - 35 kg Redukcja masy cia\u0142a<\/td>\n<\/tr>\n<tr>\n<td><strong>Rozmiar paska<\/strong><\/td>\n<td>56 cm x 156 cm<\/td>\n<\/tr>\n<tr>\n<td><strong>Maksymalna waga u\u017cytkownika<\/strong><\/td>\n<td>150 kg<\/td>\n<\/tr>\n<\/tbody>\n<\/table>","protected":false},"excerpt":{"rendered":"<p>Power Strider XC2 firmy Alexandave Industries Ltd to rewolucyjna, wielotrybowa bie\u017cnia \u0142\u0105cz\u0105ca biomechaniczn\u0105 precyzj\u0119 z pneumatycznym systemem zawieszenia. Zaprojektowany z my\u015bl\u0105 o elitarnych sportowcach i rehabilitacji klinicznej, oferuje tryby do przodu, do ty\u0142u i pchania sa\u0144, a tak\u017ce do 35 kg regulowanej redukcji masy cia\u0142a. Dzi\u0119ki bardzo niskiej pr\u0119dko\u015bci pocz\u0105tkowej 0,1 km\/h, szerokiemu pasowi do biegania 56 cm i wszechstronnym funkcjom bezpiecze\u0144stwa, zapewnia niezr\u00f3wnan\u0105 kontrol\u0119 nad bezpiecznym, funkcjonalnym i wybuchowym treningiem ruchowym.<\/p>","protected":false},"featured_media":3824,"comment_status":"open","ping_status":"closed","template":"","meta":{"inline_featured_image":false,"site-sidebar-layout":"default","site-content-layout":"","ast-site-content-layout":"default","site-content-style":"default","site-sidebar-style":"default","ast-global-header-display":"","ast-banner-title-visibility":"","ast-main-header-display":"","ast-hfb-above-header-display":"","ast-hfb-below-header-display":"","ast-hfb-mobile-header-display":"","site-post-title":"","ast-breadcrumbs-content":"","ast-featured-img":"","footer-sml-layout":"","ast-disable-related-posts":"","theme-transparent-header-meta":"default","adv-header-id-meta":"","stick-header-meta":"default","header-above-stick-meta":"","header-main-stick-meta":"","header-below-stick-meta":"","astra-migrate-meta-layouts":"set","ast-page-background-enabled":"default","ast-page-background-meta":{"desktop":{"background-color":"","background-image":"","background-repeat":"repeat","background-position":"center center","background-size":"auto","background-attachment":"scroll","background-type":"","background-media":"","overlay-type":"","overlay-color":"","overlay-opacity":"","overlay-gradient":""},"tablet":{"background-color":"","background-image":"","background-repeat":"repeat","background-position":"center center","background-size":"auto","background-attachment":"scroll","background-type":"","background-media":"","overlay-type":"","overlay-color":"","overlay-opacity":"","overlay-gradient":""},"mobile":{"background-color":"","background-image":"","background-repeat":"repeat","background-position":"center center","background-size":"auto","background-attachment":"scroll","background-type":"","background-media":"","overlay-type":"","overlay-color":"","overlay-opacity":"","overlay-gradient":""}},"ast-content-background-meta":{"desktop":{"background-color":"var(--ast-global-color-5)","background-image":"","background-repeat":"repeat","background-position":"center center","background-size":"auto","background-attachment":"scroll","background-type":"","background-media":"","overlay-type":"","overlay-color":"","overlay-opacity":"","overlay-gradient":""},"tablet":{"background-color":"var(--ast-global-color-5)","background-image":"","background-repeat":"repeat","background-position":"center center","background-size":"auto","background-attachment":"scroll","background-type":"","background-media":"","overlay-type":"","overlay-color":"","overlay-opacity":"","overlay-gradient":""},"mobile":{"background-color":"var(--ast-global-color-5)","background-image":"","background-repeat":"repeat","background-position":"center center","background-size":"auto","background-attachment":"scroll","background-type":"","background-media":"","overlay-type":"","overlay-color":"","overlay-opacity":"","overlay-gradient":""}}},"product_brand":[],"product_cat":[54],"product_tag":[56],"class_list":{"0":"post-3839","1":"product","2":"type-product","3":"status-publish","4":"has-post-thumbnail","6":"product_cat-strength-equipment","7":"product_tag-functional-equipment","8":"desktop-align-left","9":"tablet-align-left","10":"mobile-align-left","12":"first","13":"instock","14":"shipping-taxable","15":"purchasable","16":"product-type-simple"},"_links":{"self":[{"href":"https:\/\/alexathletics1982.com\/pl\/wp-json\/wp\/v2\/product\/3839","targetHints":{"allow":["GET"]}}],"collection":[{"href":"https:\/\/alexathletics1982.com\/pl\/wp-json\/wp\/v2\/product"}],"about":[{"href":"https:\/\/alexathletics1982.com\/pl\/wp-json\/wp\/v2\/types\/product"}],"replies":[{"embeddable":true,"href":"https:\/\/alexathletics1982.com\/pl\/wp-json\/wp\/v2\/comments?post=3839"}],"wp:featuredmedia":[{"embeddable":true,"href":"https:\/\/alexathletics1982.com\/pl\/wp-json\/wp\/v2\/media\/3824"}],"wp:attachment":[{"href":"https:\/\/alexathletics1982.com\/pl\/wp-json\/wp\/v2\/media?parent=3839"}],"wp:term":[{"taxonomy":"product_brand","embeddable":true,"href":"https:\/\/alexathletics1982.com\/pl\/wp-json\/wp\/v2\/product_brand?post=3839"},{"taxonomy":"product_cat","embeddable":true,"href":"https:\/\/alexathletics1982.com\/pl\/wp-json\/wp\/v2\/product_cat?post=3839"},{"taxonomy":"product_tag","embeddable":true,"href":"https:\/\/alexathletics1982.com\/pl\/wp-json\/wp\/v2\/product_tag?post=3839"}],"curies":[{"name":"wp","href":"https:\/\/api.w.org\/{rel}","templated":true}]}}