{"id":2845,"date":"2026-01-23T09:46:23","date_gmt":"2026-01-23T01:46:23","guid":{"rendered":"https:\/\/alexathletics1982.com\/?post_type=product&#038;p=2845"},"modified":"2026-04-17T22:21:14","modified_gmt":"2026-04-17T14:21:14","slug":"imprensa-isomotion","status":"publish","type":"product","link":"https:\/\/alexathletics1982.com\/pt\/isomotion-press\/","title":{"rendered":"Imprensa IsoMotion"},"content":{"rendered":"<div class=\"ast-oembed-container\" style=\"height: 100%;\"><iframe title=\"ISOMOTION PRESS-TENHA A SUA REPUTA\u00c7\u00c3O\" width=\"500\" height=\"281\" src=\"https:\/\/www.youtube.com\/embed\/JnvNjb5bjrY?feature=oembed\" frameborder=\"0\" allow=\"accelerometer; autoplay; clipboard-write; encrypted-media; gyroscope; picture-in-picture; web-share\" referrerpolicy=\"strict-origin-when-cross-origin\" allowfullscreen><\/iframe><\/div>\n<h2><img fetchpriority=\"high\" decoding=\"async\" class=\"alignnone wp-image-3809 size-full\" src=\"https:\/\/alexathletics1982.com\/wp-content\/uploads\/2026\/01\/iso_V2_02.webp\" alt=\"\" width=\"1600\" height=\"960\" title=\"\" srcset=\"https:\/\/alexathletics1982.com\/wp-content\/uploads\/2026\/01\/iso_V2_02.webp 1600w, https:\/\/alexathletics1982.com\/wp-content\/uploads\/2026\/01\/iso_V2_02-300x180.webp 300w, https:\/\/alexathletics1982.com\/wp-content\/uploads\/2026\/01\/iso_V2_02-1024x614.webp 1024w, https:\/\/alexathletics1982.com\/wp-content\/uploads\/2026\/01\/iso_V2_02-768x461.webp 768w, https:\/\/alexathletics1982.com\/wp-content\/uploads\/2026\/01\/iso_V2_02-1536x922.webp 1536w, https:\/\/alexathletics1982.com\/wp-content\/uploads\/2026\/01\/iso_V2_02-600x360.webp 600w\" sizes=\"(max-width: 1600px) 100vw, 1600px\" \/><img decoding=\"async\" class=\"alignnone wp-image-3810 size-full\" src=\"https:\/\/alexathletics1982.com\/wp-content\/uploads\/2026\/01\/iso_V2_03.webp\" alt=\"\" width=\"1600\" height=\"960\" title=\"\" srcset=\"https:\/\/alexathletics1982.com\/wp-content\/uploads\/2026\/01\/iso_V2_03.webp 1600w, https:\/\/alexathletics1982.com\/wp-content\/uploads\/2026\/01\/iso_V2_03-300x180.webp 300w, https:\/\/alexathletics1982.com\/wp-content\/uploads\/2026\/01\/iso_V2_03-1024x614.webp 1024w, https:\/\/alexathletics1982.com\/wp-content\/uploads\/2026\/01\/iso_V2_03-768x461.webp 768w, https:\/\/alexathletics1982.com\/wp-content\/uploads\/2026\/01\/iso_V2_03-1536x922.webp 1536w, https:\/\/alexathletics1982.com\/wp-content\/uploads\/2026\/01\/iso_V2_03-600x360.webp 600w\" sizes=\"(max-width: 1600px) 100vw, 1600px\" \/> <img decoding=\"async\" class=\"alignnone wp-image-3813 size-full\" src=\"https:\/\/alexathletics1982.com\/wp-content\/uploads\/2026\/01\/iso_V2_07.webp\" alt=\"\" width=\"1600\" height=\"960\" title=\"\" srcset=\"https:\/\/alexathletics1982.com\/wp-content\/uploads\/2026\/01\/iso_V2_07.webp 1600w, https:\/\/alexathletics1982.com\/wp-content\/uploads\/2026\/01\/iso_V2_07-300x180.webp 300w, https:\/\/alexathletics1982.com\/wp-content\/uploads\/2026\/01\/iso_V2_07-1024x614.webp 1024w, https:\/\/alexathletics1982.com\/wp-content\/uploads\/2026\/01\/iso_V2_07-768x461.webp 768w, https:\/\/alexathletics1982.com\/wp-content\/uploads\/2026\/01\/iso_V2_07-1536x922.webp 1536w, https:\/\/alexathletics1982.com\/wp-content\/uploads\/2026\/01\/iso_V2_07-600x360.webp 600w\" sizes=\"(max-width: 1600px) 100vw, 1600px\" \/> <img loading=\"lazy\" decoding=\"async\" class=\"alignnone wp-image-3812 size-full\" src=\"https:\/\/alexathletics1982.com\/wp-content\/uploads\/2026\/01\/iso_V2_06.webp\" alt=\"\" width=\"1600\" height=\"1416\" title=\"\" srcset=\"https:\/\/alexathletics1982.com\/wp-content\/uploads\/2026\/01\/iso_V2_06.webp 1600w, https:\/\/alexathletics1982.com\/wp-content\/uploads\/2026\/01\/iso_V2_06-300x266.webp 300w, https:\/\/alexathletics1982.com\/wp-content\/uploads\/2026\/01\/iso_V2_06-1024x906.webp 1024w, https:\/\/alexathletics1982.com\/wp-content\/uploads\/2026\/01\/iso_V2_06-768x680.webp 768w, https:\/\/alexathletics1982.com\/wp-content\/uploads\/2026\/01\/iso_V2_06-1536x1359.webp 1536w, https:\/\/alexathletics1982.com\/wp-content\/uploads\/2026\/01\/iso_V2_06-600x531.webp 600w\" sizes=\"(max-width: 1600px) 100vw, 1600px\" \/> <img loading=\"lazy\" decoding=\"async\" class=\"alignnone wp-image-3811 size-full\" src=\"https:\/\/alexathletics1982.com\/wp-content\/uploads\/2026\/01\/iso_V2_05.webp\" alt=\"\" width=\"1600\" height=\"2078\" title=\"\" srcset=\"https:\/\/alexathletics1982.com\/wp-content\/uploads\/2026\/01\/iso_V2_05.webp 1600w, https:\/\/alexathletics1982.com\/wp-content\/uploads\/2026\/01\/iso_V2_05-231x300.webp 231w, https:\/\/alexathletics1982.com\/wp-content\/uploads\/2026\/01\/iso_V2_05-788x1024.webp 788w, https:\/\/alexathletics1982.com\/wp-content\/uploads\/2026\/01\/iso_V2_05-768x997.webp 768w, https:\/\/alexathletics1982.com\/wp-content\/uploads\/2026\/01\/iso_V2_05-1183x1536.webp 1183w, https:\/\/alexathletics1982.com\/wp-content\/uploads\/2026\/01\/iso_V2_05-1577x2048.webp 1577w, https:\/\/alexathletics1982.com\/wp-content\/uploads\/2026\/01\/iso_V2_05-600x779.webp 600w\" sizes=\"(max-width: 1600px) 100vw, 1600px\" \/><\/h2>\n<h2>Libertar uma pot\u00eancia equilibrada com a prensa IsoMotion<\/h2>\n<p>A IsoMotion Press \u00e9 o pin\u00e1culo da engenharia no dom\u00ednio do equipamento de for\u00e7a compacto, especificamente concebido para colmatar a lacuna entre o desempenho das instala\u00e7\u00f5es comerciais e as limita\u00e7\u00f5es de espa\u00e7o de um gin\u00e1sio em casa. Na busca da verdadeira for\u00e7a f\u00edsica, a simetria \u00e9 frequentemente a primeira v\u00edtima do treino tradicional com barra, em que o lado dominante compensa invariavelmente o lado mais fraco. A IsoMotion Press aborda esta quest\u00e3o fundamental atrav\u00e9s do seu avan\u00e7ado design de bra\u00e7o iso-lateral, que obriga cada membro a mover o seu pr\u00f3prio peso de forma independente. Isto n\u00e3o s\u00f3 revela desequil\u00edbrios musculares ocultos, como tamb\u00e9m os corrige ativamente, assegurando que o peito, os ombros e os tr\u00edceps se desenvolvem em perfeita harmonia. Ao imitar a converg\u00eancia natural da mec\u00e2nica de empurrar do corpo humano, oferece um percurso de movimento mais seguro e mais ergon\u00f3mico do que as m\u00e1quinas de barra fixa, reduzindo o stress na c\u00e1psula do ombro e maximizando o recrutamento de fibras musculares. Para os entusiastas do fitness mais exigentes, esta m\u00e1quina n\u00e3o \u00e9 apenas uma ferramenta para levantar pesos; \u00e9 um instrumento para dominar a qualidade do movimento e garantir a sa\u00fade das articula\u00e7\u00f5es a longo prazo.<\/p>\n<p>Para al\u00e9m das suas vantagens biomec\u00e2nicas, a IsoMotion Press \u00e9 uma aula magistral de efici\u00eancia e versatilidade. Constru\u00edda com uma estrutura de a\u00e7o refor\u00e7ado e acabada com um revestimento em p\u00f3 de qualidade industrial, exala a durabilidade robusta necess\u00e1ria para sess\u00f5es de treino di\u00e1rias intensas. Apesar da sua constru\u00e7\u00e3o robusta, a m\u00e1quina apresenta um tamanho surpreendentemente compacto (L1478 X H1105\/1158 X P1658 mm), o que a torna numa pe\u00e7a central ideal para um gin\u00e1sio de garagem ou um est\u00fadio de treino pessoal. A experi\u00eancia do utilizador \u00e9 fundamental para o seu design; a interface intuitiva e os mecanismos de ajuste r\u00e1pido significam que as transi\u00e7\u00f5es entre exerc\u00edcios s\u00e3o fluidas e instant\u00e2neas. Quer esteja a realizar press\u00f5es pesadas para o peito, varia\u00e7\u00f5es de inclina\u00e7\u00e3o ou a preparar-se para movimentos da parte inferior do corpo, como a anca, a IsoMotion Press adapta-se ao fluxo do seu treino. Permite que os utilizadores executem uma rotina de for\u00e7a para todo o corpo com a seguran\u00e7a e estabilidade de uma m\u00e1quina, mas com a liberdade e os benef\u00edcios funcionais dos pesos livres.<\/p>\n<h3>Tecnologia Iso-Lateral Independente<\/h3>\n<p>A principal inova\u00e7\u00e3o da IsoMotion Press \u00e9 o seu movimento independente dos bra\u00e7os. Ao contr\u00e1rio das m\u00e1quinas normais em que uma \u00fanica barra liga ambas as pegas, este design iso-lateral requer que cada lado do corpo trabalhe de forma independente. Isto \u00e9 crucial para corrigir as assimetrias de for\u00e7a que s\u00e3o comuns na maioria dos levantadores. Se o lado direito for mais forte, n\u00e3o pode ajudar a levantar o peso do lado esquerdo. Isto garante um envolvimento muscular igual e um desenvolvimento equilibrado, o que \u00e9 essencial para a preven\u00e7\u00e3o de les\u00f5es e para o desempenho desportivo. Al\u00e9m disso, permite varia\u00e7\u00f5es de treino unilateral, permitindo-lhe concentrar-se inteiramente num lado de cada vez ou realizar prensas alternadas para envolver os estabilizadores do n\u00facleo significativamente mais do que os movimentos bilaterais.<\/p>\n<h3>Sistema de bra\u00e7o de liga\u00e7\u00e3o de ajuste r\u00e1pido<\/h3>\n<p>A efici\u00eancia \u00e9 fundamental em qualquer treino, e a IsoMotion Press cumpre-o com o seu sistema Quick-Adjust Link-Arm. Este mecanismo permite aos utilizadores alterar instantaneamente o \u00e2ngulo e a posi\u00e7\u00e3o dos bra\u00e7os de prensagem sem o tedioso processo de descarregar e recarregar placas de peso. Suportando uma carga m\u00e1xima de 100 kg, o sistema \u00e9 suficientemente robusto para levantar pesos pesados, mas suficientemente suave para ajustes r\u00e1pidos. Esta carater\u00edstica \u00e9 particularmente ben\u00e9fica para o treino em circuito ou supers\u00e9ries, em que \u00e9 fundamental manter um ritmo card\u00edaco elevado e minimizar o tempo de inatividade. A transi\u00e7\u00e3o perfeita de uma prensa plana para uma prensa inclinada ou para uma remada mant\u00e9m a intensidade do treino elevada e a concentra\u00e7\u00e3o n\u00edtida.<\/p>\n<h3>Versatilidade multi-fun\u00e7\u00f5es<\/h3>\n<p>Embora seja principalmente uma esta\u00e7\u00e3o de prensagem, a IsoMotion Press oferece uma versatilidade excecional. A natureza ajust\u00e1vel dos bra\u00e7os de liga\u00e7\u00e3o e o design ergon\u00f3mico das almofadas permitem-lhe suportar uma vasta gama de exerc\u00edcios para al\u00e9m do trabalho de peito e ombros. Foi concebida de forma \u00fanica para acomodar os impulsos da anca, com placas ajust\u00e1veis que se adaptam a diferentes alturas do tronco. Isto transforma a m\u00e1quina num desenvolvedor de corpo inteiro abrangente. Os utilizadores podem realizar movimentos de for\u00e7a explosivos, trabalho de hipertrofia controlado para a parte superior do corpo e exerc\u00edcios essenciais da cadeia posterior para a parte inferior do corpo, tudo numa \u00fanica esta\u00e7\u00e3o que poupa espa\u00e7o.<\/p>\n<h3>Durabilidade de n\u00edvel comercial<\/h3>\n<p>Concebida para suportar os rigores de um ambiente de treino profissional, a IsoMotion Press possui uma constru\u00e7\u00e3o em a\u00e7o para trabalhos pesados. A estrutura \u00e9 refor\u00e7ada para suportar cargas pesadas sem flexionar ou oscilar, proporcionando a sensa\u00e7\u00e3o de solidez e de base que os levantadores s\u00e9rios exigem. O exterior \u00e9 tratado com um revestimento em p\u00f3 de qualidade industrial, que n\u00e3o s\u00f3 lhe confere uma est\u00e9tica elegante e profissional em preto, como tamb\u00e9m proporciona uma resist\u00eancia superior ao suor, aos riscos e \u00e0 corros\u00e3o. Isto assegura que a m\u00e1quina mant\u00e9m a sua integridade estrutural e o seu aspeto visual mesmo ap\u00f3s anos de utiliza\u00e7\u00e3o intensiva. Os rolamentos de alta qualidade nos pontos de articula\u00e7\u00e3o garantem um funcionamento suave e silencioso em cada repeti\u00e7\u00e3o.<\/p>\n<h3>Pegada compacta para gin\u00e1sios em casa<\/h3>\n<p>Reconhecendo as limita\u00e7\u00f5es espaciais de muitos gin\u00e1sios em casa e est\u00fadios pessoais, a IsoMotion Press foi concebida para ser eficiente em termos de espa\u00e7o sem comprometer o desempenho. Com apenas W1478 X H1105\/1158 X D1658mm, cabe confortavelmente em cantos ou salas mais pequenas onde as m\u00e1quinas comerciais tradicionais seriam imposs\u00edveis de alojar. Apesar do seu tamanho compacto, o design de estrutura aberta permite um acesso f\u00e1cil e um posicionamento confort\u00e1vel para utilizadores de todos os tamanhos. Oferece a funcionalidade completa de uma esta\u00e7\u00e3o multigin\u00e1sio de grandes dimens\u00f5es num pacote concentrado e eficiente, permitindo-lhe maximizar o espa\u00e7o no ch\u00e3o para outro equipamento ou movimento.<\/p>\n<h3>A quem se destina?<\/h3>\n<ul style=\"list-style-position: inside; padding-left: 0;\">\n<li>Propriet\u00e1rios de gin\u00e1sios em casa que procuram equipamento de qualidade comercial num espa\u00e7o reduzido.<\/li>\n<li>Atletas de for\u00e7a com foco na corre\u00e7\u00e3o de desequil\u00edbrios musculares e simetria.<\/li>\n<li>Personal trainers que necessitam de uma esta\u00e7\u00e3o vers\u00e1til e segura para diversos clientes.<\/li>\n<li>Profissionais de reabilita\u00e7\u00e3o que necessitam de movimentos unilaterais controlados.<\/li>\n<li>Entusiastas do fitness que pretendem uma m\u00e1quina para todo o corpo sem o volume.<\/li>\n<\/ul>\n<h3>Especifica\u00e7\u00f5es do produto<\/h3>\n<table border=\"1\" width=\"100%\" cellspacing=\"0\" cellpadding=\"5\">\n<tbody>\n<tr>\n<td><strong>Material<\/strong><\/td>\n<td>A\u00e7o<\/td>\n<\/tr>\n<tr>\n<td><strong>Acabamento<\/strong><\/td>\n<td>Revestido a p\u00f3<\/td>\n<\/tr>\n<tr>\n<td><strong>Dimens\u00f5es<\/strong><\/td>\n<td>L1478 X H1105\/1158 X D1658 mm<\/td>\n<\/tr>\n<tr>\n<td><strong>Peso<\/strong><\/td>\n<td>106 kg<\/td>\n<\/tr>\n<tr>\n<td><strong>Carga m\u00e1xima<\/strong><\/td>\n<td>100 kg<\/td>\n<\/tr>\n<\/tbody>\n<\/table>","protected":false},"excerpt":{"rendered":"<p>A IsoMotion Press da Alex Athletics \u00e9 uma m\u00e1quina de treino de for\u00e7a revolucion\u00e1ria concebida para colmatar a lacuna entre o desempenho de um gin\u00e1sio comercial e a comodidade do fitness em casa. Concebida com uma pegada compacta, esta m\u00e1quina \u00e9 especializada em movimentos iso-laterais, permitindo que cada bra\u00e7o trabalhe de forma independente. Isto assegura um desenvolvimento muscular sim\u00e9trico, corrige os desequil\u00edbrios de for\u00e7a e reduz significativamente o risco de les\u00f5es em compara\u00e7\u00e3o com as m\u00e1quinas de barra fixa. Com uma estrutura de a\u00e7o robusta e um acabamento revestido a p\u00f3 de qualidade industrial, a IsoMotion Press oferece uma durabilidade excecional. O seu sistema de bra\u00e7o de liga\u00e7\u00e3o de ajuste r\u00e1pido suporta at\u00e9 100 kg, permitindo transi\u00e7\u00f5es perfeitas entre exerc\u00edcios como press\u00f5es no peito e impulsos da anca sem o inc\u00f3modo de recarregar placas. Ideal para entusiastas do fitness, atletas e personal trainers que procuram equipamento de n\u00edvel profissional em espa\u00e7os limitados.<\/p>","protected":false},"featured_media":3806,"comment_status":"open","ping_status":"closed","template":"","meta":{"inline_featured_image":false,"site-sidebar-layout":"default","site-content-layout":"","ast-site-content-layout":"default","site-content-style":"default","site-sidebar-style":"default","ast-global-header-display":"","ast-banner-title-visibility":"","ast-main-header-display":"","ast-hfb-above-header-display":"","ast-hfb-below-header-display":"","ast-hfb-mobile-header-display":"","site-post-title":"","ast-breadcrumbs-content":"","ast-featured-img":"","footer-sml-layout":"","ast-disable-related-posts":"","theme-transparent-header-meta":"default","adv-header-id-meta":"","stick-header-meta":"default","header-above-stick-meta":"","header-main-stick-meta":"","header-below-stick-meta":"","astra-migrate-meta-layouts":"set","ast-page-background-enabled":"default","ast-page-background-meta":{"desktop":{"background-color":"","background-image":"","background-repeat":"repeat","background-position":"center center","background-size":"auto","background-attachment":"scroll","background-type":"","background-media":"","overlay-type":"","overlay-color":"","overlay-opacity":"","overlay-gradient":""},"tablet":{"background-color":"","background-image":"","background-repeat":"repeat","background-position":"center center","background-size":"auto","background-attachment":"scroll","background-type":"","background-media":"","overlay-type":"","overlay-color":"","overlay-opacity":"","overlay-gradient":""},"mobile":{"background-color":"","background-image":"","background-repeat":"repeat","background-position":"center center","background-size":"auto","background-attachment":"scroll","background-type":"","background-media":"","overlay-type":"","overlay-color":"","overlay-opacity":"","overlay-gradient":""}},"ast-content-background-meta":{"desktop":{"background-color":"var(--ast-global-color-5)","background-image":"","background-repeat":"repeat","background-position":"center center","background-size":"auto","background-attachment":"scroll","background-type":"","background-media":"","overlay-type":"","overlay-color":"","overlay-opacity":"","overlay-gradient":""},"tablet":{"background-color":"var(--ast-global-color-5)","background-image":"","background-repeat":"repeat","background-position":"center center","background-size":"auto","background-attachment":"scroll","background-type":"","background-media":"","overlay-type":"","overlay-color":"","overlay-opacity":"","overlay-gradient":""},"mobile":{"background-color":"var(--ast-global-color-5)","background-image":"","background-repeat":"repeat","background-position":"center center","background-size":"auto","background-attachment":"scroll","background-type":"","background-media":"","overlay-type":"","overlay-color":"","overlay-opacity":"","overlay-gradient":""}}},"product_brand":[],"product_cat":[54],"product_tag":[56],"class_list":{"0":"post-2845","1":"product","2":"type-product","3":"status-publish","4":"has-post-thumbnail","6":"product_cat-strength-equipment","7":"product_tag-functional-equipment","8":"desktop-align-left","9":"tablet-align-left","10":"mobile-align-left","12":"first","13":"instock","14":"shipping-taxable","15":"purchasable","16":"product-type-simple"},"_links":{"self":[{"href":"https:\/\/alexathletics1982.com\/pt\/wp-json\/wp\/v2\/product\/2845","targetHints":{"allow":["GET"]}}],"collection":[{"href":"https:\/\/alexathletics1982.com\/pt\/wp-json\/wp\/v2\/product"}],"about":[{"href":"https:\/\/alexathletics1982.com\/pt\/wp-json\/wp\/v2\/types\/product"}],"replies":[{"embeddable":true,"href":"https:\/\/alexathletics1982.com\/pt\/wp-json\/wp\/v2\/comments?post=2845"}],"wp:featuredmedia":[{"embeddable":true,"href":"https:\/\/alexathletics1982.com\/pt\/wp-json\/wp\/v2\/media\/3806"}],"wp:attachment":[{"href":"https:\/\/alexathletics1982.com\/pt\/wp-json\/wp\/v2\/media?parent=2845"}],"wp:term":[{"taxonomy":"product_brand","embeddable":true,"href":"https:\/\/alexathletics1982.com\/pt\/wp-json\/wp\/v2\/product_brand?post=2845"},{"taxonomy":"product_cat","embeddable":true,"href":"https:\/\/alexathletics1982.com\/pt\/wp-json\/wp\/v2\/product_cat?post=2845"},{"taxonomy":"product_tag","embeddable":true,"href":"https:\/\/alexathletics1982.com\/pt\/wp-json\/wp\/v2\/product_tag?post=2845"}],"curies":[{"name":"wp","href":"https:\/\/api.w.org\/{rel}","templated":true}]}}