{"id":2847,"date":"2026-01-23T09:46:23","date_gmt":"2026-01-23T01:46:23","guid":{"rendered":"https:\/\/alexathletics1982.com\/?post_type=product&#038;p=2847"},"modified":"2026-04-10T22:30:55","modified_gmt":"2026-04-10T14:30:55","slug":"treno","status":"publish","type":"product","link":"https:\/\/alexathletics1982.com\/pt\/sled\/","title":{"rendered":"Tren\u00f3"},"content":{"rendered":"<h2>Condicionamento explosivo com o tren\u00f3 \u00e0 prova de competi\u00e7\u00e3o<\/h2>\n<p>O tren\u00f3 \u00e9 a melhor ferramenta para desenvolver a pot\u00eancia bruta, a resist\u00eancia anaer\u00f3bica e a for\u00e7a funcional. Conhecido na ind\u00fastria como \u2018Anchor Sled\u2019 (tren\u00f3 \u00e2ncora), esta pe\u00e7a de equipamento \u00e9 um elemento b\u00e1sico para atletas, desde jogadores de r\u00e2guebi. Ao contr\u00e1rio de alternativas mais baratas e aparafusadas que chocalham e se soltam com o tempo, o Alex Sled tem uma constru\u00e7\u00e3o soldada numa s\u00f3 pe\u00e7a. Esta escolha de fabrico garante a m\u00e1xima integridade estrutural, transferindo 100% da sua energia para o solo sem flex\u00e3o ou oscila\u00e7\u00e3o com fuga de energia. Quer seja carregado com peso para o desenvolvimento da for\u00e7a ou mantido leve para exerc\u00edcios de velocidade, o Sled segue uma trajet\u00f3ria correta e suporta o abuso de ser arrastado pelo relvado, asfalto ou piso de borracha. \u00c9 a derradeira ferramenta para a \u2018Prepara\u00e7\u00e3o F\u00edsica Geral\u2019 (GPP), exercitando simultaneamente os pulm\u00f5es e as pernas.<\/p>\n<p>Para al\u00e9m da sua superioridade estrutural, o Sled foi concebido tendo em mente a versatilidade do utilizador. O poste central permite o carregamento significativo de placas de barra padr\u00e3o ou ol\u00edmpica, permitindo-lhe escalar a resist\u00eancia desde um n\u00edvel de principiante at\u00e9 ao de um jogador de r\u00e2guebi ou de um jogador de linha de elite. As paredes espessas e robustas do tubo foram concebidas para suportar esta elevada capacidade de carga sem deforma\u00e7\u00e3o. A superf\u00edcie \u00e9 tratada com um revestimento em p\u00f3 preto de alta qualidade, proporcionando uma excelente prote\u00e7\u00e3o contra a ferrugem e um acabamento profissional que resiste ao desgaste da utiliza\u00e7\u00e3o comercial di\u00e1ria. Al\u00e9m disso, funciona como um ponto de ancoragem port\u00e1til para cordas de combate ou bandas de resist\u00eancia, acrescentando outra camada de utilidade ao seu espa\u00e7o de treino. Desde a reabilita\u00e7\u00e3o do joelho (arrastar para tr\u00e1s) at\u00e9 \u00e0 mec\u00e2nica de sprint (empurrar para a frente), o Sled \u00e9 uma ferramenta cientificamente comprovada para a melhoria funcional do corpo.<\/p>\n<h3>Durabilidade de uma pe\u00e7a soldada<\/h3>\n<p>A marca registada do Alex Sled \u00e9 a sua estrutura soldada de uma s\u00f3 pe\u00e7a. No mundo do equipamento de for\u00e7a, as juntas s\u00e3o potenciais pontos de falha. Ao soldar o chassis numa \u00fanica e s\u00f3lida unidade, eliminamos a necessidade de parafusos que podem cisalhar ou soltar-se sob a vibra\u00e7\u00e3o do arrasto. Este m\u00e9todo de constru\u00e7\u00e3o resulta numa durabilidade \u2018\u00e0 prova de competi\u00e7\u00e3o\u2019. Sente-se a solidez nas m\u00e3os e move-se como uma unidade \u00fanica e coesa. Isto \u00e9 particularmente importante para gin\u00e1sios comerciais, onde o equipamento tem de sobreviver a uma utiliza\u00e7\u00e3o de elevada frequ\u00eancia sem manuten\u00e7\u00e3o constante. A constru\u00e7\u00e3o s\u00f3lida tamb\u00e9m minimiza o ru\u00eddo, impedindo o som de tilintar associado aos tren\u00f3s com v\u00e1rias partes.<\/p>\n<h3>Modalidades de forma\u00e7\u00e3o multifuncionais<\/h3>\n<p>O tren\u00f3 \u00e9 um camale\u00e3o do pavimento do gin\u00e1sio. Foi concebido principalmente para empurrar e arrastar, dois dos padr\u00f5es de movimento mais funcionais para os seres humanos. Empurrar o tren\u00f3 tem como alvo os quadr\u00edceps, os g\u00e9meos e o n\u00facleo anterior, imitando a fase de impulso do sprint. Arrastar o tren\u00f3 (utilizando um arn\u00eas ou correias de suporte) muda o foco para a cadeia posterior - isquiotibiais, gl\u00fateos e parte inferior das costas - e \u00e9 amplamente utilizado para a sa\u00fade e reabilita\u00e7\u00e3o do joelho. Al\u00e9m disso, os pontos de ancoragem integrados permitem-lhe servir de base m\u00f3vel para cordas de combate, permitindo-lhe criar uma esta\u00e7\u00e3o de condicionamento em qualquer lugar onde haja espa\u00e7o, sem perfurar paredes ou pisos.<\/p>\n<h3>Design de elevada capacidade de carga<\/h3>\n<p>A sobrecarga progressiva \u00e9 fundamental para os ganhos de for\u00e7a e o Sled foi concebido para o fazer. O pino de peso central foi concebido para acomodar uma pilha enorme de placas de barra. A tubagem estrutural apresenta paredes espessas especificamente escolhidas para suportar este peso sem dobrar. Esta elevada capacidade de carga torna o Sled adequado para todos, desde atletas de pista que necessitem de uma resist\u00eancia ligeira para trabalho de velocidade a levantadores de pesos e homens fortes que necessitem de centenas de quilos de resist\u00eancia para trabalhos de for\u00e7a. A estabilidade da base larga garante que, mesmo quando totalmente carregado, o tren\u00f3 permanece na vertical e est\u00e1vel, impedindo a inclina\u00e7\u00e3o durante as curvas ou empurr\u00f5es irregulares.<\/p>\n<h3>Acabamento com revestimento em p\u00f3 de alta qualidade<\/h3>\n<p>A est\u00e9tica e a longevidade andam de m\u00e3os dadas com o Alex Sled. O a\u00e7o \u00e9 acabado com um robusto revestimento em p\u00f3, cozido para garantir a ader\u00eancia. N\u00e3o se trata apenas de tinta; \u00e9 um revestimento protetor que protege contra a oxida\u00e7\u00e3o, o suor e a humidade. Isto \u00e9 crucial para uma pe\u00e7a de equipamento que passa a sua vida no ch\u00e3o, potencialmente exposta a superf\u00edcies abrasivas. O acabamento em preto confere-lhe um aspeto elegante e sofisticado que se adapta perfeitamente tanto a est\u00fadios modernos como a gin\u00e1sios de garagem. Mant\u00e9m o seu aspeto profissional mesmo ap\u00f3s quil\u00f3metros de arrastamento.<\/p>\n<h3>Condicionamento b\u00e1sico e metab\u00f3lico<\/h3>\n<p>Embora seja frequentemente classificado como \u2018equipamento para pernas\u2019, o tren\u00f3 \u00e9 uma pot\u00eancia para o treino do n\u00facleo e do metabolismo. Empurrar um tren\u00f3 pesado requer uma imensa rigidez do n\u00facleo para transferir a for\u00e7a da parte superior do corpo para as pernas; um n\u00facleo mole significa nenhum movimento. Isto ensina ao atleta como se proteger eficazmente sob carga din\u00e2mica. Al\u00e9m disso, o treino com tren\u00f3 \u00e9 apenas conc\u00eantrico (sem fase exc\u00eantrica de descida), o que significa que induz menos dor muscular (DOMS) do que o agachamento pesado. Isto permite um trabalho de condicionamento de alto volume e de grande intensidade que queima grandes quantidades de calorias e melhora o VO2 m\u00e1ximo sem arruinar a recupera\u00e7\u00e3o para a sess\u00e3o de levantamento do dia seguinte.<\/p>\n<h3>A quem se destina?<\/h3>\n<ul style=\"list-style-position: inside; padding-left: 0;\">\n<li>Gin\u00e1sios comerciais e equipamentos de condicionamento sem manuten\u00e7\u00e3o.<\/li>\n<li>Atletas de desportos de campo (r\u00e2guebi, futebol, futebol) que treinam a acelera\u00e7\u00e3o e a for\u00e7a de ataque.<\/li>\n<li>Treinadores de for\u00e7a que procuram ferramentas de condicionamento de baixo impacto e alta intensidade para os seus clientes.<\/li>\n<li>Especialistas em reabilita\u00e7\u00e3o que utilizam o arrasto de tren\u00f3 para tr\u00e1s para fortalecer os joelhos.<\/li>\n<li>Propriet\u00e1rios de gin\u00e1sios em casa com uma entrada ou faixa de relva que procuram op\u00e7\u00f5es vers\u00e1teis de treino ao ar livre.<\/li>\n<\/ul>\n<h3>Especifica\u00e7\u00f5es do produto<\/h3>\n<table border=\"1\" width=\"100%\" cellspacing=\"0\" cellpadding=\"5\">\n<tbody>\n<tr>\n<td><strong>Material<\/strong><\/td>\n<td>Tubo de a\u00e7o<\/td>\n<\/tr>\n<tr>\n<td><strong>Acabamento<\/strong><\/td>\n<td>Revestido a p\u00f3<\/td>\n<\/tr>\n<tr>\n<td><strong>Dimens\u00f5es<\/strong><\/td>\n<td>C 605 x L 1016 x A 971 mm<\/td>\n<\/tr>\n<tr>\n<td><strong>Peso do produto<\/strong><\/td>\n<td>36 kg<\/td>\n<\/tr>\n<tr>\n<td><strong>Cor<\/strong><\/td>\n<td>Preto<\/td>\n<\/tr>\n<\/tbody>\n<\/table>","protected":false},"excerpt":{"rendered":"<p>O tren\u00f3 da Alex Athletics \u00e9 uma ferramenta de treino \u00e0 prova de competi\u00e7\u00e3o, concebida para uma velocidade explosiva, uma pot\u00eancia imensa e um condicionamento sem paralelo. Constru\u00eddo com uma pe\u00e7a \u00fanica de a\u00e7o soldado, este tren\u00f3 de ancoragem oferece uma solidez e durabilidade que os modelos aparafusados n\u00e3o conseguem igualar. A sua superf\u00edcie \u00e9 acabada com um revestimento em p\u00f3 de qualidade superior para resist\u00eancia \u00e0 ferrugem e uma est\u00e9tica elegante e de alta qualidade. O tren\u00f3 possui um poste de peso central para cargas pesadas com placas de barra e serve como um ponto de ancoragem robusto para cordas de combate. Quer se trate de empurrar para a movimenta\u00e7\u00e3o das pernas ou de puxar para o desenvolvimento da cadeia posterior, as paredes espessas e resistentes dos tubos garantem uma elevada capacidade de carga. Ideal para gin\u00e1sios comerciais e zonas de treino funcional, o Sled \u00e9 a derradeira ferramenta para exerc\u00edcios de n\u00facleo e condicionamento metab\u00f3lico.<\/p>","protected":false},"featured_media":3607,"comment_status":"open","ping_status":"closed","template":"","meta":{"inline_featured_image":false,"site-sidebar-layout":"default","site-content-layout":"","ast-site-content-layout":"default","site-content-style":"default","site-sidebar-style":"default","ast-global-header-display":"","ast-banner-title-visibility":"","ast-main-header-display":"","ast-hfb-above-header-display":"","ast-hfb-below-header-display":"","ast-hfb-mobile-header-display":"","site-post-title":"","ast-breadcrumbs-content":"","ast-featured-img":"","footer-sml-layout":"","ast-disable-related-posts":"","theme-transparent-header-meta":"default","adv-header-id-meta":"","stick-header-meta":"default","header-above-stick-meta":"","header-main-stick-meta":"","header-below-stick-meta":"","astra-migrate-meta-layouts":"set","ast-page-background-enabled":"default","ast-page-background-meta":{"desktop":{"background-color":"","background-image":"","background-repeat":"repeat","background-position":"center center","background-size":"auto","background-attachment":"scroll","background-type":"","background-media":"","overlay-type":"","overlay-color":"","overlay-opacity":"","overlay-gradient":""},"tablet":{"background-color":"","background-image":"","background-repeat":"repeat","background-position":"center center","background-size":"auto","background-attachment":"scroll","background-type":"","background-media":"","overlay-type":"","overlay-color":"","overlay-opacity":"","overlay-gradient":""},"mobile":{"background-color":"","background-image":"","background-repeat":"repeat","background-position":"center center","background-size":"auto","background-attachment":"scroll","background-type":"","background-media":"","overlay-type":"","overlay-color":"","overlay-opacity":"","overlay-gradient":""}},"ast-content-background-meta":{"desktop":{"background-color":"var(--ast-global-color-5)","background-image":"","background-repeat":"repeat","background-position":"center center","background-size":"auto","background-attachment":"scroll","background-type":"","background-media":"","overlay-type":"","overlay-color":"","overlay-opacity":"","overlay-gradient":""},"tablet":{"background-color":"var(--ast-global-color-5)","background-image":"","background-repeat":"repeat","background-position":"center center","background-size":"auto","background-attachment":"scroll","background-type":"","background-media":"","overlay-type":"","overlay-color":"","overlay-opacity":"","overlay-gradient":""},"mobile":{"background-color":"var(--ast-global-color-5)","background-image":"","background-repeat":"repeat","background-position":"center center","background-size":"auto","background-attachment":"scroll","background-type":"","background-media":"","overlay-type":"","overlay-color":"","overlay-opacity":"","overlay-gradient":""}}},"product_brand":[],"product_cat":[54],"product_tag":[56],"class_list":{"0":"post-2847","1":"product","2":"type-product","3":"status-publish","4":"has-post-thumbnail","6":"product_cat-strength-equipment","7":"product_tag-functional-equipment","8":"desktop-align-left","9":"tablet-align-left","10":"mobile-align-left","12":"first","13":"instock","14":"shipping-taxable","15":"purchasable","16":"product-type-simple"},"_links":{"self":[{"href":"https:\/\/alexathletics1982.com\/pt\/wp-json\/wp\/v2\/product\/2847","targetHints":{"allow":["GET"]}}],"collection":[{"href":"https:\/\/alexathletics1982.com\/pt\/wp-json\/wp\/v2\/product"}],"about":[{"href":"https:\/\/alexathletics1982.com\/pt\/wp-json\/wp\/v2\/types\/product"}],"replies":[{"embeddable":true,"href":"https:\/\/alexathletics1982.com\/pt\/wp-json\/wp\/v2\/comments?post=2847"}],"wp:featuredmedia":[{"embeddable":true,"href":"https:\/\/alexathletics1982.com\/pt\/wp-json\/wp\/v2\/media\/3607"}],"wp:attachment":[{"href":"https:\/\/alexathletics1982.com\/pt\/wp-json\/wp\/v2\/media?parent=2847"}],"wp:term":[{"taxonomy":"product_brand","embeddable":true,"href":"https:\/\/alexathletics1982.com\/pt\/wp-json\/wp\/v2\/product_brand?post=2847"},{"taxonomy":"product_cat","embeddable":true,"href":"https:\/\/alexathletics1982.com\/pt\/wp-json\/wp\/v2\/product_cat?post=2847"},{"taxonomy":"product_tag","embeddable":true,"href":"https:\/\/alexathletics1982.com\/pt\/wp-json\/wp\/v2\/product_tag?post=2847"}],"curies":[{"name":"wp","href":"https:\/\/api.w.org\/{rel}","templated":true}]}}