{"id":2882,"date":"2026-01-23T20:19:59","date_gmt":"2026-01-23T12:19:59","guid":{"rendered":"https:\/\/alexathletics1982.com\/?post_type=product&#038;p=2882"},"modified":"2026-04-10T22:25:40","modified_gmt":"2026-04-10T14:25:40","slug":"halterofilismo-haltere-masculino","status":"publish","type":"product","link":"https:\/\/alexathletics1982.com\/pt\/weightlifting-barbell-male\/","title":{"rendered":"Barra de halterofilismo (homem)"},"content":{"rendered":"<h2>Precis\u00e3o e pot\u00eancia: barra de halterofilismo de competi\u00e7\u00e3o de 20 kg (homem)<\/h2>\n<p>Para o purista dedicado ao desporto do levantamento de peso ol\u00edmpico (Snatch e Clean &amp; Jerk), a barra \u201cMultipurpose\u201d \u00e9 muitas vezes um compromisso. A barra de halterofilismo (masculina, modelo W01BC004) da Alex Athletics \u00e9 um instrumento especializado concebido exclusivamente para a plataforma. Embora partilhe o peso robusto de 20 kg e o comprimento de 2200 mm, esta barra est\u00e1 afinada para um chicote m\u00e1ximo e uma rota\u00e7\u00e3o r\u00e1pida. O eixo apresenta o rigoroso padr\u00e3o IWF de 28 mm (vs 28,5 mm multiusos), proporcionando uma ader\u00eancia ligeiramente mais fina que permite uma maior elasticidade e \u201cchicote\u201d na parte inferior de uma limpeza pesada ou arranque. Esta energia cin\u00e9tica armazenada ajuda a impulsionar a barra para cima, uma vantagem cr\u00edtica para os levantadores competitivos que cronometram a captura.<\/p>\n<p>O sistema de rota\u00e7\u00e3o numa barra de halterofilismo dedicada \u00e9 fundamental. Este modelo d\u00e1 normalmente prioridade a rolamentos de agulhas de alta qualidade para garantir a rota\u00e7\u00e3o mais sens\u00edvel e sem fric\u00e7\u00e3o poss\u00edvel. Quando se puxa por baixo de um arranco pesado, a barra deve rodar instantaneamente para evitar les\u00f5es nos pulsos e cotovelos. O serrilhado desta barra \u00e9 singular (apenas marcas IWF) e est\u00e1 calibrado para garantir uma ader\u00eancia segura sem correias, mas suficientemente refinado para n\u00e3o rasgar a pele durante as fases de transi\u00e7\u00e3o. Constru\u00edda a partir de uma liga de a\u00e7o de primeira qualidade com uma resist\u00eancia \u00e0 tra\u00e7\u00e3o de elite, representa o auge da din\u00e2mica de eleva\u00e7\u00e3o. N\u00e3o \u00e9 apenas uma barra; \u00e9 uma ferramenta de precis\u00e3o para atletas de velocidade e for\u00e7a que exigem um feedback espec\u00edfico do seu equipamento.<\/p>\n<h3>1. Optimizado para o levantamento ol\u00edmpico (o \u201cchicote\u201d)<\/h3>\n<p>A carater\u00edstica que define esta barra \u00e9 o seu comportamento din\u00e2mico. A composi\u00e7\u00e3o do a\u00e7o e o di\u00e2metro do eixo s\u00e3o ajustados para oscilar ou \u201cchicotear\u201d sob carga. Nas m\u00e3os de um levantador experiente, esta flex\u00e3o \u00e9 programada para ajudar o levantamento - recuperando no momento exato do impulso para ajudar a lan\u00e7ar o peso acima da cabe\u00e7a. Esta sensa\u00e7\u00e3o \u00e9 diferente da rigidez de uma barra de powerlifting e \u00e9 essencial para o levantamento ol\u00edmpico de esfor\u00e7o m\u00e1ximo.<\/p>\n<h3>2. Rota\u00e7\u00e3o superior do rolamento de agulhas<\/h3>\n<p>A velocidade \u00e9 tudo no levantamento de pesos. Esta barra possui um conjunto de mangas com predomin\u00e2ncia de rolamentos. Os rolamentos de agulha oferecem uma rota\u00e7\u00e3o muito mais r\u00e1pida e livre do que os casquilhos. Isto garante que as placas n\u00e3o transmitem um bin\u00e1rio de rota\u00e7\u00e3o aos seus bra\u00e7os quando a barra se vira. O resultado \u00e9 uma sensa\u00e7\u00e3o de \u201caus\u00eancia de peso\u201d durante a rota\u00e7\u00e3o, protegendo as articula\u00e7\u00f5es e permitindo um movimento mais r\u00e1pido sob a barra.<\/p>\n<h3>3. Punho standard de 28 mm da IWF<\/h3>\n<p>Para satisfazer as expectativas dos levantadores de competi\u00e7\u00e3o, esta barra tem um eixo de 28 mm. Este di\u00e2metro mais fino (em compara\u00e7\u00e3o com 28,5 mm ou 29 mm) \u00e9 mais f\u00e1cil de agarrar e contribui para as carater\u00edsticas de chicote desej\u00e1veis da barra. Proporciona a sensa\u00e7\u00e3o padr\u00e3o encontrada nos palcos de competi\u00e7\u00e3o em todo o mundo, garantindo a consist\u00eancia da pr\u00e1tica para os atletas que se preparam para as competi\u00e7\u00f5es.<\/p>\n<h3>4. Serrilha de precis\u00e3o<\/h3>\n<p>O padr\u00e3o da serrilha \u00e9 espec\u00edfico para as eleva\u00e7\u00f5es r\u00e1pidas. \u00c9 aderente, mas muitas vezes mais fino do que uma barra de powerlifting para permitir que a m\u00e3o se desloque ligeiramente durante a transi\u00e7\u00e3o de puxar para apanhar. Apresenta marcas de serrilha IWF simples (910 mm de dist\u00e2ncia) para uma coloca\u00e7\u00e3o consistente da m\u00e3o e, normalmente, tem uma serrilha central passiva para proporcionar ader\u00eancia durante as limpezas sem raspar o pesco\u00e7o\/clav\u00edcula.<\/p>\n<h3>5. Durabilidade pronta para a competi\u00e7\u00e3o<\/h3>\n<p>Constru\u00edda para ser largada. O levantamento ol\u00edmpico implica deixar cair a barra por cima da cabe\u00e7a ap\u00f3s cada levantamento bem sucedido. Esta barra foi concebida para suportar este stress de alto impacto repetidamente. O a\u00e7o de alta resist\u00eancia \u00e0 tra\u00e7\u00e3o e a constru\u00e7\u00e3o de qualidade das mangas garantem que a barra permanece direita e que as mangas rodam corretamente, sess\u00e3o ap\u00f3s sess\u00e3o, mantendo a calibragem.<\/p>\n<h3>A quem se destina?<\/h3>\n<ul style=\"list-style-position: inside; padding-left: 0;\">\n<li>Levantadores de peso ol\u00edmpicos dedicados (Snatch, C&amp;J).<\/li>\n<li>Treinadores que ensinam a produ\u00e7\u00e3o de for\u00e7a explosiva.<\/li>\n<li>Gin\u00e1sios que necessitam de equipamento espec\u00edfico para plataformas de halterofilismo.<\/li>\n<li>Atletas que consideram as barras multiusos demasiado r\u00edgidas ou lentas.<\/li>\n<\/ul>\n<h3>Especifica\u00e7\u00f5es do produto<\/h3>\n<table border=\"1\" width=\"100%\" cellspacing=\"0\" cellpadding=\"5\">\n<tbody>\n<tr>\n<td><strong>Tipo<\/strong><\/td>\n<td>Barra de halterofilismo masculina<\/td>\n<\/tr>\n<tr>\n<td><strong>Peso<\/strong><\/td>\n<td>20 kg<\/td>\n<\/tr>\n<tr>\n<td><strong>Comprimento<\/strong><\/td>\n<td>2200 mm<\/td>\n<\/tr>\n<tr>\n<td><strong>Di\u00e2metro do eixo<\/strong><\/td>\n<td>28 mm (Standard Oly)<\/td>\n<\/tr>\n<tr>\n<td><strong>Rota\u00e7\u00e3o<\/strong><\/td>\n<td>Rolamentos de agulha de alta precis\u00e3o<\/td>\n<\/tr>\n<tr>\n<td><strong>Caso de utiliza\u00e7\u00e3o<\/strong><\/td>\n<td>Levantamento de peso ol\u00edmpico<\/td>\n<\/tr>\n<\/tbody>\n<\/table>","protected":false},"excerpt":{"rendered":"<p>A barra de halterofilismo (masculina) da Alex Athletics \u00e9 uma ferramenta de precis\u00e3o especializada para o halterofilismo ol\u00edmpico. Diferente das barras de uso geral, possui um eixo de 28 mm ajustado para um \u201cchicote\u201d ideal, auxiliando os atletas no Snatch e no Clean &amp; Jerk. O sistema de rota\u00e7\u00e3o da manga utiliza rolamentos de agulhas de primeira qualidade para proporcionar uma rota\u00e7\u00e3o instant\u00e2nea e sem fric\u00e7\u00e3o, protegendo os pulsos durante movimentos explosivos. Constru\u00edda em liga de a\u00e7o de alta resist\u00eancia, foi concebida para suportar o impacto repetido das quedas de cabe\u00e7a. Com especifica\u00e7\u00f5es e serrilha padr\u00e3o da IWF, oferece a sensa\u00e7\u00e3o e o desempenho profissionais exigidos por levantadores de competi\u00e7\u00e3o e treinadores que se concentram no desenvolvimento da for\u00e7a e da velocidade.<\/p>","protected":false},"featured_media":3630,"comment_status":"open","ping_status":"closed","template":"","meta":{"inline_featured_image":false,"site-sidebar-layout":"default","site-content-layout":"","ast-site-content-layout":"default","site-content-style":"default","site-sidebar-style":"default","ast-global-header-display":"","ast-banner-title-visibility":"","ast-main-header-display":"","ast-hfb-above-header-display":"","ast-hfb-below-header-display":"","ast-hfb-mobile-header-display":"","site-post-title":"","ast-breadcrumbs-content":"","ast-featured-img":"","footer-sml-layout":"","ast-disable-related-posts":"","theme-transparent-header-meta":"default","adv-header-id-meta":"","stick-header-meta":"default","header-above-stick-meta":"","header-main-stick-meta":"","header-below-stick-meta":"","astra-migrate-meta-layouts":"set","ast-page-background-enabled":"default","ast-page-background-meta":{"desktop":{"background-color":"","background-image":"","background-repeat":"repeat","background-position":"center center","background-size":"auto","background-attachment":"scroll","background-type":"","background-media":"","overlay-type":"","overlay-color":"","overlay-opacity":"","overlay-gradient":""},"tablet":{"background-color":"","background-image":"","background-repeat":"repeat","background-position":"center center","background-size":"auto","background-attachment":"scroll","background-type":"","background-media":"","overlay-type":"","overlay-color":"","overlay-opacity":"","overlay-gradient":""},"mobile":{"background-color":"","background-image":"","background-repeat":"repeat","background-position":"center center","background-size":"auto","background-attachment":"scroll","background-type":"","background-media":"","overlay-type":"","overlay-color":"","overlay-opacity":"","overlay-gradient":""}},"ast-content-background-meta":{"desktop":{"background-color":"var(--ast-global-color-5)","background-image":"","background-repeat":"repeat","background-position":"center center","background-size":"auto","background-attachment":"scroll","background-type":"","background-media":"","overlay-type":"","overlay-color":"","overlay-opacity":"","overlay-gradient":""},"tablet":{"background-color":"var(--ast-global-color-5)","background-image":"","background-repeat":"repeat","background-position":"center center","background-size":"auto","background-attachment":"scroll","background-type":"","background-media":"","overlay-type":"","overlay-color":"","overlay-opacity":"","overlay-gradient":""},"mobile":{"background-color":"var(--ast-global-color-5)","background-image":"","background-repeat":"repeat","background-position":"center center","background-size":"auto","background-attachment":"scroll","background-type":"","background-media":"","overlay-type":"","overlay-color":"","overlay-opacity":"","overlay-gradient":""}}},"product_brand":[],"product_cat":[55],"product_tag":[58],"class_list":{"0":"post-2882","1":"product","2":"type-product","3":"status-publish","4":"has-post-thumbnail","6":"product_cat-free-weight-training","7":"product_tag-carry-bars","8":"desktop-align-left","9":"tablet-align-left","10":"mobile-align-left","12":"first","13":"instock","14":"shipping-taxable","15":"purchasable","16":"product-type-simple"},"_links":{"self":[{"href":"https:\/\/alexathletics1982.com\/pt\/wp-json\/wp\/v2\/product\/2882","targetHints":{"allow":["GET"]}}],"collection":[{"href":"https:\/\/alexathletics1982.com\/pt\/wp-json\/wp\/v2\/product"}],"about":[{"href":"https:\/\/alexathletics1982.com\/pt\/wp-json\/wp\/v2\/types\/product"}],"replies":[{"embeddable":true,"href":"https:\/\/alexathletics1982.com\/pt\/wp-json\/wp\/v2\/comments?post=2882"}],"wp:featuredmedia":[{"embeddable":true,"href":"https:\/\/alexathletics1982.com\/pt\/wp-json\/wp\/v2\/media\/3630"}],"wp:attachment":[{"href":"https:\/\/alexathletics1982.com\/pt\/wp-json\/wp\/v2\/media?parent=2882"}],"wp:term":[{"taxonomy":"product_brand","embeddable":true,"href":"https:\/\/alexathletics1982.com\/pt\/wp-json\/wp\/v2\/product_brand?post=2882"},{"taxonomy":"product_cat","embeddable":true,"href":"https:\/\/alexathletics1982.com\/pt\/wp-json\/wp\/v2\/product_cat?post=2882"},{"taxonomy":"product_tag","embeddable":true,"href":"https:\/\/alexathletics1982.com\/pt\/wp-json\/wp\/v2\/product_tag?post=2882"}],"curies":[{"name":"wp","href":"https:\/\/api.w.org\/{rel}","templated":true}]}}