{"id":2890,"date":"2026-01-23T20:19:59","date_gmt":"2026-01-23T12:19:59","guid":{"rendered":"https:\/\/alexathletics1982.com\/?post_type=product&#038;p=2890"},"modified":"2026-04-10T22:26:19","modified_gmt":"2026-04-10T14:26:19","slug":"barra-olimpica-t1","status":"publish","type":"product","link":"https:\/\/alexathletics1982.com\/pt\/olympic-bar-t1\/","title":{"rendered":"Barra ol\u00edmpica-T1"},"content":{"rendered":"<h2>Est\u00e9tica e desempenho modernos: A Barra Ol\u00edmpica de Teflon (T1)<\/h2>\n<p>Num mar de cromados, a Olympic Bar-T1 destaca-se com o seu distinto revestimento de Teflon cinzento. Esta barra representa uma fus\u00e3o entre a ci\u00eancia moderna dos materiais e a engenharia cl\u00e1ssica do levantamento de pesos. O Teflon (PTFE) \u00e9 conhecido pelas suas propriedades antiaderentes e redutoras de fric\u00e7\u00e3o, mas aplicado numa barra, oferece uma textura mate \u00fanica que \u00e9 diferente de qualquer outro acabamento. Proporciona uma ader\u00eancia t\u00e1til e \u201cseca\u201d que segura excecionalmente bem o giz sem ser demasiado abrasivo como o a\u00e7o bruto. Este revestimento tamb\u00e9m oferece um elevado grau de resist\u00eancia \u00e0 corros\u00e3o, protegendo a liga de a\u00e7o subjacente dos efeitos nocivos do suor e da humidade. Visualmente, o acabamento cinzento mate confere \u00e0 barra uma est\u00e9tica t\u00e1tica e de qualidade superior que eleva o aspeto de qualquer gin\u00e1sio de garagem ou instala\u00e7\u00e3o comercial.<\/p>\n<p>Por baixo do exterior elegante encontra-se uma besta de desempenho. O eixo \u00e9 forjado a partir de uma liga de a\u00e7o de alta qualidade (42Cr) com uma resist\u00eancia \u00e0 tra\u00e7\u00e3o de 170.000 PSI. Esta classifica\u00e7\u00e3o garante que a barra tem uma excelente elasticidade (\u201cchicote\u201d) para eleva\u00e7\u00f5es din\u00e2micas, mas volta a ficar direita instantaneamente, capaz de suportar cargas at\u00e9 1000 lbs. O sistema de rota\u00e7\u00e3o \u00e9 um design \u201ch\u00edbrido\u201d, com casquilhos de lat\u00e3o dur\u00e1veis combinados com 2 rolamentos de precis\u00e3o. Esta configura\u00e7\u00e3o proporciona uma rota\u00e7\u00e3o suave e fi\u00e1vel que \u00e9 suficientemente r\u00e1pida para os movimentos de limpeza e empurr\u00f5es, mas suficientemente est\u00e1vel para o trabalho pesado de supino. As mangas t\u00eam um acabamento em Chemical Chrome com uma superf\u00edcie polida, garantindo que as placas de choque deslizam sem esfor\u00e7o para dentro e para fora sem riscar o acabamento. A T1 \u00e9 a escolha perfeita para o halterofilista que valoriza as especifica\u00e7\u00f5es de desempenho, mas quer uma barra com um aspeto e uma sensa\u00e7\u00e3o diferentes do padr\u00e3o comercial.<\/p>\n<h3>1. Revestimento \u00fanico de teflon cinzento<\/h3>\n<p>O acabamento em Teflon \u00e9 a carater\u00edstica principal. Oferece uma sensa\u00e7\u00e3o distinta de \u201ctoque suave\u201d que \u00e9 menos agressiva para as m\u00e3os do que o a\u00e7o nu ou o cromado agressivo. Proporciona um aumento natural da ader\u00eancia, especialmente quando \u00e9 aplicado giz. Al\u00e9m disso, a cor cinzenta mate absorve a luz em vez de a refletir, dando \u00e0 barra um aspeto elegante e discreto que resiste melhor ao aparecimento visual de riscos do que os acabamentos brilhantes.<\/p>\n<h3>2. N\u00facleo de a\u00e7o de liga de 170.000 PSI<\/h3>\n<p>O desempenho depende da qualidade do a\u00e7o. Com uma resist\u00eancia \u00e0 tra\u00e7\u00e3o de 170k PSI, a T1 situa-se no ponto ideal de durabilidade e desempenho. \u00c9 suficientemente forte para resistir a flex\u00f5es permanentes durante puxadas ou quedas pesadas da cremalheira, mas suficientemente el\u00e1stico para proteger as articula\u00e7\u00f5es do levantador ao absorver o choque. \u00c9 uma especifica\u00e7\u00e3o de n\u00edvel comercial adequada para powerlifting e treino de for\u00e7a geral.<\/p>\n<h3>3. Rota\u00e7\u00e3o de rolamentos e casquilhos h\u00edbridos<\/h3>\n<p>O T1 utiliza um sistema de rolamentos de 2 pe\u00e7as juntamente com casquilhos de lat\u00e3o. Esta abordagem h\u00edbrida oferece versatilidade. Os rolamentos facilitam a rota\u00e7\u00e3o necess\u00e1ria para os levantamentos ol\u00edmpicos, reduzindo o bin\u00e1rio nos pulsos. Os casquilhos proporcionam a durabilidade de suporte de carga necess\u00e1ria para levantamentos de for\u00e7a lentos e pesados. Torna a barra num verdadeiro \u201cpolivalente\u201d, adequado para qualquer treino do dia (WOD).<\/p>\n<h3>4. Mangas polidas com cr\u00f3mio qu\u00edmico<\/h3>\n<p>Enquanto o veio \u00e9 de Teflon, as mangas s\u00e3o de Cromo Qu\u00edmico. Esta \u00e9 uma escolha de design deliberada. O cr\u00f3mio \u00e9 mais duro e suave do que o teflon, o que o torna a superf\u00edcie ideal para deslizar placas de metal ou borracha para dentro e para fora repetidamente. O acabamento polido minimiza a fric\u00e7\u00e3o e o ru\u00eddo durante a carga e a descarga, e resiste \u00e0 abras\u00e3o das inser\u00e7\u00f5es de placas.<\/p>\n<h3>5. Serrilha de precis\u00e3o<\/h3>\n<p>O padr\u00e3o serrilhado foi concebido para complementar o revestimento de Teflon. Apresenta uma forma de diamante com uma profundidade m\u00e9dia (0,2~0,3 mm) e um passo de 1,2 mm. Isto proporciona uma ader\u00eancia segura que inspira confian\u00e7a sem ser um \u201cralador de queijo\u201d. \u00c9 adequado para conjuntos de alta repeti\u00e7\u00e3o onde a preserva\u00e7\u00e3o da pele \u00e9 fundamental.<\/p>\n<h3>A quem se destina?<\/h3>\n<ul style=\"list-style-position: inside; padding-left: 0;\">\n<li>Propriet\u00e1rios de gin\u00e1sios em casa que procuram uma est\u00e9tica \u00fanica e elegante.<\/li>\n<li>Os levantadores que preferem uma sensa\u00e7\u00e3o de ader\u00eancia mate e \u201cseca\u201d em vez de um cromado liso.<\/li>\n<li>Os gin\u00e1sios comerciais distinguem os diferentes tipos de barras pela cor.<\/li>\n<li>Formandos de for\u00e7a geral que levantam at\u00e9 1.000 lbs.<\/li>\n<\/ul>\n<h3>Especifica\u00e7\u00f5es do produto<\/h3>\n<table border=\"1\" width=\"100%\" cellspacing=\"0\" cellpadding=\"5\">\n<tbody>\n<tr>\n<td><strong>Modelo<\/strong><\/td>\n<td>Barra ol\u00edmpica-T1 (W01CD001)<\/td>\n<\/tr>\n<tr>\n<td><strong>Acabamento do veio<\/strong><\/td>\n<td>Revestimento de teflon cinzento<\/td>\n<\/tr>\n<tr>\n<td><strong>Acabamento da manga<\/strong><\/td>\n<td>Cromo qu\u00edmico e polido<\/td>\n<\/tr>\n<tr>\n<td><strong>Resist\u00eancia \u00e0 tra\u00e7\u00e3o<\/strong><\/td>\n<td>170.000 PSI<\/td>\n<\/tr>\n<tr>\n<td><strong>Rota\u00e7\u00e3o<\/strong><\/td>\n<td>Casquilho de lat\u00e3o e 2 rolamentos<\/td>\n<\/tr>\n<tr>\n<td><strong>Capacidade de carga<\/strong><\/td>\n<td>1.000 lbs<\/td>\n<\/tr>\n<\/tbody>\n<\/table>","protected":false},"excerpt":{"rendered":"<p>A Olympic Bar-T1 da Alex Athletics apresenta um revestimento de Teflon cinzento distinto, que oferece uma est\u00e9tica mate \u00fanica e uma sensa\u00e7\u00e3o de ader\u00eancia \u201cseca\u201d superior. Constru\u00edda a partir de uma liga de a\u00e7o de 170.000 PSI, combina durabilidade com a quantidade perfeita de chicote para um treino din\u00e2mico. O sistema de rota\u00e7\u00e3o utiliza um h\u00edbrido de casquilhos de lat\u00e3o e 2 rolamentos, assegurando um desempenho suave tanto para powerlifting pesado como para levantamentos ol\u00edmpicos r\u00e1pidos. Com mangas Chemical Chrome polidas para facilitar o carregamento e uma capacidade de peso de 1.000 lb, a T1 \u00e9 uma pe\u00e7a central elegante e de alto desempenho para qualquer gin\u00e1sio moderno.<\/p>","protected":false},"featured_media":3402,"comment_status":"open","ping_status":"closed","template":"","meta":{"inline_featured_image":false,"site-sidebar-layout":"default","site-content-layout":"","ast-site-content-layout":"default","site-content-style":"default","site-sidebar-style":"default","ast-global-header-display":"","ast-banner-title-visibility":"","ast-main-header-display":"","ast-hfb-above-header-display":"","ast-hfb-below-header-display":"","ast-hfb-mobile-header-display":"","site-post-title":"","ast-breadcrumbs-content":"","ast-featured-img":"","footer-sml-layout":"","ast-disable-related-posts":"","theme-transparent-header-meta":"default","adv-header-id-meta":"","stick-header-meta":"default","header-above-stick-meta":"","header-main-stick-meta":"","header-below-stick-meta":"","astra-migrate-meta-layouts":"set","ast-page-background-enabled":"default","ast-page-background-meta":{"desktop":{"background-color":"","background-image":"","background-repeat":"repeat","background-position":"center center","background-size":"auto","background-attachment":"scroll","background-type":"","background-media":"","overlay-type":"","overlay-color":"","overlay-opacity":"","overlay-gradient":""},"tablet":{"background-color":"","background-image":"","background-repeat":"repeat","background-position":"center center","background-size":"auto","background-attachment":"scroll","background-type":"","background-media":"","overlay-type":"","overlay-color":"","overlay-opacity":"","overlay-gradient":""},"mobile":{"background-color":"","background-image":"","background-repeat":"repeat","background-position":"center center","background-size":"auto","background-attachment":"scroll","background-type":"","background-media":"","overlay-type":"","overlay-color":"","overlay-opacity":"","overlay-gradient":""}},"ast-content-background-meta":{"desktop":{"background-color":"var(--ast-global-color-5)","background-image":"","background-repeat":"repeat","background-position":"center center","background-size":"auto","background-attachment":"scroll","background-type":"","background-media":"","overlay-type":"","overlay-color":"","overlay-opacity":"","overlay-gradient":""},"tablet":{"background-color":"var(--ast-global-color-5)","background-image":"","background-repeat":"repeat","background-position":"center center","background-size":"auto","background-attachment":"scroll","background-type":"","background-media":"","overlay-type":"","overlay-color":"","overlay-opacity":"","overlay-gradient":""},"mobile":{"background-color":"var(--ast-global-color-5)","background-image":"","background-repeat":"repeat","background-position":"center center","background-size":"auto","background-attachment":"scroll","background-type":"","background-media":"","overlay-type":"","overlay-color":"","overlay-opacity":"","overlay-gradient":""}}},"product_brand":[],"product_cat":[55],"product_tag":[58],"class_list":{"0":"post-2890","1":"product","2":"type-product","3":"status-publish","4":"has-post-thumbnail","6":"product_cat-free-weight-training","7":"product_tag-carry-bars","8":"desktop-align-left","9":"tablet-align-left","10":"mobile-align-left","12":"first","13":"instock","14":"shipping-taxable","15":"purchasable","16":"product-type-simple"},"_links":{"self":[{"href":"https:\/\/alexathletics1982.com\/pt\/wp-json\/wp\/v2\/product\/2890","targetHints":{"allow":["GET"]}}],"collection":[{"href":"https:\/\/alexathletics1982.com\/pt\/wp-json\/wp\/v2\/product"}],"about":[{"href":"https:\/\/alexathletics1982.com\/pt\/wp-json\/wp\/v2\/types\/product"}],"replies":[{"embeddable":true,"href":"https:\/\/alexathletics1982.com\/pt\/wp-json\/wp\/v2\/comments?post=2890"}],"wp:featuredmedia":[{"embeddable":true,"href":"https:\/\/alexathletics1982.com\/pt\/wp-json\/wp\/v2\/media\/3402"}],"wp:attachment":[{"href":"https:\/\/alexathletics1982.com\/pt\/wp-json\/wp\/v2\/media?parent=2890"}],"wp:term":[{"taxonomy":"product_brand","embeddable":true,"href":"https:\/\/alexathletics1982.com\/pt\/wp-json\/wp\/v2\/product_brand?post=2890"},{"taxonomy":"product_cat","embeddable":true,"href":"https:\/\/alexathletics1982.com\/pt\/wp-json\/wp\/v2\/product_cat?post=2890"},{"taxonomy":"product_tag","embeddable":true,"href":"https:\/\/alexathletics1982.com\/pt\/wp-json\/wp\/v2\/product_tag?post=2890"}],"curies":[{"name":"wp","href":"https:\/\/api.w.org\/{rel}","templated":true}]}}