{"id":2891,"date":"2026-01-23T20:19:59","date_gmt":"2026-01-23T12:19:59","guid":{"rendered":"https:\/\/alexathletics1982.com\/?post_type=product&#038;p=2891"},"modified":"2026-04-10T22:29:29","modified_gmt":"2026-04-10T14:29:29","slug":"barra-olimpica-t2","status":"publish","type":"product","link":"https:\/\/alexathletics1982.com\/pt\/olympic-bar-t2\/","title":{"rendered":"Barra ol\u00edmpica-T2"},"content":{"rendered":"<h2>Superioridade t\u00e1til: A barra h\u00edbrida com electro-revestimento (T2)<\/h2>\n<p>Para os puristas que adoram a sensa\u00e7\u00e3o do serrilhado em bruto mas detestam a manuten\u00e7\u00e3o do a\u00e7o nu, a Olympic Bar-T2 (barra h\u00edbrida com electro-revestimento) \u00e9 a resposta. O Electro-Coating (E-Coat) \u00e9 uma tecnologia originalmente desenvolvida para a ind\u00fastria autom\u00f3vel para fornecer uma camada anticorrosiva fina e incrivelmente dur\u00e1vel. Ao contr\u00e1rio da cromagem espessa que pode preencher o serrilhado e tornar uma barra escorregadia, o E-Coat \u00e9 aplicado numa espessura microsc\u00f3pica. Isto permite que a verdadeira textura agressiva do serrilhado de diamante transpare\u00e7a, proporcionando uma ader\u00eancia fenomenal que se assemelha muito ao a\u00e7o em bruto, ao mesmo tempo que oferece uma prote\u00e7\u00e3o superior contra a ferrugem. O acabamento \u00e9 um preto profundo e acetinado com um aspeto agressivo e profissional.<\/p>\n<p>Mecanicamente, o T2 \u00e9 um cavalo de batalha constru\u00eddo para a versatilidade. O eixo \u00e9 fabricado em a\u00e7o de liga 42Cr com uma resist\u00eancia \u00e0 tra\u00e7\u00e3o de 170.000 PSI, capaz de suportar uma carga est\u00e1tica de 1.000 lb. O sistema de rota\u00e7\u00e3o da manga apresenta uma configura\u00e7\u00e3o h\u00edbrida robusta: casquilhos de lat\u00e3o dur\u00e1veis apoiados por 2 rolamentos de precis\u00e3o. Isto garante que a barra roda com liberdade suficiente para limpezas e arranques, mas mant\u00e9m-se est\u00e1vel para o supino. Uma carater\u00edstica est\u00e9tica \u00fanica da T2 s\u00e3o as suas mangas de zinco branco. Este acabamento brilhante contrasta fortemente com o eixo preto, facilitando a visualiza\u00e7\u00e3o do movimento da placa e adicionando um visual cl\u00e1ssico de dois tons ao seu rack. Quer esteja a fazer um programa de powerlifting, a T2 oferece a ader\u00eancia e a fiabilidade de que necessita.<\/p>\n<h3>1. Electro-revestimento de alto desempenho (E-Coat)<\/h3>\n<p>O E-Coat \u00e9 a carater\u00edstica principal aqui. Proporciona uma excelente resist\u00eancia \u00e0 corros\u00e3o - muito melhor do que o \u00f3xido preto - sem a espessura do cr\u00f3mio ou do zinco. Isto significa que o serrilhado parece mais \u201cafiado\u201d e mais seguro. \u00c9 um acabamento aplicado eletricamente que se liga ao a\u00e7o a um n\u00edvel molecular, resistindo a lascar e a riscar, mesmo sob utiliza\u00e7\u00e3o intensa. \u00c9 a escolha ideal para gin\u00e1sios de garagem h\u00famidos, onde a ferrugem \u00e9 um inimigo constante.<\/p>\n<h3>2. Serrilha True-Feel<\/h3>\n<p>Devido ao facto de o E-Coat ser t\u00e3o fino, o serrilhado de diamante com um passo de 1,2 mm parece exatamente como o maquinista pretendia. Obt\u00e9m-se uma ader\u00eancia segura e antiderrapante que n\u00e3o depende de giz excessivo. A profundidade m\u00e9dia (0,2~0,3 mm) \u00e9 perfeita para o treino geral - suficientemente aderente para pux\u00f5es pesados, mas n\u00e3o t\u00e3o afiada que rasgue as suas m\u00e3os durante movimentos de alta repeti\u00e7\u00e3o.<\/p>\n<h3>3. Contraste da manga em zinco branco<\/h3>\n<p>O T2 possui casquilhos com acabamento em Zinco Branco. Isto proporciona um revestimento dur\u00e1vel e de sacrif\u00edcio que protege o a\u00e7o subjacente da abras\u00e3o constante das placas deslizantes. Visualmente, as mangas prateadas brilhantes contra o eixo preto criam um contraste impressionante, tornando a barra um ponto focal de qualquer configura\u00e7\u00e3o de gin\u00e1sio. Tamb\u00e9m ajuda os treinadores a visualizar o trajeto da barra \u00e0 dist\u00e2ncia.<\/p>\n<h3>4. Rota\u00e7\u00e3o h\u00edbrida vers\u00e1til<\/h3>\n<p>Equipada com 2 rolamentos e casquilhos de lat\u00e3o, a T2 foi concebida para um treino \u201ch\u00edbrido\u201d. N\u00e3o roda t\u00e3o depressa como uma barra de rolamentos de agulhas pura (que pode ser inst\u00e1vel para o supino), mas roda muito melhor do que uma barra de casquilhos pura. Este meio-termo faz dela a solu\u00e7\u00e3o perfeita para atletas que misturam powerlifting, muscula\u00e7\u00e3o e levantamento ol\u00edmpico moderado.<\/p>\n<h3>5. Durabilidade de 170.000 PSI<\/h3>\n<p>O n\u00facleo de a\u00e7o de liga 42Cr garante que a barra tem a resist\u00eancia e o \u201cchicote\u201d necess\u00e1rios para utiliza\u00e7\u00e3o comercial. Volta \u00e0 sua verdadeira retid\u00e3o depois de ser carregada e oferece uma sensa\u00e7\u00e3o consistente. Com uma capacidade de 1.000 lb, excede as necessidades de 99% dos levantadores, proporcionando uma margem de seguran\u00e7a que garante a longevidade.<\/p>\n<h3>A quem se destina?<\/h3>\n<ul style=\"list-style-position: inside; padding-left: 0;\">\n<li>Os levantadores que d\u00e3o prioridade \u00e0 \u201csensa\u00e7\u00e3o de ader\u00eancia\u201d e \u00e0 nitidez das curvas.<\/li>\n<li>Propriet\u00e1rios de gin\u00e1sios de garagem que necessitam de uma elevada resist\u00eancia \u00e0 corros\u00e3o (E-Coat).<\/li>\n<li>As instala\u00e7\u00f5es que pretendem uma barra \u201cbatedora\u201d dur\u00e1vel e de utiliza\u00e7\u00e3o geral.<\/li>\n<li>Atletas que apreciam a est\u00e9tica preta e prateada.<\/li>\n<\/ul>\n<h3>Especifica\u00e7\u00f5es do produto<\/h3>\n<table border=\"1\" width=\"100%\" cellspacing=\"0\" cellpadding=\"5\">\n<tbody>\n<tr>\n<td><strong>Modelo<\/strong><\/td>\n<td>Barra ol\u00edmpica-T2 (W01CB016)<\/td>\n<\/tr>\n<tr>\n<td><strong>Acabamento do veio<\/strong><\/td>\n<td>Electro-revestimento preto (E-Coat)<\/td>\n<\/tr>\n<tr>\n<td><strong>Acabamento da manga<\/strong><\/td>\n<td>Zinco branco<\/td>\n<\/tr>\n<tr>\n<td><strong>Resist\u00eancia \u00e0 tra\u00e7\u00e3o<\/strong><\/td>\n<td>170.000 PSI<\/td>\n<\/tr>\n<tr>\n<td><strong>Rota\u00e7\u00e3o<\/strong><\/td>\n<td>Casquilho de lat\u00e3o e 2 rolamentos<\/td>\n<\/tr>\n<tr>\n<td><strong>Capacidade de carga<\/strong><\/td>\n<td>1.000 lbs<\/td>\n<\/tr>\n<\/tbody>\n<\/table>","protected":false},"excerpt":{"rendered":"<p>A Olympic Bar-T2 da Alex Athletics oferece a combina\u00e7\u00e3o perfeita de ader\u00eancia e durabilidade com a sua tecnologia Electro-Coating (E-Coat). Este acabamento preto ultra-fino protege contra a ferrugem, ao mesmo tempo que permite que a textura n\u00edtida do serrilhado brilhe para uma ader\u00eancia superior. Com mangas distintas de zinco branco e um sistema de rota\u00e7\u00e3o h\u00edbrido (2 rolamentos + casquilhos), proporciona um desempenho vers\u00e1til para eleva\u00e7\u00f5es lentas e r\u00e1pidas. Constru\u00eddo a partir de uma liga de a\u00e7o de 170.000 PSI com uma capacidade de 1.000 lb, o T2 \u00e9 um robusto cavalo de batalha de dois tons, ideal para gin\u00e1sios de garagem e atletas de fitness funcional que exigem precis\u00e3o t\u00e1til.<\/p>","protected":false},"featured_media":3404,"comment_status":"open","ping_status":"closed","template":"","meta":{"inline_featured_image":false,"site-sidebar-layout":"default","site-content-layout":"","ast-site-content-layout":"default","site-content-style":"default","site-sidebar-style":"default","ast-global-header-display":"","ast-banner-title-visibility":"","ast-main-header-display":"","ast-hfb-above-header-display":"","ast-hfb-below-header-display":"","ast-hfb-mobile-header-display":"","site-post-title":"","ast-breadcrumbs-content":"","ast-featured-img":"","footer-sml-layout":"","ast-disable-related-posts":"","theme-transparent-header-meta":"default","adv-header-id-meta":"","stick-header-meta":"default","header-above-stick-meta":"","header-main-stick-meta":"","header-below-stick-meta":"","astra-migrate-meta-layouts":"set","ast-page-background-enabled":"default","ast-page-background-meta":{"desktop":{"background-color":"","background-image":"","background-repeat":"repeat","background-position":"center center","background-size":"auto","background-attachment":"scroll","background-type":"","background-media":"","overlay-type":"","overlay-color":"","overlay-opacity":"","overlay-gradient":""},"tablet":{"background-color":"","background-image":"","background-repeat":"repeat","background-position":"center center","background-size":"auto","background-attachment":"scroll","background-type":"","background-media":"","overlay-type":"","overlay-color":"","overlay-opacity":"","overlay-gradient":""},"mobile":{"background-color":"","background-image":"","background-repeat":"repeat","background-position":"center center","background-size":"auto","background-attachment":"scroll","background-type":"","background-media":"","overlay-type":"","overlay-color":"","overlay-opacity":"","overlay-gradient":""}},"ast-content-background-meta":{"desktop":{"background-color":"var(--ast-global-color-5)","background-image":"","background-repeat":"repeat","background-position":"center center","background-size":"auto","background-attachment":"scroll","background-type":"","background-media":"","overlay-type":"","overlay-color":"","overlay-opacity":"","overlay-gradient":""},"tablet":{"background-color":"var(--ast-global-color-5)","background-image":"","background-repeat":"repeat","background-position":"center center","background-size":"auto","background-attachment":"scroll","background-type":"","background-media":"","overlay-type":"","overlay-color":"","overlay-opacity":"","overlay-gradient":""},"mobile":{"background-color":"var(--ast-global-color-5)","background-image":"","background-repeat":"repeat","background-position":"center center","background-size":"auto","background-attachment":"scroll","background-type":"","background-media":"","overlay-type":"","overlay-color":"","overlay-opacity":"","overlay-gradient":""}}},"product_brand":[],"product_cat":[55],"product_tag":[58],"class_list":{"0":"post-2891","1":"product","2":"type-product","3":"status-publish","4":"has-post-thumbnail","6":"product_cat-free-weight-training","7":"product_tag-carry-bars","8":"desktop-align-left","9":"tablet-align-left","10":"mobile-align-left","12":"first","13":"instock","14":"shipping-taxable","15":"purchasable","16":"product-type-simple"},"_links":{"self":[{"href":"https:\/\/alexathletics1982.com\/pt\/wp-json\/wp\/v2\/product\/2891","targetHints":{"allow":["GET"]}}],"collection":[{"href":"https:\/\/alexathletics1982.com\/pt\/wp-json\/wp\/v2\/product"}],"about":[{"href":"https:\/\/alexathletics1982.com\/pt\/wp-json\/wp\/v2\/types\/product"}],"replies":[{"embeddable":true,"href":"https:\/\/alexathletics1982.com\/pt\/wp-json\/wp\/v2\/comments?post=2891"}],"wp:featuredmedia":[{"embeddable":true,"href":"https:\/\/alexathletics1982.com\/pt\/wp-json\/wp\/v2\/media\/3404"}],"wp:attachment":[{"href":"https:\/\/alexathletics1982.com\/pt\/wp-json\/wp\/v2\/media?parent=2891"}],"wp:term":[{"taxonomy":"product_brand","embeddable":true,"href":"https:\/\/alexathletics1982.com\/pt\/wp-json\/wp\/v2\/product_brand?post=2891"},{"taxonomy":"product_cat","embeddable":true,"href":"https:\/\/alexathletics1982.com\/pt\/wp-json\/wp\/v2\/product_cat?post=2891"},{"taxonomy":"product_tag","embeddable":true,"href":"https:\/\/alexathletics1982.com\/pt\/wp-json\/wp\/v2\/product_tag?post=2891"}],"curies":[{"name":"wp","href":"https:\/\/api.w.org\/{rel}","templated":true}]}}