{"id":2892,"date":"2026-01-23T20:19:59","date_gmt":"2026-01-23T12:19:59","guid":{"rendered":"https:\/\/alexathletics1982.com\/?post_type=product&#038;p=2892"},"modified":"2026-04-10T22:45:06","modified_gmt":"2026-04-10T14:45:06","slug":"barra-olimpica-t3","status":"publish","type":"product","link":"https:\/\/alexathletics1982.com\/pt\/olympic-bar-t3\/","title":{"rendered":"Barra ol\u00edmpica-T3"},"content":{"rendered":"<h2>O Spinner: Barra Ol\u00edmpica-T3<\/h2>\n<p>Quando o levantamento din\u00e2mico \u00e9 a prioridade, a velocidade de rota\u00e7\u00e3o da barra torna-se o fator cr\u00edtico. A Olympic Bar-T3 da Alex Athletics pega na base duradoura da T2 e sobrecarrega-a com um sistema de rolamentos melhorado. Em vez da configura\u00e7\u00e3o padr\u00e3o de 2 rolamentos, a T3 est\u00e1 equipada com <strong>4 rolamentos de precis\u00e3o<\/strong> por casquilho (mais casquilhos). Esta atualiza\u00e7\u00e3o reduz significativamente a fric\u00e7\u00e3o, permitindo que as mangas girem mais rapidamente e com maior liberdade. Para o atleta, isto significa uma rota\u00e7\u00e3o mais suave durante o Snatch e o Clean &amp; Jerk, resultando em menos stress nos pulsos e cotovelos e uma maior taxa de sucesso em levantamentos m\u00e1ximos. Cria uma sensa\u00e7\u00e3o de \u201caus\u00eancia de peso\u201d quando o atleta se puxa para baixo da barra.<\/p>\n<p>Tal como a sua irm\u00e3, a T3 apresenta o Electro-Coating (E-Coat) de primeira qualidade no eixo. Isto proporciona a mesma resist\u00eancia superior \u00e0 corros\u00e3o e a mesma sensa\u00e7\u00e3o de \u201ca\u00e7o bruto\u201d que os levantadores s\u00e9rios adoram. No entanto, o T3 actualiza as mangas para Chemical Chrome com um acabamento polido. Trata-se de uma superf\u00edcie mais dura e resistente a riscos do que o zinco, concebida para suportar o deslizamento de placas de para-choques durante anos de utiliza\u00e7\u00e3o comercial sem apresentar desgaste.<\/p>\n<h3>1. Sistema de rota\u00e7\u00e3o de 4 rolamentos atualizado<\/h3>\n<p>A reivindica\u00e7\u00e3o de fama do T3 \u00e9 a sua rota\u00e7\u00e3o. Com 4 rolamentos no conjunto, a in\u00e9rcia rotacional \u00e9 minimizada. Esta \u00e9 uma diferen\u00e7a tang\u00edvel que pode sentir durante os movimentos explosivos. Os pesos rodam independentemente do eixo com uma resist\u00eancia m\u00ednima, protegendo as suas articula\u00e7\u00f5es e permitindo uma transi\u00e7\u00e3o perfeita da fase de puxar para a fase de apanhar de um levantamento ol\u00edmpico.<\/p>\n<h3>2. E-Coat para m\u00e1xima ader\u00eancia<\/h3>\n<p>O Electro-revestimento preto \u00e9 aplicado de forma fina e uniforme, preservando a geometria do serrilhado de diamante. Isto garante uma ader\u00eancia segura e consistente, mesmo quando as m\u00e3os est\u00e3o suadas, sem a sensa\u00e7\u00e3o escorregadia do cromo decorativo espesso. Combina a baixa manuten\u00e7\u00e3o de uma barra revestida com o desempenho de uma barra em bruto.<\/p>\n<h3>3. Mangas de cromo qu\u00edmico dur\u00e1veis<\/h3>\n<p>Os casquilhos do T3 apresentam um acabamento de cr\u00f3mio qu\u00edmico. Este revestimento industrial \u00e9 extremamente duro e suave. Oferece menos fric\u00e7\u00e3o do que o zinco, facilitando o carregamento da placa, e \u00e9 altamente resistente aos riscos e cicatrizes que ocorrem nas inser\u00e7\u00f5es de placas de metal. Mant\u00e9m a barra com um aspeto profissional e novo durante mais tempo.<\/p>\n<h3>4. A\u00e7o de liga de 170.000 PSI<\/h3>\n<p>O n\u00facleo da barra \u00e9 em a\u00e7o de liga 42Cr. Esta metalurgia proporciona o equil\u00edbrio perfeito entre rigidez e chicote el\u00e1stico. \u00c9 suficientemente resistente para suportar os abusos di\u00e1rios num ambiente de gin\u00e1sio comercial, mas suficientemente reactiva para fornecer feedback cin\u00e9tico durante os levantamentos din\u00e2micos. A classifica\u00e7\u00e3o est\u00e1tica de 1.000 lb \u00e9 uma prova da sua integridade estrutural.<\/p>\n<h3>5. O especialista em forma\u00e7\u00e3o cruzada<\/h3>\n<p>Enquanto a T1 e a T2 s\u00e3o generalistas, a T3 \u00e9 uma especialista em movimentos din\u00e2micos. Faz a ponte entre uma barra de gin\u00e1sio normal e uma barra de halterofilismo de competi\u00e7\u00e3o dedicada $800. Oferece a rota\u00e7\u00e3o necess\u00e1ria para a pr\u00e1tica s\u00e9ria de levantamento de peso Oly a um pre\u00e7o acess\u00edvel para gin\u00e1sios de garagem.<\/p>\n<h3>A quem se destina?<\/h3>\n<ul style=\"list-style-position: inside; padding-left: 0;\">\n<li>Os halterofilistas que necessitam de uma barra de treino de alta rota\u00e7\u00e3o.<\/li>\n<li>Gin\u00e1sios que pretendem atualizar o seu stock de barras gerais para algo mais r\u00e1pido.<\/li>\n<li>Os levantadores que valorizam a durabilidade dos casquilhos Chemical Chrome.<\/li>\n<li>Qualquer pessoa que sinta dores no pulso devido a barras de rota\u00e7\u00e3o lenta.<\/li>\n<\/ul>\n<h3>Especifica\u00e7\u00f5es do produto<\/h3>\n<table border=\"1\" width=\"100%\" cellspacing=\"0\" cellpadding=\"5\">\n<tbody>\n<tr>\n<td><strong>Modelo<\/strong><\/td>\n<td>Barra ol\u00edmpica-T3 (W01CB017)<\/td>\n<\/tr>\n<tr>\n<td><strong>Acabamento do veio<\/strong><\/td>\n<td>Electro-revestimento preto (E-Coat)<\/td>\n<\/tr>\n<tr>\n<td><strong>Acabamento da manga<\/strong><\/td>\n<td>Cromo qu\u00edmico e polido<\/td>\n<\/tr>\n<tr>\n<td><strong>Resist\u00eancia \u00e0 tra\u00e7\u00e3o<\/strong><\/td>\n<td>170.000 PSI<\/td>\n<\/tr>\n<tr>\n<td><strong>Rota\u00e7\u00e3o<\/strong><\/td>\n<td>Bucha de lat\u00e3o &amp; <strong>4 Rolamentos<\/strong><\/td>\n<\/tr>\n<tr>\n<td><strong>Capacidade de carga<\/strong><\/td>\n<td>1.000 lbs<\/td>\n<\/tr>\n<\/tbody>\n<\/table>","protected":false},"excerpt":{"rendered":"<p>A Olympic Bar-T3 da Alex Athletics \u00e9 uma barra centrada no desempenho, concebida para velocidade e din\u00e2mica. Actualizada com um sistema de rota\u00e7\u00e3o de 4 rolamentos, oferece uma rota\u00e7\u00e3o superior para o levantamento de peso ol\u00edmpico, reduzindo o bin\u00e1rio do pulso e melhorando a velocidade de rota\u00e7\u00e3o. O eixo possui um revestimento el\u00e9trico dur\u00e1vel (E-Coat) para uma excelente textura de ader\u00eancia e resist\u00eancia \u00e0 ferrugem, enquanto as mangas t\u00eam um acabamento em cromo qu\u00edmico resistente. Com uma resist\u00eancia \u00e0 tra\u00e7\u00e3o de 170.000 PSI e uma capacidade de 1.000 lb, a T3 \u00e9 a escolha ideal para os atletas que exigem uma barra mais r\u00e1pida e mais reactiva.<\/p>","protected":false},"featured_media":3788,"comment_status":"open","ping_status":"closed","template":"","meta":{"inline_featured_image":false,"site-sidebar-layout":"default","site-content-layout":"","ast-site-content-layout":"default","site-content-style":"default","site-sidebar-style":"default","ast-global-header-display":"","ast-banner-title-visibility":"","ast-main-header-display":"","ast-hfb-above-header-display":"","ast-hfb-below-header-display":"","ast-hfb-mobile-header-display":"","site-post-title":"","ast-breadcrumbs-content":"","ast-featured-img":"","footer-sml-layout":"","ast-disable-related-posts":"","theme-transparent-header-meta":"default","adv-header-id-meta":"","stick-header-meta":"default","header-above-stick-meta":"","header-main-stick-meta":"","header-below-stick-meta":"","astra-migrate-meta-layouts":"set","ast-page-background-enabled":"default","ast-page-background-meta":{"desktop":{"background-color":"","background-image":"","background-repeat":"repeat","background-position":"center center","background-size":"auto","background-attachment":"scroll","background-type":"","background-media":"","overlay-type":"","overlay-color":"","overlay-opacity":"","overlay-gradient":""},"tablet":{"background-color":"","background-image":"","background-repeat":"repeat","background-position":"center center","background-size":"auto","background-attachment":"scroll","background-type":"","background-media":"","overlay-type":"","overlay-color":"","overlay-opacity":"","overlay-gradient":""},"mobile":{"background-color":"","background-image":"","background-repeat":"repeat","background-position":"center center","background-size":"auto","background-attachment":"scroll","background-type":"","background-media":"","overlay-type":"","overlay-color":"","overlay-opacity":"","overlay-gradient":""}},"ast-content-background-meta":{"desktop":{"background-color":"var(--ast-global-color-5)","background-image":"","background-repeat":"repeat","background-position":"center center","background-size":"auto","background-attachment":"scroll","background-type":"","background-media":"","overlay-type":"","overlay-color":"","overlay-opacity":"","overlay-gradient":""},"tablet":{"background-color":"var(--ast-global-color-5)","background-image":"","background-repeat":"repeat","background-position":"center center","background-size":"auto","background-attachment":"scroll","background-type":"","background-media":"","overlay-type":"","overlay-color":"","overlay-opacity":"","overlay-gradient":""},"mobile":{"background-color":"var(--ast-global-color-5)","background-image":"","background-repeat":"repeat","background-position":"center center","background-size":"auto","background-attachment":"scroll","background-type":"","background-media":"","overlay-type":"","overlay-color":"","overlay-opacity":"","overlay-gradient":""}}},"product_brand":[],"product_cat":[55],"product_tag":[58],"class_list":{"0":"post-2892","1":"product","2":"type-product","3":"status-publish","4":"has-post-thumbnail","6":"product_cat-free-weight-training","7":"product_tag-carry-bars","8":"desktop-align-left","9":"tablet-align-left","10":"mobile-align-left","12":"first","13":"instock","14":"shipping-taxable","15":"purchasable","16":"product-type-simple"},"_links":{"self":[{"href":"https:\/\/alexathletics1982.com\/pt\/wp-json\/wp\/v2\/product\/2892","targetHints":{"allow":["GET"]}}],"collection":[{"href":"https:\/\/alexathletics1982.com\/pt\/wp-json\/wp\/v2\/product"}],"about":[{"href":"https:\/\/alexathletics1982.com\/pt\/wp-json\/wp\/v2\/types\/product"}],"replies":[{"embeddable":true,"href":"https:\/\/alexathletics1982.com\/pt\/wp-json\/wp\/v2\/comments?post=2892"}],"wp:featuredmedia":[{"embeddable":true,"href":"https:\/\/alexathletics1982.com\/pt\/wp-json\/wp\/v2\/media\/3788"}],"wp:attachment":[{"href":"https:\/\/alexathletics1982.com\/pt\/wp-json\/wp\/v2\/media?parent=2892"}],"wp:term":[{"taxonomy":"product_brand","embeddable":true,"href":"https:\/\/alexathletics1982.com\/pt\/wp-json\/wp\/v2\/product_brand?post=2892"},{"taxonomy":"product_cat","embeddable":true,"href":"https:\/\/alexathletics1982.com\/pt\/wp-json\/wp\/v2\/product_cat?post=2892"},{"taxonomy":"product_tag","embeddable":true,"href":"https:\/\/alexathletics1982.com\/pt\/wp-json\/wp\/v2\/product_tag?post=2892"}],"curies":[{"name":"wp","href":"https:\/\/api.w.org\/{rel}","templated":true}]}}