{"id":2928,"date":"2026-01-23T20:20:20","date_gmt":"2026-01-23T12:20:20","guid":{"rendered":"https:\/\/alexathletics1982.com\/?post_type=product&#038;p=2928"},"modified":"2026-04-08T23:31:32","modified_gmt":"2026-04-08T15:31:32","slug":"tpu-110kg-haltere","status":"publish","type":"product","link":"https:\/\/alexathletics1982.com\/pt\/tpu-110kg-dumbbell\/","title":{"rendered":"TPU 1~10kg haltere (impress\u00e3o UV)"},"content":{"rendered":"<h2>O padr\u00e3o moderno: TPU 1~10kg haltere<\/h2>\n<p>Na evolu\u00e7\u00e3o dos pesos livres, o TPU (poliuretano termopl\u00e1stico) surgiu como a escolha de material superior, ultrapassando a borracha tradicional em quase todas as m\u00e9tricas. O haltere TPU (1~10kg) da Alex Athletics utiliza este pol\u00edmero avan\u00e7ado para criar uma ferramenta de n\u00edvel comercial que \u00e9 inodora, incolor e incrivelmente dur\u00e1vel. Ao contr\u00e1rio da borracha, que se pode degradar, cheirar e descascar com o tempo, o TPU \u00e9 quimicamente inerte e altamente resistente \u00e0 abras\u00e3o, ao rasgo e aos \u00f3leos. Isto garante que os halteres mant\u00eam o seu aspeto original e a sua integridade estrutural, mesmo em ambientes de gin\u00e1sio com muito movimento. As cabe\u00e7as s\u00e3o compactas e est\u00e3o firmemente ligadas \u00e0 pega, proporcionando uma solu\u00e7\u00e3o sem manuten\u00e7\u00e3o que nunca necessita de ser apertada.<\/p>\n<p>A interface do utilizador \u00e9 um cabo de a\u00e7o s\u00f3lido com um di\u00e2metro de 31 mm. Esta espessura proporciona uma pega substancial e confort\u00e1vel que preenche a m\u00e3o, reduzindo a fadiga durante as s\u00e9ries de alta repeti\u00e7\u00e3o. A pega apresenta uma textura t\u00e1til (ou revestimento em TPU, dependendo dos detalhes espec\u00edficos da variante, mas normalmente serrilhada ou texturizada para ader\u00eancia) que garante o controlo durante as flex\u00f5es, prensas e extens\u00f5es. Dispon\u00edveis numa gama de pesos de 1 kg a 10 kg, estes halteres s\u00e3o perfeitos para trabalho de resist\u00eancia ligeira, reabilita\u00e7\u00e3o, tonifica\u00e7\u00e3o aer\u00f3bica e drop sets. A capacidade de impress\u00e3o UV permite marca\u00e7\u00f5es de peso ou marcas n\u00edtidas e claras que n\u00e3o se desvanecem. Para est\u00fadios e gin\u00e1sios dom\u00e9sticos que exigem limpeza e longevidade, o TPU \u00e9 o padr\u00e3o de ouro.<\/p>\n<h3>1. Material TPU de alta qualidade<\/h3>\n<p>O poliuretano termopl\u00e1stico (TPU) \u00e9 o futuro do revestimento de halteres. \u00c9 completamente inodoro, o que o torna perfeito para gin\u00e1sios em casa ou pequenos est\u00fadios onde o cheiro da borracha pode ser demasiado forte. \u00c9 tamb\u00e9m mais duro e mais resistente do que a borracha, resistindo a cortes, riscos e danos provocados pelo impacto de uma queda.<\/p>\n<h3>2. Punho ergon\u00f3mico de 31 mm<\/h3>\n<p>O di\u00e2metro do punho \u00e9 optimizado em 31 mm. \u00c9 ligeiramente mais grosso do que os punhos normais de 25 mm, oferecendo uma melhor ergonomia para a for\u00e7a de preens\u00e3o e o conforto. Evita que a m\u00e3o tenha c\u00e3ibras durante s\u00e9ries longas e proporciona uma plataforma s\u00f3lida para movimentos de empurrar.<\/p>\n<h3>3. Durabilidade sem manuten\u00e7\u00e3o<\/h3>\n<p>Estes s\u00e3o halteres fixos. As cabe\u00e7as est\u00e3o permanentemente ligadas \u00e0 pega, eliminando o inc\u00f3modo de placas soltas ou colares girat\u00f3rios. O revestimento em TPU protege o ch\u00e3o de danos em caso de queda e protege o pr\u00f3prio haltere da ferrugem e do desgaste.<\/p>\n<h3>4. Design compacto da cabe\u00e7a<\/h3>\n<p>Como o TPU \u00e9 denso e forte, as cabe\u00e7as dos halteres podem ser compactas. Isto permite uma maior amplitude de movimentos, uma vez que os halteres t\u00eam menos probabilidades de colidir uns com os outros no topo de uma prensa de peito ou prensa de ombros. Torna os pesos mais f\u00e1ceis de controlar e armazenar.<\/p>\n<h3>5. Marca\u00e7\u00f5es impressas por UV<\/h3>\n<p>Os indicadores de peso s\u00e3o aplicados atrav\u00e9s de impress\u00e3o UV avan\u00e7ada. Isto garante que os n\u00fameros s\u00e3o n\u00edtidos, leg\u00edveis e resistentes ao desvanecimento ou \u00e0 fric\u00e7\u00e3o ao longo do tempo. Acrescenta um acabamento profissional de alta qualidade ao equipamento que assinala a qualidade.<\/p>\n<h3>A quem se destina?<\/h3>\n<ul style=\"list-style-position: inside; padding-left: 0;\">\n<li>Est\u00fadios de fitness e hot\u00e9is de luxo.<\/li>\n<li>Propriet\u00e1rios de gin\u00e1sios dom\u00e9sticos sens\u00edveis a odores de borracha.<\/li>\n<li>Personal trainers que necessitam de equipamento duradouro e com aspeto limpo.<\/li>\n<li>Centros de reabilita\u00e7\u00e3o que necessitam de pesos leves e f\u00e1ceis de manusear.<\/li>\n<li>Quem quiser um conjunto de halteres fixos \u201ccompre-o para toda a vida\u201d.<\/li>\n<\/ul>\n<h3>Especifica\u00e7\u00f5es do produto<\/h3>\n<table border=\"1\" width=\"100%\" cellspacing=\"0\" cellpadding=\"5\">\n<tbody>\n<tr>\n<td><strong>Modelo<\/strong><\/td>\n<td>W03AA013<\/td>\n<\/tr>\n<tr>\n<td><strong>Material<\/strong><\/td>\n<td>A\u00e7o, revestimento TPU<\/td>\n<\/tr>\n<tr>\n<td><strong>Di\u00e2metro do punho.<\/strong><\/td>\n<td>31 mm<\/td>\n<\/tr>\n<tr>\n<td><strong>Gama de pesos<\/strong><\/td>\n<td>1 ~ 10 kg (incremento de 1 kg)<\/td>\n<\/tr>\n<tr>\n<td><strong>Carater\u00edstica<\/strong><\/td>\n<td>Sem odor, impress\u00e3o UV<\/td>\n<\/tr>\n<\/tbody>\n<\/table>","protected":false},"excerpt":{"rendered":"<p>O haltere TPU da Alex Athletics estabelece um novo padr\u00e3o de durabilidade e higiene. Fabricados com poliuretano termopl\u00e1stico (TPU) avan\u00e7ado, estes halteres fixos s\u00e3o inodoros, ultra-resistentes \u00e0 abras\u00e3o e mant\u00eam a sua cor melhor do que a borracha. Com uma pega confort\u00e1vel de 31 mm e cabe\u00e7as compactas, s\u00e3o ideais para treinos de alta repeti\u00e7\u00e3o e utiliza\u00e7\u00e3o em est\u00fadio. As marca\u00e7\u00f5es de peso impressas em UV garantem uma legibilidade duradoura. Perfeitas para gin\u00e1sios dom\u00e9sticos de luxo e instala\u00e7\u00f5es comerciais que exigem o melhor.<\/p>","protected":false},"featured_media":3484,"comment_status":"open","ping_status":"closed","template":"","meta":{"inline_featured_image":false,"site-sidebar-layout":"default","site-content-layout":"","ast-site-content-layout":"default","site-content-style":"default","site-sidebar-style":"default","ast-global-header-display":"","ast-banner-title-visibility":"","ast-main-header-display":"","ast-hfb-above-header-display":"","ast-hfb-below-header-display":"","ast-hfb-mobile-header-display":"","site-post-title":"","ast-breadcrumbs-content":"","ast-featured-img":"","footer-sml-layout":"","ast-disable-related-posts":"","theme-transparent-header-meta":"default","adv-header-id-meta":"","stick-header-meta":"default","header-above-stick-meta":"","header-main-stick-meta":"","header-below-stick-meta":"","astra-migrate-meta-layouts":"set","ast-page-background-enabled":"default","ast-page-background-meta":{"desktop":{"background-color":"","background-image":"","background-repeat":"repeat","background-position":"center center","background-size":"auto","background-attachment":"scroll","background-type":"","background-media":"","overlay-type":"","overlay-color":"","overlay-opacity":"","overlay-gradient":""},"tablet":{"background-color":"","background-image":"","background-repeat":"repeat","background-position":"center center","background-size":"auto","background-attachment":"scroll","background-type":"","background-media":"","overlay-type":"","overlay-color":"","overlay-opacity":"","overlay-gradient":""},"mobile":{"background-color":"","background-image":"","background-repeat":"repeat","background-position":"center center","background-size":"auto","background-attachment":"scroll","background-type":"","background-media":"","overlay-type":"","overlay-color":"","overlay-opacity":"","overlay-gradient":""}},"ast-content-background-meta":{"desktop":{"background-color":"var(--ast-global-color-5)","background-image":"","background-repeat":"repeat","background-position":"center center","background-size":"auto","background-attachment":"scroll","background-type":"","background-media":"","overlay-type":"","overlay-color":"","overlay-opacity":"","overlay-gradient":""},"tablet":{"background-color":"var(--ast-global-color-5)","background-image":"","background-repeat":"repeat","background-position":"center center","background-size":"auto","background-attachment":"scroll","background-type":"","background-media":"","overlay-type":"","overlay-color":"","overlay-opacity":"","overlay-gradient":""},"mobile":{"background-color":"var(--ast-global-color-5)","background-image":"","background-repeat":"repeat","background-position":"center center","background-size":"auto","background-attachment":"scroll","background-type":"","background-media":"","overlay-type":"","overlay-color":"","overlay-opacity":"","overlay-gradient":""}}},"product_brand":[],"product_cat":[55],"product_tag":[60],"class_list":{"0":"post-2928","1":"product","2":"type-product","3":"status-publish","4":"has-post-thumbnail","6":"product_cat-free-weight-training","7":"product_tag-dumbbell","8":"desktop-align-left","9":"tablet-align-left","10":"mobile-align-left","12":"first","13":"instock","14":"shipping-taxable","15":"purchasable","16":"product-type-simple"},"_links":{"self":[{"href":"https:\/\/alexathletics1982.com\/pt\/wp-json\/wp\/v2\/product\/2928","targetHints":{"allow":["GET"]}}],"collection":[{"href":"https:\/\/alexathletics1982.com\/pt\/wp-json\/wp\/v2\/product"}],"about":[{"href":"https:\/\/alexathletics1982.com\/pt\/wp-json\/wp\/v2\/types\/product"}],"replies":[{"embeddable":true,"href":"https:\/\/alexathletics1982.com\/pt\/wp-json\/wp\/v2\/comments?post=2928"}],"wp:featuredmedia":[{"embeddable":true,"href":"https:\/\/alexathletics1982.com\/pt\/wp-json\/wp\/v2\/media\/3484"}],"wp:attachment":[{"href":"https:\/\/alexathletics1982.com\/pt\/wp-json\/wp\/v2\/media?parent=2928"}],"wp:term":[{"taxonomy":"product_brand","embeddable":true,"href":"https:\/\/alexathletics1982.com\/pt\/wp-json\/wp\/v2\/product_brand?post=2928"},{"taxonomy":"product_cat","embeddable":true,"href":"https:\/\/alexathletics1982.com\/pt\/wp-json\/wp\/v2\/product_cat?post=2928"},{"taxonomy":"product_tag","embeddable":true,"href":"https:\/\/alexathletics1982.com\/pt\/wp-json\/wp\/v2\/product_tag?post=2928"}],"curies":[{"name":"wp","href":"https:\/\/api.w.org\/{rel}","templated":true}]}}