{"id":2930,"date":"2026-01-23T20:20:20","date_gmt":"2026-01-23T12:20:20","guid":{"rendered":"https:\/\/alexathletics1982.com\/?post_type=product&#038;p=2930"},"modified":"2026-04-08T23:55:31","modified_gmt":"2026-04-08T15:55:31","slug":"molde-de-bloco-de-kettlebell-revestido-a-cpu","status":"publish","type":"product","link":"https:\/\/alexathletics1982.com\/pt\/cpu-coated-kettlebell-block-mould\/","title":{"rendered":"Kettlebell revestido a CPU (molde de bloco)"},"content":{"rendered":"<h2>O Swing Indestrut\u00edvel: Kettlebell revestido a CPU<\/h2>\n<p>Os kettlebells s\u00e3o frequentemente deixados cair, balan\u00e7ados e batidos contra os antebra\u00e7os, tornando a durabilidade e o acabamento cr\u00edticos. O CPU Coated Kettlebell da Alex Athletics utiliza poliuretano fundido (CPU) para criar o kettlebell mais robusto do mercado. Ao contr\u00e1rio do ferro fundido, que pode lascar ou enferrujar, ou do vinil, que pode rachar, o CPU fornece uma armadura dura e resistente a impactos que protege o sino e o seu ch\u00e3o. Absorve os choques e \u00e9 silencioso, eliminando o ru\u00eddo do metal contra metal. A constru\u00e7\u00e3o em molde de bloco garante uma forma consistente e equilibrada com um fundo plano para estabilidade durante as filas renegadas e o armazenamento.<\/p>\n<p>\u00c9 na pega que este kettlebell brilha verdadeiramente. Possui uma pega em a\u00e7o s\u00f3lido com um acabamento em cr\u00f3mio duro. Esta superf\u00edcie lisa e polida \u00e9 essencial para movimentos bal\u00edsticos de alta repeti\u00e7\u00e3o, como arrancadas e limpezas. Um punho \u00e1spero rasga as m\u00e3os \u00e0 medida que roda; o cromado liso permite que o punho rode livremente dentro do seu punho sem fric\u00e7\u00e3o, poupando a sua pele e melhorando a resist\u00eancia. O di\u00e2metro da pega (Dia. 34mm) \u00e9 optimizado para a for\u00e7a de preens\u00e3o sem ser demasiado grosso. Desde o peso inicial de 8 kg at\u00e9 ao peso pesado de 32 kg, este kettlebell combina a durabilidade do uretano industrial com a sensa\u00e7\u00e3o premium de uma pega de competi\u00e7\u00e3o.<\/p>\n<h3>1. Revestimento da CPU resistente a impactos<\/h3>\n<p>O poliuretano fundido \u00e9 o revestimento mais resistente dispon\u00edvel. Protege o n\u00facleo do sino contra ferrugem e danos. Mais importante ainda, protege o ambiente de treino. Se deixar cair esta campainha numa plataforma de madeira ou num ch\u00e3o de ladrilhos, a CPU absorve grande parte do impacto, evitando lascas e fissuras no substrato. \u00c9 inodoro e mant\u00e9m a sua cor indefinidamente.<\/p>\n<h3>2. Pega lisa em cr\u00f3mio duro<\/h3>\n<p>O treino com kettlebell implica uma rota\u00e7\u00e3o din\u00e2mica. A pega deve deslizar na m\u00e3o. O acabamento Hard Chrome \u00e9 ultra-suave e resistente \u00e0 ferrugem. Evita as queimaduras por fric\u00e7\u00e3o e calosidades causadas por pegas de ferro fundido rugosas (muitas vezes chamadas pegas \u201cosso de c\u00e3o\u201d). Este acabamento permite transi\u00e7\u00f5es fluidas e contagens de repeti\u00e7\u00f5es mais elevadas com conforto.<\/p>\n<h3>3. Estabilidade do fundo plano<\/h3>\n<p>Uma base est\u00e1vel \u00e9 crucial para a seguran\u00e7a e a versatilidade. O design de fundo plano garante que o kettlebell fica perfeitamente na vertical quando guardado. Tamb\u00e9m permite exerc\u00edcios de ch\u00e3o com dois kettlebells, como flex\u00f5es e renegade rows, proporcionando uma base s\u00f3lida e n\u00e3o oscilante para o seu peso corporal.<\/p>\n<h3>4. Forma consistente de \u201cmolde de bloco<\/h3>\n<p>O processo de fabrico garante uniformidade. A forma do sino \u00e9 consistente em todos os pesos (embora o tamanho possa variar ligeiramente), proporcionando um centro de gravidade previs\u00edvel. A janela (espa\u00e7o entre o punho e a bola) \u00e9 dimensionada para acomodar confortavelmente o antebra\u00e7o na posi\u00e7\u00e3o de suporte sem pontos de press\u00e3o inc\u00f3modos.<\/p>\n<h3>5. Gama de pesos profissionais<\/h3>\n<p>Dispon\u00edvel de 8 kg a 32 kg, esta s\u00e9rie abrange a progress\u00e3o padr\u00e3o para o treino com kettlebell. Quer esteja a aprender o Turkish Get-Up ou a fazer balan\u00e7os pesados com as duas m\u00e3os, existe um incremento de peso que corresponde ao seu n\u00edvel de for\u00e7a. A durabilidade garante que o sino de 32 kg \u00e9 t\u00e3o seguro de largar como o de 8 kg.<\/p>\n<h3>A quem se destina?<\/h3>\n<ul style=\"list-style-position: inside; padding-left: 0;\">\n<li>Entusiastas do desporto com kettlebell e atletas de fitness funcional.<\/li>\n<li>Gin\u00e1sios comerciais que pretendem reduzir os danos no pavimento.<\/li>\n<li>Propriet\u00e1rios de gin\u00e1sios em casa que necessitam de equipamento silencioso e seguro.<\/li>\n<li>Levantadores que t\u00eam dificuldade em rasgar as m\u00e3os devido a pegas \u00e1speras.<\/li>\n<li>Qualquer pessoa que efectue levantamentos e balan\u00e7os de alta repeti\u00e7\u00e3o.<\/li>\n<\/ul>\n<h3>Especifica\u00e7\u00f5es do produto<\/h3>\n<table border=\"1\" width=\"100%\" cellspacing=\"0\" cellpadding=\"5\">\n<tbody>\n<tr>\n<td><strong>Modelo<\/strong><\/td>\n<td>W04BC001<\/td>\n<\/tr>\n<tr>\n<td><strong>Material<\/strong><\/td>\n<td>Revestimento da CPU, n\u00facleo de a\u00e7o<\/td>\n<\/tr>\n<tr>\n<td><strong>Pega<\/strong><\/td>\n<td>Cromo duro (Dia. 34mm)<\/td>\n<\/tr>\n<tr>\n<td><strong>Pesos<\/strong><\/td>\n<td>8, 10, 12, 16, 20, 24, 28, 32 kg<\/td>\n<\/tr>\n<tr>\n<td><strong>Carater\u00edstica<\/strong><\/td>\n<td>Rota\u00e7\u00e3o suave, prote\u00e7\u00e3o do pavimento<\/td>\n<\/tr>\n<\/tbody>\n<\/table>","protected":false},"excerpt":{"rendered":"<p>O Kettlebell CPU Coated da Alex Athletics alia a durabilidade suprema ao desempenho ergon\u00f3mico. Revestido com poliuretano fundido (CPU) para trabalhos pesados, resiste ao impacto, protege o ch\u00e3o e elimina a ferrugem. A carater\u00edstica de destaque \u00e9 a pega em cr\u00f3mio duro, que oferece uma superf\u00edcie lisa e sem fric\u00e7\u00e3o para uma rota\u00e7\u00e3o perfeita durante as arrancadas e os balan\u00e7os, evitando rasg\u00f5es nas m\u00e3os. Com um fundo plano est\u00e1vel e uma distribui\u00e7\u00e3o de peso equilibrada, \u00e9 a ferramenta ideal para o treino funcional, durabilidade e conforto.<\/p>","protected":false},"featured_media":3480,"comment_status":"open","ping_status":"closed","template":"","meta":{"inline_featured_image":false,"site-sidebar-layout":"default","site-content-layout":"","ast-site-content-layout":"default","site-content-style":"default","site-sidebar-style":"default","ast-global-header-display":"","ast-banner-title-visibility":"","ast-main-header-display":"","ast-hfb-above-header-display":"","ast-hfb-below-header-display":"","ast-hfb-mobile-header-display":"","site-post-title":"","ast-breadcrumbs-content":"","ast-featured-img":"","footer-sml-layout":"","ast-disable-related-posts":"","theme-transparent-header-meta":"default","adv-header-id-meta":"","stick-header-meta":"default","header-above-stick-meta":"","header-main-stick-meta":"","header-below-stick-meta":"","astra-migrate-meta-layouts":"set","ast-page-background-enabled":"default","ast-page-background-meta":{"desktop":{"background-color":"","background-image":"","background-repeat":"repeat","background-position":"center center","background-size":"auto","background-attachment":"scroll","background-type":"","background-media":"","overlay-type":"","overlay-color":"","overlay-opacity":"","overlay-gradient":""},"tablet":{"background-color":"","background-image":"","background-repeat":"repeat","background-position":"center center","background-size":"auto","background-attachment":"scroll","background-type":"","background-media":"","overlay-type":"","overlay-color":"","overlay-opacity":"","overlay-gradient":""},"mobile":{"background-color":"","background-image":"","background-repeat":"repeat","background-position":"center center","background-size":"auto","background-attachment":"scroll","background-type":"","background-media":"","overlay-type":"","overlay-color":"","overlay-opacity":"","overlay-gradient":""}},"ast-content-background-meta":{"desktop":{"background-color":"var(--ast-global-color-5)","background-image":"","background-repeat":"repeat","background-position":"center center","background-size":"auto","background-attachment":"scroll","background-type":"","background-media":"","overlay-type":"","overlay-color":"","overlay-opacity":"","overlay-gradient":""},"tablet":{"background-color":"var(--ast-global-color-5)","background-image":"","background-repeat":"repeat","background-position":"center center","background-size":"auto","background-attachment":"scroll","background-type":"","background-media":"","overlay-type":"","overlay-color":"","overlay-opacity":"","overlay-gradient":""},"mobile":{"background-color":"var(--ast-global-color-5)","background-image":"","background-repeat":"repeat","background-position":"center center","background-size":"auto","background-attachment":"scroll","background-type":"","background-media":"","overlay-type":"","overlay-color":"","overlay-opacity":"","overlay-gradient":""}}},"product_brand":[],"product_cat":[55],"product_tag":[61],"class_list":{"0":"post-2930","1":"product","2":"type-product","3":"status-publish","4":"has-post-thumbnail","6":"product_cat-free-weight-training","7":"product_tag-kettlebell","8":"desktop-align-left","9":"tablet-align-left","10":"mobile-align-left","12":"first","13":"instock","14":"shipping-taxable","15":"purchasable","16":"product-type-simple"},"_links":{"self":[{"href":"https:\/\/alexathletics1982.com\/pt\/wp-json\/wp\/v2\/product\/2930","targetHints":{"allow":["GET"]}}],"collection":[{"href":"https:\/\/alexathletics1982.com\/pt\/wp-json\/wp\/v2\/product"}],"about":[{"href":"https:\/\/alexathletics1982.com\/pt\/wp-json\/wp\/v2\/types\/product"}],"replies":[{"embeddable":true,"href":"https:\/\/alexathletics1982.com\/pt\/wp-json\/wp\/v2\/comments?post=2930"}],"wp:featuredmedia":[{"embeddable":true,"href":"https:\/\/alexathletics1982.com\/pt\/wp-json\/wp\/v2\/media\/3480"}],"wp:attachment":[{"href":"https:\/\/alexathletics1982.com\/pt\/wp-json\/wp\/v2\/media?parent=2930"}],"wp:term":[{"taxonomy":"product_brand","embeddable":true,"href":"https:\/\/alexathletics1982.com\/pt\/wp-json\/wp\/v2\/product_brand?post=2930"},{"taxonomy":"product_cat","embeddable":true,"href":"https:\/\/alexathletics1982.com\/pt\/wp-json\/wp\/v2\/product_cat?post=2930"},{"taxonomy":"product_tag","embeddable":true,"href":"https:\/\/alexathletics1982.com\/pt\/wp-json\/wp\/v2\/product_tag?post=2930"}],"curies":[{"name":"wp","href":"https:\/\/api.w.org\/{rel}","templated":true}]}}