{"id":2933,"date":"2026-01-23T20:20:40","date_gmt":"2026-01-23T12:20:40","guid":{"rendered":"https:\/\/alexathletics1982.com\/?post_type=product&#038;p=2933"},"modified":"2026-04-08T23:37:23","modified_gmt":"2026-04-08T15:37:23","slug":"haltere-de-borracha-c3","status":"publish","type":"product","link":"https:\/\/alexathletics1982.com\/pt\/rubber-dumbbell-c3\/","title":{"rendered":"Haltere de borracha-C3"},"content":{"rendered":"<h2>O cavalo de batalha profissional: Haltere fixo de borracha comercial (C3)<\/h2>\n<p>O Rubber Dumbbell-C3 da Alex Athletics \u00e9 a defini\u00e7\u00e3o de um cavalo de batalha comercial. Concebidos para os rigores das salas de pesos pesados, estes halteres fixos possuem cabe\u00e7as s\u00f3lidas em ferro fundido revestidas com borracha espessa de alta qualidade. Esta armadura de borracha \u00e9 essencial para reduzir o ru\u00eddo e proteger o ch\u00e3o em ambientes de gin\u00e1sio movimentados, onde os pesos s\u00e3o frequentemente deixados cair. Ao contr\u00e1rio dos halteres hexagonais, a s\u00e9rie C3 apresenta normalmente um design cl\u00e1ssico de cabe\u00e7a redonda (ou forma de estilo profissional), que proporciona uma sensa\u00e7\u00e3o de equil\u00edbrio e evita as arestas vivas que podem dificultar a coloca\u00e7\u00e3o de pesos. Foram concebidos para serem usados, dia ap\u00f3s dia, por centenas de membros.<\/p>\n<p>A pega \u00e9 o principal ponto de contacto e a C3 oferece-lhe uma haste s\u00f3lida em a\u00e7o cromado. O serrilhado foi concebido para uma textura \u201cm\u00e9dia\u201d - suficientemente agressiva para aguentar uma remada de 50 kg sem correias, mas suficientemente confort\u00e1vel para uma ondula\u00e7\u00e3o de 10 kg. As cabe\u00e7as s\u00e3o encaixadas por press\u00e3o e soldadas (ou fixadas mecanicamente) \u00e0 pega para garantir que nunca rodam ou se soltam, eliminando o \u201cchocalho\u201d que se encontra nos halteres profissionais mais baratos. Com uma gama de pesos abrangente de 2,5 kg a 50 kg, a s\u00e9rie C3 proporciona a progress\u00e3o gradual necess\u00e1ria para uma programa\u00e7\u00e3o de for\u00e7a s\u00e9ria. \u00c9 o padr\u00e3o para universidades, gin\u00e1sios militares e centros de fitness comerciais.<\/p>\n<h3>1. Borracha de absor\u00e7\u00e3o de impacto<\/h3>\n<p>O revestimento de borracha espessa foi concebido para aguentar uma pancada. Amortece o som do contacto metal-metal quando se levantam os pesos, mantendo o gin\u00e1sio mais silencioso. Tamb\u00e9m protege o pr\u00f3prio haltere de lascar e protege a prateleira e o ch\u00e3o de danos. \u00c9 uma carater\u00edstica necess\u00e1ria para qualquer espa\u00e7o de treino partilhado.<\/p>\n<h3>2. Design seguro da cabe\u00e7a fixa<\/h3>\n<p>Nada mata uma s\u00e9rie como um prato de halteres inst\u00e1vel. A s\u00e9rie C3 possui cabe\u00e7as que est\u00e3o permanentemente fixas \u00e0 pega. Quer sejam soldadas por fric\u00e7\u00e3o ou fixadas com pinos, o design garante a integridade estrutural. Pode fazer pullovers com halteres ou extens\u00f5es de tr\u00edceps com total confian\u00e7a de que o peso est\u00e1 seguro.<\/p>\n<h3>3. Pega serrilhada cromada<\/h3>\n<p>O acabamento cromado proporciona uma barreira contra a ferrugem das m\u00e3os suadas. O padr\u00e3o serrilhado \u00e9 consistente em todo o conjunto, proporcionando uma ader\u00eancia familiar e segura. O di\u00e2metro do punho \u00e9 normalmente proporcional ao peso, proporcionando uma pega mais espessa e mais confort\u00e1vel para sinos mais pesados, distribuindo a carga pela palma da m\u00e3o.<\/p>\n<h3>4. Gama de pesos comerciais (50 kg)<\/h3>\n<p>Uma extremidade superior de 50 kg significa que este conjunto est\u00e1 pronto para os levantadores s\u00e9rios. Acomoda prensas pesadas para o peito, remadas e lunges. Ter uma s\u00e9rie completa de pesos permite fazer drop sets, supersets e uma sobrecarga progressiva adequada para todos os grupos musculares.<\/p>\n<h3>5. Est\u00e9tica cl\u00e1ssica de estilo profissional<\/h3>\n<p>A combina\u00e7\u00e3o de borracha preta e cromado \u00e9 o \u201clook de gin\u00e1sio\u201d intemporal. Tem um aspeto profissional e esconde bem a sujidade e o p\u00f3 de giz. Enquadra-se perfeitamente em qualquer design de gin\u00e1sio, desde as masmorras de muscula\u00e7\u00e3o at\u00e9 aos centros de bem-estar empresariais.<\/p>\n<h3>A quem se destina?<\/h3>\n<ul style=\"list-style-position: inside; padding-left: 0;\">\n<li>Gin\u00e1sios e health clubs comerciais.<\/li>\n<li>Salas de muscula\u00e7\u00e3o da universidade e do liceu.<\/li>\n<li>Os culturistas que necessitam de halteres fixos pesados.<\/li>\n<li>Os gin\u00e1sios dom\u00e9sticos que pretendem uma configura\u00e7\u00e3o profissional \u201cfull rack\u201d.<\/li>\n<li>Formadores que necessitam de equipamento fi\u00e1vel e sem manuten\u00e7\u00e3o.<\/li>\n<\/ul>\n<h3>Especifica\u00e7\u00f5es do produto<\/h3>\n<table border=\"1\" width=\"100%\" cellspacing=\"0\" cellpadding=\"5\">\n<tbody>\n<tr>\n<td><strong>Modelo<\/strong><\/td>\n<td>W03AB016<\/td>\n<\/tr>\n<tr>\n<td><strong>Material<\/strong><\/td>\n<td>Ferro fundido revestido a borracha<\/td>\n<\/tr>\n<tr>\n<td><strong>Pega<\/strong><\/td>\n<td>Cromado, serrilhado<\/td>\n<\/tr>\n<tr>\n<td><strong>Gama de pesos<\/strong><\/td>\n<td>2,5 ~ 50 kg<\/td>\n<\/tr>\n<tr>\n<td><strong>Carater\u00edstica<\/strong><\/td>\n<td>Redu\u00e7\u00e3o do ru\u00eddo, cabe\u00e7as fixas<\/td>\n<\/tr>\n<\/tbody>\n<\/table>","protected":false},"excerpt":{"rendered":"<p>O Haltere de Borracha-C3 da Alex Athletics \u00e9 o cavalo de batalha fi\u00e1vel para gin\u00e1sios comerciais. Com cabe\u00e7as de ferro s\u00f3lidas revestidas de borracha resistente, oferece uma redu\u00e7\u00e3o superior do ru\u00eddo e prote\u00e7\u00e3o do ch\u00e3o. A pega em a\u00e7o s\u00f3lido cromado com punho serrilhado garante uma fixa\u00e7\u00e3o segura e uma durabilidade duradoura. Com cabe\u00e7as fixas que n\u00e3o se soltam e uma gama de pesos at\u00e9 50 kg, proporciona a seguran\u00e7a e o desempenho necess\u00e1rios para salas de muscula\u00e7\u00e3o com muito movimento e treinos de for\u00e7a intensos.<\/p>","protected":false},"featured_media":3468,"comment_status":"open","ping_status":"closed","template":"","meta":{"inline_featured_image":false,"site-sidebar-layout":"default","site-content-layout":"","ast-site-content-layout":"default","site-content-style":"default","site-sidebar-style":"default","ast-global-header-display":"","ast-banner-title-visibility":"","ast-main-header-display":"","ast-hfb-above-header-display":"","ast-hfb-below-header-display":"","ast-hfb-mobile-header-display":"","site-post-title":"","ast-breadcrumbs-content":"","ast-featured-img":"","footer-sml-layout":"","ast-disable-related-posts":"","theme-transparent-header-meta":"default","adv-header-id-meta":"","stick-header-meta":"default","header-above-stick-meta":"","header-main-stick-meta":"","header-below-stick-meta":"","astra-migrate-meta-layouts":"set","ast-page-background-enabled":"default","ast-page-background-meta":{"desktop":{"background-color":"","background-image":"","background-repeat":"repeat","background-position":"center center","background-size":"auto","background-attachment":"scroll","background-type":"","background-media":"","overlay-type":"","overlay-color":"","overlay-opacity":"","overlay-gradient":""},"tablet":{"background-color":"","background-image":"","background-repeat":"repeat","background-position":"center center","background-size":"auto","background-attachment":"scroll","background-type":"","background-media":"","overlay-type":"","overlay-color":"","overlay-opacity":"","overlay-gradient":""},"mobile":{"background-color":"","background-image":"","background-repeat":"repeat","background-position":"center center","background-size":"auto","background-attachment":"scroll","background-type":"","background-media":"","overlay-type":"","overlay-color":"","overlay-opacity":"","overlay-gradient":""}},"ast-content-background-meta":{"desktop":{"background-color":"var(--ast-global-color-5)","background-image":"","background-repeat":"repeat","background-position":"center center","background-size":"auto","background-attachment":"scroll","background-type":"","background-media":"","overlay-type":"","overlay-color":"","overlay-opacity":"","overlay-gradient":""},"tablet":{"background-color":"var(--ast-global-color-5)","background-image":"","background-repeat":"repeat","background-position":"center center","background-size":"auto","background-attachment":"scroll","background-type":"","background-media":"","overlay-type":"","overlay-color":"","overlay-opacity":"","overlay-gradient":""},"mobile":{"background-color":"var(--ast-global-color-5)","background-image":"","background-repeat":"repeat","background-position":"center center","background-size":"auto","background-attachment":"scroll","background-type":"","background-media":"","overlay-type":"","overlay-color":"","overlay-opacity":"","overlay-gradient":""}}},"product_brand":[],"product_cat":[55],"product_tag":[60],"class_list":{"0":"post-2933","1":"product","2":"type-product","3":"status-publish","4":"has-post-thumbnail","6":"product_cat-free-weight-training","7":"product_tag-dumbbell","8":"desktop-align-left","9":"tablet-align-left","10":"mobile-align-left","12":"first","13":"instock","14":"shipping-taxable","15":"purchasable","16":"product-type-simple"},"_links":{"self":[{"href":"https:\/\/alexathletics1982.com\/pt\/wp-json\/wp\/v2\/product\/2933","targetHints":{"allow":["GET"]}}],"collection":[{"href":"https:\/\/alexathletics1982.com\/pt\/wp-json\/wp\/v2\/product"}],"about":[{"href":"https:\/\/alexathletics1982.com\/pt\/wp-json\/wp\/v2\/types\/product"}],"replies":[{"embeddable":true,"href":"https:\/\/alexathletics1982.com\/pt\/wp-json\/wp\/v2\/comments?post=2933"}],"wp:featuredmedia":[{"embeddable":true,"href":"https:\/\/alexathletics1982.com\/pt\/wp-json\/wp\/v2\/media\/3468"}],"wp:attachment":[{"href":"https:\/\/alexathletics1982.com\/pt\/wp-json\/wp\/v2\/media?parent=2933"}],"wp:term":[{"taxonomy":"product_brand","embeddable":true,"href":"https:\/\/alexathletics1982.com\/pt\/wp-json\/wp\/v2\/product_brand?post=2933"},{"taxonomy":"product_cat","embeddable":true,"href":"https:\/\/alexathletics1982.com\/pt\/wp-json\/wp\/v2\/product_cat?post=2933"},{"taxonomy":"product_tag","embeddable":true,"href":"https:\/\/alexathletics1982.com\/pt\/wp-json\/wp\/v2\/product_tag?post=2933"}],"curies":[{"name":"wp","href":"https:\/\/api.w.org\/{rel}","templated":true}]}}