{"id":2943,"date":"2026-01-23T20:20:40","date_gmt":"2026-01-23T12:20:40","guid":{"rendered":"https:\/\/alexathletics1982.com\/?post_type=product&#038;p=2943"},"modified":"2026-04-10T21:17:05","modified_gmt":"2026-04-10T13:17:05","slug":"dc-hex-kettlebell-t1","status":"publish","type":"product","link":"https:\/\/alexathletics1982.com\/pt\/dc-hex-kettlebell-t1\/","title":{"rendered":"DC-Hex Chaleira-T1"},"content":{"rendered":"<h2>O cl\u00e1ssico Hardstyle: Kettlebell de ferro fundido revestido a p\u00f3<\/h2>\n<p>Para o purista que exige a sensa\u00e7\u00e3o tradicional do ferro, o DC-Hex Kettlebell-T1 (muitas vezes referido simplesmente como um Kettlebell de ferro fundido revestido a p\u00f3) \u00e9 o padr\u00e3o. Esta campainha retira a borracha e o pl\u00e1stico para revelar uma ferramenta robusta e funcional constru\u00edda para o treino \u201cHardstyle\u201d. Constru\u00eddo a partir de ferro fundido s\u00f3lido com uma pega soldada de uma s\u00f3 pe\u00e7a (assegurando a integridade estrutural consistente com uma utiliza\u00e7\u00e3o pesada), \u00e9 acabado com um revestimento em p\u00f3 preto de primeira qualidade. Esta textura \u00e9 o padr\u00e3o de ouro para os kettlebells; proporciona uma superf\u00edcie mate e arenosa que mant\u00e9m o giz excecionalmente bem. Ao contr\u00e1rio dos acabamentos em esmalte ou ep\u00f3xi, o revestimento em p\u00f3 garante que a pega se mant\u00e9m aderente mesmo quando as suas m\u00e3os est\u00e3o a pingar de suor, o que \u00e9 fundamental para a seguran\u00e7a durante os balan\u00e7os e arranques pesados.<\/p>\n<p>O design apresenta um fundo largo e plano que proporciona uma estabilidade superior para exerc\u00edcios no ch\u00e3o, como as remadas renegadas e as paradas de m\u00e3o. A geometria da pega est\u00e1 optimizada para a versatilidade; \u00e9 suficientemente larga para acomodar duas m\u00e3os para os balan\u00e7os, mas tem uma forma que lhe permite sentar-se confortavelmente na posi\u00e7\u00e3o de suporte sem pressionar os ossos do pulso. Com uma gama de pesos que se estende at\u00e9 36 kg, este kettlebell \u00e9 uma ferramenta s\u00e9ria para desenvolver a pot\u00eancia explosiva, a for\u00e7a de preens\u00e3o e o condicionamento metab\u00f3lico.<\/p>\n<h3>1. Punho revestido a p\u00f3 de alta qualidade<\/h3>\n<p>O acabamento \u00e9 a carater\u00edstica mais importante. O revestimento em p\u00f3 cria uma textura que \u00e9 superior ao ferro em bruto ou \u00e0 pintura brilhante. Oferece uma fric\u00e7\u00e3o natural que se sente segura na m\u00e3o. Absorve o giz na perfei\u00e7\u00e3o, permitindo uma ader\u00eancia \u201cbloqueada\u201d que n\u00e3o escorrega, essencial para movimentos bal\u00edsticos de alta repeti\u00e7\u00e3o.<\/p>\n<h3>2. Pega larga e ergon\u00f3mica<\/h3>\n<p>A pega foi concebida para ser funcional. Cria espa\u00e7o suficiente para que ambas as m\u00e3os possam agarrar confortavelmente durante os balan\u00e7os com duas m\u00e3os, mas a janela \u00e9 suficientemente apertada para evitar que o sino bata excessivamente no antebra\u00e7o na posi\u00e7\u00e3o acima da cabe\u00e7a. A espessura da pega \u00e9 equilibrada para desafiar a for\u00e7a de preens\u00e3o sem ser incontrol\u00e1vel.<\/p>\n<h3>3. Base plana e est\u00e1vel<\/h3>\n<p>Um fundo plano maquinado garante que o kettlebell fica perfeitamente plano. N\u00e3o h\u00e1 oscila\u00e7\u00f5es. Isto \u00e9 vital para a seguran\u00e7a durante o armazenamento e torna o sino numa plataforma est\u00e1vel para exerc\u00edcios de peso corporal como flex\u00f5es e remadas. Transforma o kettlebell numa paralela.<\/p>\n<h3>4. Durabilidade resistente \u00e0 ferrugem<\/h3>\n<p>O revestimento em p\u00f3 \u00e9 cozido no ferro, criando um revestimento duro e duradouro. Resiste muito melhor \u00e0s lascas e aos riscos do que a tinta normal. Protege o n\u00facleo de ferro da humidade e da oxida\u00e7\u00e3o, garantindo que a campainha dura d\u00e9cadas, mesmo em ambientes de garagem.<\/p>\n<h3>5. Gama de pesos pesados<\/h3>\n<p>Dispon\u00edvel at\u00e9 36 kg, esta s\u00e9rie destina-se a atletas fortes. A densidade do ferro fundido mant\u00e9m o tamanho f\u00edsico do sino control\u00e1vel mesmo com pesos pesados, mantendo o centro de gravidade perto do corpo para uma melhor biomec\u00e2nica.<\/p>\n<h3>A quem se destina?<\/h3>\n<ul style=\"list-style-position: inside; padding-left: 0;\">\n<li>Levantadores que utilizam giz e necessitam de uma ader\u00eancia superior.<\/li>\n<li>Os propriet\u00e1rios de gin\u00e1sios em casa que pretendem uma ferramenta cl\u00e1ssica e indestrut\u00edvel.<\/li>\n<li>Atletas que executam remadas renegadas.<\/li>\n<li>Qualquer pessoa que deseje a sensa\u00e7\u00e3o tradicional do \u201cferro\u201d.<\/li>\n<\/ul>\n<h3>Especifica\u00e7\u00f5es do produto<\/h3>\n<table border=\"1\" width=\"100%\" cellspacing=\"0\" cellpadding=\"5\">\n<tbody>\n<tr>\n<td><strong>Modelo<\/strong><\/td>\n<td>W04AE010<\/td>\n<\/tr>\n<tr>\n<td><strong>Material<\/strong><\/td>\n<td>Ferro fundido<\/td>\n<\/tr>\n<tr>\n<td><strong>Acabamento<\/strong><\/td>\n<td>Revestimento em p\u00f3 preto<\/td>\n<\/tr>\n<tr>\n<td><strong>Pega<\/strong><\/td>\n<td>Pe\u00e7a \u00fanica soldada \/ integrada<\/td>\n<\/tr>\n<tr>\n<td><strong>Pesos<\/strong><\/td>\n<td>4 ~ 36 kg<\/td>\n<\/tr>\n<\/tbody>\n<\/table>","protected":false},"excerpt":{"rendered":"<p>O DC-Hex Kettlebell-T1 da Alex Athletics \u00e9 a escolha cl\u00e1ssica para um treino de for\u00e7a s\u00e9rio. Com um corpo robusto em ferro fundido com um acabamento revestido a p\u00f3 preto de primeira qualidade, oferece uma ader\u00eancia superior e reten\u00e7\u00e3o de giz para balan\u00e7os e arranques pesados. A pega larga permite movimentos com as duas m\u00e3os, enquanto o fundo plano maquinado garante estabilidade para exerc\u00edcios no ch\u00e3o e armazenamento. Dur\u00e1vel, resistente \u00e0 ferrugem e funcional.<\/p>","protected":false},"featured_media":3343,"comment_status":"open","ping_status":"closed","template":"","meta":{"inline_featured_image":false,"site-sidebar-layout":"default","site-content-layout":"","ast-site-content-layout":"default","site-content-style":"default","site-sidebar-style":"default","ast-global-header-display":"","ast-banner-title-visibility":"","ast-main-header-display":"","ast-hfb-above-header-display":"","ast-hfb-below-header-display":"","ast-hfb-mobile-header-display":"","site-post-title":"","ast-breadcrumbs-content":"","ast-featured-img":"","footer-sml-layout":"","ast-disable-related-posts":"","theme-transparent-header-meta":"default","adv-header-id-meta":"","stick-header-meta":"default","header-above-stick-meta":"","header-main-stick-meta":"","header-below-stick-meta":"","astra-migrate-meta-layouts":"set","ast-page-background-enabled":"default","ast-page-background-meta":{"desktop":{"background-color":"","background-image":"","background-repeat":"repeat","background-position":"center center","background-size":"auto","background-attachment":"scroll","background-type":"","background-media":"","overlay-type":"","overlay-color":"","overlay-opacity":"","overlay-gradient":""},"tablet":{"background-color":"","background-image":"","background-repeat":"repeat","background-position":"center center","background-size":"auto","background-attachment":"scroll","background-type":"","background-media":"","overlay-type":"","overlay-color":"","overlay-opacity":"","overlay-gradient":""},"mobile":{"background-color":"","background-image":"","background-repeat":"repeat","background-position":"center center","background-size":"auto","background-attachment":"scroll","background-type":"","background-media":"","overlay-type":"","overlay-color":"","overlay-opacity":"","overlay-gradient":""}},"ast-content-background-meta":{"desktop":{"background-color":"var(--ast-global-color-5)","background-image":"","background-repeat":"repeat","background-position":"center center","background-size":"auto","background-attachment":"scroll","background-type":"","background-media":"","overlay-type":"","overlay-color":"","overlay-opacity":"","overlay-gradient":""},"tablet":{"background-color":"var(--ast-global-color-5)","background-image":"","background-repeat":"repeat","background-position":"center center","background-size":"auto","background-attachment":"scroll","background-type":"","background-media":"","overlay-type":"","overlay-color":"","overlay-opacity":"","overlay-gradient":""},"mobile":{"background-color":"var(--ast-global-color-5)","background-image":"","background-repeat":"repeat","background-position":"center center","background-size":"auto","background-attachment":"scroll","background-type":"","background-media":"","overlay-type":"","overlay-color":"","overlay-opacity":"","overlay-gradient":""}}},"product_brand":[],"product_cat":[55],"product_tag":[61],"class_list":{"0":"post-2943","1":"product","2":"type-product","3":"status-publish","4":"has-post-thumbnail","6":"product_cat-free-weight-training","7":"product_tag-kettlebell","8":"desktop-align-left","9":"tablet-align-left","10":"mobile-align-left","12":"first","13":"instock","14":"shipping-taxable","15":"purchasable","16":"product-type-simple"},"_links":{"self":[{"href":"https:\/\/alexathletics1982.com\/pt\/wp-json\/wp\/v2\/product\/2943","targetHints":{"allow":["GET"]}}],"collection":[{"href":"https:\/\/alexathletics1982.com\/pt\/wp-json\/wp\/v2\/product"}],"about":[{"href":"https:\/\/alexathletics1982.com\/pt\/wp-json\/wp\/v2\/types\/product"}],"replies":[{"embeddable":true,"href":"https:\/\/alexathletics1982.com\/pt\/wp-json\/wp\/v2\/comments?post=2943"}],"wp:featuredmedia":[{"embeddable":true,"href":"https:\/\/alexathletics1982.com\/pt\/wp-json\/wp\/v2\/media\/3343"}],"wp:attachment":[{"href":"https:\/\/alexathletics1982.com\/pt\/wp-json\/wp\/v2\/media?parent=2943"}],"wp:term":[{"taxonomy":"product_brand","embeddable":true,"href":"https:\/\/alexathletics1982.com\/pt\/wp-json\/wp\/v2\/product_brand?post=2943"},{"taxonomy":"product_cat","embeddable":true,"href":"https:\/\/alexathletics1982.com\/pt\/wp-json\/wp\/v2\/product_cat?post=2943"},{"taxonomy":"product_tag","embeddable":true,"href":"https:\/\/alexathletics1982.com\/pt\/wp-json\/wp\/v2\/product_tag?post=2943"}],"curies":[{"name":"wp","href":"https:\/\/api.w.org\/{rel}","templated":true}]}}