{"id":2965,"date":"2026-01-23T20:21:02","date_gmt":"2026-01-23T12:21:02","guid":{"rendered":"https:\/\/alexathletics1982.com\/?post_type=product&#038;p=2965"},"modified":"2026-04-08T11:09:35","modified_gmt":"2026-04-08T03:09:35","slug":"meia-prateleira","status":"publish","type":"product","link":"https:\/\/alexathletics1982.com\/pt\/half-rack\/","title":{"rendered":"Meia prateleira"},"content":{"rendered":"<h2>O mais pesado: Meia-esquadria comercial<\/h2>\n<p>A Half Rack da Alex Athletics \u00e9 a pe\u00e7a central de uma instala\u00e7\u00e3o de treino de for\u00e7a s\u00e9ria. Fazendo a ponte entre uma gaiola de pot\u00eancia total e um suporte de agachamento, oferece a estabilidade e seguran\u00e7a de uma gaiola com a pegada de acesso livre de um suporte. Constru\u00edda a partir de tubos de a\u00e7o quadrados maci\u00e7os de 75 x 75 mm com uma espessura de parede de 3 mm, esta estante \u00e9 constru\u00edda como um tanque. Possui uma capacidade de carga impressionante de 800 kg, o que significa que suporta qualquer peso que um ser humano possa levantar - e mais alguns. O design \u201cHalf Rack\u201d apresenta uma frente aberta, que \u00e9 ideal para movimentos de eleva\u00e7\u00e3o ol\u00edmpica (como a prensa a\u00e9rea) que requerem espa\u00e7o vertical, ao mesmo tempo que proporciona um compartimento seguro para agachamentos e supinos.<\/p>\n<p>A funcionalidade \u00e9 maximizada com acess\u00f3rios de qualidade superior. A prateleira \u00e9 fornecida de s\u00e9rie com ganchos em J de qualidade comercial e bra\u00e7os de seguran\u00e7a. Estes s\u00e3o revestidos com juntas de HDPE para proteger o serrilhado da barra do contacto metal-metal, preservando o seu investimento. Ambos os acess\u00f3rios possuem um mecanismo de liberta\u00e7\u00e3o r\u00e1pida com numera\u00e7\u00e3o cortada a laser nos montantes, tornando os ajustes de altura r\u00e1pidos e precisos. A parte de tr\u00e1s da estante est\u00e1 equipada com 8 chifres de armazenamento de placas, permitindo-lhe armazenar toneladas de peso ao mesmo tempo que adiciona mais estabilidade \u00e0 unidade. Com uma barra de pull-up integrada e capacidade para cavilhas de banda, a Alex Half Rack \u00e9 uma esta\u00e7\u00e3o de n\u00edvel profissional para powerlifters, atletas e propriet\u00e1rios de gin\u00e1sios dom\u00e9sticos s\u00e9rios.<\/p>\n<h3>1. Enorme capacidade de carga de 800 kg<\/h3>\n<p>Esta n\u00e3o \u00e9 uma estante econ\u00f3mica. A estrutura de a\u00e7o de 75x75x3mm \u00e9 de qualidade industrial. Proporciona uma rigidez absoluta - sem oscila\u00e7\u00f5es ou aban\u00f5es quando faz um agachamento pesado. A classifica\u00e7\u00e3o de 800 kg garante que pode suportar cargas recorde a n\u00edvel mundial, proporcionando uma margem de seguran\u00e7a que inspira total confian\u00e7a.<\/p>\n<h3>2. Ganchos em J de liberta\u00e7\u00e3o r\u00e1pida e dispositivos de seguran\u00e7a<\/h3>\n<p>A rapidez e a facilidade de utiliza\u00e7\u00e3o s\u00e3o fundamentais. Os ganchos em J e os bra\u00e7os de seguran\u00e7a podem ser ajustados em segundos sem ferramentas. A numera\u00e7\u00e3o cortada a laser nos montantes significa que nunca ter\u00e1 de adivinhar se a barra est\u00e1 nivelada. Os bra\u00e7os de seguran\u00e7a s\u00e3o suficientemente longos para apanhar um levantamento falhado, actuando como um observador fi\u00e1vel para o treino a solo.<\/p>\n<h3>3. Prote\u00e7\u00e3o da barra (HDPE)<\/h3>\n<p>A sua barra \u00e9 a ferramenta mais importante. Os pontos de contacto dos ganchos em J e dos dispositivos de seguran\u00e7a s\u00e3o revestidos com polietileno de alta densidade (HDPE). Esta camada de pl\u00e1stico absorve o impacto e evita que a serrilha afiada da sua barra seja achatada contra o a\u00e7o duro. Mant\u00e9m o aspeto e o desempenho da sua barra como novos.<\/p>\n<h3>4. Armazenamento integrado de placas<\/h3>\n<p>A estante possui 8 chifres de peso nos montantes traseiros. Este sistema de armazenamento mant\u00e9m as suas placas organizadas e fora do ch\u00e3o. Mais importante ainda, o peso das placas armazenadas fixa a estante ao ch\u00e3o, aumentando a sua estabilidade durante movimentos din\u00e2micos, como flex\u00f5es com kipping ou levantamento de pesos pesados.<\/p>\n<h3>5. Versatilidade da frente aberta<\/h3>\n<p>O design Half Rack oferece liberdade. Sem postes frontais para o bloquear, pode facilmente deslocar a barra para fazer lunges ou executar prensas suspensas sem bater no teto de uma gaiola. Permite a utiliza\u00e7\u00e3o de uma plataforma de eleva\u00e7\u00e3o diretamente em frente da prateleira para deadlifts e levantamentos ol\u00edmpicos.<\/p>\n<h3>A quem se destina?<\/h3>\n<ul style=\"list-style-position: inside; padding-left: 0;\">\n<li>Gin\u00e1sios de elite de Powerlifting e de halterofilismo.<\/li>\n<li>Os propriet\u00e1rios de gin\u00e1sios dom\u00e9sticos topo de gama querem o melhor.<\/li>\n<li>Equipas desportivas colegiais e profissionais.<\/li>\n<li>Os levantadores que treinam sozinhos e precisam de seguran\u00e7a fi\u00e1vel.<\/li>\n<li>As instala\u00e7\u00f5es d\u00e3o prioridade \u00e0 durabilidade do equipamento.<\/li>\n<\/ul>\n<h3>Especifica\u00e7\u00f5es do produto<\/h3>\n<table border=\"1\" width=\"100%\" cellspacing=\"0\" cellpadding=\"5\">\n<tbody>\n<tr>\n<td><strong>Modelo<\/strong><\/td>\n<td>W13AA029<\/td>\n<\/tr>\n<tr>\n<td><strong>Material<\/strong><\/td>\n<td>A\u00e7o (tubo de 75x75x3mm)<\/td>\n<\/tr>\n<tr>\n<td><strong>Capacidade de carga<\/strong><\/td>\n<td>800 kg<\/td>\n<\/tr>\n<tr>\n<td><strong>Dimens\u00f5es<\/strong><\/td>\n<td>C 1906 x L 1829 x A 2438 mm<\/td>\n<\/tr>\n<tr>\n<td><strong>Carater\u00edsticas<\/strong><\/td>\n<td>Revestimentos HDPE, armazenamento de placas, bra\u00e7os do observador<\/td>\n<\/tr>\n<\/tbody>\n<\/table>","protected":false},"excerpt":{"rendered":"<p>A Half Rack da Alex Athletics \u00e9 uma pot\u00eancia de n\u00edvel comercial para o levantamento de pesos pesados. Constru\u00edda com tubos de a\u00e7o maci\u00e7o de 75x75 mm, suporta uma carga imensa de 800 kg com estabilidade absoluta. Com ganchos em J de liberta\u00e7\u00e3o r\u00e1pida e bra\u00e7os de seguran\u00e7a revestidos a HDPE para proteger a sua barra, garante um treino a solo seguro. O design de frente aberta permite movimentos vers\u00e1teis, enquanto o armazenamento integrado de placas mant\u00e9m o seu gin\u00e1sio organizado. \u00c9 a derradeira esta\u00e7\u00e3o profissional para agachamentos, prensas e pull-ups.<\/p>","protected":false},"featured_media":3321,"comment_status":"open","ping_status":"closed","template":"","meta":{"inline_featured_image":false,"site-sidebar-layout":"default","site-content-layout":"","ast-site-content-layout":"default","site-content-style":"default","site-sidebar-style":"default","ast-global-header-display":"","ast-banner-title-visibility":"","ast-main-header-display":"","ast-hfb-above-header-display":"","ast-hfb-below-header-display":"","ast-hfb-mobile-header-display":"","site-post-title":"","ast-breadcrumbs-content":"","ast-featured-img":"","footer-sml-layout":"","ast-disable-related-posts":"","theme-transparent-header-meta":"default","adv-header-id-meta":"","stick-header-meta":"default","header-above-stick-meta":"","header-main-stick-meta":"","header-below-stick-meta":"","astra-migrate-meta-layouts":"set","ast-page-background-enabled":"default","ast-page-background-meta":{"desktop":{"background-color":"","background-image":"","background-repeat":"repeat","background-position":"center center","background-size":"auto","background-attachment":"scroll","background-type":"","background-media":"","overlay-type":"","overlay-color":"","overlay-opacity":"","overlay-gradient":""},"tablet":{"background-color":"","background-image":"","background-repeat":"repeat","background-position":"center center","background-size":"auto","background-attachment":"scroll","background-type":"","background-media":"","overlay-type":"","overlay-color":"","overlay-opacity":"","overlay-gradient":""},"mobile":{"background-color":"","background-image":"","background-repeat":"repeat","background-position":"center center","background-size":"auto","background-attachment":"scroll","background-type":"","background-media":"","overlay-type":"","overlay-color":"","overlay-opacity":"","overlay-gradient":""}},"ast-content-background-meta":{"desktop":{"background-color":"var(--ast-global-color-5)","background-image":"","background-repeat":"repeat","background-position":"center center","background-size":"auto","background-attachment":"scroll","background-type":"","background-media":"","overlay-type":"","overlay-color":"","overlay-opacity":"","overlay-gradient":""},"tablet":{"background-color":"var(--ast-global-color-5)","background-image":"","background-repeat":"repeat","background-position":"center center","background-size":"auto","background-attachment":"scroll","background-type":"","background-media":"","overlay-type":"","overlay-color":"","overlay-opacity":"","overlay-gradient":""},"mobile":{"background-color":"var(--ast-global-color-5)","background-image":"","background-repeat":"repeat","background-position":"center center","background-size":"auto","background-attachment":"scroll","background-type":"","background-media":"","overlay-type":"","overlay-color":"","overlay-opacity":"","overlay-gradient":""}}},"product_brand":[],"product_cat":[55],"product_tag":[63],"class_list":{"0":"post-2965","1":"product","2":"type-product","3":"status-publish","4":"has-post-thumbnail","6":"product_cat-free-weight-training","7":"product_tag-rack-storage","8":"desktop-align-left","9":"tablet-align-left","10":"mobile-align-left","12":"first","13":"instock","14":"shipping-taxable","15":"purchasable","16":"product-type-simple"},"_links":{"self":[{"href":"https:\/\/alexathletics1982.com\/pt\/wp-json\/wp\/v2\/product\/2965","targetHints":{"allow":["GET"]}}],"collection":[{"href":"https:\/\/alexathletics1982.com\/pt\/wp-json\/wp\/v2\/product"}],"about":[{"href":"https:\/\/alexathletics1982.com\/pt\/wp-json\/wp\/v2\/types\/product"}],"replies":[{"embeddable":true,"href":"https:\/\/alexathletics1982.com\/pt\/wp-json\/wp\/v2\/comments?post=2965"}],"wp:featuredmedia":[{"embeddable":true,"href":"https:\/\/alexathletics1982.com\/pt\/wp-json\/wp\/v2\/media\/3321"}],"wp:attachment":[{"href":"https:\/\/alexathletics1982.com\/pt\/wp-json\/wp\/v2\/media?parent=2965"}],"wp:term":[{"taxonomy":"product_brand","embeddable":true,"href":"https:\/\/alexathletics1982.com\/pt\/wp-json\/wp\/v2\/product_brand?post=2965"},{"taxonomy":"product_cat","embeddable":true,"href":"https:\/\/alexathletics1982.com\/pt\/wp-json\/wp\/v2\/product_cat?post=2965"},{"taxonomy":"product_tag","embeddable":true,"href":"https:\/\/alexathletics1982.com\/pt\/wp-json\/wp\/v2\/product_tag?post=2965"}],"curies":[{"name":"wp","href":"https:\/\/api.w.org\/{rel}","templated":true}]}}