{"id":3839,"date":"2026-04-10T21:07:43","date_gmt":"2026-04-10T13:07:43","guid":{"rendered":"https:\/\/alexathletics1982.com\/?post_type=product&#038;p=3839"},"modified":"2026-04-17T22:15:37","modified_gmt":"2026-04-17T14:15:37","slug":"power-strider-xc2","status":"publish","type":"product","link":"https:\/\/alexathletics1982.com\/pt\/power-strider-xc2\/","title":{"rendered":"Power Strider XC2"},"content":{"rendered":"<div class=\"ast-oembed-container\" style=\"height: 100%;\"><iframe title=\"POWER STRIDER XC2\" width=\"500\" height=\"281\" src=\"https:\/\/www.youtube.com\/embed\/zfenkYAfFfE?feature=oembed\" frameborder=\"0\" allow=\"accelerometer; autoplay; clipboard-write; encrypted-media; gyroscope; picture-in-picture; web-share\" referrerpolicy=\"strict-origin-when-cross-origin\" allowfullscreen><\/iframe><\/div>\n<h2><img fetchpriority=\"high\" decoding=\"async\" class=\"alignnone wp-image-3828 size-full\" src=\"https:\/\/alexathletics1982.com\/wp-content\/uploads\/2026\/04\/XC2_\u4fee_01.webp\" alt=\"\" width=\"1600\" height=\"1938\" title=\"\" srcset=\"https:\/\/alexathletics1982.com\/wp-content\/uploads\/2026\/04\/XC2_\u4fee_01.webp 1600w, https:\/\/alexathletics1982.com\/wp-content\/uploads\/2026\/04\/XC2_\u4fee_01-248x300.webp 248w, https:\/\/alexathletics1982.com\/wp-content\/uploads\/2026\/04\/XC2_\u4fee_01-845x1024.webp 845w, https:\/\/alexathletics1982.com\/wp-content\/uploads\/2026\/04\/XC2_\u4fee_01-768x930.webp 768w, https:\/\/alexathletics1982.com\/wp-content\/uploads\/2026\/04\/XC2_\u4fee_01-1268x1536.webp 1268w, https:\/\/alexathletics1982.com\/wp-content\/uploads\/2026\/04\/XC2_\u4fee_01-600x727.webp 600w\" sizes=\"(max-width: 1600px) 100vw, 1600px\" \/> <img decoding=\"async\" class=\"alignnone wp-image-3834 size-full\" src=\"https:\/\/alexathletics1982.com\/wp-content\/uploads\/2026\/04\/XC2_\u4fee_07.webp\" alt=\"\" width=\"1600\" height=\"979\" title=\"\" srcset=\"https:\/\/alexathletics1982.com\/wp-content\/uploads\/2026\/04\/XC2_\u4fee_07.webp 1600w, https:\/\/alexathletics1982.com\/wp-content\/uploads\/2026\/04\/XC2_\u4fee_07-300x184.webp 300w, https:\/\/alexathletics1982.com\/wp-content\/uploads\/2026\/04\/XC2_\u4fee_07-1024x627.webp 1024w, https:\/\/alexathletics1982.com\/wp-content\/uploads\/2026\/04\/XC2_\u4fee_07-768x470.webp 768w, https:\/\/alexathletics1982.com\/wp-content\/uploads\/2026\/04\/XC2_\u4fee_07-1536x940.webp 1536w, https:\/\/alexathletics1982.com\/wp-content\/uploads\/2026\/04\/XC2_\u4fee_07-600x367.webp 600w\" sizes=\"(max-width: 1600px) 100vw, 1600px\" \/> <img decoding=\"async\" class=\"alignnone wp-image-3833 size-full\" src=\"https:\/\/alexathletics1982.com\/wp-content\/uploads\/2026\/04\/XC2_\u4fee_06.webp\" alt=\"\" width=\"1600\" height=\"979\" title=\"\" srcset=\"https:\/\/alexathletics1982.com\/wp-content\/uploads\/2026\/04\/XC2_\u4fee_06.webp 1600w, https:\/\/alexathletics1982.com\/wp-content\/uploads\/2026\/04\/XC2_\u4fee_06-300x184.webp 300w, https:\/\/alexathletics1982.com\/wp-content\/uploads\/2026\/04\/XC2_\u4fee_06-1024x627.webp 1024w, https:\/\/alexathletics1982.com\/wp-content\/uploads\/2026\/04\/XC2_\u4fee_06-768x470.webp 768w, https:\/\/alexathletics1982.com\/wp-content\/uploads\/2026\/04\/XC2_\u4fee_06-1536x940.webp 1536w, https:\/\/alexathletics1982.com\/wp-content\/uploads\/2026\/04\/XC2_\u4fee_06-600x367.webp 600w\" sizes=\"(max-width: 1600px) 100vw, 1600px\" \/> <img loading=\"lazy\" decoding=\"async\" class=\"alignnone wp-image-3832 size-full\" src=\"https:\/\/alexathletics1982.com\/wp-content\/uploads\/2026\/04\/XC2_\u4fee_05.webp\" alt=\"\" width=\"1600\" height=\"1344\" title=\"\" srcset=\"https:\/\/alexathletics1982.com\/wp-content\/uploads\/2026\/04\/XC2_\u4fee_05.webp 1600w, https:\/\/alexathletics1982.com\/wp-content\/uploads\/2026\/04\/XC2_\u4fee_05-300x252.webp 300w, https:\/\/alexathletics1982.com\/wp-content\/uploads\/2026\/04\/XC2_\u4fee_05-1024x860.webp 1024w, https:\/\/alexathletics1982.com\/wp-content\/uploads\/2026\/04\/XC2_\u4fee_05-768x645.webp 768w, https:\/\/alexathletics1982.com\/wp-content\/uploads\/2026\/04\/XC2_\u4fee_05-1536x1290.webp 1536w, https:\/\/alexathletics1982.com\/wp-content\/uploads\/2026\/04\/XC2_\u4fee_05-600x504.webp 600w\" sizes=\"(max-width: 1600px) 100vw, 1600px\" \/> <img loading=\"lazy\" decoding=\"async\" class=\"alignnone wp-image-3831 size-full\" src=\"https:\/\/alexathletics1982.com\/wp-content\/uploads\/2026\/04\/XC2_\u4fee_04.webp\" alt=\"\" width=\"1600\" height=\"1104\" title=\"\" srcset=\"https:\/\/alexathletics1982.com\/wp-content\/uploads\/2026\/04\/XC2_\u4fee_04.webp 1600w, https:\/\/alexathletics1982.com\/wp-content\/uploads\/2026\/04\/XC2_\u4fee_04-300x207.webp 300w, https:\/\/alexathletics1982.com\/wp-content\/uploads\/2026\/04\/XC2_\u4fee_04-1024x707.webp 1024w, https:\/\/alexathletics1982.com\/wp-content\/uploads\/2026\/04\/XC2_\u4fee_04-768x530.webp 768w, https:\/\/alexathletics1982.com\/wp-content\/uploads\/2026\/04\/XC2_\u4fee_04-1536x1060.webp 1536w, https:\/\/alexathletics1982.com\/wp-content\/uploads\/2026\/04\/XC2_\u4fee_04-600x414.webp 600w\" sizes=\"(max-width: 1600px) 100vw, 1600px\" \/> <img loading=\"lazy\" decoding=\"async\" class=\"alignnone wp-image-3830 size-full\" src=\"https:\/\/alexathletics1982.com\/wp-content\/uploads\/2026\/04\/XC2_\u4fee_03.webp\" alt=\"\" width=\"1600\" height=\"1451\" title=\"\" srcset=\"https:\/\/alexathletics1982.com\/wp-content\/uploads\/2026\/04\/XC2_\u4fee_03.webp 1600w, https:\/\/alexathletics1982.com\/wp-content\/uploads\/2026\/04\/XC2_\u4fee_03-300x272.webp 300w, https:\/\/alexathletics1982.com\/wp-content\/uploads\/2026\/04\/XC2_\u4fee_03-1024x929.webp 1024w, https:\/\/alexathletics1982.com\/wp-content\/uploads\/2026\/04\/XC2_\u4fee_03-768x696.webp 768w, https:\/\/alexathletics1982.com\/wp-content\/uploads\/2026\/04\/XC2_\u4fee_03-1536x1393.webp 1536w, https:\/\/alexathletics1982.com\/wp-content\/uploads\/2026\/04\/XC2_\u4fee_03-600x544.webp 600w\" sizes=\"(max-width: 1600px) 100vw, 1600px\" \/> <img loading=\"lazy\" decoding=\"async\" class=\"alignnone wp-image-3829 size-full\" src=\"https:\/\/alexathletics1982.com\/wp-content\/uploads\/2026\/04\/XC2_\u4fee_02.webp\" alt=\"\" width=\"1600\" height=\"2012\" title=\"\" srcset=\"https:\/\/alexathletics1982.com\/wp-content\/uploads\/2026\/04\/XC2_\u4fee_02.webp 1600w, https:\/\/alexathletics1982.com\/wp-content\/uploads\/2026\/04\/XC2_\u4fee_02-239x300.webp 239w, https:\/\/alexathletics1982.com\/wp-content\/uploads\/2026\/04\/XC2_\u4fee_02-814x1024.webp 814w, https:\/\/alexathletics1982.com\/wp-content\/uploads\/2026\/04\/XC2_\u4fee_02-768x966.webp 768w, https:\/\/alexathletics1982.com\/wp-content\/uploads\/2026\/04\/XC2_\u4fee_02-1221x1536.webp 1221w, https:\/\/alexathletics1982.com\/wp-content\/uploads\/2026\/04\/XC2_\u4fee_02-600x755.webp 600w\" sizes=\"(max-width: 1600px) 100vw, 1600px\" \/><\/h2>\n<h2>Confian\u00e7a em movimento: Power Strider XC2<\/h2>\n<p>A Power Strider XC2 da Alexandave Industries Ltd \u00e9 uma passadeira revolucion\u00e1ria controlada por v\u00e1rios modos, concebida para combinar precis\u00e3o biomec\u00e2nica com versatilidade adaptativa. Concebida especificamente para atletas, fisioterapeutas e especialistas em reabilita\u00e7\u00e3o, proporciona um controlo sem precedentes sobre a mec\u00e2nica do movimento. Ao combinar propuls\u00e3o para a frente, controlo exc\u00eantrico inverso e um sistema avan\u00e7ado de suspens\u00e3o pneum\u00e1tica numa \u00fanica plataforma adapt\u00e1vel, a XC2 redefine as possibilidades de desempenho e treino de reabilita\u00e7\u00e3o em passadeira. Quer esteja a recuperar de uma cirurgia ou a treinar uma pot\u00eancia explosiva de elite, esta passadeira adapta-se exatamente \u00e0s necessidades cl\u00ednicas e atl\u00e9ticas do utilizador.<\/p>\n<p>A seguran\u00e7a e a acessibilidade est\u00e3o na vanguarda do design do XC2. Apresenta uma velocidade de arranque ultra baixa de 0,1 km\/h, permitindo um in\u00edcio de movimento suave e controlado que minimiza o risco de queda para doentes vulner\u00e1veis. A integra\u00e7\u00e3o de um arn\u00eas de suspens\u00e3o pneum\u00e1tica oferece at\u00e9 35 kg de redu\u00e7\u00e3o ajust\u00e1vel do peso corporal, reduzindo o stress nas articula\u00e7\u00f5es e melhorando a estabilidade da postura durante os movimentos multidireccionais. Com um cinto de corrida extra largo de 56 cm, corrim\u00e3os alargados e um design aberto para facilitar a acessibilidade do treinador, proporciona um ambiente seguro e inspirador de confian\u00e7a tanto para o paciente como para o profissional.<\/p>\n<h3>1. Sistema de acionamento multimodo<\/h3>\n<p>A XC2 n\u00e3o \u00e9 uma passadeira normal. Possui um sistema de acionamento bidirecional que permite a corrida aer\u00f3bica para a frente e o treino exc\u00eantrico para tr\u00e1s. O mais impressionante \u00e9 que inclui um modo PUSH dedicado que simula a propuls\u00e3o de tren\u00f3s pesados. Isto permite que os atletas desenvolvam a for\u00e7a e a acelera\u00e7\u00e3o explosivas da parte inferior do corpo em seguran\u00e7a no interior, sem necessitarem de uma pista de relva dedicada.<\/p>\n<h3>2. Forma\u00e7\u00e3o em suspens\u00e3o pneum\u00e1tica<\/h3>\n<p>O sistema de suspens\u00e3o pneum\u00e1tica integrado \u00e9 um divisor de \u00e1guas para reabilita\u00e7\u00e3o e condicionamento de alto desempenho. Ao descarregar at\u00e9 35 kg do peso corporal do utilizador, permite um controlo de movimento reativo e de baixo impacto. Isto permite a execu\u00e7\u00e3o segura de movimentos avan\u00e7ados, como a marcha retr\u00f3grada suspensa, passos de rea\u00e7\u00e3o exc\u00eantricos e saltos anti-gravidade, colmatando a lacuna entre a fisioterapia delicada e o desempenho desportivo din\u00e2mico.<\/p>\n<h3>3. Carater\u00edsticas de seguran\u00e7a de n\u00edvel cl\u00ednico<\/h3>\n<p>Um sistema de prote\u00e7\u00e3o ativa de duas camadas garante uma seguran\u00e7a absoluta em todos os modos de treino. Inclui um bot\u00e3o de paragem de emerg\u00eancia de resposta imediata e um sistema de clip de seguran\u00e7a amov\u00edvel que p\u00e1ra o cinto se o utilizador perder o equil\u00edbrio. Al\u00e9m disso, os corrim\u00f5es alargados e a arquitetura de lado aberto permitem que o pessoal cl\u00ednico entre e ajude no treino de marcha de forma simples e segura.<\/p>\n<h3>4. Ecr\u00e3 multidirecional e feedback<\/h3>\n<p>A consola est\u00e1 montada num ecr\u00e3 ajust\u00e1vel de m\u00faltiplos eixos, permitindo uma visualiza\u00e7\u00e3o f\u00e1cil e uma opera\u00e7\u00e3o sem problemas por parte de terapeutas ou pessoal cl\u00ednico que se encontrem ao lado da m\u00e1quina, em vez de se aproximarem do doente. Os sensores de ritmo card\u00edaco baseados no contacto integrados nos punhos frontais fornecem feedback fisiol\u00f3gico em tempo real, permitindo uma gest\u00e3o precisa da intensidade durante os protocolos cardiovasculares ou de recupera\u00e7\u00e3o.<\/p>\n<h3>5. 6\u00b0 de inclina\u00e7\u00e3o e superf\u00edcie de passada larga<\/h3>\n<p>A passadeira oferece uma inclina\u00e7\u00e3o graduada de 6\u00b0 (aprox. 10,5%) para condicionamento de resist\u00eancia em subida e desenvolvimento de for\u00e7a. O generoso tapete de corrida de 56 cm de largura assegura uma estabilidade e liberdade de passada \u00f3ptimas, acomodando a marcha inst\u00e1vel e larga de um doente de reabilita\u00e7\u00e3o t\u00e3o facilmente como a passada poderosa e alongada de um atleta de corrida.<\/p>\n<h3>A quem se destina?<\/h3>\n<ul style=\"list-style-position: inside; padding-left: 0;\">\n<li>Cl\u00ednicas de fisioterapia e centros de reabilita\u00e7\u00e3o cl\u00ednica.<\/li>\n<li>Instala\u00e7\u00f5es de desempenho desportivo de elite que treinam a pot\u00eancia explosiva e a velocidade.<\/li>\n<li>Idosos que necessitam de uma caminhada segura, de baixo impacto e suportada pelo peso do corpo.<\/li>\n<li>Atletas que necessitam de um treino exc\u00eantrico (para tr\u00e1s) e de empurrar o tren\u00f3.<\/li>\n<li>Hospitais que exigem velocidades de arranque ultra-baixas para recupera\u00e7\u00e3o neurol\u00f3gica ou p\u00f3s-operat\u00f3ria.<\/li>\n<\/ul>\n<h3>Especifica\u00e7\u00f5es do produto<\/h3>\n<table border=\"1\" width=\"100%\" cellspacing=\"0\" cellpadding=\"5\">\n<tbody>\n<tr>\n<td><strong>Modelo<\/strong><\/td>\n<td>H02BB002 (Power Strider XC2)<\/td>\n<\/tr>\n<tr>\n<td><strong>Gama de velocidades<\/strong><\/td>\n<td>Para a frente 0,1-20 km\/h \/ Para tr\u00e1s 0,1-20 km\/h<\/td>\n<\/tr>\n<tr>\n<td><strong>Gama de inclina\u00e7\u00e3o<\/strong><\/td>\n<td>0 - 6\u00b0 (aprox. 10,5%)<\/td>\n<\/tr>\n<tr>\n<td><strong>Suspens\u00e3o<\/strong><\/td>\n<td>0 - 35 kg Redu\u00e7\u00e3o do peso corporal<\/td>\n<\/tr>\n<tr>\n<td><strong>Tamanho do cinto<\/strong><\/td>\n<td>56 cm x 156 cm<\/td>\n<\/tr>\n<tr>\n<td><strong>Peso m\u00e1ximo do utilizador<\/strong><\/td>\n<td>150 kg<\/td>\n<\/tr>\n<\/tbody>\n<\/table>","protected":false},"excerpt":{"rendered":"<p>A Power Strider XC2 da Alexandave Industries Ltd \u00e9 uma passadeira revolucion\u00e1ria multi-modo que integra precis\u00e3o biomec\u00e2nica com um sistema de suspens\u00e3o pneum\u00e1tica. Concebida para atletas de elite e reabilita\u00e7\u00e3o cl\u00ednica, inclui os modos para a frente, para tr\u00e1s e de empurrar o tren\u00f3, juntamente com at\u00e9 35 kg de redu\u00e7\u00e3o ajust\u00e1vel do peso corporal. Com uma velocidade de arranque ultra baixa de 0,1 km\/h, um tapete de corrida expansivo de 56 cm e carater\u00edsticas de seguran\u00e7a abrangentes, proporciona um controlo inigual\u00e1vel para um treino de movimento seguro, funcional e explosivo.<\/p>","protected":false},"featured_media":3824,"comment_status":"open","ping_status":"closed","template":"","meta":{"inline_featured_image":false,"site-sidebar-layout":"default","site-content-layout":"","ast-site-content-layout":"default","site-content-style":"default","site-sidebar-style":"default","ast-global-header-display":"","ast-banner-title-visibility":"","ast-main-header-display":"","ast-hfb-above-header-display":"","ast-hfb-below-header-display":"","ast-hfb-mobile-header-display":"","site-post-title":"","ast-breadcrumbs-content":"","ast-featured-img":"","footer-sml-layout":"","ast-disable-related-posts":"","theme-transparent-header-meta":"default","adv-header-id-meta":"","stick-header-meta":"default","header-above-stick-meta":"","header-main-stick-meta":"","header-below-stick-meta":"","astra-migrate-meta-layouts":"set","ast-page-background-enabled":"default","ast-page-background-meta":{"desktop":{"background-color":"","background-image":"","background-repeat":"repeat","background-position":"center center","background-size":"auto","background-attachment":"scroll","background-type":"","background-media":"","overlay-type":"","overlay-color":"","overlay-opacity":"","overlay-gradient":""},"tablet":{"background-color":"","background-image":"","background-repeat":"repeat","background-position":"center center","background-size":"auto","background-attachment":"scroll","background-type":"","background-media":"","overlay-type":"","overlay-color":"","overlay-opacity":"","overlay-gradient":""},"mobile":{"background-color":"","background-image":"","background-repeat":"repeat","background-position":"center center","background-size":"auto","background-attachment":"scroll","background-type":"","background-media":"","overlay-type":"","overlay-color":"","overlay-opacity":"","overlay-gradient":""}},"ast-content-background-meta":{"desktop":{"background-color":"var(--ast-global-color-5)","background-image":"","background-repeat":"repeat","background-position":"center center","background-size":"auto","background-attachment":"scroll","background-type":"","background-media":"","overlay-type":"","overlay-color":"","overlay-opacity":"","overlay-gradient":""},"tablet":{"background-color":"var(--ast-global-color-5)","background-image":"","background-repeat":"repeat","background-position":"center center","background-size":"auto","background-attachment":"scroll","background-type":"","background-media":"","overlay-type":"","overlay-color":"","overlay-opacity":"","overlay-gradient":""},"mobile":{"background-color":"var(--ast-global-color-5)","background-image":"","background-repeat":"repeat","background-position":"center center","background-size":"auto","background-attachment":"scroll","background-type":"","background-media":"","overlay-type":"","overlay-color":"","overlay-opacity":"","overlay-gradient":""}}},"product_brand":[],"product_cat":[54],"product_tag":[56],"class_list":{"0":"post-3839","1":"product","2":"type-product","3":"status-publish","4":"has-post-thumbnail","6":"product_cat-strength-equipment","7":"product_tag-functional-equipment","8":"desktop-align-left","9":"tablet-align-left","10":"mobile-align-left","12":"first","13":"instock","14":"shipping-taxable","15":"purchasable","16":"product-type-simple"},"_links":{"self":[{"href":"https:\/\/alexathletics1982.com\/pt\/wp-json\/wp\/v2\/product\/3839","targetHints":{"allow":["GET"]}}],"collection":[{"href":"https:\/\/alexathletics1982.com\/pt\/wp-json\/wp\/v2\/product"}],"about":[{"href":"https:\/\/alexathletics1982.com\/pt\/wp-json\/wp\/v2\/types\/product"}],"replies":[{"embeddable":true,"href":"https:\/\/alexathletics1982.com\/pt\/wp-json\/wp\/v2\/comments?post=3839"}],"wp:featuredmedia":[{"embeddable":true,"href":"https:\/\/alexathletics1982.com\/pt\/wp-json\/wp\/v2\/media\/3824"}],"wp:attachment":[{"href":"https:\/\/alexathletics1982.com\/pt\/wp-json\/wp\/v2\/media?parent=3839"}],"wp:term":[{"taxonomy":"product_brand","embeddable":true,"href":"https:\/\/alexathletics1982.com\/pt\/wp-json\/wp\/v2\/product_brand?post=3839"},{"taxonomy":"product_cat","embeddable":true,"href":"https:\/\/alexathletics1982.com\/pt\/wp-json\/wp\/v2\/product_cat?post=3839"},{"taxonomy":"product_tag","embeddable":true,"href":"https:\/\/alexathletics1982.com\/pt\/wp-json\/wp\/v2\/product_tag?post=3839"}],"curies":[{"name":"wp","href":"https:\/\/api.w.org\/{rel}","templated":true}]}}