{"id":2554,"date":"2026-01-02T12:53:57","date_gmt":"2026-01-02T04:53:57","guid":{"rendered":"https:\/\/alexathletics1982.com\/?page_id=2554"},"modified":"2026-05-05T19:53:22","modified_gmt":"2026-05-05T11:53:22","slug":"politica-de-garantie","status":"publish","type":"page","link":"https:\/\/alexathletics1982.com\/ro\/support\/warranty-policy\/","title":{"rendered":"Politica de garan\u021bie"},"content":{"rendered":"<div data-elementor-type=\"wp-post\" data-elementor-id=\"2554\" class=\"elementor elementor-2554\" data-elementor-post-type=\"page\">\n\t\t\t\t<div data-particle_enable=\"false\" data-particle-mobile-disabled=\"false\" class=\"elementor-element elementor-element-935c805 e-flex e-con-boxed e-con e-parent\" data-id=\"935c805\" data-element_type=\"container\" data-e-type=\"container\" data-settings=\"{&quot;background_background&quot;:&quot;classic&quot;}\">\n\t\t\t\t\t<div class=\"e-con-inner\">\n\t\t<div data-particle_enable=\"false\" data-particle-mobile-disabled=\"false\" class=\"elementor-element elementor-element-dca46ab e-con-full e-flex e-con e-child\" data-id=\"dca46ab\" data-element_type=\"container\" data-e-type=\"container\">\n\t\t\t\t<div class=\"elementor-element elementor-element-1ccc63c elementor-widget elementor-widget-heading\" data-id=\"1ccc63c\" data-element_type=\"widget\" data-e-type=\"widget\" data-widget_type=\"heading.default\">\n\t\t\t\t\t\t<div class=\"elementor-widget-container\">\n\t\t\t\t\t<p class=\"elementor-heading-title elementor-size-default\">Garan\u021bie - Desc\u0103rc\u0103ri - \u00centreb\u0103ri frecvente<\/p>\t\t\t\t<\/div>\n\t\t\t\t<\/div>\n\t\t\t\t<div class=\"elementor-element elementor-element-3ab033f elementor-widget elementor-widget-heading\" data-id=\"3ab033f\" data-element_type=\"widget\" data-e-type=\"widget\" data-widget_type=\"heading.default\">\n\t\t\t\t\t\t<div class=\"elementor-widget-container\">\n\t\t\t\t\t<p class=\"elementor-heading-title elementor-size-default\">Politica de garan\u021bie<\/p>\t\t\t\t<\/div>\n\t\t\t\t<\/div>\n\t\t\t\t<div class=\"elementor-element elementor-element-780de81 elementor-widget elementor-widget-heading\" data-id=\"780de81\" data-element_type=\"widget\" data-e-type=\"widget\" data-widget_type=\"heading.default\">\n\t\t\t\t\t\t<div class=\"elementor-widget-container\">\n\t\t\t\t\t<h1 class=\"elementor-heading-title elementor-size-default\">Garan\u021bie, desc\u0103rc\u0103ri \u0219i asisten\u021b\u0103 pentru echipamente de gimnastic\u0103 comerciale<\/h1>\t\t\t\t<\/div>\n\t\t\t\t<\/div>\n\t\t\t\t<div class=\"elementor-element elementor-element-ea561ee elementor-hidden-mobile elementor-widget elementor-widget-text-editor\" data-id=\"ea561ee\" data-element_type=\"widget\" data-e-type=\"widget\" data-widget_type=\"text-editor.default\">\n\t\t\t\t\t\t<div class=\"elementor-widget-container\">\n\t\t\t\t\t\t\t\t\t<p>G\u0103si\u021bi detalii despre politica de garan\u021bie Alex Athletics, desc\u0103rca\u021bi cataloage de produse \u0219i fi\u0219e tehnice \u0219i ob\u021bine\u021bi r\u0103spunsuri la cele mai frecvente \u00eentreb\u0103ri de la operatorii de instala\u021bii \u0219i partenerii de distribu\u021bie.<\/p>\t\t\t\t\t\t\t\t<\/div>\n\t\t\t\t<\/div>\n\t\t\t\t<\/div>\n\t\t\t\t\t<\/div>\n\t\t\t\t<\/div>\n\t\t<div data-particle_enable=\"false\" data-particle-mobile-disabled=\"false\" class=\"elementor-element elementor-element-f2190dd e-flex e-con-boxed e-con e-parent\" data-id=\"f2190dd\" data-element_type=\"container\" data-e-type=\"container\">\n\t\t\t\t\t<div class=\"e-con-inner\">\n\t\t\t\t<div class=\"elementor-element elementor-element-0a585fd elementor-widget elementor-widget-breadcrumbs\" data-id=\"0a585fd\" data-element_type=\"widget\" data-e-type=\"widget\" data-widget_type=\"breadcrumbs.default\">\n\t\t\t\t\t\t<div class=\"elementor-widget-container\">\n\t\t\t\t\t<nav aria-label=\"pesmet\" class=\"rank-math-breadcrumb\"><p><span class=\"last\">Acas\u0103<\/span><\/p><\/nav>\t\t\t\t<\/div>\n\t\t\t\t<\/div>\n\t\t\t\t\t<\/div>\n\t\t\t\t<\/div>\n\t\t\t\t<\/div>","protected":false},"excerpt":{"rendered":"<p>Warranty \u00b7 Downloads \u00b7 FAQ Warranty Policy Commercial Gym Equipment Warranty, Downloads &amp; Support Find Alex Athletics warranty policy details, download product catalogs and spec sheets, and get answers to the most common questions from facility operators and distribution partners. Home<\/p>","protected":false},"author":1,"featured_media":0,"parent":2549,"menu_order":0,"comment_status":"closed","ping_status":"closed","template":"","meta":{"inline_featured_image":false,"site-sidebar-layout":"no-sidebar","site-content-layout":"page-builder","ast-site-content-layout":"default","site-content-style":"default","site-sidebar-style":"default","ast-global-header-display":"","ast-banner-title-visibility":"","ast-main-header-display":"","ast-hfb-above-header-display":"","ast-hfb-below-header-display":"","ast-hfb-mobile-header-display":"","site-post-title":"disabled","ast-breadcrumbs-content":"","ast-featured-img":"disabled","footer-sml-layout":"","ast-disable-related-posts":"","theme-transparent-header-meta":"disabled","adv-header-id-meta":"","stick-header-meta":"","header-above-stick-meta":"","header-main-stick-meta":"","header-below-stick-meta":"","astra-migrate-meta-layouts":"default","ast-page-background-enabled":"default","ast-page-background-meta":{"desktop":{"background-color":"","background-image":"","background-repeat":"repeat","background-position":"center center","background-size":"auto","background-attachment":"scroll","background-type":"","background-media":"","overlay-type":"","overlay-color":"","overlay-opacity":"","overlay-gradient":""},"tablet":{"background-color":"","background-image":"","background-repeat":"repeat","background-position":"center center","background-size":"auto","background-attachment":"scroll","background-type":"","background-media":"","overlay-type":"","overlay-color":"","overlay-opacity":"","overlay-gradient":""},"mobile":{"background-color":"","background-image":"","background-repeat":"repeat","background-position":"center center","background-size":"auto","background-attachment":"scroll","background-type":"","background-media":"","overlay-type":"","overlay-color":"","overlay-opacity":"","overlay-gradient":""}},"ast-content-background-meta":{"desktop":{"background-color":"var(--ast-global-color-5)","background-image":"","background-repeat":"repeat","background-position":"center center","background-size":"auto","background-attachment":"scroll","background-type":"","background-media":"","overlay-type":"","overlay-color":"","overlay-opacity":"","overlay-gradient":""},"tablet":{"background-color":"var(--ast-global-color-5)","background-image":"","background-repeat":"repeat","background-position":"center center","background-size":"auto","background-attachment":"scroll","background-type":"","background-media":"","overlay-type":"","overlay-color":"","overlay-opacity":"","overlay-gradient":""},"mobile":{"background-color":"var(--ast-global-color-5)","background-image":"","background-repeat":"repeat","background-position":"center center","background-size":"auto","background-attachment":"scroll","background-type":"","background-media":"","overlay-type":"","overlay-color":"","overlay-opacity":"","overlay-gradient":""}},"footnotes":""},"class_list":["post-2554","page","type-page","status-publish","hentry"],"_links":{"self":[{"href":"https:\/\/alexathletics1982.com\/ro\/wp-json\/wp\/v2\/pages\/2554","targetHints":{"allow":["GET"]}}],"collection":[{"href":"https:\/\/alexathletics1982.com\/ro\/wp-json\/wp\/v2\/pages"}],"about":[{"href":"https:\/\/alexathletics1982.com\/ro\/wp-json\/wp\/v2\/types\/page"}],"author":[{"embeddable":true,"href":"https:\/\/alexathletics1982.com\/ro\/wp-json\/wp\/v2\/users\/1"}],"replies":[{"embeddable":true,"href":"https:\/\/alexathletics1982.com\/ro\/wp-json\/wp\/v2\/comments?post=2554"}],"version-history":[{"count":10,"href":"https:\/\/alexathletics1982.com\/ro\/wp-json\/wp\/v2\/pages\/2554\/revisions"}],"predecessor-version":[{"id":4583,"href":"https:\/\/alexathletics1982.com\/ro\/wp-json\/wp\/v2\/pages\/2554\/revisions\/4583"}],"up":[{"embeddable":true,"href":"https:\/\/alexathletics1982.com\/ro\/wp-json\/wp\/v2\/pages\/2549"}],"wp:attachment":[{"href":"https:\/\/alexathletics1982.com\/ro\/wp-json\/wp\/v2\/media?parent=2554"}],"curies":[{"name":"wp","href":"https:\/\/api.w.org\/{rel}","templated":true}]}}