{"id":2845,"date":"2026-01-23T09:46:23","date_gmt":"2026-01-23T01:46:23","guid":{"rendered":"https:\/\/alexathletics1982.com\/?post_type=product&#038;p=2845"},"modified":"2026-04-17T22:21:14","modified_gmt":"2026-04-17T14:21:14","slug":"isomotion-press","status":"publish","type":"product","link":"https:\/\/alexathletics1982.com\/ro\/isomotion-press\/","title":{"rendered":"Presa IsoMotion"},"content":{"rendered":"<div class=\"ast-oembed-container\" style=\"height: 100%;\"><iframe title=\"ISOMOTION PRESS--PROPRIA TA REPREZENTARE\" width=\"500\" height=\"281\" src=\"https:\/\/www.youtube.com\/embed\/JnvNjb5bjrY?feature=oembed\" frameborder=\"0\" allow=\"accelerometer; autoplay; clipboard-write; encrypted-media; gyroscope; picture-in-picture; web-share\" referrerpolicy=\"strict-origin-when-cross-origin\" allowfullscreen><\/iframe><\/div>\n<h2><img fetchpriority=\"high\" decoding=\"async\" class=\"alignnone wp-image-3809 size-full\" src=\"https:\/\/alexathletics1982.com\/wp-content\/uploads\/2026\/01\/iso_V2_02.webp\" alt=\"\" width=\"1600\" height=\"960\" title=\"\" srcset=\"https:\/\/alexathletics1982.com\/wp-content\/uploads\/2026\/01\/iso_V2_02.webp 1600w, https:\/\/alexathletics1982.com\/wp-content\/uploads\/2026\/01\/iso_V2_02-300x180.webp 300w, https:\/\/alexathletics1982.com\/wp-content\/uploads\/2026\/01\/iso_V2_02-1024x614.webp 1024w, https:\/\/alexathletics1982.com\/wp-content\/uploads\/2026\/01\/iso_V2_02-768x461.webp 768w, https:\/\/alexathletics1982.com\/wp-content\/uploads\/2026\/01\/iso_V2_02-1536x922.webp 1536w, https:\/\/alexathletics1982.com\/wp-content\/uploads\/2026\/01\/iso_V2_02-600x360.webp 600w\" sizes=\"(max-width: 1600px) 100vw, 1600px\" \/><img decoding=\"async\" class=\"alignnone wp-image-3810 size-full\" src=\"https:\/\/alexathletics1982.com\/wp-content\/uploads\/2026\/01\/iso_V2_03.webp\" alt=\"\" width=\"1600\" height=\"960\" title=\"\" srcset=\"https:\/\/alexathletics1982.com\/wp-content\/uploads\/2026\/01\/iso_V2_03.webp 1600w, https:\/\/alexathletics1982.com\/wp-content\/uploads\/2026\/01\/iso_V2_03-300x180.webp 300w, https:\/\/alexathletics1982.com\/wp-content\/uploads\/2026\/01\/iso_V2_03-1024x614.webp 1024w, https:\/\/alexathletics1982.com\/wp-content\/uploads\/2026\/01\/iso_V2_03-768x461.webp 768w, https:\/\/alexathletics1982.com\/wp-content\/uploads\/2026\/01\/iso_V2_03-1536x922.webp 1536w, https:\/\/alexathletics1982.com\/wp-content\/uploads\/2026\/01\/iso_V2_03-600x360.webp 600w\" sizes=\"(max-width: 1600px) 100vw, 1600px\" \/> <img decoding=\"async\" class=\"alignnone wp-image-3813 size-full\" src=\"https:\/\/alexathletics1982.com\/wp-content\/uploads\/2026\/01\/iso_V2_07.webp\" alt=\"\" width=\"1600\" height=\"960\" title=\"\" srcset=\"https:\/\/alexathletics1982.com\/wp-content\/uploads\/2026\/01\/iso_V2_07.webp 1600w, https:\/\/alexathletics1982.com\/wp-content\/uploads\/2026\/01\/iso_V2_07-300x180.webp 300w, https:\/\/alexathletics1982.com\/wp-content\/uploads\/2026\/01\/iso_V2_07-1024x614.webp 1024w, https:\/\/alexathletics1982.com\/wp-content\/uploads\/2026\/01\/iso_V2_07-768x461.webp 768w, https:\/\/alexathletics1982.com\/wp-content\/uploads\/2026\/01\/iso_V2_07-1536x922.webp 1536w, https:\/\/alexathletics1982.com\/wp-content\/uploads\/2026\/01\/iso_V2_07-600x360.webp 600w\" sizes=\"(max-width: 1600px) 100vw, 1600px\" \/> <img loading=\"lazy\" decoding=\"async\" class=\"alignnone wp-image-3812 size-full\" src=\"https:\/\/alexathletics1982.com\/wp-content\/uploads\/2026\/01\/iso_V2_06.webp\" alt=\"\" width=\"1600\" height=\"1416\" title=\"\" srcset=\"https:\/\/alexathletics1982.com\/wp-content\/uploads\/2026\/01\/iso_V2_06.webp 1600w, https:\/\/alexathletics1982.com\/wp-content\/uploads\/2026\/01\/iso_V2_06-300x266.webp 300w, https:\/\/alexathletics1982.com\/wp-content\/uploads\/2026\/01\/iso_V2_06-1024x906.webp 1024w, https:\/\/alexathletics1982.com\/wp-content\/uploads\/2026\/01\/iso_V2_06-768x680.webp 768w, https:\/\/alexathletics1982.com\/wp-content\/uploads\/2026\/01\/iso_V2_06-1536x1359.webp 1536w, https:\/\/alexathletics1982.com\/wp-content\/uploads\/2026\/01\/iso_V2_06-600x531.webp 600w\" sizes=\"(max-width: 1600px) 100vw, 1600px\" \/> <img loading=\"lazy\" decoding=\"async\" class=\"alignnone wp-image-3811 size-full\" src=\"https:\/\/alexathletics1982.com\/wp-content\/uploads\/2026\/01\/iso_V2_05.webp\" alt=\"\" width=\"1600\" height=\"2078\" title=\"\" srcset=\"https:\/\/alexathletics1982.com\/wp-content\/uploads\/2026\/01\/iso_V2_05.webp 1600w, https:\/\/alexathletics1982.com\/wp-content\/uploads\/2026\/01\/iso_V2_05-231x300.webp 231w, https:\/\/alexathletics1982.com\/wp-content\/uploads\/2026\/01\/iso_V2_05-788x1024.webp 788w, https:\/\/alexathletics1982.com\/wp-content\/uploads\/2026\/01\/iso_V2_05-768x997.webp 768w, https:\/\/alexathletics1982.com\/wp-content\/uploads\/2026\/01\/iso_V2_05-1183x1536.webp 1183w, https:\/\/alexathletics1982.com\/wp-content\/uploads\/2026\/01\/iso_V2_05-1577x2048.webp 1577w, https:\/\/alexathletics1982.com\/wp-content\/uploads\/2026\/01\/iso_V2_05-600x779.webp 600w\" sizes=\"(max-width: 1600px) 100vw, 1600px\" \/><\/h2>\n<h2>Dezl\u0103n\u021buirea puterii echilibrate cu presa IsoMotion<\/h2>\n<p>Presa IsoMotion reprezint\u0103 un v\u00e2rf al ingineriei \u00een domeniul echipamentelor de for\u021b\u0103 compacte, fiind special conceput\u0103 pentru a umple golul dintre performan\u021ba instala\u021biilor comerciale \u0219i constr\u00e2ngerile spa\u021biale ale unei s\u0103li de sport de acas\u0103. \u00cen c\u0103utarea adev\u0103ratei for\u021be fizice, simetria este adesea prima victim\u0103 a antrenamentului tradi\u021bional cu haltere, \u00een care partea dominant\u0103 compenseaz\u0103 invariabil pentru cea mai slab\u0103. Presa IsoMotion abordeaz\u0103 aceast\u0103 problem\u0103 fundamental\u0103 prin designul s\u0103u avansat al bra\u021bului izo-lateral, care for\u021beaz\u0103 fiecare membru s\u0103 \u00ee\u0219i mi\u0219te propria greutate independent. Acest lucru nu numai c\u0103 descoper\u0103 dezechilibrele musculare ascunse, dar le corecteaz\u0103 \u00een mod activ, asigur\u00e2ndu-se c\u0103 pieptul, umerii \u0219i tricepsul se dezvolt\u0103 \u00een armonie perfect\u0103. Imit\u00e2nd convergen\u021ba natural\u0103 a mecanicii de \u00eempingere a corpului uman, ofer\u0103 o cale de mi\u0219care mai sigur\u0103 \u0219i mai ergonomic\u0103 dec\u00e2t aparatele cu bare fixe, reduc\u00e2nd stresul asupra capsulei um\u0103rului \u0219i maximiz\u00e2nd \u00een acela\u0219i timp recrutarea fibrelor musculare. Pentru pasiona\u021bii de fitness exigen\u021bi, acest aparat nu este doar o unealt\u0103 pentru ridicarea greut\u0103\u021bilor; este un instrument pentru st\u0103p\u00e2nirea calit\u0103\u021bii mi\u0219c\u0103rii \u0219i asigurarea s\u0103n\u0103t\u0103\u021bii articula\u021biilor pe termen lung.<\/p>\n<p>Dincolo de avantajele sale biomecanice, presa IsoMotion este un masterclass \u00een eficien\u021b\u0103 \u0219i versatilitate. Construit\u0103 cu un cadru din o\u021bel ranforsat \u0219i finisat\u0103 cu o acoperire industrial\u0103 cu pulbere, aceasta eman\u0103 durabilitatea robust\u0103 necesar\u0103 pentru sesiunile de antrenament zilnice intense. \u00cen ciuda construc\u021biei sale robuste, aparatul se m\u00e2ndre\u0219te cu o amprent\u0103 surprinz\u0103tor de compact\u0103 (L1478 X H1105\/1158 X P1658 mm), ceea ce \u00eel face o pies\u0103 central\u0103 ideal\u0103 pentru o sal\u0103 de sport din garaj sau un studio de antrenament personal de tip boutique. Experien\u021ba utilizatorului este esen\u021bial\u0103 pentru designul s\u0103u; interfa\u021ba intuitiv\u0103 \u0219i mecanismele de reglare rapid\u0103 \u00eenseamn\u0103 c\u0103 tranzi\u021biile \u00eentre exerci\u021bii sunt fluide \u0219i instantanee. Fie c\u0103 efectua\u021bi ap\u0103s\u0103ri grele pe piept, varia\u021bii de \u00eenclinare sau v\u0103 preg\u0103ti\u021bi pentru mi\u0219c\u0103ri ale p\u0103r\u021bii inferioare a corpului, cum ar fi \u00eempingerea \u0219oldului, presa IsoMotion se adapteaz\u0103 la fluxul antrenamentului. Aceasta permite utilizatorilor s\u0103 efectueze o rutin\u0103 de for\u021b\u0103 pentru \u00eentregul corp cu siguran\u021ba \u0219i stabilitatea unui aparat, dar cu libertatea \u0219i beneficiile func\u021bionale ale greut\u0103\u021bilor libere.<\/p>\n<h3>Tehnologie independent\u0103 izo-lateral\u0103<\/h3>\n<p>Inova\u021bia principal\u0103 a IsoMotion Press este mi\u0219carea independent\u0103 a bra\u021belor. Spre deosebire de aparatele standard unde o singur\u0103 bar\u0103 conecteaz\u0103 ambele m\u00e2nere, acest design izo-lateral necesit\u0103 ca fiecare parte a corpului s\u0103 lucreze independent. Acest lucru este crucial pentru corectarea asimetriilor de for\u021b\u0103 care sunt comune la majoritatea lifterilor. Dac\u0103 partea dreapt\u0103 este mai puternic\u0103, aceasta nu poate ajuta la ridicarea greut\u0103\u021bii pentru partea st\u00e2ng\u0103. Acest lucru asigur\u0103 un angajament muscular egal \u0219i o dezvoltare echilibrat\u0103, ceea ce este esen\u021bial pentru prevenirea leziunilor \u0219i performan\u021ba atletic\u0103. \u00cen plus, permite varia\u021bii unilaterale de antrenament, permi\u021b\u00e2ndu-v\u0103 s\u0103 v\u0103 concentra\u021bi \u00een \u00eentregime pe o parte la un moment dat sau s\u0103 efectua\u021bi prese alternante pentru a angaja stabilizatorii de baz\u0103 semnificativ mai mult dec\u00e2t mi\u0219c\u0103rile bilaterale.<\/p>\n<h3>Sistem de bra\u021be de leg\u0103tur\u0103 cu reglare rapid\u0103<\/h3>\n<p>Eficien\u021ba este esen\u021bial\u0103 \u00een orice antrenament, iar presa IsoMotion ofer\u0103 acest lucru cu sistemul s\u0103u Quick-Adjust Link-Arm. Acest mecanism permite utilizatorilor s\u0103 schimbe unghiul \u0219i pozi\u021bia bra\u021belor de presare instantaneu, f\u0103r\u0103 procesul plictisitor de desc\u0103rcare \u0219i re\u00eenc\u0103rcare a pl\u0103cilor de greutate. Suport\u00e2nd o sarcin\u0103 maxim\u0103 de 100 kg, sistemul este suficient de robust pentru ridic\u0103ri grele, dar suficient de neted pentru ajust\u0103ri rapide. Aceast\u0103 caracteristic\u0103 este deosebit de benefic\u0103 pentru antrenamentele \u00een circuit sau superseturi, unde men\u021binerea unei frecven\u021be cardiace ridicate \u0219i minimizarea timpilor mor\u021bi este esen\u021bial\u0103. Trecerea f\u0103r\u0103 \u00eentreruperi de la o pres\u0103 plat\u0103 la o pres\u0103 \u00eenclinat\u0103 sau la un r\u00e2nd men\u021bine intensitatea antrenamentului ridicat\u0103 \u0219i concentrarea clar\u0103.<\/p>\n<h3>Versatilitate multifunc\u021bional\u0103<\/h3>\n<p>De\u0219i este \u00een primul r\u00e2nd o sta\u021bie de presare, IsoMotion Press ofer\u0103 o versatilitate excep\u021bional\u0103. Natura reglabil\u0103 a bra\u021belor de leg\u0103tur\u0103 \u0219i designul ergonomic al pl\u0103cu\u021belor \u00eei permit s\u0103 sus\u021bin\u0103 o gam\u0103 larg\u0103 de exerci\u021bii, dincolo de lucrul cu pieptul \u0219i umerii. Este proiectat \u00een mod unic pentru a g\u0103zdui \u00eempingerea \u0219oldurilor, cu pl\u0103ci reglabile care se potrivesc diferitelor \u00een\u0103l\u021bimi ale trunchiului. Acest lucru transform\u0103 aparatul \u00eentr-un dezvoltator complet al \u00eentregului corp. Utilizatorii pot efectua mi\u0219c\u0103ri de for\u021b\u0103 explozive, munc\u0103 de hipertrofie controlat\u0103 pentru partea superioar\u0103 a corpului \u0219i exerci\u021bii esen\u021biale pentru lan\u021bul posterior pentru partea inferioar\u0103 a corpului, toate \u00eentr-o singur\u0103 sta\u021bie care economise\u0219te spa\u021biu.<\/p>\n<h3>Durabilitate de grad comercial<\/h3>\n<p>Construit\u0103 pentru a rezista rigorilor unui mediu de antrenament profesional, presa IsoMotion are o construc\u021bie din o\u021bel de \u00eenalt\u0103 rezisten\u021b\u0103. Cadrul este \u00eent\u0103rit pentru a face fa\u021b\u0103 \u00eenc\u0103rc\u0103turilor grele f\u0103r\u0103 s\u0103 se \u00eendoaie sau s\u0103 se clatine, oferind senza\u021bia solid\u0103, \u00eentemeiat\u0103, pe care o cer lifterii serio\u0219i. Exteriorul este tratat cu o acoperire cu pulbere de grad industrial, care nu numai c\u0103 \u00eei confer\u0103 o estetic\u0103 neagr\u0103 elegant\u0103, profesional\u0103, dar ofer\u0103 \u0219i o rezisten\u021b\u0103 superioar\u0103 la transpira\u021bie, zg\u00e2rieturi \u0219i coroziune. Acest lucru asigur\u0103 faptul c\u0103 aparatul \u00ee\u0219i p\u0103streaz\u0103 integritatea structural\u0103 \u0219i aspectul vizual chiar \u0219i dup\u0103 ani de utilizare intens\u0103. Rulmen\u021bii de \u00eenalt\u0103 calitate de la punctele de pivot asigur\u0103 o func\u021bionare lin\u0103 \u0219i silen\u021bioas\u0103 pentru fiecare rep.<\/p>\n<h3>Amprent\u0103 compact\u0103 pentru s\u0103lile de sport de acas\u0103<\/h3>\n<p>Recunosc\u00e2nd limit\u0103rile spa\u021biale ale multor s\u0103li de sport de acas\u0103 \u0219i studiouri personale, IsoMotion Press este proiectat\u0103 pentru a fi eficient\u0103 din punct de vedere al spa\u021biului f\u0103r\u0103 a compromite performan\u021ba. M\u0103sur\u00e2nd doar W1478 X H1105\/1158 X D1658mm, se potrive\u0219te confortabil \u00een col\u021buri sau \u00een camere mai mici, unde aparatele comerciale tradi\u021bionale ar fi imposibil de g\u0103zduit. \u00cen ciuda dimensiunii sale compacte, designul cu cadru deschis permite accesul u\u0219or \u0219i pozi\u021bionarea confortabil\u0103 pentru utilizatorii de toate dimensiunile. Acesta ofer\u0103 func\u021bionalitatea complet\u0103 a unei sta\u021bii mari de gimnastic\u0103 multipl\u0103 \u00eentr-un pachet concentrat \u0219i eficient, permi\u021b\u00e2ndu-v\u0103 s\u0103 maximiza\u021bi spa\u021biul de pe podea pentru alte echipamente sau mi\u0219care.<\/p>\n<h3>Pentru cine este aceasta?<\/h3>\n<ul style=\"list-style-position: inside; padding-left: 0;\">\n<li>Proprietarii de s\u0103li de sport la domiciliu care caut\u0103 echipamente de calitate comercial\u0103 \u00eentr-un spa\u021biu redus.<\/li>\n<li>Sportivi de for\u021b\u0103 care se concentreaz\u0103 pe corectarea dezechilibrelor musculare \u0219i a simetriei.<\/li>\n<li>Instructorii personali care au nevoie de o sta\u021bie versatil\u0103 \u0219i sigur\u0103 pentru diver\u0219i clien\u021bi.<\/li>\n<li>Profesioni\u0219ti \u00een reabilitare care necesit\u0103 mi\u0219c\u0103ri unilaterale controlate.<\/li>\n<li>Pasiona\u021bii de fitness care doresc un aparat pentru \u00eentregul corp f\u0103r\u0103 volum.<\/li>\n<\/ul>\n<h3>Specifica\u021biile produsului<\/h3>\n<table border=\"1\" width=\"100%\" cellspacing=\"0\" cellpadding=\"5\">\n<tbody>\n<tr>\n<td><strong>Material<\/strong><\/td>\n<td>O\u021bel<\/td>\n<\/tr>\n<tr>\n<td><strong>Terminare<\/strong><\/td>\n<td>Acoperit cu pulbere<\/td>\n<\/tr>\n<tr>\n<td><strong>Dimensiuni<\/strong><\/td>\n<td>L1478 X H1105\/1158 X P1658 mm<\/td>\n<\/tr>\n<tr>\n<td><strong>Greutate<\/strong><\/td>\n<td>106 kg<\/td>\n<\/tr>\n<tr>\n<td><strong>Sarcina maxim\u0103<\/strong><\/td>\n<td>100 kg<\/td>\n<\/tr>\n<\/tbody>\n<\/table>","protected":false},"excerpt":{"rendered":"<p>IsoMotion Press de la Alex Athletics este un aparat revolu\u021bionar de antrenament de for\u021b\u0103 conceput pentru a umple golul dintre performan\u021ba s\u0103lii de sport comerciale \u0219i confortul de fitness acas\u0103. Proiectat cu o amprent\u0103 compact\u0103, acest aparat este specializat \u00een mi\u0219c\u0103ri izo-laterale, permi\u021b\u00e2nd fiec\u0103rui bra\u021b s\u0103 lucreze independent. Acest lucru asigur\u0103 dezvoltarea muscular\u0103 simetric\u0103, corecteaz\u0103 dezechilibrele de for\u021b\u0103 \u0219i reduce semnificativ riscul de r\u0103nire \u00een compara\u021bie cu aparatele cu bare fixe. Cu un cadru robust din o\u021bel \u0219i un finisaj industrial acoperit cu pulbere, presa IsoMotion ofer\u0103 o durabilitate excep\u021bional\u0103. Sistemul s\u0103u de bra\u021be de leg\u0103tur\u0103 cu reglare rapid\u0103 suport\u0103 p\u00e2n\u0103 la 100 kg, permi\u021b\u00e2nd tranzi\u021bii f\u0103r\u0103 probleme \u00eentre exerci\u021bii precum presa toracic\u0103 \u0219i \u00eempingerea \u0219oldurilor, f\u0103r\u0103 a fi nevoie s\u0103 re\u00eenc\u0103rca\u021bi pl\u0103cile. Ideal\u0103 pentru entuzia\u0219tii de fitness, sportivi \u0219i antrenori personali care caut\u0103 echipamente de calitate profesional\u0103 pentru spa\u021bii limitate.<\/p>","protected":false},"featured_media":3806,"comment_status":"open","ping_status":"closed","template":"","meta":{"inline_featured_image":false,"site-sidebar-layout":"default","site-content-layout":"","ast-site-content-layout":"default","site-content-style":"default","site-sidebar-style":"default","ast-global-header-display":"","ast-banner-title-visibility":"","ast-main-header-display":"","ast-hfb-above-header-display":"","ast-hfb-below-header-display":"","ast-hfb-mobile-header-display":"","site-post-title":"","ast-breadcrumbs-content":"","ast-featured-img":"","footer-sml-layout":"","ast-disable-related-posts":"","theme-transparent-header-meta":"default","adv-header-id-meta":"","stick-header-meta":"default","header-above-stick-meta":"","header-main-stick-meta":"","header-below-stick-meta":"","astra-migrate-meta-layouts":"set","ast-page-background-enabled":"default","ast-page-background-meta":{"desktop":{"background-color":"","background-image":"","background-repeat":"repeat","background-position":"center center","background-size":"auto","background-attachment":"scroll","background-type":"","background-media":"","overlay-type":"","overlay-color":"","overlay-opacity":"","overlay-gradient":""},"tablet":{"background-color":"","background-image":"","background-repeat":"repeat","background-position":"center center","background-size":"auto","background-attachment":"scroll","background-type":"","background-media":"","overlay-type":"","overlay-color":"","overlay-opacity":"","overlay-gradient":""},"mobile":{"background-color":"","background-image":"","background-repeat":"repeat","background-position":"center center","background-size":"auto","background-attachment":"scroll","background-type":"","background-media":"","overlay-type":"","overlay-color":"","overlay-opacity":"","overlay-gradient":""}},"ast-content-background-meta":{"desktop":{"background-color":"var(--ast-global-color-5)","background-image":"","background-repeat":"repeat","background-position":"center center","background-size":"auto","background-attachment":"scroll","background-type":"","background-media":"","overlay-type":"","overlay-color":"","overlay-opacity":"","overlay-gradient":""},"tablet":{"background-color":"var(--ast-global-color-5)","background-image":"","background-repeat":"repeat","background-position":"center center","background-size":"auto","background-attachment":"scroll","background-type":"","background-media":"","overlay-type":"","overlay-color":"","overlay-opacity":"","overlay-gradient":""},"mobile":{"background-color":"var(--ast-global-color-5)","background-image":"","background-repeat":"repeat","background-position":"center center","background-size":"auto","background-attachment":"scroll","background-type":"","background-media":"","overlay-type":"","overlay-color":"","overlay-opacity":"","overlay-gradient":""}}},"product_brand":[],"product_cat":[54],"product_tag":[56],"class_list":{"0":"post-2845","1":"product","2":"type-product","3":"status-publish","4":"has-post-thumbnail","6":"product_cat-strength-equipment","7":"product_tag-functional-equipment","8":"desktop-align-left","9":"tablet-align-left","10":"mobile-align-left","12":"first","13":"instock","14":"shipping-taxable","15":"purchasable","16":"product-type-simple"},"_links":{"self":[{"href":"https:\/\/alexathletics1982.com\/ro\/wp-json\/wp\/v2\/product\/2845","targetHints":{"allow":["GET"]}}],"collection":[{"href":"https:\/\/alexathletics1982.com\/ro\/wp-json\/wp\/v2\/product"}],"about":[{"href":"https:\/\/alexathletics1982.com\/ro\/wp-json\/wp\/v2\/types\/product"}],"replies":[{"embeddable":true,"href":"https:\/\/alexathletics1982.com\/ro\/wp-json\/wp\/v2\/comments?post=2845"}],"wp:featuredmedia":[{"embeddable":true,"href":"https:\/\/alexathletics1982.com\/ro\/wp-json\/wp\/v2\/media\/3806"}],"wp:attachment":[{"href":"https:\/\/alexathletics1982.com\/ro\/wp-json\/wp\/v2\/media?parent=2845"}],"wp:term":[{"taxonomy":"product_brand","embeddable":true,"href":"https:\/\/alexathletics1982.com\/ro\/wp-json\/wp\/v2\/product_brand?post=2845"},{"taxonomy":"product_cat","embeddable":true,"href":"https:\/\/alexathletics1982.com\/ro\/wp-json\/wp\/v2\/product_cat?post=2845"},{"taxonomy":"product_tag","embeddable":true,"href":"https:\/\/alexathletics1982.com\/ro\/wp-json\/wp\/v2\/product_tag?post=2845"}],"curies":[{"name":"wp","href":"https:\/\/api.w.org\/{rel}","templated":true}]}}