{"id":2847,"date":"2026-01-23T09:46:23","date_gmt":"2026-01-23T01:46:23","guid":{"rendered":"https:\/\/alexathletics1982.com\/?post_type=product&#038;p=2847"},"modified":"2026-04-10T22:30:55","modified_gmt":"2026-04-10T14:30:55","slug":"sanie","status":"publish","type":"product","link":"https:\/\/alexathletics1982.com\/ro\/sled\/","title":{"rendered":"Sanie"},"content":{"rendered":"<h2>Condi\u021bionare exploziv\u0103 cu sania rezistent\u0103 la competi\u021bie<\/h2>\n<p>Sania este instrumentul suprem pentru dezvoltarea puterii brute, a rezisten\u021bei anaerobe \u0219i a for\u021bei func\u021bionale. Cunoscut\u0103 \u00een industrie ca \u2018Anchor Sled\u2019, aceast\u0103 pies\u0103 de echipament este un element de baz\u0103 pentru sportivi, de la juc\u0103tori de rugby. Spre deosebire de alternativele mai ieftine, asamblate cu \u0219uruburi, care zorn\u0103ie \u0219i se sl\u0103besc \u00een timp, Alex Sled are o construc\u021bie sudat\u0103 dintr-o singur\u0103 bucat\u0103. Aceast\u0103 alegere de fabrica\u021bie asigur\u0103 o integritate structural\u0103 maxim\u0103, transfer\u00e2nd 100% din energia dvs. \u00een sol f\u0103r\u0103 flexare sau cl\u0103tinare care s\u0103 piard\u0103 energie. Fie c\u0103 este \u00eenc\u0103rcat\u0103 puternic pentru dezvoltarea for\u021bei sau men\u021binut\u0103 u\u0219oar\u0103 pentru exerci\u021bii de vitez\u0103, sania se deplaseaz\u0103 corect \u0219i rezist\u0103 abuzului de a fi t\u00e2r\u00e2t\u0103 pe gazon, asfalt sau podea de cauciuc. Este instrumentul suprem pentru \u2018Preg\u0103tirea fizic\u0103 general\u0103\u2019 (GPP), pun\u00e2nd la \u00eencercare pl\u0103m\u00e2nii \u0219i picioarele simultan.<\/p>\n<p>Dincolo de superioritatea sa structural\u0103, Sled este proiectat cu g\u00e2ndul la versatilitatea utilizatorului. St\u00e2lpul central permite \u00eenc\u0103rcarea semnificativ\u0103 a pl\u0103cilor de haltere standard sau olimpice, permi\u021b\u00e2ndu-v\u0103 s\u0103 scala\u021bi rezisten\u021ba de la un nivel de \u00eencep\u0103tor la cel al unui juc\u0103tor de rugby sau lineman de elit\u0103. Pere\u021bii gro\u0219i \u0219i rezisten\u021bi ai tubului sunt construi\u021bi pentru a suporta aceast\u0103 capacitate mare de \u00eenc\u0103rcare f\u0103r\u0103 deformare. Suprafa\u021ba este tratat\u0103 cu o acoperire cu pulbere neagr\u0103 de \u00eenalt\u0103 calitate, oferind o protec\u021bie excelent\u0103 \u00eempotriva ruginii \u0219i un finisaj profesional care rezist\u0103 la uzura utiliz\u0103rii comerciale zilnice. \u00cen plus, func\u021bioneaz\u0103 ca un punct de ancorare portabil pentru fr\u00e2nghii de lupt\u0103 sau benzi de rezisten\u021b\u0103, ad\u0103ug\u00e2nd un alt strat de utilitate spa\u021biului dvs. de antrenament. De la reabilitarea genunchiului (tragerea \u00eenapoi) p\u00e2n\u0103 la mecanica sprintului (\u00eempingerea \u00eenainte), Sled este un instrument sus\u021binut \u0219tiin\u021bific pentru \u00eembun\u0103t\u0103\u021birea func\u021bional\u0103 a corpului.<\/p>\n<h3>Durabilitate sudat\u0103 dintr-o singur\u0103 bucat\u0103<\/h3>\n<p>Semnul distinctiv al saniei Alex este cadrul s\u0103u sudat dintr-o singur\u0103 bucat\u0103. \u00cen lumea echipamentelor de for\u021b\u0103, \u00eembin\u0103rile sunt puncte poten\u021biale de defec\u021biune. Prin sudarea \u0219asiului \u00eentr-o singur\u0103 unitate solid\u0103, elimin\u0103m nevoia de \u0219uruburi care se pot rupe sau sl\u0103bi sub ac\u021biunea vibra\u021biilor de t\u00e2r\u00e2re. Aceast\u0103 metod\u0103 de construc\u021bie are ca rezultat o durabilitate \u2018Competition Proof\u2019. Se simte solid \u00een m\u00e2ini \u0219i se mi\u0219c\u0103 ca o singur\u0103 unitate coerent\u0103. Acest lucru este deosebit de important pentru s\u0103lile de sport comerciale unde echipamentul trebuie s\u0103 supravie\u021buiasc\u0103 utiliz\u0103rii de \u00eenalt\u0103 frecven\u021b\u0103 f\u0103r\u0103 \u00eentre\u021binere constant\u0103. Construc\u021bia solid\u0103 minimizeaz\u0103, de asemenea, zgomotul, prevenind sunetul de clinchet asociat cu s\u0103niile din mai multe p\u0103r\u021bi.<\/p>\n<h3>Modalit\u0103\u021bi de formare multifunc\u021bionale<\/h3>\n<p>Sania este un cameleon al podelei s\u0103lii de sport. Este proiectat\u0103 \u00een principal pentru \u00eempingere \u0219i t\u00e2r\u00e2re, dou\u0103 dintre cele mai func\u021bionale modele de mi\u0219care pentru oameni. \u00cempingerea saniei vizeaz\u0103 cvadricepsul, gambele \u0219i partea anterioar\u0103 a trunchiului, imit\u00e2nd faza de propulsie a sprintului. Tragerea saniei (cu ajutorul unui ham sau a unor curele de prindere) pune accentul pe lan\u021bul posterior - coapsele, fesele \u0219i partea inferioar\u0103 a spatelui - \u0219i este utilizat\u0103 pe scar\u0103 larg\u0103 pentru s\u0103n\u0103tatea \u0219i reabilitarea genunchilor. \u00cen plus, punctele de ancorare integrate \u00eei permit s\u0103 serveasc\u0103 drept baz\u0103 mobil\u0103 pentru fr\u00e2nghii de lupt\u0103, permi\u021b\u00e2ndu-v\u0103 s\u0103 configura\u021bi o sta\u021bie de condi\u021bionare oriunde exist\u0103 spa\u021biu, f\u0103r\u0103 a fora pere\u021bi sau podele.<\/p>\n<h3>Design cu capacitate mare de \u00eenc\u0103rcare<\/h3>\n<p>Suprasolicitarea progresiv\u0103 este esen\u021bial\u0103 pentru c\u00e2\u0219tigurile de for\u021b\u0103, iar Sled este construit pentru a o gestiona. Pinul central de greutate este proiectat pentru a g\u0103zdui un teanc masiv de pl\u0103ci de haltere. Tubulatura structural\u0103 are pere\u021bi gro\u0219i ale\u0219i special pentru a suporta aceast\u0103 greutate f\u0103r\u0103 s\u0103 se \u00eendoaie. Aceast\u0103 capacitate mare de \u00eenc\u0103rcare face ca Sled-ul s\u0103 fie potrivit pentru toat\u0103 lumea, de la atle\u021bi care au nevoie de o rezisten\u021b\u0103 u\u0219oar\u0103 pentru munca de vitez\u0103 p\u00e2n\u0103 la powerlifteri \u0219i for\u021bo\u0219i care au nevoie de sute de kilograme de rezisten\u021b\u0103 pentru trac\u021biunile de for\u021b\u0103. Stabilitatea bazei late asigur\u0103 faptul c\u0103, chiar \u0219i atunci c\u00e2nd este \u00eenc\u0103rcat\u0103 complet, sania r\u0103m\u00e2ne dreapt\u0103 \u0219i stabil\u0103, prevenind r\u0103sturnarea \u00een timpul virajelor sau \u00eempingerilor inegale.<\/p>\n<h3>Finisaj premium acoperit cu pulbere<\/h3>\n<p>Estetica \u0219i longevitatea merg m\u00e2n\u0103 \u00een m\u00e2n\u0103 cu sania Alex. O\u021belul este finisat cu o acoperire robust\u0103 cu pulbere, coapt\u0103 pentru a asigura aderen\u021ba. Aceasta nu este doar vopsea; este un \u00eenveli\u0219 protector care protejeaz\u0103 \u00eempotriva oxid\u0103rii, transpira\u021biei \u0219i umidit\u0103\u021bii. Acest lucru este crucial pentru o pies\u0103 de echipament care \u00ee\u0219i petrece via\u021ba pe podea, poten\u021bial expus\u0103 la suprafe\u021be abrazive. Finisajul negru \u00eei confer\u0103 un aspect elegant, high-end, care se potrive\u0219te perfect at\u00e2t \u00een studiourile moderne de tip boutique, c\u00e2t \u0219i \u00een s\u0103lile de sport din garaj. \u00ce\u0219i p\u0103streaz\u0103 aspectul profesional chiar \u0219i dup\u0103 kilometri de t\u00e2r\u00e2re.<\/p>\n<h3>Core \u0219i condi\u021bionare metabolic\u0103<\/h3>\n<p>De\u0219i este adesea catalogat\u0103 drept \u2018echipament pentru picioare\u2019, sania este o for\u021b\u0103 pentru antrenamentul de baz\u0103 \u0219i metabolic. \u00cempingerea unei s\u0103nii grele necesit\u0103 o rigiditate imens\u0103 a trunchiului pentru a transfera for\u021ba din partea superioar\u0103 a corpului c\u0103tre picioare; un trunchi moale \u00eenseamn\u0103 nicio mi\u0219care. Acest lucru \u00eel \u00eenva\u021b\u0103 pe atlet cum s\u0103 se protejeze eficient \u00een condi\u021bii de sarcin\u0103 dinamic\u0103. \u00cen plus, antrenamentul cu sania este doar concentric (f\u0103r\u0103 faz\u0103 excentric\u0103 de cobor\u00e2re), ceea ce \u00eenseamn\u0103 c\u0103 induce mai pu\u021bine dureri musculare (DOMS) dec\u00e2t ghemuirea grea. Acest lucru permite un volum mare de munc\u0103 de condi\u021bionare, care arde cantit\u0103\u021bi masive de calorii \u0219i \u00eembun\u0103t\u0103\u021be\u0219te VO2 max f\u0103r\u0103 a ruina recuperarea pentru sesiunea de ridicare de a doua zi.<\/p>\n<h3>Pentru cine este aceasta?<\/h3>\n<ul style=\"list-style-position: inside; padding-left: 0;\">\n<li>S\u0103li de sport comerciale \u0219i echipamente de condi\u021bionare f\u0103r\u0103 \u00eentre\u021binere.<\/li>\n<li>Sportivii din sporturile de c\u00e2mp (rugby, fotbal, fotbal) se antreneaz\u0103 pentru accelerare \u0219i putere de atac.<\/li>\n<li>Antrenori de for\u021b\u0103 care caut\u0103 instrumente de condi\u021bionare cu impact redus \u0219i intensitate ridicat\u0103 pentru clien\u021bi.<\/li>\n<li>Speciali\u0219ti \u00een reabilitare care utilizeaz\u0103 trac\u021biuni cu sania \u00een spate pentru \u00eent\u0103rirea genunchilor.<\/li>\n<li>Proprietarii de s\u0103li de sport la domiciliu cu o alee sau o f\u00e2\u0219ie de gazon care caut\u0103 op\u021biuni versatile de antrenament \u00een aer liber.<\/li>\n<\/ul>\n<h3>Specifica\u021biile produsului<\/h3>\n<table border=\"1\" width=\"100%\" cellspacing=\"0\" cellpadding=\"5\">\n<tbody>\n<tr>\n<td><strong>Material<\/strong><\/td>\n<td>Tub de o\u021bel<\/td>\n<\/tr>\n<tr>\n<td><strong>Terminare<\/strong><\/td>\n<td>Acoperit cu pulbere<\/td>\n<\/tr>\n<tr>\n<td><strong>Dimensiuni<\/strong><\/td>\n<td>L 605 x l 1016 x H 971 mm<\/td>\n<\/tr>\n<tr>\n<td><strong>Greutatea produsului<\/strong><\/td>\n<td>36 kg<\/td>\n<\/tr>\n<tr>\n<td><strong>Culoare<\/strong><\/td>\n<td>Negru<\/td>\n<\/tr>\n<\/tbody>\n<\/table>","protected":false},"excerpt":{"rendered":"<p>Sania de la Alex Athletics este un instrument de antrenament rezistent la competi\u021bii, proiectat pentru vitez\u0103 exploziv\u0103, putere imens\u0103 \u0219i condi\u021bionare de neegalat. Construit\u0103 dintr-o singur\u0103 bucat\u0103 din o\u021bel sudat, aceast\u0103 sanie de ancorare ofer\u0103 o soliditate \u0219i o durabilitate pe care modelele cu \u0219uruburi nu le pot egala. Suprafa\u021ba sa este finisat\u0103 cu o acoperire cu pulbere premium pentru rezisten\u021b\u0103 la rugin\u0103 \u0219i o estetic\u0103 elegant\u0103, high-end. Sania dispune de un st\u00e2lp central de greutate pentru \u00eenc\u0103rcare grea cu pl\u0103ci de haltere \u0219i serve\u0219te ca punct de ancorare robust pentru fr\u00e2nghii de lupt\u0103. Fie c\u0103 \u00eempinge\u021bi pentru antrenarea picioarelor sau trage\u021bi pentru dezvoltarea lan\u021bului posterior, pere\u021bii gro\u0219i \u0219i rezisten\u021bi ai tuburilor asigur\u0103 o capacitate mare de \u00eenc\u0103rcare. Ideal pentru s\u0103lile comerciale \u0219i zonele de antrenament func\u021bional, Sled este instrumentul suprem pentru exerci\u021biile de baz\u0103 \u0219i condi\u021bionarea metabolic\u0103.<\/p>","protected":false},"featured_media":3607,"comment_status":"open","ping_status":"closed","template":"","meta":{"inline_featured_image":false,"site-sidebar-layout":"default","site-content-layout":"","ast-site-content-layout":"default","site-content-style":"default","site-sidebar-style":"default","ast-global-header-display":"","ast-banner-title-visibility":"","ast-main-header-display":"","ast-hfb-above-header-display":"","ast-hfb-below-header-display":"","ast-hfb-mobile-header-display":"","site-post-title":"","ast-breadcrumbs-content":"","ast-featured-img":"","footer-sml-layout":"","ast-disable-related-posts":"","theme-transparent-header-meta":"default","adv-header-id-meta":"","stick-header-meta":"default","header-above-stick-meta":"","header-main-stick-meta":"","header-below-stick-meta":"","astra-migrate-meta-layouts":"set","ast-page-background-enabled":"default","ast-page-background-meta":{"desktop":{"background-color":"","background-image":"","background-repeat":"repeat","background-position":"center center","background-size":"auto","background-attachment":"scroll","background-type":"","background-media":"","overlay-type":"","overlay-color":"","overlay-opacity":"","overlay-gradient":""},"tablet":{"background-color":"","background-image":"","background-repeat":"repeat","background-position":"center center","background-size":"auto","background-attachment":"scroll","background-type":"","background-media":"","overlay-type":"","overlay-color":"","overlay-opacity":"","overlay-gradient":""},"mobile":{"background-color":"","background-image":"","background-repeat":"repeat","background-position":"center center","background-size":"auto","background-attachment":"scroll","background-type":"","background-media":"","overlay-type":"","overlay-color":"","overlay-opacity":"","overlay-gradient":""}},"ast-content-background-meta":{"desktop":{"background-color":"var(--ast-global-color-5)","background-image":"","background-repeat":"repeat","background-position":"center center","background-size":"auto","background-attachment":"scroll","background-type":"","background-media":"","overlay-type":"","overlay-color":"","overlay-opacity":"","overlay-gradient":""},"tablet":{"background-color":"var(--ast-global-color-5)","background-image":"","background-repeat":"repeat","background-position":"center center","background-size":"auto","background-attachment":"scroll","background-type":"","background-media":"","overlay-type":"","overlay-color":"","overlay-opacity":"","overlay-gradient":""},"mobile":{"background-color":"var(--ast-global-color-5)","background-image":"","background-repeat":"repeat","background-position":"center center","background-size":"auto","background-attachment":"scroll","background-type":"","background-media":"","overlay-type":"","overlay-color":"","overlay-opacity":"","overlay-gradient":""}}},"product_brand":[],"product_cat":[54],"product_tag":[56],"class_list":{"0":"post-2847","1":"product","2":"type-product","3":"status-publish","4":"has-post-thumbnail","6":"product_cat-strength-equipment","7":"product_tag-functional-equipment","8":"desktop-align-left","9":"tablet-align-left","10":"mobile-align-left","12":"first","13":"instock","14":"shipping-taxable","15":"purchasable","16":"product-type-simple"},"_links":{"self":[{"href":"https:\/\/alexathletics1982.com\/ro\/wp-json\/wp\/v2\/product\/2847","targetHints":{"allow":["GET"]}}],"collection":[{"href":"https:\/\/alexathletics1982.com\/ro\/wp-json\/wp\/v2\/product"}],"about":[{"href":"https:\/\/alexathletics1982.com\/ro\/wp-json\/wp\/v2\/types\/product"}],"replies":[{"embeddable":true,"href":"https:\/\/alexathletics1982.com\/ro\/wp-json\/wp\/v2\/comments?post=2847"}],"wp:featuredmedia":[{"embeddable":true,"href":"https:\/\/alexathletics1982.com\/ro\/wp-json\/wp\/v2\/media\/3607"}],"wp:attachment":[{"href":"https:\/\/alexathletics1982.com\/ro\/wp-json\/wp\/v2\/media?parent=2847"}],"wp:term":[{"taxonomy":"product_brand","embeddable":true,"href":"https:\/\/alexathletics1982.com\/ro\/wp-json\/wp\/v2\/product_brand?post=2847"},{"taxonomy":"product_cat","embeddable":true,"href":"https:\/\/alexathletics1982.com\/ro\/wp-json\/wp\/v2\/product_cat?post=2847"},{"taxonomy":"product_tag","embeddable":true,"href":"https:\/\/alexathletics1982.com\/ro\/wp-json\/wp\/v2\/product_tag?post=2847"}],"curies":[{"name":"wp","href":"https:\/\/api.w.org\/{rel}","templated":true}]}}